 {"id":624,"date":"2013-01-15T12:33:03","date_gmt":"2013-01-15T11:33:03","guid":{"rendered":"https:\/\/blogs.univ-tlse2.fr\/cerises\/?page_id=624"},"modified":"2014-02-06T10:31:40","modified_gmt":"2014-02-06T09:31:40","slug":"rapports-etudiants-2008","status":"publish","type":"page","link":"https:\/\/blogs.univ-tlse2.fr\/cerises\/publications\/rapports-detudes\/rapports-des-etudiants-du-master-pro-nes\/rapports-etudiants-2008\/","title":{"rendered":"Rapports \u00e9tudiants 2008"},"content":{"rendered":"<p><span>Rapports disponibles \u00e0 Cerises<\/span><\/p>\n<table border=\"1\" cellspacing=\"0\" cellpadding=\"0\">\n<tbody>\n<tr>\n<td><strong>Sujet<\/strong><\/td>\n<td><strong>Auteur<\/strong><\/td>\n<td><\/td>\n<td><strong>Dipl\u00f4me obtenu en<\/strong><\/td>\n<td><strong>Cote<\/strong><\/td>\n<\/tr>\n<tr>\n<td>Tourisme solidaire<\/td>\n<td>DUCHEMIN<\/td>\n<td>C\u00e9line<\/td>\n<td>2008<\/td>\n<td>1<\/td>\n<\/tr>\n<tr>\n<td>Microfinance<\/td>\n<td>ELMI<\/td>\n<td>Zahra<\/td>\n<td>2008<\/td>\n<td>2<\/td>\n<\/tr>\n<tr>\n<td>Le structures d&rsquo;insertion par l&rsquo;activit\u00e9 \u00e9conomique, un vecteur d&rsquo;int\u00e9gration citoyenne: mythe ou r\u00e9alit\u00e9?<\/td>\n<td>BONNENFANT<\/td>\n<td>Lucie<\/td>\n<td>2008<\/td>\n<td>3<\/td>\n<\/tr>\n<tr>\n<td>Une entreprise culturelle de services de proximit\u00e9 : nouvel outil d&rsquo;ESS pour le d\u00e9veloppement rural<\/td>\n<td>PAILHES<\/td>\n<td>Arthur<\/td>\n<td>2008<\/td>\n<td>4<\/td>\n<\/tr>\n<tr>\n<td>Les Z\u00e9co Plombiers: d\u00e9pannage et petits travaux pour des \u00e9conomies d&rsquo;eau et d&rsquo;\u00e9nergie<\/td>\n<td>HEBRARD<\/td>\n<td>Ludovic<\/td>\n<td>2008<\/td>\n<td>5<\/td>\n<\/tr>\n<tr>\n<td>Rapport de genre, TIC, \u00e9conomie sociale: les groupements de femmes au sein de Gu\u00e9diwaye (S\u00e9n\u00e9gal)<\/td>\n<td>COLY<\/td>\n<td>A\u00efcha<\/td>\n<td>2008<\/td>\n<td>6<\/td>\n<\/tr>\n<\/tbody>\n<\/table>\n","protected":false},"excerpt":{"rendered":"<p>Rapports disponibles \u00e0 Cerises Sujet Auteur Dipl\u00f4me obtenu en Cote Tourisme solidaire DUCHEMIN C\u00e9line 2008 1 Microfinance ELMI Zahra 2008 2 Le structures d&rsquo;insertion par l&rsquo;activit\u00e9 \u00e9conomique, un vecteur d&rsquo;int\u00e9gration citoyenne: mythe ou r\u00e9alit\u00e9? BONNENFANT Lucie 2008 3 Une entreprise culturelle de services de proximit\u00e9 : nouvel outil d&rsquo;ESS pour le d\u00e9veloppement rural PAILHES Arthur [&hellip;]<\/p>\n","protected":false},"author":157,"featured_media":0,"parent":67,"menu_order":43,"comment_status":"closed","ping_status":"open","template":"","meta":{"footnotes":""},"class_list":["post-624","page","type-page","status-publish","hentry"],"_links":{"self":[{"href":"https:\/\/blogs.univ-tlse2.fr\/cerises\/wp-json\/wp\/v2\/pages\/624","targetHints":{"allow":["GET"]}}],"collection":[{"href":"https:\/\/blogs.univ-tlse2.fr\/cerises\/wp-json\/wp\/v2\/pages"}],"about":[{"href":"https:\/\/blogs.univ-tlse2.fr\/cerises\/wp-json\/wp\/v2\/types\/page"}],"author":[{"embeddable":true,"href":"https:\/\/blogs.univ-tlse2.fr\/cerises\/wp-json\/wp\/v2\/users\/157"}],"replies":[{"embeddable":true,"href":"https:\/\/blogs.univ-tlse2.fr\/cerises\/wp-json\/wp\/v2\/comments?post=624"}],"version-history":[{"count":2,"href":"https:\/\/blogs.univ-tlse2.fr\/cerises\/wp-json\/wp\/v2\/pages\/624\/revisions"}],"predecessor-version":[{"id":2917,"href":"https:\/\/blogs.univ-tlse2.fr\/cerises\/wp-json\/wp\/v2\/pages\/624\/revisions\/2917"}],"up":[{"embeddable":true,"href":"https:\/\/blogs.univ-tlse2.fr\/cerises\/wp-json\/wp\/v2\/pages\/67"}],"wp:attachment":[{"href":"https:\/\/blogs.univ-tlse2.fr\/cerises\/wp-json\/wp\/v2\/media?parent=624"}],"curies":[{"name":"wp","href":"https:\/\/api.w.org\/{rel}","templated":true}]}}