 {"id":628,"date":"2013-01-15T12:35:24","date_gmt":"2013-01-15T11:35:24","guid":{"rendered":"https:\/\/blogs.univ-tlse2.fr\/cerises\/?page_id=628"},"modified":"2014-02-06T10:31:40","modified_gmt":"2014-02-06T09:31:40","slug":"rapports-etudiants-2010","status":"publish","type":"page","link":"https:\/\/blogs.univ-tlse2.fr\/cerises\/publications\/rapports-detudes\/rapports-des-etudiants-du-master-pro-nes\/rapports-etudiants-2010\/","title":{"rendered":"Rapports \u00e9tudiants 2010"},"content":{"rendered":"<p><span>Rapports disponibles \u00e0 Cerises<\/span><\/p>\n<table border=\"1\" cellspacing=\"0\" cellpadding=\"0\">\n<tbody>\n<tr>\n<td><strong>Sujet<\/strong><\/td>\n<td><strong>Auteur<\/strong><\/td>\n<td><\/td>\n<td><strong>Dipl\u00f4me obtenu en<\/strong><\/td>\n<td><strong>Cote<\/strong><\/td>\n<\/tr>\n<tr>\n<td>Philanthropie, fondations, insertion et sport: quel lien peut-on \u00e9tablir?<\/td>\n<td>NGUEMA NZE<\/td>\n<td>Geoffroy<\/td>\n<td>2010<\/td>\n<td>1<\/td>\n<\/tr>\n<tr>\n<td>Projet Universit\u00e9 de campagne, un centre de ressources, de formation citoyenne et d&rsquo;innovation sociale \u00e0 Choustnick, R\u00e9publique Tch\u00e8que<\/td>\n<td>POLICAR<\/td>\n<td>Lukas<\/td>\n<td>2010<\/td>\n<td>2<\/td>\n<\/tr>\n<tr>\n<td>Le tourisme solidaire comme acteur de d\u00e9veloppement local<\/td>\n<td>HARMAND<\/td>\n<td>Guillaume<\/td>\n<td>2010<\/td>\n<td>3<\/td>\n<\/tr>\n<tr>\n<td>Entreprises et solidarit\u00e9s, p\u00f4le d&rsquo;\u00e9conomie sociale et solidaire pour le territoire Castres-Mazamet<\/td>\n<td>GOUT<\/td>\n<td>Pierre<\/td>\n<td>2010<\/td>\n<td>4<\/td>\n<\/tr>\n<tr>\n<td>Du territoire \u00e0 la cr\u00e9ation collective: une nouvelle gouvernance. Quels enjeux pour les soci\u00e9t\u00e9s coop\u00e9ratives d&rsquo;int\u00e9r\u00eat collectif?<\/td>\n<td>GONZALEZ<\/td>\n<td>Marion<\/td>\n<td>2010<\/td>\n<td>5<\/td>\n<\/tr>\n<tr>\n<td>Cr\u00e9ation d&rsquo;une unit\u00e9 de transformation et de mareyage du poisson \u00e0 Guet-Ndar de Saint-Louis du S\u00e9n\u00e9gal<\/td>\n<td>NIANG<\/td>\n<td>Amadou Moustapha<\/td>\n<td>2010<\/td>\n<td>6<\/td>\n<\/tr>\n<tr>\n<td>La valorisation des d\u00e9chets, une alternative pour la protection de l&rsquo;environnement et pour l&rsquo;IAE<\/td>\n<td>BRISSE<\/td>\n<td>Jean-Claude<\/td>\n<td>2010<\/td>\n<td>7<\/td>\n<\/tr>\n<tr>\n<td>La solidarit\u00e9 en Arm\u00e9nie, les enjeux de l&rsquo;\u00e9conomie solidaire<\/td>\n<td>PRIMUS<\/td>\n<td>Nora<\/td>\n<td>2010<\/td>\n<td>8<\/td>\n<\/tr>\n<tr>\n<td>Coop\u00e9rer sur les terrains confisqu\u00e9s aux mafias en Italie: le mod\u00e8le Libera Terra<\/td>\n<td>FAMELI<\/td>\n<td>Fran\u00e7ois<\/td>\n<td>2010<\/td>\n<td>9<\/td>\n<\/tr>\n<tr>\n<td>Cr\u00e9ation d&rsquo;activit\u00e9: pr\u00e9carisation des emplois ou innovation sociale?<\/td>\n<td>GAIGNEUX<\/td>\n<td>Agn\u00e8s<\/td>\n<td>2010<\/td>\n<td>10<\/td>\n<\/tr>\n<\/tbody>\n<\/table>\n","protected":false},"excerpt":{"rendered":"<p>Rapports disponibles \u00e0 Cerises Sujet Auteur Dipl\u00f4me obtenu en Cote Philanthropie, fondations, insertion et sport: quel lien peut-on \u00e9tablir? NGUEMA NZE Geoffroy 2010 1 Projet Universit\u00e9 de campagne, un centre de ressources, de formation citoyenne et d&rsquo;innovation sociale \u00e0 Choustnick, R\u00e9publique Tch\u00e8que POLICAR Lukas 2010 2 Le tourisme solidaire comme acteur de d\u00e9veloppement local HARMAND [&hellip;]<\/p>\n","protected":false},"author":157,"featured_media":0,"parent":67,"menu_order":41,"comment_status":"closed","ping_status":"open","template":"","meta":{"footnotes":""},"class_list":["post-628","page","type-page","status-publish","hentry"],"_links":{"self":[{"href":"https:\/\/blogs.univ-tlse2.fr\/cerises\/wp-json\/wp\/v2\/pages\/628","targetHints":{"allow":["GET"]}}],"collection":[{"href":"https:\/\/blogs.univ-tlse2.fr\/cerises\/wp-json\/wp\/v2\/pages"}],"about":[{"href":"https:\/\/blogs.univ-tlse2.fr\/cerises\/wp-json\/wp\/v2\/types\/page"}],"author":[{"embeddable":true,"href":"https:\/\/blogs.univ-tlse2.fr\/cerises\/wp-json\/wp\/v2\/users\/157"}],"replies":[{"embeddable":true,"href":"https:\/\/blogs.univ-tlse2.fr\/cerises\/wp-json\/wp\/v2\/comments?post=628"}],"version-history":[{"count":3,"href":"https:\/\/blogs.univ-tlse2.fr\/cerises\/wp-json\/wp\/v2\/pages\/628\/revisions"}],"predecessor-version":[{"id":630,"href":"https:\/\/blogs.univ-tlse2.fr\/cerises\/wp-json\/wp\/v2\/pages\/628\/revisions\/630"}],"up":[{"embeddable":true,"href":"https:\/\/blogs.univ-tlse2.fr\/cerises\/wp-json\/wp\/v2\/pages\/67"}],"wp:attachment":[{"href":"https:\/\/blogs.univ-tlse2.fr\/cerises\/wp-json\/wp\/v2\/media?parent=628"}],"curies":[{"name":"wp","href":"https:\/\/api.w.org\/{rel}","templated":true}]}}