 {"id":635,"date":"2013-01-15T16:43:01","date_gmt":"2013-01-15T15:43:01","guid":{"rendered":"https:\/\/blogs.univ-tlse2.fr\/cerises\/?page_id=635"},"modified":"2014-02-06T10:31:24","modified_gmt":"2014-02-06T09:31:24","slug":"conferences-dacteurs-2010-2011","status":"publish","type":"page","link":"https:\/\/blogs.univ-tlse2.fr\/cerises\/formation\/master-et-doctorat-deconomie-sociale\/conferences-dacteurs\/conferences-dacteurs-2010-2011\/","title":{"rendered":"Conf\u00e9rences d&rsquo;acteurs 2010-2011"},"content":{"rendered":"<h1>1er semestre<\/h1>\n<p><strong>Mardi 19 octobre<\/strong><br \/>\nNicolas Danigo, Entrepreneur, \u00ab La boite \u00e0 projets \u00bb, Ari\u00e8ge<\/p>\n<p><strong>Mardi 2 novembre<\/strong><br \/>\nLouis-Marie Blanchard, District Solidaire, d\u00e9l\u00e9gu\u00e9 g\u00e9n\u00e9ral, Lyon<\/p>\n<p><strong>Mardi 9 novembre<\/strong><br \/>\nJean-Marc Legagneux, Groupe Amiti\u00e9 Fraternit\u00e9<\/p>\n<p><strong>Mardi 16 novembre<\/strong><br \/>\nJean-Paul Pla, conseiller municipal d\u00e9l\u00e9gu\u00e9 \u00e0 l&rsquo;\u00e9conomie sociale et solidaire, Mairie de Toulouse<br \/>\nCindy Jeanblanc, Charg\u00e9e de mission Adepes, Midi-Pyr\u00e9n\u00e9es<\/p>\n<p><strong>Mardi 23 novembre<\/strong><br \/>\nFabien Ferrer, Directeur Economie sociale, Caisse d\u2019Epargne Midi-Pyr\u00e9n\u00e9es<\/p>\n<p><strong>Mardi 30 novembre<\/strong><br \/>\nSamir Chikhi, Directeur r\u00e9gie de Bellefontaine, Toulouse<\/p>\n<p><strong>Mardi 7 d\u00e9cembre<\/strong><br \/>\nAgn\u00e8s Dofny, Pr\u00e9sidente CRESS Midi-Pyr\u00e9n\u00e9es<\/p>\n<p><strong>Mardi 14 d\u00e9cembre<\/strong><br \/>\nPhilippe Le Breton, Gers Initiatives, CEA Sud-ouest<\/p>\n<p><strong>Mardi 4 janvier<\/strong><br \/>\nChantal Ballanger, D\u00e9l\u00e9gu\u00e9e R\u00e9gionale, Fondation MACIF Midi-Pyr\u00e9n\u00e9es<\/p>\n<p><strong>Mardi 11 janvier<\/strong><br \/>\nSteve Roumeau, Charg\u00e9e de mission, COORACE Midi-Pyr\u00e9n\u00e9es<\/p>\n","protected":false},"excerpt":{"rendered":"<p>1er semestre Mardi 19 octobre Nicolas Danigo, Entrepreneur, \u00ab La boite \u00e0 projets \u00bb, Ari\u00e8ge Mardi 2 novembre Louis-Marie Blanchard, District Solidaire, d\u00e9l\u00e9gu\u00e9 g\u00e9n\u00e9ral, Lyon Mardi 9 novembre Jean-Marc Legagneux, Groupe Amiti\u00e9 Fraternit\u00e9 Mardi 16 novembre Jean-Paul Pla, conseiller municipal d\u00e9l\u00e9gu\u00e9 \u00e0 l&rsquo;\u00e9conomie sociale et solidaire, Mairie de Toulouse Cindy Jeanblanc, Charg\u00e9e de mission Adepes, [&hellip;]<\/p>\n","protected":false},"author":157,"featured_media":0,"parent":197,"menu_order":10,"comment_status":"closed","ping_status":"open","template":"","meta":{"footnotes":""},"class_list":["post-635","page","type-page","status-publish","hentry"],"_links":{"self":[{"href":"https:\/\/blogs.univ-tlse2.fr\/cerises\/wp-json\/wp\/v2\/pages\/635","targetHints":{"allow":["GET"]}}],"collection":[{"href":"https:\/\/blogs.univ-tlse2.fr\/cerises\/wp-json\/wp\/v2\/pages"}],"about":[{"href":"https:\/\/blogs.univ-tlse2.fr\/cerises\/wp-json\/wp\/v2\/types\/page"}],"author":[{"embeddable":true,"href":"https:\/\/blogs.univ-tlse2.fr\/cerises\/wp-json\/wp\/v2\/users\/157"}],"replies":[{"embeddable":true,"href":"https:\/\/blogs.univ-tlse2.fr\/cerises\/wp-json\/wp\/v2\/comments?post=635"}],"version-history":[{"count":2,"href":"https:\/\/blogs.univ-tlse2.fr\/cerises\/wp-json\/wp\/v2\/pages\/635\/revisions"}],"predecessor-version":[{"id":2857,"href":"https:\/\/blogs.univ-tlse2.fr\/cerises\/wp-json\/wp\/v2\/pages\/635\/revisions\/2857"}],"up":[{"embeddable":true,"href":"https:\/\/blogs.univ-tlse2.fr\/cerises\/wp-json\/wp\/v2\/pages\/197"}],"wp:attachment":[{"href":"https:\/\/blogs.univ-tlse2.fr\/cerises\/wp-json\/wp\/v2\/media?parent=635"}],"curies":[{"name":"wp","href":"https:\/\/api.w.org\/{rel}","templated":true}]}}