 {"id":637,"date":"2013-01-15T16:46:05","date_gmt":"2013-01-15T15:46:05","guid":{"rendered":"https:\/\/blogs.univ-tlse2.fr\/cerises\/?page_id=637"},"modified":"2014-02-06T10:31:24","modified_gmt":"2014-02-06T09:31:24","slug":"conferences-dacteurs-2009-2010","status":"publish","type":"page","link":"https:\/\/blogs.univ-tlse2.fr\/cerises\/formation\/master-et-doctorat-deconomie-sociale\/conferences-dacteurs\/conferences-dacteurs-2009-2010\/","title":{"rendered":"Conf\u00e9rences d&rsquo;acteurs 2009-2010"},"content":{"rendered":"<h1>2\u00e8me semestre<\/h1>\n<p align=\"JUSTIFY\"><strong>Mardi 12 Janvier<br \/>\n<\/strong>H\u00e9l\u00e8ne MAURY, g\u00e9rante, REGATE, Coop\u00e9rative d\u2019activit\u00e9s et d\u2019emploi, Castres<\/p>\n<p align=\"JUSTIFY\"><strong>Mardi 19 Janvier<br \/>\n<\/strong>Jean-Paul PLA, Mairie de Toulouse<br \/>\nAgn\u00e8s DOFNY, Pr\u00e9sidente Chambre R\u00e9gionale pour l&rsquo;Economie Sociale et Solidaire<\/p>\n<p align=\"JUSTIFY\"><strong>Mardi 26 Janvier<br \/>\n<\/strong>Kamel SACI, Conseiller,Midi-Pyr\u00e9n\u00e9es Actives<\/p>\n<p align=\"JUSTIFY\"><strong>Mardi 02 F\u00e9vrier<\/strong><br \/>\nJo\u00eblle SCHNEIDER, Consultante d\u00e9veloppement \u00e9conomique, CRP consulting<br \/>\nMa\u00ef-Ly ALET, Charg\u00e9e de Mission, Boutique de Gestion Cr\u00e9er<\/p>\n<p align=\"JUSTIFY\"><strong>Mardi 09 F\u00e9vrier<\/strong><br \/>\nIsabelle LESTANGUET, Charg\u00e9e de Mission, Face Grand Toulouse<br \/>\nJulie BARADEL, Animatrice r\u00e9seau, FNARS Midi-Pyr\u00e9n\u00e9es<\/p>\n<p align=\"JUSTIFY\"><strong>Mardi 16 F\u00e9vrier<\/strong><br \/>\nJean-Marc IZRINE, DirecteurAdjoint, R\u00e9gie de quartier Reynerie<\/p>\n<p align=\"JUSTIFY\"><strong>Mardi 02 Mars\u00a0<\/strong>\u00a081100 Castres<br \/>\nAslafy HASSAN, Fondateur, L&rsquo;orange Bleue Afrique, Solidarit\u00e9 Internationale<\/p>\n<p align=\"justify\"><strong>Mardi 09 Mars<\/strong><br \/>\nFabien FERRER, Responsable PELS, Caisse d\u2019Epargne Midi-Pyr\u00e9n\u00e9es<br \/>\nSteve MOREAU, Charg\u00e9\u00a0de mission, COORACE Midi-Pyr\u00e9n\u00e9es<\/p>\n<p align=\"JUSTIFY\"><strong>Mardi 16 mars<\/strong><br \/>\nNicolas MANGIONE, Responsable d\u00e9veloppement de l\u2019entreprise d\u2019insertion EXTRAMUROS 92 &#8211; Cr\u00e9ation d\u2019objets \u00e0 partir de mat\u00e9riel de r\u00e9cup\u00e9ration et du d\u00e9chet.<\/p>\n<p align=\"JUSTIFY\"><strong>Mardi 23 Mars<\/strong><br \/>\nChantal BALLANGER, D\u00e9l\u00e9gu\u00e9e R\u00e9gionale, Fondation MACIF<\/p>\n<p><strong>Mardi 30 Mars<\/strong><br \/>\nJourn\u00e9e organis\u00e9e par l\u2019association des \u00e9tudiants du Master 2\u00a0 \u00ab\u00a0Innovation Economie Sociale\u00a0\u00bb Universit\u00e9 Toulouse 2 &#8211; le Mirai<\/p>\n<h1>1er semestre<\/h1>\n<p><strong>Mardi 13 octobre<\/strong> &#8211; M\u00e9thodologie de projet 1<br \/>\nMobilib, les voitures partag\u00e9es Dominique Platon, (promotion Tr\u00e9vol), Pr\u00e9sident<\/p>\n<p><strong>Mardi 20 octobre<\/strong> &#8211; Emploi production<br \/>\nL\u2019URSCOP, au service des entreprises coop\u00e9ratives, St\u00e9phane H\u00e9nin (promotion Tr\u00e9vol), D\u00e9l\u00e9gu\u00e9 r\u00e9gional<\/p>\n<p><strong>Mardi 27 octobre<\/strong> &#8211; M\u00e9thodologie de projet 2<br \/>\nLes Z\u00e9co Plombiers, Ludovic H\u00e9brard (promotion Travailler Autrement), Co-responsable<\/p>\n<p><strong>Mardi 3 novembre<\/strong> &#8211; M\u00e9thodologie de projet 3<br \/>\nDe la cr\u00e9ation de micro-entreprise : Camino, Carolle Rio (promotion Polanyi), Directrice<\/p>\n<p><strong>Mardi 10 novembre<\/strong> &#8211; M\u00e9thodologie de projet 4<br \/>\nMITSA, Pauline Dournaux, Martin Dou\u00e7ot (promotion Le Maquis), co-fondateurs<\/p>\n<p><strong>Mardi 17 novembre<\/strong> &#8211; M\u00e9thodologie de projet 5<br \/>\nL\u2019Atelier Blanc, habitat group\u00e9, Bruno Thouvenin (promotion Polanyi), formateur-accompagnateur<\/p>\n<p><strong>Mardi 24 novembre<\/strong> &#8211; M\u00e9thodologie de projet 6<br \/>\nH\u00e9risson Bellor, ensemblier d\u2019entreprises d\u2019insertion, Jean-Luc Zabraniecki (promotion Polanyi), Charg\u00e9 de projet Domaine de Garabaud<\/p>\n<p><strong>Mardi 1 d\u00e9cembre<\/strong> &#8211; M\u00e9thodologie de projet 7<br \/>\nLe Pot Ethique, caf\u00e9 cr\u00e9atif et r\u00e9cr\u00e9atif, Edith Alquier (promotion H\u00e9risson), coordinatrice<\/p>\n<p><strong>Mardi 8 d\u00e9cembre<\/strong> &#8211; M\u00e9thodologie de projet 8<br \/>\nAdigo, de l\u2019informel au formel, Serge Guichandut (promotion Travailler autrement), charg\u00e9 d\u2019\u00e9tude ADIE<\/p>\n<p><strong>Mardi 15 d\u00e9cembre<\/strong> &#8211; M\u00e9thodologie de projet 9<br \/>\nCREPI, club r\u00e9gional d&rsquo;entreprises pour l&rsquo;insertion, Jean Arroucau (promotion Hasco\u00ebt), Directeur du CREPI 31<\/p>\n<p><strong>Mardi 5 janvier<\/strong> &#8211; Le statut coop\u00e9ratif<br \/>\nITER, SCOP de conseil en mobilit\u00e9, Chantal Poujol (promotion AZF), directrice administrative et financi\u00e8re<\/p>\n","protected":false},"excerpt":{"rendered":"<p>2\u00e8me semestre Mardi 12 Janvier H\u00e9l\u00e8ne MAURY, g\u00e9rante, REGATE, Coop\u00e9rative d\u2019activit\u00e9s et d\u2019emploi, Castres Mardi 19 Janvier Jean-Paul PLA, Mairie de Toulouse Agn\u00e8s DOFNY, Pr\u00e9sidente Chambre R\u00e9gionale pour l&rsquo;Economie Sociale et Solidaire Mardi 26 Janvier Kamel SACI, Conseiller,Midi-Pyr\u00e9n\u00e9es Actives Mardi 02 F\u00e9vrier Jo\u00eblle SCHNEIDER, Consultante d\u00e9veloppement \u00e9conomique, CRP consulting Ma\u00ef-Ly ALET, Charg\u00e9e de Mission, Boutique [&hellip;]<\/p>\n","protected":false},"author":157,"featured_media":0,"parent":197,"menu_order":11,"comment_status":"closed","ping_status":"open","template":"","meta":{"footnotes":""},"class_list":["post-637","page","type-page","status-publish","hentry"],"_links":{"self":[{"href":"https:\/\/blogs.univ-tlse2.fr\/cerises\/wp-json\/wp\/v2\/pages\/637","targetHints":{"allow":["GET"]}}],"collection":[{"href":"https:\/\/blogs.univ-tlse2.fr\/cerises\/wp-json\/wp\/v2\/pages"}],"about":[{"href":"https:\/\/blogs.univ-tlse2.fr\/cerises\/wp-json\/wp\/v2\/types\/page"}],"author":[{"embeddable":true,"href":"https:\/\/blogs.univ-tlse2.fr\/cerises\/wp-json\/wp\/v2\/users\/157"}],"replies":[{"embeddable":true,"href":"https:\/\/blogs.univ-tlse2.fr\/cerises\/wp-json\/wp\/v2\/comments?post=637"}],"version-history":[{"count":2,"href":"https:\/\/blogs.univ-tlse2.fr\/cerises\/wp-json\/wp\/v2\/pages\/637\/revisions"}],"predecessor-version":[{"id":2858,"href":"https:\/\/blogs.univ-tlse2.fr\/cerises\/wp-json\/wp\/v2\/pages\/637\/revisions\/2858"}],"up":[{"embeddable":true,"href":"https:\/\/blogs.univ-tlse2.fr\/cerises\/wp-json\/wp\/v2\/pages\/197"}],"wp:attachment":[{"href":"https:\/\/blogs.univ-tlse2.fr\/cerises\/wp-json\/wp\/v2\/media?parent=637"}],"curies":[{"name":"wp","href":"https:\/\/api.w.org\/{rel}","templated":true}]}}