 {"id":639,"date":"2013-01-15T16:48:01","date_gmt":"2013-01-15T15:48:01","guid":{"rendered":"https:\/\/blogs.univ-tlse2.fr\/cerises\/?page_id=639"},"modified":"2014-02-06T10:31:24","modified_gmt":"2014-02-06T09:31:24","slug":"conferences-dacteurs-2008-2009","status":"publish","type":"page","link":"https:\/\/blogs.univ-tlse2.fr\/cerises\/formation\/master-et-doctorat-deconomie-sociale\/conferences-dacteurs\/conferences-dacteurs-2008-2009\/","title":{"rendered":"Conf\u00e9rences d&rsquo;acteurs 2008-2009"},"content":{"rendered":"<h1>2\u00e8me semestre<\/h1>\n<p><strong>Mardi 06 Janvier<\/strong><br \/>\nFabien FERRER, Responsable PELS, Caisse d\u2019\u00e9pargne Midi-Pyr\u00e9n\u00e9es<br \/>\nV\u00e9ronique BLANCHOT, Coordinatrice r\u00e9gionale, r\u00e9seau ANDES<\/p>\n<p><strong>Mardi 13 Janvier<\/strong><br \/>\nAgn\u00e8s DOFNY, Pr\u00e9sidente Chambre R\u00e9gionale pour l&rsquo;Economie Sociale et Solidaire en MP<br \/>\nC\u00e9dric FLEUTIAUX, Friture, Charg\u00e9 de d\u00e9veloppement<\/p>\n<p><strong>Mardi 20 Janvier<\/strong><br \/>\nMa\u00ef-Ly ALET, Charg\u00e9e de Mission, Boutique de Gestion Cr\u00e9er<br \/>\nClaire LANDAT, Charg\u00e9e de Mission, Egalit\u00e8re, promotion 2004 du Master.<\/p>\n<p><strong>Mardi 27 Janvier<\/strong><br \/>\nFlorence HEULIN, Directrice, Face Grand Toulouse<br \/>\nChantal BALLANGER, D\u00e9l\u00e9gu\u00e9e r\u00e9gionale, Fondation MACIF<\/p>\n<p><strong>Mardi 03 F\u00e9vrier<\/strong><\/p>\n<p><strong>Mardi 10 F\u00e9vrier<\/strong><br \/>\nLieu : P\u00e9lissou &#8211; 09120 VARIHES (T\u00e9l. 05 61 68 25 80)<br \/>\nM. MAYER, Directeur, SCIC DU PLANTAUREL, 03 ou 10 f\u00e9vrier<\/p>\n<p><strong>Mardi 24 F\u00e9vrier<\/strong><br \/>\nChristian LEFEUVE, Coordinateur R\u00e9gional Culture et libert\u00e9 Garonne<br \/>\nEmmanuel LEGRAS, Responsable d\u2019agence, Adigo, Toulouse, promotion 2004 du Master<\/p>\n<p><strong>Mardi 03 Mars<\/strong> Lieu : la maison de l\u2019\u00e9conomie solidaire \u00e0 Ramonville<br \/>\nAlexandra VELAND, ADEPES, promotion 2005 du Master<br \/>\nBruno THOUVENIN, Atelier Blanc, promotion 2003 du Master<\/p>\n<p><strong>Mardi 10 Mars<\/strong><br \/>\nMarie-H\u00e9l\u00e8ne BOCH-PERIRA, Directrice, Centre de Ressources CLAP, Toulouse<br \/>\nFrancis MICHEAUX, co-Pr\u00e9sident, F\u00e9d\u00e9ration RENOVA<\/p>\n<p><strong>Mardi 17 mars<\/strong><br \/>\nDominique PLATON, Mobilib, promotion 2006 du Master<br \/>\nPhilippe LE NOBLE, Directeur, NEF Sud-Ouest<\/p>\n<p><strong>Mardi 24 Mars<\/strong><br \/>\n\u00c9liane LAVAGNE, Correspondante du sud-ouest, ACEPP<br \/>\nFr\u00e9d\u00e9ric BOSQUE, Chef de projet monnaie SOL<\/p>\n<p><strong>Mardi 31 Mars<\/strong><br \/>\nUniversit\u00e9 Rurale Quercy Rouergue, formation et \u00e9ducation populaire<br \/>\nChantal VERREY, DD Jeunesse et Sport<\/p>\n<p><strong>Mardi 21 Avril<\/strong><br \/>\nMonik MAURIN, co-pr\u00e9sidente, SEL Cocagne, Toulouse<br \/>\nEdith ALQUIER, Pr\u00e9sidente AINA, Coordinatrice du pot \u00e9thique, MAZAMET, promotion 2005 du Master<\/p>\n<p><strong>Mardi 28 Avril<\/strong><br \/>\nJourn\u00e9e organis\u00e9e par l\u2019association des \u00e9tudiants du Master II \u00ab Innovation Economie Sociale \u00bb Universit\u00e9 Toulouse II le Mirail<\/p>\n<p><strong>Mardi 5 Mai<\/strong><br \/>\nFANJAUD Christian, Coop\u00e9rative Ethiquable<br \/>\nAnnie WEIDKNNET, Pr\u00e9sidente, R\u00e9seau des AMAP de Midi-Pyr\u00e9n\u00e9es<\/p>\n<h1>1er semestre<\/h1>\n<p><strong>Mardi 21 octobre<\/strong> : Entreprises d&rsquo;insertion<br \/>\nEric THOUMELOU, Directeur, Union R\u00e9gionale des Entreprises d&rsquo;Insertion &#8211; UREI Midi-Pyr\u00e9n\u00e9es<br \/>\nFranck ZEITOUN, Directeur, Le r\u00e9seau Envie d\u2019\u00e9lectrom\u00e9nager, entreprise d\u2019insertion (ou)<br \/>\nEnvoi, association d\u2019insertion par l\u2019activit\u00e9 \u00e9conomique, G\u00e9rard DELPECH, directeur (sous r\u00e9serve)<\/p>\n<p><strong>Mardi 28 octobre<\/strong> : Groupement d\u2019employeurs<br \/>\nJean ARROUCAU, Directeur, Club R\u00e9gional des Entreprises pour l\u2019Insertion CREPI, promotion 2001 du Master<br \/>\nFrancis CARMOUZE, Pr\u00e9sident, GEIQ BTP 31<\/p>\n<p><strong>Mardi 04 novembre<\/strong> : Insertion par l\u2019Activit\u00e9 \u00c9conomique<br \/>\nSt\u00e8ve MOREAU, D\u00e9l\u00e9gu\u00e9e R\u00e9gionale, F\u00e9d\u00e9ration de Comit\u00e9s et Organismes d\u2019Aide aux ch\u00f4meurs par l\u2019Emploi, COORACE Midi-Pyr\u00e9n\u00e9es<br \/>\nJean TOZEAU, Pr\u00e9sident association Entraide Partage Travail<\/p>\n<p><strong>Mardi 18 Novembre<\/strong> : Soci\u00e9t\u00e9s coop\u00e9ratives<br \/>\nJean-Baptiste LECLERQ, Animateur R\u00e9gional, Coop\u00e9rative d\u2019Utilisation du Mat\u00e9riel Agricole (CUMA) Midi-Pyr\u00e9n\u00e9es<br \/>\nFran\u00e7ois-Xavier SALVAGNIAC, Directeur, Union R\u00e9gionale des SCOP Midi-Pyr\u00e9n\u00e9es<\/p>\n<p><strong>Mardi 2 D\u00e9cembre<\/strong> : Les coop\u00e9ratives d\u2019activit\u00e9 et d\u2019emploi<br \/>\nBoris HONORE, Accompagnateur &amp; Formateur, Coop\u00e9rative d\u2019activit\u00e9s Coop\u2019Action<\/p>\n<p><strong>Mardi 9 D\u00e9cembre <\/strong>: Insertion et lutte contre les exclusions<br \/>\nJulie BARADEL, animatrice r\u00e9seau, FNARS Midi Pyr\u00e9n\u00e9es<br \/>\nJean-Marc IZRINE, directeur adjoint, r\u00e9gie de quartier Toulouse<\/p>\n<p><strong>Mardi 16 D\u00e9cembre<\/strong> : Outils de financement et accompagnement \u00e0 la cr\u00e9ation d&rsquo;entreprises<br \/>\nJean-Eric FLORIN, directeur Midi Pyr\u00e9n\u00e9es Active<br \/>\nElodie GOURY, charg\u00e9e de mission Etymon, promotion 2005 du Master<\/p>\n","protected":false},"excerpt":{"rendered":"<p>2\u00e8me semestre Mardi 06 Janvier Fabien FERRER, Responsable PELS, Caisse d\u2019\u00e9pargne Midi-Pyr\u00e9n\u00e9es V\u00e9ronique BLANCHOT, Coordinatrice r\u00e9gionale, r\u00e9seau ANDES Mardi 13 Janvier Agn\u00e8s DOFNY, Pr\u00e9sidente Chambre R\u00e9gionale pour l&rsquo;Economie Sociale et Solidaire en MP C\u00e9dric FLEUTIAUX, Friture, Charg\u00e9 de d\u00e9veloppement Mardi 20 Janvier Ma\u00ef-Ly ALET, Charg\u00e9e de Mission, Boutique de Gestion Cr\u00e9er Claire LANDAT, Charg\u00e9e de [&hellip;]<\/p>\n","protected":false},"author":157,"featured_media":0,"parent":197,"menu_order":12,"comment_status":"closed","ping_status":"open","template":"","meta":{"footnotes":""},"class_list":["post-639","page","type-page","status-publish","hentry"],"_links":{"self":[{"href":"https:\/\/blogs.univ-tlse2.fr\/cerises\/wp-json\/wp\/v2\/pages\/639","targetHints":{"allow":["GET"]}}],"collection":[{"href":"https:\/\/blogs.univ-tlse2.fr\/cerises\/wp-json\/wp\/v2\/pages"}],"about":[{"href":"https:\/\/blogs.univ-tlse2.fr\/cerises\/wp-json\/wp\/v2\/types\/page"}],"author":[{"embeddable":true,"href":"https:\/\/blogs.univ-tlse2.fr\/cerises\/wp-json\/wp\/v2\/users\/157"}],"replies":[{"embeddable":true,"href":"https:\/\/blogs.univ-tlse2.fr\/cerises\/wp-json\/wp\/v2\/comments?post=639"}],"version-history":[{"count":2,"href":"https:\/\/blogs.univ-tlse2.fr\/cerises\/wp-json\/wp\/v2\/pages\/639\/revisions"}],"predecessor-version":[{"id":2859,"href":"https:\/\/blogs.univ-tlse2.fr\/cerises\/wp-json\/wp\/v2\/pages\/639\/revisions\/2859"}],"up":[{"embeddable":true,"href":"https:\/\/blogs.univ-tlse2.fr\/cerises\/wp-json\/wp\/v2\/pages\/197"}],"wp:attachment":[{"href":"https:\/\/blogs.univ-tlse2.fr\/cerises\/wp-json\/wp\/v2\/media?parent=639"}],"curies":[{"name":"wp","href":"https:\/\/api.w.org\/{rel}","templated":true}]}}