 {"id":641,"date":"2013-01-15T16:49:53","date_gmt":"2013-01-15T15:49:53","guid":{"rendered":"https:\/\/blogs.univ-tlse2.fr\/cerises\/?page_id=641"},"modified":"2014-02-06T10:31:24","modified_gmt":"2014-02-06T09:31:24","slug":"conferences-dacteurs-2007-2008","status":"publish","type":"page","link":"https:\/\/blogs.univ-tlse2.fr\/cerises\/formation\/master-et-doctorat-deconomie-sociale\/conferences-dacteurs\/conferences-dacteurs-2007-2008\/","title":{"rendered":"Conf\u00e9rences d&rsquo;acteurs 2007-2008"},"content":{"rendered":"<p><strong>Mardi 08 Janvier<\/strong><br \/>\nCamille NEVEU, Centre de Ressources et de Liaison pour les Associations et les Porteurs de projets<br \/>\nAgn\u00e8s DOFNY, Pr\u00e9sidente Chambre R\u00e9gionale pour l&rsquo;Economie Sociale et Solidaire en MP<\/p>\n<p><strong>Mardi 15 Janvier<\/strong><br \/>\nDominique PLATON, Vice-Pr\u00e9sident, Mobilib (Auto-partage), promotion 2006 du Master<\/p>\n<p><strong>Mardi 22 Janvier<\/strong><br \/>\nFlorence HEULIN, Directrice Face Grand Toulouse<br \/>\nMa\u00ef-Ly ALET, Charg\u00e9e de Mission, Boutique de Gestion Cr\u00e9er<\/p>\n<p><strong>Mardi 29 Janvier<\/strong><br \/>\nAbdelhalim TOUMI, Directeur, R\u00e9gie de quartier d\u2019Agen, promotion 2006 du Master<br \/>\nChantal BALLANGER, D\u00e9l\u00e9gu\u00e9e r\u00e9gionale, Fondation MACIF<\/p>\n<p><strong>Mardi 05 F\u00e9vrier<\/strong><br \/>\nBoris HONORE, Accompagnateur &amp; Formateur, Coop\u00e9rative d\u2019activit\u00e9s Coop\u2019Action<br \/>\nMonique DUFRESNE, Directrice, Maison de l\u2019Initiative<\/p>\n<p><strong>Mardi 12 F\u00e9vrier<\/strong><br \/>\nDominique REFFAY, Pr\u00e9sident, le jardin m\u00e9di\u00e9val de Gradignan (33)<br \/>\nAnnie WEIDKNNET, Pr\u00e9sidente, le r\u00e9seau des AMAP de Midi-Pyr\u00e9n\u00e9es<\/p>\n<p><strong>Mardi 19 F\u00e9vrier<\/strong><br \/>\nChristian LEFEUVE, Directeur, Culture et libert\u00e9 Garonne<br \/>\nC\u00e9cile ROQUE, Directrice, GEIQ BTP 31<\/p>\n<p><strong>Mardi 04 Mars<\/strong><br \/>\nFlorian VAIR PIOVA, Charg\u00e9 de mission, Via Brachy<br \/>\nJulie CABOT NADAL, Charg\u00e9e de mission, Association Nomad RSI (sous r\u00e9serve)<\/p>\n<p><strong>Mardi 11 Mars<\/strong><br \/>\nPatrick BLANCAFORT, Directeur, ANPE de Toulouse Lespinet<\/p>\n<p><strong>Mardi 18 Mars<\/strong><br \/>\nJo\u00eblle SCHNEIDER, Consultante d\u00e9veloppement \u00e9conomique, CRP consulting<\/p>\n<p><strong>Mardi 25 Mars<\/strong><br \/>\nSt\u00e9phane GRUET, Architecte, Centre m\u00e9ridional de l&rsquo;architecture de la ville, coop\u00e9rative de logement<br \/>\nBruno THOUVENIN, ancien \u00e9tudiant Master NES promotion Karl Polanyi, Atelier Blanc<\/p>\n<p><strong>Mardi 01 Avril<\/strong><br \/>\nJulie BARADEL, animatrice r\u00e9seau, FNARS Midi-Pyr\u00e9n\u00e9es<\/p>\n<p><strong>Mardi 08 Avril<\/strong><br \/>\nFANJAUD Christian, animateur partenariat, SCOP Ethiquable<br \/>\nPierre GARNIER, Epicerie solidaire, P\u00e9rigueux (sous r\u00e9serve)<\/p>\n","protected":false},"excerpt":{"rendered":"<p>Mardi 08 Janvier Camille NEVEU, Centre de Ressources et de Liaison pour les Associations et les Porteurs de projets Agn\u00e8s DOFNY, Pr\u00e9sidente Chambre R\u00e9gionale pour l&rsquo;Economie Sociale et Solidaire en MP Mardi 15 Janvier Dominique PLATON, Vice-Pr\u00e9sident, Mobilib (Auto-partage), promotion 2006 du Master Mardi 22 Janvier Florence HEULIN, Directrice Face Grand Toulouse Ma\u00ef-Ly ALET, Charg\u00e9e [&hellip;]<\/p>\n","protected":false},"author":157,"featured_media":0,"parent":197,"menu_order":13,"comment_status":"closed","ping_status":"open","template":"","meta":{"footnotes":""},"class_list":["post-641","page","type-page","status-publish","hentry"],"_links":{"self":[{"href":"https:\/\/blogs.univ-tlse2.fr\/cerises\/wp-json\/wp\/v2\/pages\/641","targetHints":{"allow":["GET"]}}],"collection":[{"href":"https:\/\/blogs.univ-tlse2.fr\/cerises\/wp-json\/wp\/v2\/pages"}],"about":[{"href":"https:\/\/blogs.univ-tlse2.fr\/cerises\/wp-json\/wp\/v2\/types\/page"}],"author":[{"embeddable":true,"href":"https:\/\/blogs.univ-tlse2.fr\/cerises\/wp-json\/wp\/v2\/users\/157"}],"replies":[{"embeddable":true,"href":"https:\/\/blogs.univ-tlse2.fr\/cerises\/wp-json\/wp\/v2\/comments?post=641"}],"version-history":[{"count":2,"href":"https:\/\/blogs.univ-tlse2.fr\/cerises\/wp-json\/wp\/v2\/pages\/641\/revisions"}],"predecessor-version":[{"id":2860,"href":"https:\/\/blogs.univ-tlse2.fr\/cerises\/wp-json\/wp\/v2\/pages\/641\/revisions\/2860"}],"up":[{"embeddable":true,"href":"https:\/\/blogs.univ-tlse2.fr\/cerises\/wp-json\/wp\/v2\/pages\/197"}],"wp:attachment":[{"href":"https:\/\/blogs.univ-tlse2.fr\/cerises\/wp-json\/wp\/v2\/media?parent=641"}],"curies":[{"name":"wp","href":"https:\/\/api.w.org\/{rel}","templated":true}]}}