 {"id":643,"date":"2013-01-15T16:50:51","date_gmt":"2013-01-15T15:50:51","guid":{"rendered":"https:\/\/blogs.univ-tlse2.fr\/cerises\/?page_id=643"},"modified":"2014-02-06T10:31:24","modified_gmt":"2014-02-06T09:31:24","slug":"conferences-dacteurs-2006-2007","status":"publish","type":"page","link":"https:\/\/blogs.univ-tlse2.fr\/cerises\/formation\/master-et-doctorat-deconomie-sociale\/conferences-dacteurs\/conferences-dacteurs-2006-2007\/","title":{"rendered":"Conf\u00e9rences d&rsquo;acteurs 2006-2007"},"content":{"rendered":"<p>&nbsp;<\/p>\n<p><strong>Mardi 27 f\u00e9vrier<\/strong><br \/>\nFran\u00e7ois-Xavier SALVAGNAC, Union R\u00e9gionale des SCOP Midi-Pyr\u00e9n\u00e9es<br \/>\nRob DAY, G\u00e9rant SARL-SCOP la Tourn\u00e9e du coq<\/p>\n<p><strong>Mardi 06 mars<\/strong><br \/>\nThierry BACK, Pr\u00e9sident, Chantier Ecole Midi-Pyr\u00e9n\u00e9es<br \/>\nJean-Jacques MARY, membre association YAKAYAL\u00c9<\/p>\n<p><strong>Mardi 13 mars<\/strong> \u2013 Coop\u00e9rative de logement et Eco construction<br \/>\nSt\u00e9phane GRUET, Centre m\u00e9ridional de l&rsquo;architecture de la ville : projet coop\u00e9rative de logement.<br \/>\nBruno THOUVENIN, ancien \u00e9tudiant Master NES promotion Karl Polanyi, Atelier Blanc<\/p>\n<p><strong>Mardi 20 mars<\/strong><br \/>\nAnnie WEIDKNNET, Coordonnatrice R\u00e9gionale, AMAP<br \/>\nDominique PLATON, Ancien \u00e9tudiant Master NES promotion H\u00e9risson, l\u2019auto- partage<\/p>\n<p><strong>Mardi 27 mars<\/strong><br \/>\nEconomie et citoyennet\u00e9, Nessies, Journ\u00e9e organis\u00e9e par l\u2019association des \u00e9tudiants du Master professionnel la \u00ab Nouvelle Economie Sociale \u00bb<\/p>\n<p><strong>Mardi 17 avril<\/strong><br \/>\nGuillaume CHOCTEAU, d\u00e9l\u00e9gu\u00e9 g\u00e9n\u00e9ral de Ressources Solidaires<br \/>\nEliane LAVAGNE, Association des Collectifs Enfants Parents Professionnels ACEPP, correspondante du sud-ouest<\/p>\n<p><strong>Mardi 24 avril<\/strong><br \/>\nMme COHEN, les jardins familiaux, Ramonville<br \/>\nYves KARTEL, Directeur, les jardins de Saint-Jacques &#8211; Saint-Girons (r\u00e9seau des Jardins de Cocagne)<\/p>\n<p>&nbsp;<\/p>\n","protected":false},"excerpt":{"rendered":"<p>&nbsp; Mardi 27 f\u00e9vrier Fran\u00e7ois-Xavier SALVAGNAC, Union R\u00e9gionale des SCOP Midi-Pyr\u00e9n\u00e9es Rob DAY, G\u00e9rant SARL-SCOP la Tourn\u00e9e du coq Mardi 06 mars Thierry BACK, Pr\u00e9sident, Chantier Ecole Midi-Pyr\u00e9n\u00e9es Jean-Jacques MARY, membre association YAKAYAL\u00c9 Mardi 13 mars \u2013 Coop\u00e9rative de logement et Eco construction St\u00e9phane GRUET, Centre m\u00e9ridional de l&rsquo;architecture de la ville : projet coop\u00e9rative [&hellip;]<\/p>\n","protected":false},"author":157,"featured_media":0,"parent":197,"menu_order":14,"comment_status":"closed","ping_status":"open","template":"","meta":{"footnotes":""},"class_list":["post-643","page","type-page","status-publish","hentry"],"_links":{"self":[{"href":"https:\/\/blogs.univ-tlse2.fr\/cerises\/wp-json\/wp\/v2\/pages\/643","targetHints":{"allow":["GET"]}}],"collection":[{"href":"https:\/\/blogs.univ-tlse2.fr\/cerises\/wp-json\/wp\/v2\/pages"}],"about":[{"href":"https:\/\/blogs.univ-tlse2.fr\/cerises\/wp-json\/wp\/v2\/types\/page"}],"author":[{"embeddable":true,"href":"https:\/\/blogs.univ-tlse2.fr\/cerises\/wp-json\/wp\/v2\/users\/157"}],"replies":[{"embeddable":true,"href":"https:\/\/blogs.univ-tlse2.fr\/cerises\/wp-json\/wp\/v2\/comments?post=643"}],"version-history":[{"count":2,"href":"https:\/\/blogs.univ-tlse2.fr\/cerises\/wp-json\/wp\/v2\/pages\/643\/revisions"}],"predecessor-version":[{"id":2861,"href":"https:\/\/blogs.univ-tlse2.fr\/cerises\/wp-json\/wp\/v2\/pages\/643\/revisions\/2861"}],"up":[{"embeddable":true,"href":"https:\/\/blogs.univ-tlse2.fr\/cerises\/wp-json\/wp\/v2\/pages\/197"}],"wp:attachment":[{"href":"https:\/\/blogs.univ-tlse2.fr\/cerises\/wp-json\/wp\/v2\/media?parent=643"}],"curies":[{"name":"wp","href":"https:\/\/api.w.org\/{rel}","templated":true}]}}