 {"id":651,"date":"2013-01-15T17:00:52","date_gmt":"2013-01-15T16:00:52","guid":{"rendered":"https:\/\/blogs.univ-tlse2.fr\/cerises\/?page_id=651"},"modified":"2014-02-06T10:31:40","modified_gmt":"2014-02-06T09:31:40","slug":"histoire-de-leconomie-sociale","status":"publish","type":"page","link":"https:\/\/blogs.univ-tlse2.fr\/cerises\/formation\/poursuivre-dans-la-recherche\/themes-de-recherche\/histoire-de-leconomie-sociale\/","title":{"rendered":"Histoire de l\u2019\u00e9conomie sociale"},"content":{"rendered":"<p style=\"text-align: right\" align=\"center\"><em>Les fondamentaux &#8211; ECO 0501 &#8211; 12h30<\/em><\/p>\n<p style=\"text-align: left\" align=\"center\"><strong>Genevi\u00e8ve AZAM<\/strong><\/p>\n<p>MCF, auteur de :<\/p>\n<ul>\n<li>\u00c9conomie Sociale, Tiers Secteur, \u00c9conomie Solidaire : quelles fronti\u00e8res ?, Revue du M.A.U.S.S. semestrielle, mai 2003.<\/li>\n<li>L&rsquo;utopie de l&rsquo;\u00e9conomie de la connaissance, Sciences de la Soci\u00e9t\u00e9, PUM, Toulouse, 2005.<\/li>\n<\/ul>\n<p align=\"justify\">Ce cours sera construit en deux parties essentielles. La premi\u00e8re fera l\u2019analyse de la notion d\u2019\u00e9conomie sociale et de sa place dans la pens\u00e9e \u00e9conomique depuis les ann\u00e9es 1830 jusqu\u2019\u00e0 aujourd\u2019hui, avec comme probl\u00e9matique centrale la question de l\u2019articulation \u00e9conomie-soci\u00e9t\u00e9.<\/p>\n<p align=\"justify\">La deuxi\u00e8me partie traitera de l\u2019\u00e9volution du lien entre \u00e9conomie sociale et d\u00e9mocratie autour des questions suivantes : \u00e9conomie sociale-d\u00e9mocratie ; \u00e9conomique-d\u00e9mocratie politique ; \u00e9conomie sociale-soci\u00e9t\u00e9 civile-espace public ; d\u00e9mocratie \u00e9conomique-d\u00e9mocratie participative.<\/p>\n<h2 align=\"justify\">Autres th\u00e8mes de recherche :<\/h2>\n<p align=\"justify\">\n<!-- Page-list plugin v.5.9 wordpress.org\/plugins\/page-list\/ -->\n<ul class=\"page-list \">\n<li class=\"page_item page-item-653\"><a href=\"https:\/\/blogs.univ-tlse2.fr\/cerises\/formation\/poursuivre-dans-la-recherche\/themes-de-recherche\/linnovation-sociale-et-la-propriete-collective\/\">L\u2019innovation sociale et la propri\u00e9t\u00e9 collective<\/a><\/li>\n<li class=\"page_item page-item-665\"><a href=\"https:\/\/blogs.univ-tlse2.fr\/cerises\/formation\/poursuivre-dans-la-recherche\/themes-de-recherche\/monnaies-finances-micro-credits\/\">Monnaies, finances, micro-cr\u00e9dits<\/a><\/li>\n<li class=\"page_item page-item-667\"><a href=\"https:\/\/blogs.univ-tlse2.fr\/cerises\/formation\/poursuivre-dans-la-recherche\/themes-de-recherche\/innovations-techniques-et-cultures-dusage\/\">Innovations techniques et cultures d\u2019usage<\/a><\/li>\n<li class=\"page_item page-item-673\"><a href=\"https:\/\/blogs.univ-tlse2.fr\/cerises\/formation\/poursuivre-dans-la-recherche\/themes-de-recherche\/innovations-et-dynamiques-territoriales\/\">Innovations et  dynamiques territoriales<\/a><\/li>\n<li class=\"page_item page-item-675\"><a href=\"https:\/\/blogs.univ-tlse2.fr\/cerises\/formation\/poursuivre-dans-la-recherche\/themes-de-recherche\/diffusion-des-informations-usages-et-obstacles-a-la-communication\/\">Diffusion des informations, usages et obstacles \u00e0 la communication<\/a><\/li>\n<li class=\"page_item page-item-677\"><a href=\"https:\/\/blogs.univ-tlse2.fr\/cerises\/formation\/poursuivre-dans-la-recherche\/themes-de-recherche\/economie-et-democratie\/\">Economie et d\u00e9mocratie<\/a><\/li>\n<li class=\"page_item page-item-684\"><a href=\"https:\/\/blogs.univ-tlse2.fr\/cerises\/formation\/poursuivre-dans-la-recherche\/themes-de-recherche\/developpement\/\">D\u00e9veloppement<\/a><\/li>\n<li class=\"page_item page-item-686\"><a href=\"https:\/\/blogs.univ-tlse2.fr\/cerises\/formation\/poursuivre-dans-la-recherche\/themes-de-recherche\/theories-economiques-et-solidarite\/\">Th\u00e9ories \u00e9conomiques et solidarit\u00e9<\/a><\/li>\n\n<\/ul><\/p>\n","protected":false},"excerpt":{"rendered":"<p>Les fondamentaux &#8211; ECO 0501 &#8211; 12h30 Genevi\u00e8ve AZAM MCF, auteur de : \u00c9conomie Sociale, Tiers Secteur, \u00c9conomie Solidaire : quelles fronti\u00e8res ?, Revue du M.A.U.S.S. semestrielle, mai 2003. L&rsquo;utopie de l&rsquo;\u00e9conomie de la connaissance, Sciences de la Soci\u00e9t\u00e9, PUM, Toulouse, 2005. Ce cours sera construit en deux parties essentielles. La premi\u00e8re fera l\u2019analyse de [&hellip;]<\/p>\n","protected":false},"author":157,"featured_media":0,"parent":227,"menu_order":1,"comment_status":"closed","ping_status":"open","template":"","meta":{"footnotes":""},"class_list":["post-651","page","type-page","status-publish","hentry"],"_links":{"self":[{"href":"https:\/\/blogs.univ-tlse2.fr\/cerises\/wp-json\/wp\/v2\/pages\/651","targetHints":{"allow":["GET"]}}],"collection":[{"href":"https:\/\/blogs.univ-tlse2.fr\/cerises\/wp-json\/wp\/v2\/pages"}],"about":[{"href":"https:\/\/blogs.univ-tlse2.fr\/cerises\/wp-json\/wp\/v2\/types\/page"}],"author":[{"embeddable":true,"href":"https:\/\/blogs.univ-tlse2.fr\/cerises\/wp-json\/wp\/v2\/users\/157"}],"replies":[{"embeddable":true,"href":"https:\/\/blogs.univ-tlse2.fr\/cerises\/wp-json\/wp\/v2\/comments?post=651"}],"version-history":[{"count":5,"href":"https:\/\/blogs.univ-tlse2.fr\/cerises\/wp-json\/wp\/v2\/pages\/651\/revisions"}],"predecessor-version":[{"id":2573,"href":"https:\/\/blogs.univ-tlse2.fr\/cerises\/wp-json\/wp\/v2\/pages\/651\/revisions\/2573"}],"up":[{"embeddable":true,"href":"https:\/\/blogs.univ-tlse2.fr\/cerises\/wp-json\/wp\/v2\/pages\/227"}],"wp:attachment":[{"href":"https:\/\/blogs.univ-tlse2.fr\/cerises\/wp-json\/wp\/v2\/media?parent=651"}],"curies":[{"name":"wp","href":"https:\/\/api.w.org\/{rel}","templated":true}]}}