 {"id":653,"date":"2013-01-15T17:01:58","date_gmt":"2013-01-15T16:01:58","guid":{"rendered":"https:\/\/blogs.univ-tlse2.fr\/cerises\/?page_id=653"},"modified":"2014-02-06T10:31:40","modified_gmt":"2014-02-06T09:31:40","slug":"linnovation-sociale-et-la-propriete-collective","status":"publish","type":"page","link":"https:\/\/blogs.univ-tlse2.fr\/cerises\/formation\/poursuivre-dans-la-recherche\/themes-de-recherche\/linnovation-sociale-et-la-propriete-collective\/","title":{"rendered":"L\u2019innovation sociale et la propri\u00e9t\u00e9 collective"},"content":{"rendered":"<p style=\"text-align: right\" align=\"center\"><em>Les fondamentaux &#8211; ECO 0502 &#8211; 12h30<\/em><\/p>\n<p style=\"text-align: left\" align=\"center\"><strong>Jacques PRADES<\/strong><\/p>\n<p align=\"justify\">MCF HDR, auteur de :<\/p>\n<p align=\"justify\"><strong>Compter sur ses propres forces, initiatives solidaires et entreprises sociales,<\/strong> <strong>Editions de l\u2019Aube, 2006<\/strong><\/p>\n<p>Il n\u2019existe pas beaucoup de repr\u00e9sentations ou d\u2019id\u00e9es en-dehors de celle de la \u00ab propri\u00e9t\u00e9 collective \u00bb qui n\u2019aient \u00e9t\u00e9 frapp\u00e9es ces cinquante derni\u00e8res ann\u00e9es d\u2019une amn\u00e9sie aussi g\u00e9n\u00e9rale. Comment expliquer que nous soyons tomb\u00e9s \u00e0 son sujet dans un oubli aussi total ? Ce silence est-il propre \u00e0 la France ? Pourquoi est-il urgent de r\u00e9introduire ce questionnement au c\u0153ur des probl\u00e9matiques sociales de notre \u00e9poque ? En quoi les entreprises sociales et les initiatives solidaires sont-elles une porte d\u2019entr\u00e9e dans ce d\u00e9bat ? Quelles conclusions th\u00e9oriques et empiriques peut-on en tirer ? \u00c0 travers une enqu\u00eate qui le conduit de Toscane et Padoue en Italie \u00e0 Mondragon au Pays basque espagnol, de Montr\u00e9al \u00e0 Marinaleda en Andalousie, l\u2019auteur offre une mise en perspective originale et renouvel\u00e9e des entreprises sociales et des initiatives solidaires autour de trois th\u00e9matiques : le territoire, l\u2019innovation sociale et la d\u00e9mocratie directe.<\/p>\n<p><strong>L&rsquo;utopie r\u00e9aliste, Editions L&rsquo;Harmattan, collection Nouvelles \u00e9tudes anthropologiques, 2012<\/strong><\/p>\n<h2>Autres th\u00e8mes de recherche :<\/h2>\n\n<!-- Page-list plugin v.5.9 wordpress.org\/plugins\/page-list\/ -->\n<ul class=\"page-list \">\n<li class=\"page_item page-item-651\"><a href=\"https:\/\/blogs.univ-tlse2.fr\/cerises\/formation\/poursuivre-dans-la-recherche\/themes-de-recherche\/histoire-de-leconomie-sociale\/\">Histoire de l\u2019\u00e9conomie sociale<\/a><\/li>\n<li class=\"page_item page-item-665\"><a href=\"https:\/\/blogs.univ-tlse2.fr\/cerises\/formation\/poursuivre-dans-la-recherche\/themes-de-recherche\/monnaies-finances-micro-credits\/\">Monnaies, finances, micro-cr\u00e9dits<\/a><\/li>\n<li class=\"page_item page-item-667\"><a href=\"https:\/\/blogs.univ-tlse2.fr\/cerises\/formation\/poursuivre-dans-la-recherche\/themes-de-recherche\/innovations-techniques-et-cultures-dusage\/\">Innovations techniques et cultures d\u2019usage<\/a><\/li>\n<li class=\"page_item page-item-673\"><a href=\"https:\/\/blogs.univ-tlse2.fr\/cerises\/formation\/poursuivre-dans-la-recherche\/themes-de-recherche\/innovations-et-dynamiques-territoriales\/\">Innovations et  dynamiques territoriales<\/a><\/li>\n<li class=\"page_item page-item-675\"><a href=\"https:\/\/blogs.univ-tlse2.fr\/cerises\/formation\/poursuivre-dans-la-recherche\/themes-de-recherche\/diffusion-des-informations-usages-et-obstacles-a-la-communication\/\">Diffusion des informations, usages et obstacles \u00e0 la communication<\/a><\/li>\n<li class=\"page_item page-item-677\"><a href=\"https:\/\/blogs.univ-tlse2.fr\/cerises\/formation\/poursuivre-dans-la-recherche\/themes-de-recherche\/economie-et-democratie\/\">Economie et d\u00e9mocratie<\/a><\/li>\n<li class=\"page_item page-item-684\"><a href=\"https:\/\/blogs.univ-tlse2.fr\/cerises\/formation\/poursuivre-dans-la-recherche\/themes-de-recherche\/developpement\/\">D\u00e9veloppement<\/a><\/li>\n<li class=\"page_item page-item-686\"><a href=\"https:\/\/blogs.univ-tlse2.fr\/cerises\/formation\/poursuivre-dans-la-recherche\/themes-de-recherche\/theories-economiques-et-solidarite\/\">Th\u00e9ories \u00e9conomiques et solidarit\u00e9<\/a><\/li>\n\n<\/ul>\n","protected":false},"excerpt":{"rendered":"<p>Les fondamentaux &#8211; ECO 0502 &#8211; 12h30 Jacques PRADES MCF HDR, auteur de : Compter sur ses propres forces, initiatives solidaires et entreprises sociales, Editions de l\u2019Aube, 2006 Il n\u2019existe pas beaucoup de repr\u00e9sentations ou d\u2019id\u00e9es en-dehors de celle de la \u00ab propri\u00e9t\u00e9 collective \u00bb qui n\u2019aient \u00e9t\u00e9 frapp\u00e9es ces cinquante derni\u00e8res ann\u00e9es d\u2019une amn\u00e9sie [&hellip;]<\/p>\n","protected":false},"author":157,"featured_media":0,"parent":227,"menu_order":2,"comment_status":"closed","ping_status":"closed","template":"","meta":{"footnotes":""},"class_list":["post-653","page","type-page","status-publish","hentry"],"_links":{"self":[{"href":"https:\/\/blogs.univ-tlse2.fr\/cerises\/wp-json\/wp\/v2\/pages\/653","targetHints":{"allow":["GET"]}}],"collection":[{"href":"https:\/\/blogs.univ-tlse2.fr\/cerises\/wp-json\/wp\/v2\/pages"}],"about":[{"href":"https:\/\/blogs.univ-tlse2.fr\/cerises\/wp-json\/wp\/v2\/types\/page"}],"author":[{"embeddable":true,"href":"https:\/\/blogs.univ-tlse2.fr\/cerises\/wp-json\/wp\/v2\/users\/157"}],"replies":[{"embeddable":true,"href":"https:\/\/blogs.univ-tlse2.fr\/cerises\/wp-json\/wp\/v2\/comments?post=653"}],"version-history":[{"count":30,"href":"https:\/\/blogs.univ-tlse2.fr\/cerises\/wp-json\/wp\/v2\/pages\/653\/revisions"}],"predecessor-version":[{"id":3495,"href":"https:\/\/blogs.univ-tlse2.fr\/cerises\/wp-json\/wp\/v2\/pages\/653\/revisions\/3495"}],"up":[{"embeddable":true,"href":"https:\/\/blogs.univ-tlse2.fr\/cerises\/wp-json\/wp\/v2\/pages\/227"}],"wp:attachment":[{"href":"https:\/\/blogs.univ-tlse2.fr\/cerises\/wp-json\/wp\/v2\/media?parent=653"}],"curies":[{"name":"wp","href":"https:\/\/api.w.org\/{rel}","templated":true}]}}