 {"id":673,"date":"2013-01-15T17:21:13","date_gmt":"2013-01-15T16:21:13","guid":{"rendered":"https:\/\/blogs.univ-tlse2.fr\/cerises\/?page_id=673"},"modified":"2014-02-06T10:31:40","modified_gmt":"2014-02-06T09:31:40","slug":"innovations-et-dynamiques-territoriales","status":"publish","type":"page","link":"https:\/\/blogs.univ-tlse2.fr\/cerises\/formation\/poursuivre-dans-la-recherche\/themes-de-recherche\/innovations-et-dynamiques-territoriales\/","title":{"rendered":"Innovations et  dynamiques territoriales"},"content":{"rendered":"<p style=\"text-align: right\"><em>S\u00e9minaires th\u00e9matiques &#8211; ECO 0512 &#8211; 12h30<\/em><\/p>\n<p style=\"text-align: left\"><strong>Gabriel COLLETIS<\/strong><\/p>\n<p align=\"justify\">PR, auteur de :<\/p>\n<ul>\n<li>in B. Pecqueur et J.-B. Zimmermann \u00ab\u00a0Economie de proximit\u00e9s\u00a0\u00bb, Herm\u00e8s, 2004. RECMA<\/li>\n<li>\u00ab\u00a0Economie sociale et solidaire, territoires et proximit\u00e9\u00a0\u00bb n\u00b0 296 mai 2005<\/li>\n<\/ul>\n<p align=\"justify\">La mondialisation se caract\u00e9rise d&rsquo;abord, en termes \u00e9conomiques, par la diffusion de certaines technologies mais plus encore par la mobilit\u00e9 croissante des facteurs (plut\u00f4t que celle des produits) et l&rsquo;indexation de fait du revenu de ces facteurs sur leur potentiel de mobilit\u00e9. Le capital financier, volatile, impose sa r\u00e9mun\u00e9ration \u00e0 celle des autres facteurs.<\/p>\n<p align=\"justify\">L&rsquo;enjeu consistant \u00e0 \u00ab ancrer \u00bb territorialement les entreprises mais aussi le travail vivant porteur de comp\u00e9tences devient d\u00e9terminant dans cette perspective.<\/p>\n<p align=\"justify\">Les dynamiques territoriales sont r\u00e9interrog\u00e9es, r\u00e9v\u00e9lant des potentiels de compl\u00e9mentarit\u00e9 de nature \u00e0 favoriser cet ancrage, sur la base d&rsquo;une triple proximit\u00e9 : spatiale, organisationnelle, institutionnelle. L&rsquo;existence de valeurs communes, ou la \u00ab\u00a0production\u00a0\u00bb de celles-ci, constitue la condition et le r\u00e9sultat de ces dynamiques.<\/p>\n<h2 align=\"justify\">Autres th\u00e8mes de recherche :<\/h2>\n<p align=\"justify\">\n<!-- Page-list plugin v.5.9 wordpress.org\/plugins\/page-list\/ -->\n<ul class=\"page-list \">\n<li class=\"page_item page-item-651\"><a href=\"https:\/\/blogs.univ-tlse2.fr\/cerises\/formation\/poursuivre-dans-la-recherche\/themes-de-recherche\/histoire-de-leconomie-sociale\/\">Histoire de l\u2019\u00e9conomie sociale<\/a><\/li>\n<li class=\"page_item page-item-653\"><a href=\"https:\/\/blogs.univ-tlse2.fr\/cerises\/formation\/poursuivre-dans-la-recherche\/themes-de-recherche\/linnovation-sociale-et-la-propriete-collective\/\">L\u2019innovation sociale et la propri\u00e9t\u00e9 collective<\/a><\/li>\n<li class=\"page_item page-item-665\"><a href=\"https:\/\/blogs.univ-tlse2.fr\/cerises\/formation\/poursuivre-dans-la-recherche\/themes-de-recherche\/monnaies-finances-micro-credits\/\">Monnaies, finances, micro-cr\u00e9dits<\/a><\/li>\n<li class=\"page_item page-item-667\"><a href=\"https:\/\/blogs.univ-tlse2.fr\/cerises\/formation\/poursuivre-dans-la-recherche\/themes-de-recherche\/innovations-techniques-et-cultures-dusage\/\">Innovations techniques et cultures d\u2019usage<\/a><\/li>\n<li class=\"page_item page-item-675\"><a href=\"https:\/\/blogs.univ-tlse2.fr\/cerises\/formation\/poursuivre-dans-la-recherche\/themes-de-recherche\/diffusion-des-informations-usages-et-obstacles-a-la-communication\/\">Diffusion des informations, usages et obstacles \u00e0 la communication<\/a><\/li>\n<li class=\"page_item page-item-677\"><a href=\"https:\/\/blogs.univ-tlse2.fr\/cerises\/formation\/poursuivre-dans-la-recherche\/themes-de-recherche\/economie-et-democratie\/\">Economie et d\u00e9mocratie<\/a><\/li>\n<li class=\"page_item page-item-684\"><a href=\"https:\/\/blogs.univ-tlse2.fr\/cerises\/formation\/poursuivre-dans-la-recherche\/themes-de-recherche\/developpement\/\">D\u00e9veloppement<\/a><\/li>\n<li class=\"page_item page-item-686\"><a href=\"https:\/\/blogs.univ-tlse2.fr\/cerises\/formation\/poursuivre-dans-la-recherche\/themes-de-recherche\/theories-economiques-et-solidarite\/\">Th\u00e9ories \u00e9conomiques et solidarit\u00e9<\/a><\/li>\n\n<\/ul><\/p>\n","protected":false},"excerpt":{"rendered":"<p>S\u00e9minaires th\u00e9matiques &#8211; ECO 0512 &#8211; 12h30 Gabriel COLLETIS PR, auteur de : in B. Pecqueur et J.-B. Zimmermann \u00ab\u00a0Economie de proximit\u00e9s\u00a0\u00bb, Herm\u00e8s, 2004. RECMA \u00ab\u00a0Economie sociale et solidaire, territoires et proximit\u00e9\u00a0\u00bb n\u00b0 296 mai 2005 La mondialisation se caract\u00e9rise d&rsquo;abord, en termes \u00e9conomiques, par la diffusion de certaines technologies mais plus encore par la [&hellip;]<\/p>\n","protected":false},"author":157,"featured_media":0,"parent":227,"menu_order":6,"comment_status":"closed","ping_status":"open","template":"","meta":{"footnotes":""},"class_list":["post-673","page","type-page","status-publish","hentry"],"_links":{"self":[{"href":"https:\/\/blogs.univ-tlse2.fr\/cerises\/wp-json\/wp\/v2\/pages\/673","targetHints":{"allow":["GET"]}}],"collection":[{"href":"https:\/\/blogs.univ-tlse2.fr\/cerises\/wp-json\/wp\/v2\/pages"}],"about":[{"href":"https:\/\/blogs.univ-tlse2.fr\/cerises\/wp-json\/wp\/v2\/types\/page"}],"author":[{"embeddable":true,"href":"https:\/\/blogs.univ-tlse2.fr\/cerises\/wp-json\/wp\/v2\/users\/157"}],"replies":[{"embeddable":true,"href":"https:\/\/blogs.univ-tlse2.fr\/cerises\/wp-json\/wp\/v2\/comments?post=673"}],"version-history":[{"count":3,"href":"https:\/\/blogs.univ-tlse2.fr\/cerises\/wp-json\/wp\/v2\/pages\/673\/revisions"}],"predecessor-version":[{"id":2899,"href":"https:\/\/blogs.univ-tlse2.fr\/cerises\/wp-json\/wp\/v2\/pages\/673\/revisions\/2899"}],"up":[{"embeddable":true,"href":"https:\/\/blogs.univ-tlse2.fr\/cerises\/wp-json\/wp\/v2\/pages\/227"}],"wp:attachment":[{"href":"https:\/\/blogs.univ-tlse2.fr\/cerises\/wp-json\/wp\/v2\/media?parent=673"}],"curies":[{"name":"wp","href":"https:\/\/api.w.org\/{rel}","templated":true}]}}