 {"id":675,"date":"2013-01-15T17:22:18","date_gmt":"2013-01-15T16:22:18","guid":{"rendered":"https:\/\/blogs.univ-tlse2.fr\/cerises\/?page_id=675"},"modified":"2014-02-06T10:31:40","modified_gmt":"2014-02-06T09:31:40","slug":"diffusion-des-informations-usages-et-obstacles-a-la-communication","status":"publish","type":"page","link":"https:\/\/blogs.univ-tlse2.fr\/cerises\/formation\/poursuivre-dans-la-recherche\/themes-de-recherche\/diffusion-des-informations-usages-et-obstacles-a-la-communication\/","title":{"rendered":"Diffusion des informations, usages et obstacles \u00e0 la communication"},"content":{"rendered":"<p style=\"text-align: right\"><em>S\u00e9minaires th\u00e9matiques &#8211; ECO 0531 &#8211; 6h<\/em><\/p>\n<p><strong>Andr\u00e9 VITALIS<\/strong><\/p>\n<p align=\"justify\">PR, auteur de :<\/p>\n<ul>\n<li>Vers une citoyennet\u00e9 simul\u00e9e. M\u00e9dias, r\u00e9seaux et mondialisation (dir. avec S. Proulx) Apog\u00e9e, 2000 ;<\/li>\n<li>Temporalit\u00e9s m\u00e9diatiques et vie quotidienne (avec K. Turcin et J.C. Domenget) 2005, Rapport de recherche CEM\/Bordeaux 3.<\/li>\n<\/ul>\n<p align=\"justify\">La \u00ab diffusabilit\u00e9 \u00bb des informations, \u00e0 savoir la capacit\u00e9 du r\u00e9cepteur \u00e0 les recevoir sans probl\u00e8me majeur, est un crit\u00e8re essentiel \u00e0 l&rsquo;heure de la mondialisation et d&rsquo;un projet de soci\u00e9t\u00e9 d\u00e9nomm\u00e9 \u00ab\u00a0Soci\u00e9t\u00e9 de l&rsquo;information\u00a0\u00bb. Il s&rsquo;agit dans ce contexte de diffusion acc\u00e9l\u00e9r\u00e9e, d&rsquo;analyser les usages et les obstacles \u00e0 la communication.<\/p>\n<h2 align=\"justify\">Autres th\u00e8mes de recherche :<\/h2>\n<p align=\"justify\">\n<!-- Page-list plugin v.5.9 wordpress.org\/plugins\/page-list\/ -->\n<ul class=\"page-list \">\n<li class=\"page_item page-item-651\"><a href=\"https:\/\/blogs.univ-tlse2.fr\/cerises\/formation\/poursuivre-dans-la-recherche\/themes-de-recherche\/histoire-de-leconomie-sociale\/\">Histoire de l\u2019\u00e9conomie sociale<\/a><\/li>\n<li class=\"page_item page-item-653\"><a href=\"https:\/\/blogs.univ-tlse2.fr\/cerises\/formation\/poursuivre-dans-la-recherche\/themes-de-recherche\/linnovation-sociale-et-la-propriete-collective\/\">L\u2019innovation sociale et la propri\u00e9t\u00e9 collective<\/a><\/li>\n<li class=\"page_item page-item-665\"><a href=\"https:\/\/blogs.univ-tlse2.fr\/cerises\/formation\/poursuivre-dans-la-recherche\/themes-de-recherche\/monnaies-finances-micro-credits\/\">Monnaies, finances, micro-cr\u00e9dits<\/a><\/li>\n<li class=\"page_item page-item-667\"><a href=\"https:\/\/blogs.univ-tlse2.fr\/cerises\/formation\/poursuivre-dans-la-recherche\/themes-de-recherche\/innovations-techniques-et-cultures-dusage\/\">Innovations techniques et cultures d\u2019usage<\/a><\/li>\n<li class=\"page_item page-item-673\"><a href=\"https:\/\/blogs.univ-tlse2.fr\/cerises\/formation\/poursuivre-dans-la-recherche\/themes-de-recherche\/innovations-et-dynamiques-territoriales\/\">Innovations et  dynamiques territoriales<\/a><\/li>\n<li class=\"page_item page-item-677\"><a href=\"https:\/\/blogs.univ-tlse2.fr\/cerises\/formation\/poursuivre-dans-la-recherche\/themes-de-recherche\/economie-et-democratie\/\">Economie et d\u00e9mocratie<\/a><\/li>\n<li class=\"page_item page-item-684\"><a href=\"https:\/\/blogs.univ-tlse2.fr\/cerises\/formation\/poursuivre-dans-la-recherche\/themes-de-recherche\/developpement\/\">D\u00e9veloppement<\/a><\/li>\n<li class=\"page_item page-item-686\"><a href=\"https:\/\/blogs.univ-tlse2.fr\/cerises\/formation\/poursuivre-dans-la-recherche\/themes-de-recherche\/theories-economiques-et-solidarite\/\">Th\u00e9ories \u00e9conomiques et solidarit\u00e9<\/a><\/li>\n\n<\/ul><\/p>\n","protected":false},"excerpt":{"rendered":"<p>S\u00e9minaires th\u00e9matiques &#8211; ECO 0531 &#8211; 6h Andr\u00e9 VITALIS PR, auteur de : Vers une citoyennet\u00e9 simul\u00e9e. M\u00e9dias, r\u00e9seaux et mondialisation (dir. avec S. Proulx) Apog\u00e9e, 2000 ; Temporalit\u00e9s m\u00e9diatiques et vie quotidienne (avec K. Turcin et J.C. Domenget) 2005, Rapport de recherche CEM\/Bordeaux 3. La \u00ab diffusabilit\u00e9 \u00bb des informations, \u00e0 savoir la capacit\u00e9 [&hellip;]<\/p>\n","protected":false},"author":157,"featured_media":0,"parent":227,"menu_order":7,"comment_status":"closed","ping_status":"open","template":"","meta":{"footnotes":""},"class_list":["post-675","page","type-page","status-publish","hentry"],"_links":{"self":[{"href":"https:\/\/blogs.univ-tlse2.fr\/cerises\/wp-json\/wp\/v2\/pages\/675","targetHints":{"allow":["GET"]}}],"collection":[{"href":"https:\/\/blogs.univ-tlse2.fr\/cerises\/wp-json\/wp\/v2\/pages"}],"about":[{"href":"https:\/\/blogs.univ-tlse2.fr\/cerises\/wp-json\/wp\/v2\/types\/page"}],"author":[{"embeddable":true,"href":"https:\/\/blogs.univ-tlse2.fr\/cerises\/wp-json\/wp\/v2\/users\/157"}],"replies":[{"embeddable":true,"href":"https:\/\/blogs.univ-tlse2.fr\/cerises\/wp-json\/wp\/v2\/comments?post=675"}],"version-history":[{"count":3,"href":"https:\/\/blogs.univ-tlse2.fr\/cerises\/wp-json\/wp\/v2\/pages\/675\/revisions"}],"predecessor-version":[{"id":2900,"href":"https:\/\/blogs.univ-tlse2.fr\/cerises\/wp-json\/wp\/v2\/pages\/675\/revisions\/2900"}],"up":[{"embeddable":true,"href":"https:\/\/blogs.univ-tlse2.fr\/cerises\/wp-json\/wp\/v2\/pages\/227"}],"wp:attachment":[{"href":"https:\/\/blogs.univ-tlse2.fr\/cerises\/wp-json\/wp\/v2\/media?parent=675"}],"curies":[{"name":"wp","href":"https:\/\/api.w.org\/{rel}","templated":true}]}}