 {"id":677,"date":"2013-01-15T17:29:09","date_gmt":"2013-01-15T16:29:09","guid":{"rendered":"https:\/\/blogs.univ-tlse2.fr\/cerises\/?page_id=677"},"modified":"2014-02-06T10:31:40","modified_gmt":"2014-02-06T09:31:40","slug":"economie-et-democratie","status":"publish","type":"page","link":"https:\/\/blogs.univ-tlse2.fr\/cerises\/formation\/poursuivre-dans-la-recherche\/themes-de-recherche\/economie-et-democratie\/","title":{"rendered":"Economie et d\u00e9mocratie"},"content":{"rendered":"<p style=\"text-align: right\"><em>S\u00e9minaires th\u00e9matiques &#8211; ECO 0532 &#8211; 12h30<\/em><\/p>\n<p><strong>Isabelle GUERIN<\/strong><\/p>\n<p>CR IRD, auteur de :<\/p>\n<ul>\n<li>Microfinance challenges: empowerment or disempowerment of the poor? Pondicherry: French Institute Editions, 385 p., 2005<\/li>\n<li>Femmes et \u00e9conomie solidaire, Paris : La D\u00e9couverte, 2003, 234 p.<\/li>\n<\/ul>\n<p>On assiste depuis une vingtaine d\u2019ann\u00e9e, en particulier suite aux travaux d\u2019A. Sen, \u00e0 un renouvellement th\u00e9orique des politiques de la justice plaidant pour une r\u00e9conciliation entre \u00e9conomie et d\u00e9mocratie. En s\u2019appuyant sur une approche institutionnaliste, ce cours propose une analyse de ce renouvellement th\u00e9orique et de ses cons\u00e9quences, positives et n\u00e9gatives, en termes de projets de d\u00e9veloppement. Les arguments th\u00e9oriques seront \u00e9tay\u00e9s d\u2019\u00e9tudes de cas tir\u00e9es principalement de projets de micro-finance en Afrique de l\u2019Ouest et en Inde.<\/p>\n<h2 align=\"justify\">Autres th\u00e8mes de recherche :<\/h2>\n<p align=\"justify\">\n<!-- Page-list plugin v.5.9 wordpress.org\/plugins\/page-list\/ -->\n<ul class=\"page-list \">\n<li class=\"page_item page-item-651\"><a href=\"https:\/\/blogs.univ-tlse2.fr\/cerises\/formation\/poursuivre-dans-la-recherche\/themes-de-recherche\/histoire-de-leconomie-sociale\/\">Histoire de l\u2019\u00e9conomie sociale<\/a><\/li>\n<li class=\"page_item page-item-653\"><a href=\"https:\/\/blogs.univ-tlse2.fr\/cerises\/formation\/poursuivre-dans-la-recherche\/themes-de-recherche\/linnovation-sociale-et-la-propriete-collective\/\">L\u2019innovation sociale et la propri\u00e9t\u00e9 collective<\/a><\/li>\n<li class=\"page_item page-item-665\"><a href=\"https:\/\/blogs.univ-tlse2.fr\/cerises\/formation\/poursuivre-dans-la-recherche\/themes-de-recherche\/monnaies-finances-micro-credits\/\">Monnaies, finances, micro-cr\u00e9dits<\/a><\/li>\n<li class=\"page_item page-item-667\"><a href=\"https:\/\/blogs.univ-tlse2.fr\/cerises\/formation\/poursuivre-dans-la-recherche\/themes-de-recherche\/innovations-techniques-et-cultures-dusage\/\">Innovations techniques et cultures d\u2019usage<\/a><\/li>\n<li class=\"page_item page-item-673\"><a href=\"https:\/\/blogs.univ-tlse2.fr\/cerises\/formation\/poursuivre-dans-la-recherche\/themes-de-recherche\/innovations-et-dynamiques-territoriales\/\">Innovations et  dynamiques territoriales<\/a><\/li>\n<li class=\"page_item page-item-675\"><a href=\"https:\/\/blogs.univ-tlse2.fr\/cerises\/formation\/poursuivre-dans-la-recherche\/themes-de-recherche\/diffusion-des-informations-usages-et-obstacles-a-la-communication\/\">Diffusion des informations, usages et obstacles \u00e0 la communication<\/a><\/li>\n<li class=\"page_item page-item-684\"><a href=\"https:\/\/blogs.univ-tlse2.fr\/cerises\/formation\/poursuivre-dans-la-recherche\/themes-de-recherche\/developpement\/\">D\u00e9veloppement<\/a><\/li>\n<li class=\"page_item page-item-686\"><a href=\"https:\/\/blogs.univ-tlse2.fr\/cerises\/formation\/poursuivre-dans-la-recherche\/themes-de-recherche\/theories-economiques-et-solidarite\/\">Th\u00e9ories \u00e9conomiques et solidarit\u00e9<\/a><\/li>\n\n<\/ul><\/p>\n","protected":false},"excerpt":{"rendered":"<p>S\u00e9minaires th\u00e9matiques &#8211; ECO 0532 &#8211; 12h30 Isabelle GUERIN CR IRD, auteur de : Microfinance challenges: empowerment or disempowerment of the poor? Pondicherry: French Institute Editions, 385 p., 2005 Femmes et \u00e9conomie solidaire, Paris : La D\u00e9couverte, 2003, 234 p. On assiste depuis une vingtaine d\u2019ann\u00e9e, en particulier suite aux travaux d\u2019A. Sen, \u00e0 un [&hellip;]<\/p>\n","protected":false},"author":157,"featured_media":0,"parent":227,"menu_order":8,"comment_status":"closed","ping_status":"open","template":"","meta":{"footnotes":""},"class_list":["post-677","page","type-page","status-publish","hentry"],"_links":{"self":[{"href":"https:\/\/blogs.univ-tlse2.fr\/cerises\/wp-json\/wp\/v2\/pages\/677","targetHints":{"allow":["GET"]}}],"collection":[{"href":"https:\/\/blogs.univ-tlse2.fr\/cerises\/wp-json\/wp\/v2\/pages"}],"about":[{"href":"https:\/\/blogs.univ-tlse2.fr\/cerises\/wp-json\/wp\/v2\/types\/page"}],"author":[{"embeddable":true,"href":"https:\/\/blogs.univ-tlse2.fr\/cerises\/wp-json\/wp\/v2\/users\/157"}],"replies":[{"embeddable":true,"href":"https:\/\/blogs.univ-tlse2.fr\/cerises\/wp-json\/wp\/v2\/comments?post=677"}],"version-history":[{"count":15,"href":"https:\/\/blogs.univ-tlse2.fr\/cerises\/wp-json\/wp\/v2\/pages\/677\/revisions"}],"predecessor-version":[{"id":3143,"href":"https:\/\/blogs.univ-tlse2.fr\/cerises\/wp-json\/wp\/v2\/pages\/677\/revisions\/3143"}],"up":[{"embeddable":true,"href":"https:\/\/blogs.univ-tlse2.fr\/cerises\/wp-json\/wp\/v2\/pages\/227"}],"wp:attachment":[{"href":"https:\/\/blogs.univ-tlse2.fr\/cerises\/wp-json\/wp\/v2\/media?parent=677"}],"curies":[{"name":"wp","href":"https:\/\/api.w.org\/{rel}","templated":true}]}}