 {"id":684,"date":"2013-01-15T17:24:41","date_gmt":"2013-01-15T16:24:41","guid":{"rendered":"https:\/\/blogs.univ-tlse2.fr\/cerises\/?page_id=684"},"modified":"2014-02-06T10:31:40","modified_gmt":"2014-02-06T09:31:40","slug":"developpement","status":"publish","type":"page","link":"https:\/\/blogs.univ-tlse2.fr\/cerises\/formation\/poursuivre-dans-la-recherche\/themes-de-recherche\/developpement\/","title":{"rendered":"D\u00e9veloppement"},"content":{"rendered":"<p style=\"text-align: right\"><em>S\u00e9minaires th\u00e9matiques &#8211; ECO 0533 &#8211; 12h30<\/em><\/p>\n<p><strong>Jean-Jacques GOUGUET<\/strong><\/p>\n<p>MCF, HDR, auteur de :<\/p>\n<ul>\n<li>L\u2019\u00e9radication de la pauvret\u00e9 dans le monde : du mythe \u00e0 la r\u00e9alit\u00e9. in M\u00e9langes en l\u2019honneur du Professeur Machado. Desafios do Direito Ambiental no S\u00e9culo XXI. Estudos em homenagem a Paulo Affonso LEME MACHADO. Malheiros Editores. Sao Paulo. Brasil.2005.<\/li>\n<li>Economie du sport (en collaboration avec J.F.Bourg). Rep\u00e8res. La D\u00e9couverte. Deuxi\u00e8me \u00e9dition, Paris.2005.<\/li>\n<\/ul>\n<p align=\"justify\">Depuis l\u2019apr\u00e8s-guerre, le d\u00e9bat d\u2019id\u00e9es en \u00e9conomie du d\u00e9veloppement tourne autour de quatre concepts majeurs\u00a0: croissance\u00a0; d\u00e9veloppement\u00a0; d\u00e9veloppement durable\u00a0; d\u00e9croissance. Devant le retard des pays du Sud, les \u00e9conomistes ont commenc\u00e9 \u00e0 promouvoir la notion de d\u00e9veloppement ; mais devant les d\u00e9g\u00e2ts environnementaux caus\u00e9s par une \u00ab croissance sauvage \u00bb, ils pr\u00e9conisent alors le concept d\u2019\u00e9cod\u00e9veloppement puis de d\u00e9veloppement durable ; enfin, devant l\u2019impasse environnementale dans laquelle se trouverait la plan\u00e8te, des \u00e9conomistes radicaux pr\u00f4nent r\u00e9solument la d\u00e9croissance (conviviale).<\/p>\n<p align=\"justify\">C\u2019est cette \u00e9volution conceptuelle et politique qui pourrait \u00eatre retrac\u00e9e :<\/p>\n<ul>\n<li>une premi\u00e8re intervention pr\u00e9sentera les deux paradigmes actuels du d\u00e9veloppement durable et de la d\u00e9croissance en rappelant leur gen\u00e8se respective ;<\/li>\n<li>une deuxi\u00e8me intervention \u00e9valuera la port\u00e9e des propositions d\u2019actions issues de chacun des deux paradigmes \u00e0 contribuer \u00e0 r\u00e9soudre la crise plan\u00e9taire actuelle.<\/li>\n<\/ul>\n<h2 align=\"justify\">Autres th\u00e8mes de recherche :<\/h2>\n<p align=\"justify\">\n<!-- Page-list plugin v.5.9 wordpress.org\/plugins\/page-list\/ -->\n<ul class=\"page-list \">\n<li class=\"page_item page-item-651\"><a href=\"https:\/\/blogs.univ-tlse2.fr\/cerises\/formation\/poursuivre-dans-la-recherche\/themes-de-recherche\/histoire-de-leconomie-sociale\/\">Histoire de l\u2019\u00e9conomie sociale<\/a><\/li>\n<li class=\"page_item page-item-653\"><a href=\"https:\/\/blogs.univ-tlse2.fr\/cerises\/formation\/poursuivre-dans-la-recherche\/themes-de-recherche\/linnovation-sociale-et-la-propriete-collective\/\">L\u2019innovation sociale et la propri\u00e9t\u00e9 collective<\/a><\/li>\n<li class=\"page_item page-item-665\"><a href=\"https:\/\/blogs.univ-tlse2.fr\/cerises\/formation\/poursuivre-dans-la-recherche\/themes-de-recherche\/monnaies-finances-micro-credits\/\">Monnaies, finances, micro-cr\u00e9dits<\/a><\/li>\n<li class=\"page_item page-item-667\"><a href=\"https:\/\/blogs.univ-tlse2.fr\/cerises\/formation\/poursuivre-dans-la-recherche\/themes-de-recherche\/innovations-techniques-et-cultures-dusage\/\">Innovations techniques et cultures d\u2019usage<\/a><\/li>\n<li class=\"page_item page-item-673\"><a href=\"https:\/\/blogs.univ-tlse2.fr\/cerises\/formation\/poursuivre-dans-la-recherche\/themes-de-recherche\/innovations-et-dynamiques-territoriales\/\">Innovations et  dynamiques territoriales<\/a><\/li>\n<li class=\"page_item page-item-675\"><a href=\"https:\/\/blogs.univ-tlse2.fr\/cerises\/formation\/poursuivre-dans-la-recherche\/themes-de-recherche\/diffusion-des-informations-usages-et-obstacles-a-la-communication\/\">Diffusion des informations, usages et obstacles \u00e0 la communication<\/a><\/li>\n<li class=\"page_item page-item-677\"><a href=\"https:\/\/blogs.univ-tlse2.fr\/cerises\/formation\/poursuivre-dans-la-recherche\/themes-de-recherche\/economie-et-democratie\/\">Economie et d\u00e9mocratie<\/a><\/li>\n<li class=\"page_item page-item-686\"><a href=\"https:\/\/blogs.univ-tlse2.fr\/cerises\/formation\/poursuivre-dans-la-recherche\/themes-de-recherche\/theories-economiques-et-solidarite\/\">Th\u00e9ories \u00e9conomiques et solidarit\u00e9<\/a><\/li>\n\n<\/ul><\/p>\n<p>&nbsp;<\/p>\n","protected":false},"excerpt":{"rendered":"<p>S\u00e9minaires th\u00e9matiques &#8211; ECO 0533 &#8211; 12h30 Jean-Jacques GOUGUET MCF, HDR, auteur de : L\u2019\u00e9radication de la pauvret\u00e9 dans le monde : du mythe \u00e0 la r\u00e9alit\u00e9. in M\u00e9langes en l\u2019honneur du Professeur Machado. Desafios do Direito Ambiental no S\u00e9culo XXI. Estudos em homenagem a Paulo Affonso LEME MACHADO. Malheiros Editores. Sao Paulo. Brasil.2005. Economie [&hellip;]<\/p>\n","protected":false},"author":157,"featured_media":0,"parent":227,"menu_order":9,"comment_status":"closed","ping_status":"open","template":"","meta":{"footnotes":""},"class_list":["post-684","page","type-page","status-publish","hentry"],"_links":{"self":[{"href":"https:\/\/blogs.univ-tlse2.fr\/cerises\/wp-json\/wp\/v2\/pages\/684","targetHints":{"allow":["GET"]}}],"collection":[{"href":"https:\/\/blogs.univ-tlse2.fr\/cerises\/wp-json\/wp\/v2\/pages"}],"about":[{"href":"https:\/\/blogs.univ-tlse2.fr\/cerises\/wp-json\/wp\/v2\/types\/page"}],"author":[{"embeddable":true,"href":"https:\/\/blogs.univ-tlse2.fr\/cerises\/wp-json\/wp\/v2\/users\/157"}],"replies":[{"embeddable":true,"href":"https:\/\/blogs.univ-tlse2.fr\/cerises\/wp-json\/wp\/v2\/comments?post=684"}],"version-history":[{"count":3,"href":"https:\/\/blogs.univ-tlse2.fr\/cerises\/wp-json\/wp\/v2\/pages\/684\/revisions"}],"predecessor-version":[{"id":2902,"href":"https:\/\/blogs.univ-tlse2.fr\/cerises\/wp-json\/wp\/v2\/pages\/684\/revisions\/2902"}],"up":[{"embeddable":true,"href":"https:\/\/blogs.univ-tlse2.fr\/cerises\/wp-json\/wp\/v2\/pages\/227"}],"wp:attachment":[{"href":"https:\/\/blogs.univ-tlse2.fr\/cerises\/wp-json\/wp\/v2\/media?parent=684"}],"curies":[{"name":"wp","href":"https:\/\/api.w.org\/{rel}","templated":true}]}}