 {"id":686,"date":"2013-01-15T17:27:56","date_gmt":"2013-01-15T16:27:56","guid":{"rendered":"https:\/\/blogs.univ-tlse2.fr\/cerises\/?page_id=686"},"modified":"2014-02-06T10:31:40","modified_gmt":"2014-02-06T09:31:40","slug":"theories-economiques-et-solidarite","status":"publish","type":"page","link":"https:\/\/blogs.univ-tlse2.fr\/cerises\/formation\/poursuivre-dans-la-recherche\/themes-de-recherche\/theories-economiques-et-solidarite\/","title":{"rendered":"Th\u00e9ories \u00e9conomiques et solidarit\u00e9"},"content":{"rendered":"<p style=\"text-align: right\"><em>S\u00e9minaires th\u00e9matiques &#8211; ECO 0535<\/em><\/p>\n<p><strong>Alain Alcouffe<\/strong><\/p>\n<p>PR, auteur de :<\/p>\n<p>2004 : \u00ab\u00a0Former les \u00e9conomistes et enseigner l&rsquo;\u00e9conomie, est ce la m\u00eame chose ?\u00a0\u00bb In Enseigner l&rsquo;\u00e9conomie. Diemer, A., Ed, Paris, L&rsquo;Harmattan, pp. 135-150 \u2013 en collaboration avec F. Larr\u00e9.<\/p>\n<p>\u00ab Innovation et \u00e9conomie solidaire \u00bb. Terminal, n\u00b0 91 &#8211; printemps \u00e9t\u00e9 2004 \u2013 avec Gilles Parient\u00e9<\/p>\n<p>2005 \u201cApproches \u00e9conomiques de l\u2019appropriation\u201d in actes du Colloque \u201cLa propri\u00e9t\u00e9 en question\u201d, UT1, Novembre 2005, \u00e0 para\u00eetre 2006, Presses de l\u2019universit\u00e9 des sciences sociales de Toulouse.<\/p>\n<p>2006 \u00ab\u00a0Inova\u00e7\u00e3o e (Des)emprego\u00a0\u00bb, \u00ab\u00a0(Innovation and Employment : New Perspectives)\u00a0\u00bb, chapitre (16) in Economia da Inova\u00e7\u00e3o Tecnol\u00f3gica, Victor Pelaez &amp; Tam\u00e1s Szmrecs\u00e1nyi \u00e9diteurs, Editora Hucitec, S\u00e3o Paulo en collaboration avec G.Parient\u00e9,<\/p>\n<p align=\"justify\">Depuis pr\u00e8s de trois si\u00e8cles, la science \u00e9conomique s\u2019est principalement orient\u00e9e vers l\u2019\u00e9tude des interactions entre des agents poursuivant leur int\u00e9r\u00eat personnel et s\u2019est efforc\u00e9e de d\u00e9montrer que le r\u00e9sultat \u00e9tait le meilleur des mondes possibles. Dans la Fable des Abeilles (1714) de Bernard de Mandeville, les vices priv\u00e9s profitent \u00e0 la soci\u00e9t\u00e9 dans son ensemble et se transforment en vertu publique. De Turgot aux th\u00e9oriciens de l\u2019individualisme \u00e9conomique, toutes les motivations autres que la recherche de l\u2019int\u00e9r\u00eat personnel ont \u00e9t\u00e9 le plus souvent tenues en suspicion. L\u2019\u00e9conomie exp\u00e9rimentale montre pourtant qu\u2019il est loin d\u2019\u00eatre l\u2019unique motivation des agents. Depuis les socialistes utopiques, il n\u2019a pas manqu\u00e9 d\u2019exp\u00e9riences pratiques et d\u2019efforts de th\u00e9orisation dans lesquelles place est fait \u00e0 la solidarit\u00e9, l\u2019altruisme, la r\u00e9ciprocit\u00e9 pour expliquer les comportements des agents et leurs interactions, ainsi que le fonctionnement des institutions qu\u2019ils peuvent contribuer \u00e0 mettre en place Il existe ainsi \u00ab une science \u00e9conomique de la solidarit\u00e9 et de la coop\u00e9ration \u00bb qui sera pr\u00e9sent\u00e9e dans le cours.<\/p>\n<h2>Bibliographie :<\/h2>\n<p align=\"justify\">Fran\u00e7ois-R\u00e9gis Mahieu et Hillel Rapoport editeurs, Altruisme : analyses \u00e9conomiques -Economica &#8212; &#8211; Paris 1998 -Jaroslav Vanek, ed. Self-Management:, Economic Liberation of Man: Selected Readings, Baltimore: Penguin Books, 1975Serge Christophe Kolm (et L.-A. G\u00e9rard-Varet and J. Mercier Ythier), The Economics of Reciprocity, Giving and Altruism, Macmillan: London, 2000. (Proceedings of the International Economic Association Conference on the Economics of Reciprocity, Giving and Altruism, 1997).Serge Christophe Kolm (avec J. Mercier Ythier), Handbook on the Economics of Giving, Reciprocity and Altruism, co-editor with Elsevier: Amsterdam, 2006.<\/p>\n<h2 align=\"justify\">Autres th\u00e8mes de recherche :<\/h2>\n<p align=\"justify\">\n<!-- Page-list plugin v.5.9 wordpress.org\/plugins\/page-list\/ -->\n<ul class=\"page-list \">\n<li class=\"page_item page-item-651\"><a href=\"https:\/\/blogs.univ-tlse2.fr\/cerises\/formation\/poursuivre-dans-la-recherche\/themes-de-recherche\/histoire-de-leconomie-sociale\/\">Histoire de l\u2019\u00e9conomie sociale<\/a><\/li>\n<li class=\"page_item page-item-653\"><a href=\"https:\/\/blogs.univ-tlse2.fr\/cerises\/formation\/poursuivre-dans-la-recherche\/themes-de-recherche\/linnovation-sociale-et-la-propriete-collective\/\">L\u2019innovation sociale et la propri\u00e9t\u00e9 collective<\/a><\/li>\n<li class=\"page_item page-item-665\"><a href=\"https:\/\/blogs.univ-tlse2.fr\/cerises\/formation\/poursuivre-dans-la-recherche\/themes-de-recherche\/monnaies-finances-micro-credits\/\">Monnaies, finances, micro-cr\u00e9dits<\/a><\/li>\n<li class=\"page_item page-item-667\"><a href=\"https:\/\/blogs.univ-tlse2.fr\/cerises\/formation\/poursuivre-dans-la-recherche\/themes-de-recherche\/innovations-techniques-et-cultures-dusage\/\">Innovations techniques et cultures d\u2019usage<\/a><\/li>\n<li class=\"page_item page-item-673\"><a href=\"https:\/\/blogs.univ-tlse2.fr\/cerises\/formation\/poursuivre-dans-la-recherche\/themes-de-recherche\/innovations-et-dynamiques-territoriales\/\">Innovations et  dynamiques territoriales<\/a><\/li>\n<li class=\"page_item page-item-675\"><a href=\"https:\/\/blogs.univ-tlse2.fr\/cerises\/formation\/poursuivre-dans-la-recherche\/themes-de-recherche\/diffusion-des-informations-usages-et-obstacles-a-la-communication\/\">Diffusion des informations, usages et obstacles \u00e0 la communication<\/a><\/li>\n<li class=\"page_item page-item-677\"><a href=\"https:\/\/blogs.univ-tlse2.fr\/cerises\/formation\/poursuivre-dans-la-recherche\/themes-de-recherche\/economie-et-democratie\/\">Economie et d\u00e9mocratie<\/a><\/li>\n<li class=\"page_item page-item-684\"><a href=\"https:\/\/blogs.univ-tlse2.fr\/cerises\/formation\/poursuivre-dans-la-recherche\/themes-de-recherche\/developpement\/\">D\u00e9veloppement<\/a><\/li>\n\n<\/ul><\/p>\n","protected":false},"excerpt":{"rendered":"<p>S\u00e9minaires th\u00e9matiques &#8211; ECO 0535 Alain Alcouffe PR, auteur de : 2004 : \u00ab\u00a0Former les \u00e9conomistes et enseigner l&rsquo;\u00e9conomie, est ce la m\u00eame chose ?\u00a0\u00bb In Enseigner l&rsquo;\u00e9conomie. Diemer, A., Ed, Paris, L&rsquo;Harmattan, pp. 135-150 \u2013 en collaboration avec F. Larr\u00e9. \u00ab Innovation et \u00e9conomie solidaire \u00bb. Terminal, n\u00b0 91 &#8211; printemps \u00e9t\u00e9 2004 \u2013 [&hellip;]<\/p>\n","protected":false},"author":157,"featured_media":0,"parent":227,"menu_order":10,"comment_status":"closed","ping_status":"open","template":"","meta":{"footnotes":""},"class_list":["post-686","page","type-page","status-publish","hentry"],"_links":{"self":[{"href":"https:\/\/blogs.univ-tlse2.fr\/cerises\/wp-json\/wp\/v2\/pages\/686","targetHints":{"allow":["GET"]}}],"collection":[{"href":"https:\/\/blogs.univ-tlse2.fr\/cerises\/wp-json\/wp\/v2\/pages"}],"about":[{"href":"https:\/\/blogs.univ-tlse2.fr\/cerises\/wp-json\/wp\/v2\/types\/page"}],"author":[{"embeddable":true,"href":"https:\/\/blogs.univ-tlse2.fr\/cerises\/wp-json\/wp\/v2\/users\/157"}],"replies":[{"embeddable":true,"href":"https:\/\/blogs.univ-tlse2.fr\/cerises\/wp-json\/wp\/v2\/comments?post=686"}],"version-history":[{"count":4,"href":"https:\/\/blogs.univ-tlse2.fr\/cerises\/wp-json\/wp\/v2\/pages\/686\/revisions"}],"predecessor-version":[{"id":2903,"href":"https:\/\/blogs.univ-tlse2.fr\/cerises\/wp-json\/wp\/v2\/pages\/686\/revisions\/2903"}],"up":[{"embeddable":true,"href":"https:\/\/blogs.univ-tlse2.fr\/cerises\/wp-json\/wp\/v2\/pages\/227"}],"wp:attachment":[{"href":"https:\/\/blogs.univ-tlse2.fr\/cerises\/wp-json\/wp\/v2\/media?parent=686"}],"curies":[{"name":"wp","href":"https:\/\/api.w.org\/{rel}","templated":true}]}}