 {"id":698,"date":"2013-01-15T17:51:24","date_gmt":"2013-01-15T16:51:24","guid":{"rendered":"https:\/\/blogs.univ-tlse2.fr\/cerises\/?page_id=698"},"modified":"2014-02-06T10:31:24","modified_gmt":"2014-02-06T09:31:24","slug":"voyage-dintegration-de-la-promo-dardelaine-les-moutons-rebelles-2006-2007","status":"publish","type":"page","link":"https:\/\/blogs.univ-tlse2.fr\/cerises\/formation\/la-vie-du-master\/evenements\/voyage-dintegration-de-la-promo-dardelaine-les-moutons-rebelles-2006-2007\/","title":{"rendered":"Voyage d&rsquo;int\u00e9gration de la promo d&rsquo;Ardelaine-Les Moutons Rebelles 2006-2007"},"content":{"rendered":"<p align=\"justify\"><strong>La promotion 2006-2007 a pris le nom d&rsquo;Ardelaine-Les Moutons Rebelles suite au voyage d&rsquo;int\u00e9gration \u00e0 la SCOP Ardelaine \u00e0 St-Pierreville en Ard\u00e8che. <\/strong><\/p>\n<p align=\"justify\">Le voyage d&rsquo;int\u00e9gration de la nouvelle promotion 2006-2007 s&rsquo;est d\u00e9roul\u00e9 en Ard\u00e8che, \u00e0 la coop\u00e9rative <a href=\"http:\/\/www.ardelaine.fr\" target=\"_blank\">Ardelaine<\/a>, \u00ab\u00a0les moutons rebelles\u00a0\u00bb.<br \/>\nArdelaine est n\u00e9e en 1975 et compte aujourd&rsquo;hui 30 salari\u00e9s, coop\u00e9rateurs pour la moiti\u00e9. L&rsquo;activit\u00e9 principale de l&rsquo;entreprise est la tonte des moutons, le lavage, la transformation en laine et la fabrication de v\u00eatements et de literie au travers de foires, ventes par correspondance et ventes sur place.<\/p>\n<p align=\"justify\"><img loading=\"lazy\" decoding=\"async\" class=\"aligncenter size-full wp-image-700\" src=\"https:\/\/blogs.univ-tlse2.fr\/cerises\/files\/voyage-dintegration-de-la-promo-dardelaine-les-moutons-rebelles-2006-2007\/ardelaine-ter2.jpg\" alt=\"\" width=\"1141\" height=\"856\" srcset=\"https:\/\/blogs.univ-tlse2.fr\/cerises\/files\/voyage-dintegration-de-la-promo-dardelaine-les-moutons-rebelles-2006-2007\/ardelaine-ter2.jpg 1141w, https:\/\/blogs.univ-tlse2.fr\/cerises\/files\/voyage-dintegration-de-la-promo-dardelaine-les-moutons-rebelles-2006-2007\/ardelaine-ter2-300x225.jpg 300w, https:\/\/blogs.univ-tlse2.fr\/cerises\/files\/voyage-dintegration-de-la-promo-dardelaine-les-moutons-rebelles-2006-2007\/ardelaine-ter2-666x500.jpg 666w, https:\/\/blogs.univ-tlse2.fr\/cerises\/files\/voyage-dintegration-de-la-promo-dardelaine-les-moutons-rebelles-2006-2007\/ardelaine-ter2-624x468.jpg 624w\" sizes=\"auto, (max-width: 1141px) 100vw, 1141px\" \/><\/p>\n<p align=\"justify\">L&rsquo;accueil de B\u00e9atrice et Simone, deux fondatrices, a \u00e9t\u00e9 chaleureux et agr\u00e9able : le matin, un jeu de strat\u00e9gie d&rsquo;entreprise a introduit la journ\u00e9e, suivi d&rsquo;une conf\u00e9rence sur l&rsquo;histoire de l&rsquo;entreprise; l&rsquo;apr\u00e8s-midi, une visite des diff\u00e9rents ateliers a pr\u00e9c\u00e9d\u00e9 celle du mus\u00e9e d&rsquo;Ardelaine.<\/p>\n<p align=\"justify\">Les \u00e9tudiants* semblent int\u00e9ress\u00e9s (et int\u00e9ressants) et on a d\u00e9j\u00e0 remarqu\u00e9 une rebelle ! comme les moutons d&rsquo;Ardelaine &#8230;<br \/>\nMerci \u00e0 tous&#8230; et particuli\u00e8rement \u00e0 ceux qui ont contribu\u00e9 \u00e0 l&rsquo;organisation de ce voyage : \u00e0 l&rsquo;organisatrice principale Isabelle sans qui cette formation n&rsquo;existerait peut-\u00eatre pas, \u00e0 Jean-Pierre co-fondateur de Cerises sur les hauteurs de Lisbonne, \u00e0 Marius qui pense toujours \u00e0 faire les liens et bien-s\u00fbr \u00e0 Ali qui fait ses premi\u00e8res armes,<\/p>\n<p style=\"text-align: right\" align=\"justify\">Solidairement votre,<br \/>\nJacques Prades<\/p>\n<p><img loading=\"lazy\" decoding=\"async\" class=\"aligncenter size-full wp-image-699\" src=\"https:\/\/blogs.univ-tlse2.fr\/cerises\/files\/voyage-dintegration-de-la-promo-dardelaine-les-moutons-rebelles-2006-2007\/priory-oct-2006-006.jpg\" alt=\"\" width=\"1024\" height=\"768\" srcset=\"https:\/\/blogs.univ-tlse2.fr\/cerises\/files\/voyage-dintegration-de-la-promo-dardelaine-les-moutons-rebelles-2006-2007\/priory-oct-2006-006.jpg 1024w, https:\/\/blogs.univ-tlse2.fr\/cerises\/files\/voyage-dintegration-de-la-promo-dardelaine-les-moutons-rebelles-2006-2007\/priory-oct-2006-006-300x225.jpg 300w, https:\/\/blogs.univ-tlse2.fr\/cerises\/files\/voyage-dintegration-de-la-promo-dardelaine-les-moutons-rebelles-2006-2007\/priory-oct-2006-006-666x500.jpg 666w, https:\/\/blogs.univ-tlse2.fr\/cerises\/files\/voyage-dintegration-de-la-promo-dardelaine-les-moutons-rebelles-2006-2007\/priory-oct-2006-006-624x468.jpg 624w\" sizes=\"auto, (max-width: 1024px) 100vw, 1024px\" \/>* Pierre Chevalier, Guirec Derrien, V\u00e9ronique Ducomps, Eva Gionis-Pereire, Armelle Gomez, Damien Lagrange, Vincent Lem\u00e9e, Muriel Leroux, Sylvie Lesage, Olivier Ligot, Fran\u00e7oise Mambo, Anne Mouille, Ndeye Ndack Ndoye, Pascal Pavan, Jean-Fran\u00e7ois Subercaze, Florian Vair-Piova.<\/p>\n","protected":false},"excerpt":{"rendered":"<p>La promotion 2006-2007 a pris le nom d&rsquo;Ardelaine-Les Moutons Rebelles suite au voyage d&rsquo;int\u00e9gration \u00e0 la SCOP Ardelaine \u00e0 St-Pierreville en Ard\u00e8che. Le voyage d&rsquo;int\u00e9gration de la nouvelle promotion 2006-2007 s&rsquo;est d\u00e9roul\u00e9 en Ard\u00e8che, \u00e0 la coop\u00e9rative Ardelaine, \u00ab\u00a0les moutons rebelles\u00a0\u00bb. Ardelaine est n\u00e9e en 1975 et compte aujourd&rsquo;hui 30 salari\u00e9s, coop\u00e9rateurs pour la moiti\u00e9. [&hellip;]<\/p>\n","protected":false},"author":157,"featured_media":0,"parent":782,"menu_order":99,"comment_status":"closed","ping_status":"closed","template":"","meta":{"footnotes":""},"class_list":["post-698","page","type-page","status-publish","hentry"],"_links":{"self":[{"href":"https:\/\/blogs.univ-tlse2.fr\/cerises\/wp-json\/wp\/v2\/pages\/698","targetHints":{"allow":["GET"]}}],"collection":[{"href":"https:\/\/blogs.univ-tlse2.fr\/cerises\/wp-json\/wp\/v2\/pages"}],"about":[{"href":"https:\/\/blogs.univ-tlse2.fr\/cerises\/wp-json\/wp\/v2\/types\/page"}],"author":[{"embeddable":true,"href":"https:\/\/blogs.univ-tlse2.fr\/cerises\/wp-json\/wp\/v2\/users\/157"}],"replies":[{"embeddable":true,"href":"https:\/\/blogs.univ-tlse2.fr\/cerises\/wp-json\/wp\/v2\/comments?post=698"}],"version-history":[{"count":4,"href":"https:\/\/blogs.univ-tlse2.fr\/cerises\/wp-json\/wp\/v2\/pages\/698\/revisions"}],"predecessor-version":[{"id":2871,"href":"https:\/\/blogs.univ-tlse2.fr\/cerises\/wp-json\/wp\/v2\/pages\/698\/revisions\/2871"}],"up":[{"embeddable":true,"href":"https:\/\/blogs.univ-tlse2.fr\/cerises\/wp-json\/wp\/v2\/pages\/782"}],"wp:attachment":[{"href":"https:\/\/blogs.univ-tlse2.fr\/cerises\/wp-json\/wp\/v2\/media?parent=698"}],"curies":[{"name":"wp","href":"https:\/\/api.w.org\/{rel}","templated":true}]}}