 {"id":7,"date":"2013-01-09T16:13:02","date_gmt":"2013-01-09T15:13:02","guid":{"rendered":"https:\/\/blogs.univ-tlse2.fr\/cerises\/?page_id=7"},"modified":"2020-03-13T14:47:21","modified_gmt":"2020-03-13T13:47:21","slug":"actualites-du-site","status":"publish","type":"page","link":"https:\/\/blogs.univ-tlse2.fr\/cerises\/","title":{"rendered":"Actualit\u00e9s"},"content":{"rendered":"<p>[slideshow_deploy id=&rsquo;3794&prime;]<\/p>\n<h1>Cerises poursuit 2 objectifs conjoints :<\/h1>\n<ul>\n<li>La\u00a0<strong>coproduction de connaissances<\/strong>\u00a0par des entrepreneurs et des universitaires, en vue de produire des mod\u00e8les d&rsquo;innovation sociale. C&rsquo;est notre\u00a0r\u00e9f\u00e9rent commun.<\/li>\n<li>L&rsquo;<strong>insertion professionnelle des \u00e9tudiants, <\/strong>dont la finalit\u00e9 professionnelle est \u00a0la\u00a0lutte contre l&rsquo;exclusion sociale.<\/li>\n<li>Nous appliquons \u00e0 nous-m\u00eame les deux caract\u00e9ristiques de toute entreprise coop\u00e9rative : la recherche d&rsquo;un destin commun et la lutte contre les exclusions sociales.<\/li>\n<\/ul>\n<h1>Pour cela, Cerises est un centre de recherches appliqu\u00e9es ins\u00e9r\u00e9 dans un ensemblier compos\u00e9 :<\/h1>\n<ul>\n<li>d&rsquo;un\u00a0<em><strong><a title=\"Publications\" href=\"http:\/\/cerises.simplissite.fr\/publications\/\">CENTRE DE RESSOURCES<\/a><\/strong><\/em>, avec plus de 2 000 titres, n\u00e9 en 2000 (voit documentation ici)<\/li>\n<li>d&rsquo;une formation universitaire : le\u00a0<a title=\"Master et doctorat d\u2019\u00e9conomie sociale\" href=\"http:\/\/cerises.simplissite.fr\/formation\/master-et-doctorat-deconomie-sociale\/\">MASTER <em><strong>LA NOUVELLE ECONOMIE SOCIALE, n\u00e9 en 2000<\/strong><\/em> ET DOCTORAT<\/a>, n\u00e9s en 2005<\/li>\n<li>d&rsquo;un club d&rsquo;investissement\u00a0<a title=\"CERISOL\" href=\"http:\/\/cerises.simplissite.fr\/formation\/creer-une-activite\/cerisol\/\">CIGALES <em><strong>CERISOL<\/strong><\/em><\/a>, structure de capital risque solidaire, n\u00e9 en 2006<\/li>\n<li>d&rsquo;une association de d\u00e9veloppement du co-habitat : <em><strong><a title=\"Coopatoit : projets de co-habitat\" href=\"https:\/\/blogs.univ-tlse2.fr\/cerises\/experimentations\/coopatoit\/\">COOPATOIT<\/a>,<\/strong><\/em> association fiscalis\u00e9e, n\u00e9e en 2013<\/li>\n<li>de production \u00a0d&rsquo;<em><strong><a title=\"Coopatoit : projets de co-habitat\" href=\"https:\/\/blogs.univ-tlse2.fr\/cerises\/experimentations\/coopatoit\/\">ETUDES \u00a0et<\/a><\/strong><\/em>\u00a0de mod\u00e8les d&rsquo;innovation sociale.<\/li>\n<\/ul>\n","protected":false},"excerpt":{"rendered":"<p>[slideshow_deploy id=&rsquo;3794&prime;] Cerises poursuit 2 objectifs conjoints : La\u00a0coproduction de connaissances\u00a0par des entrepreneurs et des universitaires, en vue de produire des mod\u00e8les d&rsquo;innovation sociale. C&rsquo;est notre\u00a0r\u00e9f\u00e9rent commun. L&rsquo;insertion professionnelle des \u00e9tudiants, dont la finalit\u00e9 professionnelle est \u00a0la\u00a0lutte contre l&rsquo;exclusion sociale. Nous appliquons \u00e0 nous-m\u00eame les deux caract\u00e9ristiques de toute entreprise coop\u00e9rative : la recherche d&rsquo;un [&hellip;]<\/p>\n","protected":false},"author":157,"featured_media":0,"parent":0,"menu_order":1,"comment_status":"closed","ping_status":"closed","template":"page-templates\/page-sans-sousmenu.php","meta":{"footnotes":""},"class_list":["post-7","page","type-page","status-publish","hentry"],"_links":{"self":[{"href":"https:\/\/blogs.univ-tlse2.fr\/cerises\/wp-json\/wp\/v2\/pages\/7","targetHints":{"allow":["GET"]}}],"collection":[{"href":"https:\/\/blogs.univ-tlse2.fr\/cerises\/wp-json\/wp\/v2\/pages"}],"about":[{"href":"https:\/\/blogs.univ-tlse2.fr\/cerises\/wp-json\/wp\/v2\/types\/page"}],"author":[{"embeddable":true,"href":"https:\/\/blogs.univ-tlse2.fr\/cerises\/wp-json\/wp\/v2\/users\/157"}],"replies":[{"embeddable":true,"href":"https:\/\/blogs.univ-tlse2.fr\/cerises\/wp-json\/wp\/v2\/comments?post=7"}],"version-history":[{"count":27,"href":"https:\/\/blogs.univ-tlse2.fr\/cerises\/wp-json\/wp\/v2\/pages\/7\/revisions"}],"predecessor-version":[{"id":3851,"href":"https:\/\/blogs.univ-tlse2.fr\/cerises\/wp-json\/wp\/v2\/pages\/7\/revisions\/3851"}],"wp:attachment":[{"href":"https:\/\/blogs.univ-tlse2.fr\/cerises\/wp-json\/wp\/v2\/media?parent=7"}],"curies":[{"name":"wp","href":"https:\/\/api.w.org\/{rel}","templated":true}]}}