 {"id":702,"date":"2013-01-15T17:50:03","date_gmt":"2013-01-15T16:50:03","guid":{"rendered":"https:\/\/blogs.univ-tlse2.fr\/cerises\/?page_id=702"},"modified":"2014-02-06T10:31:24","modified_gmt":"2014-02-06T09:31:24","slug":"voyage-dintegration-de-la-promo-le-maquis-2008-2009","status":"publish","type":"page","link":"https:\/\/blogs.univ-tlse2.fr\/cerises\/formation\/la-vie-du-master\/evenements\/voyage-dintegration-de-la-promo-le-maquis-2008-2009\/","title":{"rendered":"Voyage d&rsquo;int\u00e9gration de la promo Le Maquis 2008-2009"},"content":{"rendered":"<p>Le voyage d&rsquo;int\u00e9gration du master La Nouvelle Economie Sociale (IES) s&rsquo;est d\u00e9roul\u00e9 \u00e0 la <a href=\"http:\/\/www.cravirola.com\/\" target=\"_blank\">SCOP CRAVIROLA<\/a>, coop\u00e9rative d&rsquo;\u00e9levage et lieu culturel, au pied de la Montagne Noire qui s&rsquo;\u00e9tend sur 270 hectares, dans un site exceptionnel. <img loading=\"lazy\" decoding=\"async\" class=\"aligncenter\" src=\"https:\/\/blogs.univ-tlse2.fr\/cerises\/files\/voyage-dintegration-de-la-promo-dardelaine-les-moutons-rebelles-2006-2007\/cravirola-2.jpg\" alt=\"\" width=\"3072\" height=\"1043\" \/><\/p>\n<p align=\"justify\">Guid\u00e9s par Katia et Axel, membres fondateurs de l&rsquo;exp\u00e9rience, nous avons pass\u00e9s deux journ\u00e9es, le 13 et 14 octobre, avec une promotion qui rassemble les ingr\u00e9dients de ce master : une mixit\u00e9 d&rsquo;\u00e2ge, d&rsquo;origine et de projets. Un conf\u00e9rencier, Fran\u00e7ois De Ravignan, est venu nous rejoindre pour parler de l&rsquo;agriculture paysanne devant l&rsquo;auditoire du master qu&rsquo;il a trouv\u00e9 particuli\u00e8rement vif; en effet, \u00e0 peine arriv\u00e9, une avalanche de questions -de la d\u00e9croissance \u00e0 l&rsquo;\u00e9change \u00e9quitable, des baisses de prix agricoles aux labels bio- l&rsquo;a pris d&rsquo;assaut ! La 9\u00e8me promotion s&rsquo;appelle \u00ab\u00a0promotion du maquis\u00a0\u00bb : quel programme!<\/p>\n","protected":false},"excerpt":{"rendered":"<p>Le voyage d&rsquo;int\u00e9gration du master La Nouvelle Economie Sociale (IES) s&rsquo;est d\u00e9roul\u00e9 \u00e0 la SCOP CRAVIROLA, coop\u00e9rative d&rsquo;\u00e9levage et lieu culturel, au pied de la Montagne Noire qui s&rsquo;\u00e9tend sur 270 hectares, dans un site exceptionnel. Guid\u00e9s par Katia et Axel, membres fondateurs de l&rsquo;exp\u00e9rience, nous avons pass\u00e9s deux journ\u00e9es, le 13 et 14 octobre, [&hellip;]<\/p>\n","protected":false},"author":157,"featured_media":0,"parent":782,"menu_order":98,"comment_status":"closed","ping_status":"closed","template":"","meta":{"footnotes":""},"class_list":["post-702","page","type-page","status-publish","hentry"],"_links":{"self":[{"href":"https:\/\/blogs.univ-tlse2.fr\/cerises\/wp-json\/wp\/v2\/pages\/702","targetHints":{"allow":["GET"]}}],"collection":[{"href":"https:\/\/blogs.univ-tlse2.fr\/cerises\/wp-json\/wp\/v2\/pages"}],"about":[{"href":"https:\/\/blogs.univ-tlse2.fr\/cerises\/wp-json\/wp\/v2\/types\/page"}],"author":[{"embeddable":true,"href":"https:\/\/blogs.univ-tlse2.fr\/cerises\/wp-json\/wp\/v2\/users\/157"}],"replies":[{"embeddable":true,"href":"https:\/\/blogs.univ-tlse2.fr\/cerises\/wp-json\/wp\/v2\/comments?post=702"}],"version-history":[{"count":4,"href":"https:\/\/blogs.univ-tlse2.fr\/cerises\/wp-json\/wp\/v2\/pages\/702\/revisions"}],"predecessor-version":[{"id":2870,"href":"https:\/\/blogs.univ-tlse2.fr\/cerises\/wp-json\/wp\/v2\/pages\/702\/revisions\/2870"}],"up":[{"embeddable":true,"href":"https:\/\/blogs.univ-tlse2.fr\/cerises\/wp-json\/wp\/v2\/pages\/782"}],"wp:attachment":[{"href":"https:\/\/blogs.univ-tlse2.fr\/cerises\/wp-json\/wp\/v2\/media?parent=702"}],"curies":[{"name":"wp","href":"https:\/\/api.w.org\/{rel}","templated":true}]}}