 {"id":706,"date":"2013-01-15T17:54:29","date_gmt":"2013-01-15T16:54:29","guid":{"rendered":"https:\/\/blogs.univ-tlse2.fr\/cerises\/?page_id=706"},"modified":"2014-02-06T10:31:24","modified_gmt":"2014-02-06T09:31:24","slug":"voyage-dintegration-de-la-promotion-trevol-2005-2006","status":"publish","type":"page","link":"https:\/\/blogs.univ-tlse2.fr\/cerises\/formation\/la-vie-du-master\/evenements\/voyage-dintegration-de-la-promotion-trevol-2005-2006\/","title":{"rendered":"Voyage d&rsquo;int\u00e9gration de la promotion Tr\u00e9vol 2005-2006"},"content":{"rendered":"<p align=\"justify\">Le s\u00e9jour s&rsquo;est d\u00e9roul\u00e9 \u00e0 Barcelone le 10 et 11 octobre 2006 sous la conduite d&rsquo;Isabelle Matt\u00e9i (r\u00e9gisseur et organisatrice), Alexandra Hach\u00e9 (guide Barcelone) et Jacques Prades (responsable de la formation).<\/p>\n<p align=\"justify\">Une premi\u00e8re visite a port\u00e9 sur le quartier de Gracia sur les coop\u00e9ratives de logement et sur le fonctionnement d&rsquo;une assembl\u00e9e ouverte dont le projet est de d\u00e9velopper une infrastructure informationnelle et communicationnelle pour et par les acteurs des mouvements sociaux.<\/p>\n<p align=\"justify\">Le soir, nous avons d\u00een\u00e9 dans un restaurant populaire du quartier et chacun a pu ensuite se promener dans les rues barcelonaises, dans les caf\u00e9s ou autre salle publique.<\/p>\n<p align=\"justify\"><img loading=\"lazy\" decoding=\"async\" class=\"aligncenter size-full wp-image-707\" src=\"https:\/\/blogs.univ-tlse2.fr\/cerises\/files\/brouillon-auto\/Barcelone.jpg\" alt=\"\" width=\"639\" height=\"454\" srcset=\"https:\/\/blogs.univ-tlse2.fr\/cerises\/files\/brouillon-auto\/Barcelone.jpg 639w, https:\/\/blogs.univ-tlse2.fr\/cerises\/files\/brouillon-auto\/Barcelone-300x213.jpg 300w, https:\/\/blogs.univ-tlse2.fr\/cerises\/files\/brouillon-auto\/Barcelone-624x443.jpg 624w\" sizes=\"auto, (max-width: 639px) 100vw, 639px\" \/><\/p>\n<p align=\"justify\">Le lendemain matin, nous \u00e9tions re\u00e7us par la F\u00e9d\u00e9ration des coop\u00e9ratives de Barcelone. Insistant sur le caract\u00e8re \u00e9parts des initiatives inspir\u00e9s par la tradition anarcho-libertaire, la responsable compara l\u2019exp\u00e9rience de Mondragon \u00e0 un oignon dont les couches sont imbriqu\u00e9es les unes dans les autres et \u00e0 une peinture jet\u00e9e sur un tableau pour exprimer l\u2019isolement des coop\u00e9ratives barcelonaise. Un membre d&rsquo;une coop\u00e9rative de transport-messagerie \u00ab\u00a0Tr\u00e9vol\u00a0\u00bb (tr\u00e8fle) expliqua le montage de cette coop\u00e9rative. Puis, un autre membre d&rsquo;une forme d&rsquo;assurance expliqua les fondements alternatifs de l&rsquo;assurance. Enfin, deux visites clotur\u00e8rent ces journ\u00e9es : un salon de th\u00e9 alternatif et une libraire libertaire.<\/p>\n<p>Alexandra, Isabelle et Jacques proposent aux \u00e9tudiants le nom de \u00ab\u00a0promotion Tr\u00e9vol\u00a0\u00bb, symbole des coop\u00e9ratives, de Barcelone et de la chance.<\/p>\n","protected":false},"excerpt":{"rendered":"<p>Le s\u00e9jour s&rsquo;est d\u00e9roul\u00e9 \u00e0 Barcelone le 10 et 11 octobre 2006 sous la conduite d&rsquo;Isabelle Matt\u00e9i (r\u00e9gisseur et organisatrice), Alexandra Hach\u00e9 (guide Barcelone) et Jacques Prades (responsable de la formation). Une premi\u00e8re visite a port\u00e9 sur le quartier de Gracia sur les coop\u00e9ratives de logement et sur le fonctionnement d&rsquo;une assembl\u00e9e ouverte dont le [&hellip;]<\/p>\n","protected":false},"author":157,"featured_media":707,"parent":782,"menu_order":100,"comment_status":"closed","ping_status":"closed","template":"","meta":{"footnotes":""},"class_list":["post-706","page","type-page","status-publish","has-post-thumbnail","hentry"],"_links":{"self":[{"href":"https:\/\/blogs.univ-tlse2.fr\/cerises\/wp-json\/wp\/v2\/pages\/706","targetHints":{"allow":["GET"]}}],"collection":[{"href":"https:\/\/blogs.univ-tlse2.fr\/cerises\/wp-json\/wp\/v2\/pages"}],"about":[{"href":"https:\/\/blogs.univ-tlse2.fr\/cerises\/wp-json\/wp\/v2\/types\/page"}],"author":[{"embeddable":true,"href":"https:\/\/blogs.univ-tlse2.fr\/cerises\/wp-json\/wp\/v2\/users\/157"}],"replies":[{"embeddable":true,"href":"https:\/\/blogs.univ-tlse2.fr\/cerises\/wp-json\/wp\/v2\/comments?post=706"}],"version-history":[{"count":39,"href":"https:\/\/blogs.univ-tlse2.fr\/cerises\/wp-json\/wp\/v2\/pages\/706\/revisions"}],"predecessor-version":[{"id":2872,"href":"https:\/\/blogs.univ-tlse2.fr\/cerises\/wp-json\/wp\/v2\/pages\/706\/revisions\/2872"}],"up":[{"embeddable":true,"href":"https:\/\/blogs.univ-tlse2.fr\/cerises\/wp-json\/wp\/v2\/pages\/782"}],"wp:featuredmedia":[{"embeddable":true,"href":"https:\/\/blogs.univ-tlse2.fr\/cerises\/wp-json\/wp\/v2\/media\/707"}],"wp:attachment":[{"href":"https:\/\/blogs.univ-tlse2.fr\/cerises\/wp-json\/wp\/v2\/media?parent=706"}],"curies":[{"name":"wp","href":"https:\/\/api.w.org\/{rel}","templated":true}]}}