 {"id":754,"date":"2013-01-15T18:14:14","date_gmt":"2013-01-15T17:14:14","guid":{"rendered":"https:\/\/blogs.univ-tlse2.fr\/cerises\/?page_id=754"},"modified":"2020-05-02T15:40:41","modified_gmt":"2020-05-02T13:40:41","slug":"toutes-les-promotions","status":"publish","type":"page","link":"https:\/\/blogs.univ-tlse2.fr\/cerises\/formation\/la-vie-du-master\/toutes-les-promotions\/","title":{"rendered":"Toutes les promotions"},"content":{"rendered":"<p><span style=\"color: #ff0000\"><b>Promotion \u00ab\u00a0Calafou 2 \u00a0\u00bb 2019-2020<\/b><\/span><br \/>\n<span style=\"color: #000000\"><b>Aristil Diana, Aygouy S\u00e9bastien, Bouhadjar Ahmed, Catata Ambre, Chanpetier Lucile, Chauvet-Donadey Bastien, David Anna, Davrou Nox, Fourcade Louis, Fran\u00e7oise Romane, Gamboa Ana, Gautier Tiphaine, Herce Antoine, Laidet Agathe, Mariage Rapha\u00ebl, Marty Floriane, Moya Suarez Natalia, Minet Valentin, N&rsquo;Debi L\u00e9o,\u00a0<\/b><span style=\"font-weight: 600\">Paris<\/span><b>\u00a0Gauthier, Perrin Marie-Christine, Savart Juliette, Tuffreau M\u00e9lanie, Veysseix Kristelle, Yong Martinez Daniela<\/b><\/span><\/p>\n<p><strong><span style=\"color: #ff0000\">Promotion \u00a0\u00bb Casse toi Doris\u00a0\u00bb 2018-2019<\/span><\/strong><br \/>\n<span style=\"font-size: 1rem\"><b>Bedel L\u00e9a, Bizon Cl\u00e9mence, Coquin Eve, Dairon Cl\u00e9mence, Driolla <\/b><\/span><span style=\"font-size: 1rem\"><b>Idoia, Faye Manon, Gaudry C\u00e9line, Grosnit Cl\u00e9mence, Guimbreti\u00e8re Estelle, Jacquet Emma, Laclautre Gael, Leclerc Lorine, Melin Mathieu, Pavillet Alice, Souchal Simon, Tabouret Anne, Tourni\u00e9 Romain, Vandermarcq Marine<\/b><\/span><\/p>\n<p><strong><span style=\"color: #ff0000\">Promotion \u00ab\u00a0Les giboul\u00e9es de feu\u00a0\u00bb 2017-2018<\/span><\/strong><br \/>\n<strong><span style=\"font-size: 1rem\">Alonzo Paula, Aupuy Ga\u00eblle, Bourkia Hannan, Budin Paul, Buero Adiana, dewinter Fr\u00e9d\u00e9rique, Didier C\u00e9cile, Dupas C\u00e9dric, Dussault Romain, Echenique Marc, fretaud Chlo\u00e9, Guerin Milan, Millemena Diane, Mirabal Madelleine, Ragel Lucile, Sargisyan Srbouhie, Viegas Horta Maria<\/span><\/strong><\/p>\n<h4><span style=\"color: #ff0000\"><strong>Promotion<\/strong> \u00ab\u00a0Le P\u00e9digas\u00a0\u00bb<\/span> <strong>2016-2017 :\u00a0<a href=\"https:\/\/blogs.univ-tlse2.fr\/cerises\/files\/toutes-les-promotions\/P1060496-Jacques-PRADES-et-\u00e9tudiants-Universit\u00e9-Toulouse-12.09.2016.jpg\"><img loading=\"lazy\" decoding=\"async\" class=\"wp-image-3715 alignleft\" src=\"https:\/\/blogs.univ-tlse2.fr\/cerises\/files\/toutes-les-promotions\/P1060496-Jacques-PRADES-et-\u00e9tudiants-Universit\u00e9-Toulouse-12.09.2016.jpg\" alt=\"p1060496-jacques-prades-et-etudiants-universite-toulouse-12-09-2016\" width=\"209\" height=\"139\" srcset=\"https:\/\/blogs.univ-tlse2.fr\/cerises\/files\/toutes-les-promotions\/P1060496-Jacques-PRADES-et-\u00e9tudiants-Universit\u00e9-Toulouse-12.09.2016.jpg 1306w, https:\/\/blogs.univ-tlse2.fr\/cerises\/files\/toutes-les-promotions\/P1060496-Jacques-PRADES-et-\u00e9tudiants-Universit\u00e9-Toulouse-12.09.2016-150x100.jpg 150w, https:\/\/blogs.univ-tlse2.fr\/cerises\/files\/toutes-les-promotions\/P1060496-Jacques-PRADES-et-\u00e9tudiants-Universit\u00e9-Toulouse-12.09.2016-300x200.jpg 300w, https:\/\/blogs.univ-tlse2.fr\/cerises\/files\/toutes-les-promotions\/P1060496-Jacques-PRADES-et-\u00e9tudiants-Universit\u00e9-Toulouse-12.09.2016-768x512.jpg 768w, https:\/\/blogs.univ-tlse2.fr\/cerises\/files\/toutes-les-promotions\/P1060496-Jacques-PRADES-et-\u00e9tudiants-Universit\u00e9-Toulouse-12.09.2016-700x467.jpg 700w, https:\/\/blogs.univ-tlse2.fr\/cerises\/files\/toutes-les-promotions\/P1060496-Jacques-PRADES-et-\u00e9tudiants-Universit\u00e9-Toulouse-12.09.2016-624x416.jpg 624w\" sizes=\"auto, (max-width: 209px) 100vw, 209px\" \/><\/a><\/strong><\/h4>\n<h4><strong>AUBRY Ma\u00efwenn,\u00a0BAILLY Louise, \u00a0BANTY D<\/strong><strong>osso,\u00a0BEYAERT Alice, \u00a0BUREL Clara,\u00a0DALY M\u00e9lodie,\u00a0DELATTRE Lucas,\u00a0DUFFOURC Gr\u00e9gory,\u00a0EUCHER Emmanuelle,\u00a0FRENEL Amandine,\u00a0GESTIN Ama\u00ebl,\u00a0KELLER L\u00e9a ,\u00a0KENNI Youssef,\u00a0LE GUEN Valentin,\u00a0MANUEL L\u00e9onor,\u00a0MARTINEZ Christophe,\u00a0NAESSENS Eric,\u00a0PERE Aur\u00e9lien,\u00a0TUAL Corentin,\u00a0TORRES Guadalupe,\u00a0VINCENT Marie-\u00ad\u2010H\u00e9lo\u00efse,\u00a0VINUEZA Michelle\u00a0<\/strong><\/h4>\n<p><span style=\"color: #ff0000\">Promotion \u00ab\u00a0<strong>Zones Humides<\/strong>\u00ab\u00a0<\/span> 2015-2016 : Bretaudeau Audrey, Caffet Aur\u00e9lie, Cattrat Lucie, Denis Louise, Dos Santos Judith, Gomez Andres, Maitre R\u00e9mi, Platevoet Camille, Ratzel-Togo Christine, Sarrat Gwena\u00eblle, Zenebra Edson.<\/p>\n<p><span style=\"color: #ff0000\">Promotion \u00a0\u00bb <strong>Huos-Lesca<\/strong>r\u00a0\u00bb <\/span>2014-2015 : Gaudrais Fabien, Bebe Jeanne, Daffos Arnaud, De Bary Charlie, Degache Th\u00e9o, Del Conte Marl\u00e8ne, Desjardins Nicols, Donnet Marie, Garnier Constance, Ghienne Elise, Gricourt Martin, Landry Maxence, Nicolini Lilian, Thomas Laura<\/p>\n\n<!-- Page-list plugin v.5.9 wordpress.org\/plugins\/page-list\/ -->\n<div class=\"page-list page-list-ext \">\n<div class=\"page-list-ext-item\"><div class=\"page-list-ext-image\"><a href=\"https:\/\/blogs.univ-tlse2.fr\/cerises\/formation\/la-vie-du-master\/toutes-les-promotions\/promotion-utocoop-2013-2014\/\" title=\"Promotion Utocoop 2013-2014\"><img decoding=\"async\" src=\"https:\/\/blogs.univ-tlse2.fr\/cerises\/wp-content\/blogs.dir\/97\/files\/promotion-2012-2013\/CIMG0851-666x500.jpg\" width=\"100\" alt=\"Promotion Utocoop 2013-2014\" \/><\/a><\/div> <h3 class=\"page-list-ext-title\"><a href=\"https:\/\/blogs.univ-tlse2.fr\/cerises\/formation\/la-vie-du-master\/toutes-les-promotions\/promotion-utocoop-2013-2014\/\" title=\"Promotion Utocoop 2013-2014\">Promotion Utocoop 2013-2014<\/a><\/h3><div class=\"page-list-ext-item-content\">ALBA Vincent, FRANCIUS Rose-Nica, GAUDRY S\u00e9batien, GAUTRAIS Fabien, GOURDON Axel, LY Mariame, MANDJAVIDZE Zourab, MAKONO Bandiougou, LAVILLE Esteban, LORIUS Charlie, PRETEUR Anna, ROUAULT Sandie, SARR Jacques\r\n <\/div><\/div>\n<div class=\"page-list-ext-item\"><h3 class=\"page-list-ext-title\"><a href=\"https:\/\/blogs.univ-tlse2.fr\/cerises\/formation\/la-vie-du-master\/toutes-les-promotions\/promotion-2012-2013\/\" title=\"Promotion Calafou 2012-2013\">Promotion Calafou 2012-2013<\/a><\/h3><div class=\"page-list-ext-item-content\">ARRIGHI Julie, BECQUET S\u00e9bastien, BEZELGA S\u00e9bastien, BORDES M\u00e9lanie, CONDAT Norbert, DA CUNHA BELVES Simon, DESFEUX Emilie, MARTIN DERY Solen, MEREL Jacques, NADAU Elisabeth, OLIVA Carlos, SEYE Papa Famara, TEHERY Gabriel, TERRAL Anne-Sophie, YOUCEF A\u00efda. \r\n <\/div><\/div>\n<div class=\"page-list-ext-item\"><div class=\"page-list-ext-image\"><a href=\"https:\/\/blogs.univ-tlse2.fr\/cerises\/formation\/la-vie-du-master\/toutes-les-promotions\/promotion-2011-2012\/\" title=\"Promotion Tahir 2011-2012\"><img decoding=\"async\" src=\"https:\/\/blogs.univ-tlse2.fr\/cerises\/files\/toutes-les-promotions\/P1020764-1024x576.jpg\" width=\"100\" alt=\"Promotion Tahir 2011-2012\" \/><\/a><\/div> <h3 class=\"page-list-ext-title\"><a href=\"https:\/\/blogs.univ-tlse2.fr\/cerises\/formation\/la-vie-du-master\/toutes-les-promotions\/promotion-2011-2012\/\" title=\"Promotion Tahir 2011-2012\">Promotion Tahir 2011-2012<\/a><\/h3><div class=\"page-list-ext-item-content\"><\/div><\/div>\n<div class=\"page-list-ext-item\"><div class=\"page-list-ext-image\"><a href=\"https:\/\/blogs.univ-tlse2.fr\/cerises\/formation\/la-vie-du-master\/toutes-les-promotions\/promotion-philocoop-2010-2011\/\" title=\"Promotion Philocoop 2010-2011\"><img decoding=\"async\" src=\"https:\/\/blogs.univ-tlse2.fr\/cerises\/files\/toutes-les-promotions\/PromoPhilOCoop2-666x500.jpg\" width=\"100\" alt=\"Promotion Philocoop 2010-2011\" \/><\/a><\/div> <h3 class=\"page-list-ext-title\"><a href=\"https:\/\/blogs.univ-tlse2.fr\/cerises\/formation\/la-vie-du-master\/toutes-les-promotions\/promotion-philocoop-2010-2011\/\" title=\"Promotion Philocoop 2010-2011\">Promotion Philocoop 2010-2011<\/a><\/h3><div class=\"page-list-ext-item-content\">Perrine BIGOT, V\u00e9ronique BLANCHOT, Herv\u00e9 LOUIS-REGIS, Renaud CASSOURET, Mohamed DEDAH, Mildred GUSTACK, Audrey LEPORT, Caroline NASS, Claire TALBOT, Alice THOUVENIN, Menad CHIKHI\r\n\r\n\r\n\r\n&nbsp;<\/div><\/div>\n<div class=\"page-list-ext-item\"><h3 class=\"page-list-ext-title\"><a href=\"https:\/\/blogs.univ-tlse2.fr\/cerises\/formation\/la-vie-du-master\/toutes-les-promotions\/promotion-court-circuit-2009-2010\/\" title=\"Promotion Court-Circuit 2009-2010\">Promotion Court-Circuit 2009-2010<\/a><\/h3><div class=\"page-list-ext-item-content\">Le voyage d'int\u00e9gration s'est d\u00e9roul\u00e9 dans le Pays Basque fran\u00e7ais entre Itxassou et Saint-Palais. La premi\u00e8re demi-journ\u00e9e nous a permis de rencontrer le g\u00e9rant de la SCOP LOREKI  constitu\u00e9e de 20 soci\u00e9taires travaillant dans la valorisation de d\u00e9chets verts et de cuisine. Puis nous avons pass\u00e9 une...<\/div><\/div>\n<div class=\"page-list-ext-item\"><div class=\"page-list-ext-image\"><a href=\"https:\/\/blogs.univ-tlse2.fr\/cerises\/formation\/la-vie-du-master\/toutes-les-promotions\/promotion-le-maquis-2008-2009\/\" title=\"Promotion Le Maquis 2008-2009\"><img decoding=\"async\" src=\"https:\/\/blogs.univ-tlse2.fr\/cerises\/files\/promotion-le-maquis-2008-2009\/cravirola001-700x453.jpg\" width=\"100\" alt=\"Promotion Le Maquis 2008-2009\" \/><\/a><\/div> <h3 class=\"page-list-ext-title\"><a href=\"https:\/\/blogs.univ-tlse2.fr\/cerises\/formation\/la-vie-du-master\/toutes-les-promotions\/promotion-le-maquis-2008-2009\/\" title=\"Promotion Le Maquis 2008-2009\">Promotion Le Maquis 2008-2009<\/a><\/h3><div class=\"page-list-ext-item-content\">Du nom du lieu d'implantation de la SCOP CRAVIROLA  (membre de Terres Communes) o\u00f9 s'est d\u00e9roul\u00e9 le voyage d'int\u00e9gration . \r\n\r\nMartin DOUCOT, Sa\u00efd OUAIREM, Jean de Dieu NDIZIHIWE, Eliane PAQUEREAU, Daniel SALAZAR, V\u00e9ronique DELHOM-ROCHE, Mathieu GONI, St\u00e8ve DUPUIS, Doroth\u00e9e CHALVET, Pauline DOURNAUX-LAURENT, Irina R...<\/div><\/div>\n<div class=\"page-list-ext-item\"><h3 class=\"page-list-ext-title\"><a href=\"https:\/\/blogs.univ-tlse2.fr\/cerises\/formation\/la-vie-du-master\/toutes-les-promotions\/promotion-travailler-autrement-2007-2008\/\" title=\"Promotion Travailler autrement 2007-2008\">Promotion Travailler autrement 2007-2008<\/a><\/h3><div class=\"page-list-ext-item-content\">La soir\u00e9e des remises des dipl\u00f4mes est un des dispositifs qui permet \u00e0 l'\u00e9quipe dirigeante du master de lier les deux promotions. Il est important de faire ce lien car la meilleure preuve de notre efficacit\u00e9 r\u00e9side dans la capacit\u00e9 des anciens \u00e9tudiants \u00e0 faire appel \u00e0 notre vivier quand des emplois s...<\/div><\/div>\n<div class=\"page-list-ext-item\"><div class=\"page-list-ext-image\"><a href=\"https:\/\/blogs.univ-tlse2.fr\/cerises\/formation\/la-vie-du-master\/toutes-les-promotions\/promotion-ardelaine-moutons-rebelles-2006-2007\/\" title=\"Promotion Ardelaine - Moutons Rebelles 2006-2007\"><img decoding=\"async\" src=\"https:\/\/blogs.univ-tlse2.fr\/cerises\/files\/promotion-ardelaine-moutons-rebelles-2006-2007\/inte\u0301gration-promo-2007.jpg\" width=\"100\" alt=\"Promotion Ardelaine - Moutons Rebelles 2006-2007\" \/><\/a><\/div> <h3 class=\"page-list-ext-title\"><a href=\"https:\/\/blogs.univ-tlse2.fr\/cerises\/formation\/la-vie-du-master\/toutes-les-promotions\/promotion-ardelaine-moutons-rebelles-2006-2007\/\" title=\"Promotion Ardelaine - Moutons Rebelles 2006-2007\">Promotion Ardelaine - Moutons Rebelles 2006-2007<\/a><\/h3><div class=\"page-list-ext-item-content\">Ardelaine, les moutons rebelles : du nom de la Soci\u00e9t\u00e9 Coop\u00e9rative de Production Ardelaine en Ard\u00e8che . \r\n\r\nPierre CHEVALIER, Guirec DERRIEN, V\u00e9ronique DUCOMPS, Eva GIONIS-PEREIRE, Armelle GOMEZ, Damien LAGRANGE, Vincent LEMEE, Muriel LEROUX, Sylvie LESAGE, Olivier LIGOT, Fran\u00e7oise MAMBO, Anne MOUIL...<\/div><\/div>\n<div class=\"page-list-ext-item\"><div class=\"page-list-ext-image\"><a href=\"https:\/\/blogs.univ-tlse2.fr\/cerises\/formation\/la-vie-du-master\/toutes-les-promotions\/promotion-trevol-2005-2006\/\" title=\"Promotion Tr\u00e9vol 2005-2006\"><img decoding=\"async\" src=\"https:\/\/blogs.univ-tlse2.fr\/cerises\/files\/toutes-les-promotions\/les-2-promotions.jpg\" width=\"100\" alt=\"Promotion Tr\u00e9vol 2005-2006\" \/><\/a><\/div> <h3 class=\"page-list-ext-title\"><a href=\"https:\/\/blogs.univ-tlse2.fr\/cerises\/formation\/la-vie-du-master\/toutes-les-promotions\/promotion-trevol-2005-2006\/\" title=\"Promotion Tr\u00e9vol 2005-2006\">Promotion Tr\u00e9vol 2005-2006<\/a><\/h3><div class=\"page-list-ext-item-content\">Du nom d'une coop\u00e9rative de transport-messagerie, membre de la f\u00e9d\u00e9ration des coop\u00e9ratives de Barcelone, de tradition anarcho-libertaire. Trevol signifie \"tr\u00e8fle\". \r\n\r\nAna BLANCHE, Mathieu BONNAL, Le\u00efla BRENER, S\u00e9bastien CAPAU, El Hadj Mamadou DIALLO, Arielle GARCIA, Vanessa GERNER, St\u00e9phane HENIN, ...<\/div><\/div>\n<div class=\"page-list-ext-item\"><div class=\"page-list-ext-image\"><a href=\"https:\/\/blogs.univ-tlse2.fr\/cerises\/formation\/la-vie-du-master\/toutes-les-promotions\/promotion-herisson-2004-2005\/\" title=\"Promotion H\u00e9risson 2004-2005\"><img decoding=\"async\" src=\"https:\/\/blogs.univ-tlse2.fr\/cerises\/files\/toutes-les-promotions\/promo-herisson.png\" width=\"100\" alt=\"Promotion H\u00e9risson 2004-2005\" \/><\/a><\/div> <h3 class=\"page-list-ext-title\"><a href=\"https:\/\/blogs.univ-tlse2.fr\/cerises\/formation\/la-vie-du-master\/toutes-les-promotions\/promotion-herisson-2004-2005\/\" title=\"Promotion H\u00e9risson 2004-2005\">Promotion H\u00e9risson 2004-2005<\/a><\/h3><div class=\"page-list-ext-item-content\">Du nom de l'entreprise d'insertion Le H\u00e9risson. \r\n\r\nBerenice ALCALDE, Edith ALQUIER, Suzanne ANNETT, Ruth BAQUERO, Damien BELORY, Audrey COURTIN, Alice DENIS, A\u00efda DIAGNE, Pierre GEORGES, Elodie GOURY-LECLERC, Emmanuel LEGRAS, Yamina MAMOU, Ch\u00e9rfi SLAMNIA, H\u00e9l\u00e8ne TOURMENTE, Alexandra VELAND, Sigrid VELA...<\/div><\/div>\n<div class=\"page-list-ext-item\"><h3 class=\"page-list-ext-title\"><a href=\"https:\/\/blogs.univ-tlse2.fr\/cerises\/formation\/la-vie-du-master\/toutes-les-promotions\/mondragon\/\" title=\"Promotion Mondragon 2003-2004\">Promotion Mondragon 2003-2004<\/a><\/h3><div class=\"page-list-ext-item-content\">Du nom du complexe coop\u00e9ratif de Mondragon dans le Pays Basque espagnol.\r\n\r\nAna\u00efs BOURRY, Emmanuelle FAURT, Juliette FRANZ, Fabrice JOCKIN, Anne LAFARGUE, Claire LANDAT, Adeline MAUREL,Bertrand MIALHE, Mamar MESSAOUI, Nadine MESSIAS, S\u00e9bastien PAULET, Val\u00e9rie PRUKOP, Mananahari RAKOTOARISOLO, Pascale RE\r...<\/div><\/div>\n<div class=\"page-list-ext-item\"><h3 class=\"page-list-ext-title\"><a href=\"https:\/\/blogs.univ-tlse2.fr\/cerises\/formation\/la-vie-du-master\/toutes-les-promotions\/promotion-karl-polanyi-2002-2003\/\" title=\"Promotion Karl Polanyi 2002-2003\">Promotion Karl Polanyi 2002-2003<\/a><\/h3><div class=\"page-list-ext-item-content\">Du nom de l'auteur de \"La Grande Transformation\", qui a d\u00e9velopp\u00e9 une conception de l'\u00e9conomie essentielle \u00e0 la compr\u00e9hension du ph\u00e9nom\u00e8ne des initiatives solidaires et les entreprises sociales.  \r\n\r\nHafida ABDESSADKI, Pauline BARRIQUAULT, Hugues BERNARD, Marjorie CHAUVET, Fanny DARBUS, Yolande DA SIL...<\/div><\/div>\n<div class=\"page-list-ext-item\"><h3 class=\"page-list-ext-title\"><a href=\"https:\/\/blogs.univ-tlse2.fr\/cerises\/formation\/la-vie-du-master\/toutes-les-promotions\/promotion-azf-2001-2002\/\" title=\"Promotion AZF 2001-2002\">Promotion AZF 2001-2002<\/a><\/h3><div class=\"page-list-ext-item-content\">Du nom de l'usine du groupe Total qui a sinistr\u00e9 les environs de l'Universit\u00e9 du Mirail lors de son explosion en septembre 2001. \r\n\r\nFabrice ANDRE, Pascale AUCLAIR-CHABRY, Genevi\u00e8ve CASSAN, Anne CHAUVARD, Ali DARDOUR, C\u00e9line ELBAZ, Maxime LEGUILLON, Boumba Roch HALLIDAY KENGUE, Sabine MARTEL, Jean-Paul PAI...<\/div><\/div>\n<div class=\"page-list-ext-item\"><h3 class=\"page-list-ext-title\"><a href=\"https:\/\/blogs.univ-tlse2.fr\/cerises\/formation\/la-vie-du-master\/toutes-les-promotions\/promotion-guy-hascoet-2000-2001\/\" title=\"Promotion Guy Hasco\u00ebt 2000-2001\">Promotion Guy Hasco\u00ebt 2000-2001<\/a><\/h3><div class=\"page-list-ext-item-content\">Du nom du premier Secr\u00e9taire d'Etat \u00e0 l'Economie Solidaire sous le gouvernement Jospin. \r\n\r\nJean ARROUCAU, Val\u00e9rie AUVITU, Jean-Fran\u00e7ois BAJODEK, Anne-C\u00e9cile CHASSAC, Mathilde CORBIERE, Zakara GANDOU, Thomas GINESTON, David GONDONNEAU, Elise LAGALLE, Fatima MOUSSI, J\u00e9r\u00f4me SABATIER.           \r\n\r\n&gt; T\u00e9l\u00e9ch...<\/div><\/div>\n\n<\/div>\n","protected":false},"excerpt":{"rendered":"<p>Promotion \u00ab\u00a0Calafou 2 \u00a0\u00bb 2019-2020 Aristil Diana, Aygouy S\u00e9bastien, Bouhadjar Ahmed, Catata Ambre, Chanpetier Lucile, Chauvet-Donadey Bastien, David Anna, Davrou Nox, Fourcade Louis, Fran\u00e7oise Romane, Gamboa Ana, Gautier Tiphaine, Herce Antoine, Laidet Agathe, Mariage Rapha\u00ebl, Marty Floriane, Moya Suarez Natalia, Minet Valentin, N&rsquo;Debi L\u00e9o,\u00a0Paris\u00a0Gauthier, Perrin Marie-Christine, Savart Juliette, Tuffreau M\u00e9lanie, Veysseix Kristelle, Yong Martinez Daniela [&hellip;]<\/p>\n","protected":false},"author":157,"featured_media":0,"parent":199,"menu_order":3,"comment_status":"closed","ping_status":"closed","template":"","meta":{"footnotes":""},"class_list":["post-754","page","type-page","status-publish","hentry"],"_links":{"self":[{"href":"https:\/\/blogs.univ-tlse2.fr\/cerises\/wp-json\/wp\/v2\/pages\/754","targetHints":{"allow":["GET"]}}],"collection":[{"href":"https:\/\/blogs.univ-tlse2.fr\/cerises\/wp-json\/wp\/v2\/pages"}],"about":[{"href":"https:\/\/blogs.univ-tlse2.fr\/cerises\/wp-json\/wp\/v2\/types\/page"}],"author":[{"embeddable":true,"href":"https:\/\/blogs.univ-tlse2.fr\/cerises\/wp-json\/wp\/v2\/users\/157"}],"replies":[{"embeddable":true,"href":"https:\/\/blogs.univ-tlse2.fr\/cerises\/wp-json\/wp\/v2\/comments?post=754"}],"version-history":[{"count":101,"href":"https:\/\/blogs.univ-tlse2.fr\/cerises\/wp-json\/wp\/v2\/pages\/754\/revisions"}],"predecessor-version":[{"id":3863,"href":"https:\/\/blogs.univ-tlse2.fr\/cerises\/wp-json\/wp\/v2\/pages\/754\/revisions\/3863"}],"up":[{"embeddable":true,"href":"https:\/\/blogs.univ-tlse2.fr\/cerises\/wp-json\/wp\/v2\/pages\/199"}],"wp:attachment":[{"href":"https:\/\/blogs.univ-tlse2.fr\/cerises\/wp-json\/wp\/v2\/media?parent=754"}],"curies":[{"name":"wp","href":"https:\/\/api.w.org\/{rel}","templated":true}]}}