 {"id":782,"date":"2013-01-15T18:40:10","date_gmt":"2013-01-15T17:40:10","guid":{"rendered":"https:\/\/blogs.univ-tlse2.fr\/cerises\/?page_id=782"},"modified":"2014-02-06T10:31:24","modified_gmt":"2014-02-06T09:31:24","slug":"evenements","status":"publish","type":"page","link":"https:\/\/blogs.univ-tlse2.fr\/cerises\/formation\/la-vie-du-master\/evenements\/","title":{"rendered":"Ev\u00e9nements"},"content":{"rendered":"\n<!-- Page-list plugin v.5.9 wordpress.org\/plugins\/page-list\/ -->\n<div class=\"page-list page-list-ext \">\n<div class=\"page-list-ext-item\"><div class=\"page-list-ext-image\"><a href=\"https:\/\/blogs.univ-tlse2.fr\/cerises\/formation\/la-vie-du-master\/evenements\/voyage-dintegration-de-la-promotion-trevol-2005-2006\/\" title=\"Voyage d&#039;int\u00e9gration de la promotion Tr\u00e9vol 2005-2006\"><img decoding=\"async\" src=\"https:\/\/blogs.univ-tlse2.fr\/cerises\/files\/brouillon-auto\/Barcelone-150x150.jpg\" width=\"100\" alt=\"Voyage d&#039;int\u00e9gration de la promotion Tr\u00e9vol 2005-2006\" \/><\/a><\/div> <h3 class=\"page-list-ext-title\"><a href=\"https:\/\/blogs.univ-tlse2.fr\/cerises\/formation\/la-vie-du-master\/evenements\/voyage-dintegration-de-la-promotion-trevol-2005-2006\/\" title=\"Voyage d&#039;int\u00e9gration de la promotion Tr\u00e9vol 2005-2006\">Voyage d&#039;int\u00e9gration de la promotion Tr\u00e9vol 2005-2006<\/a><\/h3><div class=\"page-list-ext-item-content\">Le s\u00e9jour s'est d\u00e9roul\u00e9 \u00e0 Barcelone le 10 et 11 octobre 2006 sous la conduite d'Isabelle Matt\u00e9i (r\u00e9gisseur et organisatrice), Alexandra Hach\u00e9 (guide Barcelone) et Jacques Prades (responsable de la formation). \r\nUne premi\u00e8re visite a port\u00e9 sur le quartier de Gracia sur les coop\u00e9ratives de logement et sur le...<\/div><\/div>\n<div class=\"page-list-ext-item\"><div class=\"page-list-ext-image\"><a href=\"https:\/\/blogs.univ-tlse2.fr\/cerises\/formation\/la-vie-du-master\/evenements\/voyage-dintegration-de-la-promo-dardelaine-les-moutons-rebelles-2006-2007\/\" title=\"Voyage d&#039;int\u00e9gration de la promo d&#039;Ardelaine-Les Moutons Rebelles 2006-2007\"><img decoding=\"async\" src=\"https:\/\/blogs.univ-tlse2.fr\/cerises\/files\/voyage-dintegration-de-la-promo-dardelaine-les-moutons-rebelles-2006-2007\/ardelaine-ter2.jpg\" width=\"100\" alt=\"Voyage d&#039;int\u00e9gration de la promo d&#039;Ardelaine-Les Moutons Rebelles 2006-2007\" \/><\/a><\/div> <h3 class=\"page-list-ext-title\"><a href=\"https:\/\/blogs.univ-tlse2.fr\/cerises\/formation\/la-vie-du-master\/evenements\/voyage-dintegration-de-la-promo-dardelaine-les-moutons-rebelles-2006-2007\/\" title=\"Voyage d&#039;int\u00e9gration de la promo d&#039;Ardelaine-Les Moutons Rebelles 2006-2007\">Voyage d&#039;int\u00e9gration de la promo d&#039;Ardelaine-Les Moutons Rebelles 2006-2007<\/a><\/h3><div class=\"page-list-ext-item-content\">La promotion 2006-2007 a pris le nom d'Ardelaine-Les Moutons Rebelles suite au voyage d'int\u00e9gration \u00e0 la SCOP Ardelaine \u00e0 St-Pierreville en Ard\u00e8che.   \r\nLe voyage d'int\u00e9gration de la nouvelle promotion 2006-2007 s'est d\u00e9roul\u00e9 en Ard\u00e8che, \u00e0 la coop\u00e9rative Ardelaine , \"les moutons rebelles\".\r\nArdelaine est n\u00e9e e...<\/div><\/div>\n<div class=\"page-list-ext-item\"><div class=\"page-list-ext-image\"><a href=\"https:\/\/blogs.univ-tlse2.fr\/cerises\/formation\/la-vie-du-master\/evenements\/voyage-dintegration-de-la-promo-le-maquis-2008-2009\/\" title=\"Voyage d&#039;int\u00e9gration de la promo Le Maquis 2008-2009\"><img decoding=\"async\" src=\"https:\/\/blogs.univ-tlse2.fr\/cerises\/files\/voyage-dintegration-de-la-promo-dardelaine-les-moutons-rebelles-2006-2007\/cravirola-2.jpg\" width=\"100\" alt=\"Voyage d&#039;int\u00e9gration de la promo Le Maquis 2008-2009\" \/><\/a><\/div> <h3 class=\"page-list-ext-title\"><a href=\"https:\/\/blogs.univ-tlse2.fr\/cerises\/formation\/la-vie-du-master\/evenements\/voyage-dintegration-de-la-promo-le-maquis-2008-2009\/\" title=\"Voyage d&#039;int\u00e9gration de la promo Le Maquis 2008-2009\">Voyage d&#039;int\u00e9gration de la promo Le Maquis 2008-2009<\/a><\/h3><div class=\"page-list-ext-item-content\">Le voyage d'int\u00e9gration du master La Nouvelle Economie Sociale (IES) s'est d\u00e9roul\u00e9 \u00e0 la SCOP CRAVIROLA , coop\u00e9rative d'\u00e9levage et lieu culturel, au pied de la Montagne Noire qui s'\u00e9tend sur 270 hectares, dans un site exceptionnel. \r\nGuid\u00e9s par Katia et Axel, membres fondateurs de l'exp\u00e9rience, nous avo...<\/div><\/div>\n<div class=\"page-list-ext-item\"><div class=\"page-list-ext-image\"><a href=\"https:\/\/blogs.univ-tlse2.fr\/cerises\/formation\/la-vie-du-master\/evenements\/journee-ess-nes-2009\/\" title=\"Journ\u00e9e ESS NES 2009\"><img decoding=\"async\" src=\"https:\/\/blogs.univ-tlse2.fr\/cerises\/files\/journee-ess-nes-2009\/flyerA5.jpg\" width=\"100\" alt=\"Journ\u00e9e ESS NES 2009\" \/><\/a><\/div> <h3 class=\"page-list-ext-title\"><a href=\"https:\/\/blogs.univ-tlse2.fr\/cerises\/formation\/la-vie-du-master\/evenements\/journee-ess-nes-2009\/\" title=\"Journ\u00e9e ESS NES 2009\">Journ\u00e9e ESS NES 2009<\/a><\/h3><div class=\"page-list-ext-item-content\">L'association des Nessies , rassemblant les \u00e9tudiants du Master 2 d'Economie Sociale et Solidaire (Universit\u00e9 du Mirail) organise une journ\u00e9e de rencontres\/d\u00e9bats : \r\nLe 29 avril 2009 de 11h \u00e0 19h \r\n sur le campus de l'Universit\u00e9 Toulouse le Mirail  \r\n \r\nL'objectif  de la journ\u00e9e est de favoriser la ren...<\/div><\/div>\n<div class=\"page-list-ext-item\"><div class=\"page-list-ext-image\"><a href=\"https:\/\/blogs.univ-tlse2.fr\/cerises\/formation\/la-vie-du-master\/evenements\/journee-ess-nes-2010\/\" title=\"Journ\u00e9e ESS NES 2010\"><img decoding=\"async\" src=\"https:\/\/blogs.univ-tlse2.fr\/cerises\/files\/journee-ess-nes-2010\/affiche-NES-2010.jpg\" width=\"100\" alt=\"Journ\u00e9e ESS NES 2010\" \/><\/a><\/div> <h3 class=\"page-list-ext-title\"><a href=\"https:\/\/blogs.univ-tlse2.fr\/cerises\/formation\/la-vie-du-master\/evenements\/journee-ess-nes-2010\/\" title=\"Journ\u00e9e ESS NES 2010\">Journ\u00e9e ESS NES 2010<\/a><\/h3><div class=\"page-list-ext-item-content\">\u00ab\u00a0Ici et ailleurs\u00a0\u00bb\r\nMardi 30 mars 2010 \u00e0 l\u2019Universit\u00e9 du Mirail, de 9h \u00e0 18h  \r\nL\u2019association des \u00e9tudiants et anciens \u00e9tudiants du \u00ab\u00a0Master Innovation par l\u2019\u00e9conomie sociale\u00a0et solidaire\u00a0\u00bb\u00a0: Les NESSIES organise une journ\u00e9e de l\u2019\u00e9conomie sociale et solidaire. \r\n \r\n\r\nPr\u00e9sentation \r\nL\u2019association des NESSIE...<\/div><\/div>\n\n<\/div>\n","protected":false},"excerpt":{"rendered":"","protected":false},"author":157,"featured_media":0,"parent":199,"menu_order":2,"comment_status":"closed","ping_status":"closed","template":"","meta":{"footnotes":""},"class_list":["post-782","page","type-page","status-publish","hentry"],"_links":{"self":[{"href":"https:\/\/blogs.univ-tlse2.fr\/cerises\/wp-json\/wp\/v2\/pages\/782","targetHints":{"allow":["GET"]}}],"collection":[{"href":"https:\/\/blogs.univ-tlse2.fr\/cerises\/wp-json\/wp\/v2\/pages"}],"about":[{"href":"https:\/\/blogs.univ-tlse2.fr\/cerises\/wp-json\/wp\/v2\/types\/page"}],"author":[{"embeddable":true,"href":"https:\/\/blogs.univ-tlse2.fr\/cerises\/wp-json\/wp\/v2\/users\/157"}],"replies":[{"embeddable":true,"href":"https:\/\/blogs.univ-tlse2.fr\/cerises\/wp-json\/wp\/v2\/comments?post=782"}],"version-history":[{"count":9,"href":"https:\/\/blogs.univ-tlse2.fr\/cerises\/wp-json\/wp\/v2\/pages\/782\/revisions"}],"predecessor-version":[{"id":2866,"href":"https:\/\/blogs.univ-tlse2.fr\/cerises\/wp-json\/wp\/v2\/pages\/782\/revisions\/2866"}],"up":[{"embeddable":true,"href":"https:\/\/blogs.univ-tlse2.fr\/cerises\/wp-json\/wp\/v2\/pages\/199"}],"wp:attachment":[{"href":"https:\/\/blogs.univ-tlse2.fr\/cerises\/wp-json\/wp\/v2\/media?parent=782"}],"curies":[{"name":"wp","href":"https:\/\/api.w.org\/{rel}","templated":true}]}}