 {"id":887,"date":"2013-01-17T10:44:17","date_gmt":"2013-01-17T09:44:17","guid":{"rendered":"https:\/\/blogs.univ-tlse2.fr\/cerises\/?page_id=887"},"modified":"2014-02-06T10:31:40","modified_gmt":"2014-02-06T09:31:40","slug":"promotion-azf-2001-2002","status":"publish","type":"page","link":"https:\/\/blogs.univ-tlse2.fr\/cerises\/formation\/la-vie-du-master\/toutes-les-promotions\/promotion-azf-2001-2002\/","title":{"rendered":"Promotion AZF 2001-2002"},"content":{"rendered":"<p><em>Du nom de l&rsquo;usine du groupe Total qui a sinistr\u00e9 les environs de l&rsquo;Universit\u00e9 du Mirail lors de son explosion en septembre 2001.<\/em><\/p>\n<p>Fabrice ANDRE, Pascale AUCLAIR-CHABRY, Genevi\u00e8ve CASSAN, Anne CHAUVARD, Ali DARDOUR, C\u00e9line ELBAZ, Maxime LEGUILLON, Boumba Roch HALLIDAY KENGUE, Sabine MARTEL, Jean-Paul PAILHES, Chantal POUJOL, Clara SCHMIDT.<\/p>\n<p><a href=\"https:\/\/blogs.univ-tlse2.fr\/cerises\/files\/toutes-les-promotions\/Promotion-AZF.pdf\">&gt; T\u00e9l\u00e9chargez la pr\u00e9sentation d\u00e9taill\u00e9e<\/a><\/p>\n","protected":false},"excerpt":{"rendered":"<p>Du nom de l&rsquo;usine du groupe Total qui a sinistr\u00e9 les environs de l&rsquo;Universit\u00e9 du Mirail lors de son explosion en septembre 2001. Fabrice ANDRE, Pascale AUCLAIR-CHABRY, Genevi\u00e8ve CASSAN, Anne CHAUVARD, Ali DARDOUR, C\u00e9line ELBAZ, Maxime LEGUILLON, Boumba Roch HALLIDAY KENGUE, Sabine MARTEL, Jean-Paul PAILHES, Chantal POUJOL, Clara SCHMIDT. &gt; T\u00e9l\u00e9chargez la pr\u00e9sentation d\u00e9taill\u00e9e<\/p>\n","protected":false},"author":157,"featured_media":0,"parent":754,"menu_order":49,"comment_status":"closed","ping_status":"open","template":"","meta":{"footnotes":""},"class_list":["post-887","page","type-page","status-publish","hentry"],"_links":{"self":[{"href":"https:\/\/blogs.univ-tlse2.fr\/cerises\/wp-json\/wp\/v2\/pages\/887","targetHints":{"allow":["GET"]}}],"collection":[{"href":"https:\/\/blogs.univ-tlse2.fr\/cerises\/wp-json\/wp\/v2\/pages"}],"about":[{"href":"https:\/\/blogs.univ-tlse2.fr\/cerises\/wp-json\/wp\/v2\/types\/page"}],"author":[{"embeddable":true,"href":"https:\/\/blogs.univ-tlse2.fr\/cerises\/wp-json\/wp\/v2\/users\/157"}],"replies":[{"embeddable":true,"href":"https:\/\/blogs.univ-tlse2.fr\/cerises\/wp-json\/wp\/v2\/comments?post=887"}],"version-history":[{"count":2,"href":"https:\/\/blogs.univ-tlse2.fr\/cerises\/wp-json\/wp\/v2\/pages\/887\/revisions"}],"predecessor-version":[{"id":2887,"href":"https:\/\/blogs.univ-tlse2.fr\/cerises\/wp-json\/wp\/v2\/pages\/887\/revisions\/2887"}],"up":[{"embeddable":true,"href":"https:\/\/blogs.univ-tlse2.fr\/cerises\/wp-json\/wp\/v2\/pages\/754"}],"wp:attachment":[{"href":"https:\/\/blogs.univ-tlse2.fr\/cerises\/wp-json\/wp\/v2\/media?parent=887"}],"curies":[{"name":"wp","href":"https:\/\/api.w.org\/{rel}","templated":true}]}}