 {"id":889,"date":"2013-01-17T10:45:17","date_gmt":"2013-01-17T09:45:17","guid":{"rendered":"https:\/\/blogs.univ-tlse2.fr\/cerises\/?page_id=889"},"modified":"2014-02-06T10:31:40","modified_gmt":"2014-02-06T09:31:40","slug":"promotion-karl-polanyi-2002-2003","status":"publish","type":"page","link":"https:\/\/blogs.univ-tlse2.fr\/cerises\/formation\/la-vie-du-master\/toutes-les-promotions\/promotion-karl-polanyi-2002-2003\/","title":{"rendered":"Promotion Karl Polanyi 2002-2003"},"content":{"rendered":"<p><em>Du nom de l&rsquo;auteur de \u00ab\u00a0La Grande Transformation\u00a0\u00bb, qui a d\u00e9velopp\u00e9 une conception de l&rsquo;\u00e9conomie essentielle \u00e0 la compr\u00e9hension du ph\u00e9nom\u00e8ne des initiatives solidaires et les entreprises sociales. <\/em><\/p>\n<p><span><span><span><span><span><span><span><span><span><span><span>Hafida ABDESSADKI, Pauline BARRIQUAULT, Hugues BERNARD, Marjorie CHAUVET, Fanny DARBUS, Yolande DA SILVA, Jamila EL ABDI, B\u00e9n\u00e9dicte FERON, Nicolas MANGIONE, Thomas NIVERT, Nicolas POTIN, Dominique REFFAY, Carolle RIO, Nolwenn RIVIERE, Bruno THOUVENIN, Jer\u00f4me VIVES, Jean-Luc ZABRANIECKI.<\/span><\/span><\/span><\/span><\/span><\/span><\/span><\/span><\/span><\/span><\/span><\/p>\n<p><a href=\"https:\/\/blogs.univ-tlse2.fr\/cerises\/files\/toutes-les-promotions\/Promotion-Karl-Polanyi.pdf\">&gt; T\u00e9l\u00e9chargez la pr\u00e9sentation d\u00e9taill\u00e9e<\/a><\/p>\n","protected":false},"excerpt":{"rendered":"<p>Du nom de l&rsquo;auteur de \u00ab\u00a0La Grande Transformation\u00a0\u00bb, qui a d\u00e9velopp\u00e9 une conception de l&rsquo;\u00e9conomie essentielle \u00e0 la compr\u00e9hension du ph\u00e9nom\u00e8ne des initiatives solidaires et les entreprises sociales. Hafida ABDESSADKI, Pauline BARRIQUAULT, Hugues BERNARD, Marjorie CHAUVET, Fanny DARBUS, Yolande DA SILVA, Jamila EL ABDI, B\u00e9n\u00e9dicte FERON, Nicolas MANGIONE, Thomas NIVERT, Nicolas POTIN, Dominique REFFAY, Carolle [&hellip;]<\/p>\n","protected":false},"author":157,"featured_media":0,"parent":754,"menu_order":48,"comment_status":"closed","ping_status":"open","template":"","meta":{"footnotes":""},"class_list":["post-889","page","type-page","status-publish","hentry"],"_links":{"self":[{"href":"https:\/\/blogs.univ-tlse2.fr\/cerises\/wp-json\/wp\/v2\/pages\/889","targetHints":{"allow":["GET"]}}],"collection":[{"href":"https:\/\/blogs.univ-tlse2.fr\/cerises\/wp-json\/wp\/v2\/pages"}],"about":[{"href":"https:\/\/blogs.univ-tlse2.fr\/cerises\/wp-json\/wp\/v2\/types\/page"}],"author":[{"embeddable":true,"href":"https:\/\/blogs.univ-tlse2.fr\/cerises\/wp-json\/wp\/v2\/users\/157"}],"replies":[{"embeddable":true,"href":"https:\/\/blogs.univ-tlse2.fr\/cerises\/wp-json\/wp\/v2\/comments?post=889"}],"version-history":[{"count":2,"href":"https:\/\/blogs.univ-tlse2.fr\/cerises\/wp-json\/wp\/v2\/pages\/889\/revisions"}],"predecessor-version":[{"id":2886,"href":"https:\/\/blogs.univ-tlse2.fr\/cerises\/wp-json\/wp\/v2\/pages\/889\/revisions\/2886"}],"up":[{"embeddable":true,"href":"https:\/\/blogs.univ-tlse2.fr\/cerises\/wp-json\/wp\/v2\/pages\/754"}],"wp:attachment":[{"href":"https:\/\/blogs.univ-tlse2.fr\/cerises\/wp-json\/wp\/v2\/media?parent=889"}],"curies":[{"name":"wp","href":"https:\/\/api.w.org\/{rel}","templated":true}]}}