 {"id":918,"date":"2013-01-17T10:53:28","date_gmt":"2013-01-17T09:53:28","guid":{"rendered":"https:\/\/blogs.univ-tlse2.fr\/cerises\/?page_id=918"},"modified":"2014-02-06T10:31:24","modified_gmt":"2014-02-06T09:31:24","slug":"promotion-herisson-2004-2005","status":"publish","type":"page","link":"https:\/\/blogs.univ-tlse2.fr\/cerises\/formation\/la-vie-du-master\/toutes-les-promotions\/promotion-herisson-2004-2005\/","title":{"rendered":"Promotion H\u00e9risson 2004-2005"},"content":{"rendered":"<p><em>Du nom de l&rsquo;entreprise d&rsquo;insertion Le H\u00e9risson.<\/em><\/p>\n<p>Berenice ALCALDE, Edith ALQUIER, Suzanne ANNETT, Ruth BAQUERO, Damien BELORY, Audrey COURTIN, Alice DENIS, A\u00efda DIAGNE, Pierre GEORGES, Elodie GOURY-LECLERC, Emmanuel LEGRAS, Yamina MAMOU, Ch\u00e9rfi SLAMNIA, H\u00e9l\u00e8ne TOURMENTE, Alexandra VELAND, Sigrid VELAND, Yinghua WEI<\/p>\n<p><a href=\"https:\/\/blogs.univ-tlse2.fr\/cerises\/files\/toutes-les-promotions\/promotion_herisson.pdf\">&gt; T\u00e9l\u00e9chargez la pr\u00e9sentation d\u00e9taill\u00e9e<\/a><\/p>\n<p><a href=\"https:\/\/blogs.univ-tlse2.fr\/cerises\/files\/toutes-les-promotions\/promo-herisson.png\"><img loading=\"lazy\" decoding=\"async\" class=\"aligncenter size-full wp-image-777\" src=\"https:\/\/blogs.univ-tlse2.fr\/cerises\/files\/toutes-les-promotions\/promo-herisson.png\" alt=\"\" width=\"406\" height=\"288\" srcset=\"https:\/\/blogs.univ-tlse2.fr\/cerises\/files\/toutes-les-promotions\/promo-herisson.png 406w, https:\/\/blogs.univ-tlse2.fr\/cerises\/files\/toutes-les-promotions\/promo-herisson-300x212.png 300w\" sizes=\"auto, (max-width: 406px) 100vw, 406px\" \/><\/a><\/p>\n","protected":false},"excerpt":{"rendered":"<p>Du nom de l&rsquo;entreprise d&rsquo;insertion Le H\u00e9risson. Berenice ALCALDE, Edith ALQUIER, Suzanne ANNETT, Ruth BAQUERO, Damien BELORY, Audrey COURTIN, Alice DENIS, A\u00efda DIAGNE, Pierre GEORGES, Elodie GOURY-LECLERC, Emmanuel LEGRAS, Yamina MAMOU, Ch\u00e9rfi SLAMNIA, H\u00e9l\u00e8ne TOURMENTE, Alexandra VELAND, Sigrid VELAND, Yinghua WEI &gt; T\u00e9l\u00e9chargez la pr\u00e9sentation d\u00e9taill\u00e9e<\/p>\n","protected":false},"author":157,"featured_media":0,"parent":754,"menu_order":46,"comment_status":"closed","ping_status":"closed","template":"","meta":{"footnotes":""},"class_list":["post-918","page","type-page","status-publish","hentry"],"_links":{"self":[{"href":"https:\/\/blogs.univ-tlse2.fr\/cerises\/wp-json\/wp\/v2\/pages\/918","targetHints":{"allow":["GET"]}}],"collection":[{"href":"https:\/\/blogs.univ-tlse2.fr\/cerises\/wp-json\/wp\/v2\/pages"}],"about":[{"href":"https:\/\/blogs.univ-tlse2.fr\/cerises\/wp-json\/wp\/v2\/types\/page"}],"author":[{"embeddable":true,"href":"https:\/\/blogs.univ-tlse2.fr\/cerises\/wp-json\/wp\/v2\/users\/157"}],"replies":[{"embeddable":true,"href":"https:\/\/blogs.univ-tlse2.fr\/cerises\/wp-json\/wp\/v2\/comments?post=918"}],"version-history":[{"count":6,"href":"https:\/\/blogs.univ-tlse2.fr\/cerises\/wp-json\/wp\/v2\/pages\/918\/revisions"}],"predecessor-version":[{"id":2884,"href":"https:\/\/blogs.univ-tlse2.fr\/cerises\/wp-json\/wp\/v2\/pages\/918\/revisions\/2884"}],"up":[{"embeddable":true,"href":"https:\/\/blogs.univ-tlse2.fr\/cerises\/wp-json\/wp\/v2\/pages\/754"}],"wp:attachment":[{"href":"https:\/\/blogs.univ-tlse2.fr\/cerises\/wp-json\/wp\/v2\/media?parent=918"}],"curies":[{"name":"wp","href":"https:\/\/api.w.org\/{rel}","templated":true}]}}