 {"id":923,"date":"2013-01-17T10:56:23","date_gmt":"2013-01-17T09:56:23","guid":{"rendered":"https:\/\/blogs.univ-tlse2.fr\/cerises\/?page_id=923"},"modified":"2014-02-06T10:31:24","modified_gmt":"2014-02-06T09:31:24","slug":"promotion-trevol-2005-2006","status":"publish","type":"page","link":"https:\/\/blogs.univ-tlse2.fr\/cerises\/formation\/la-vie-du-master\/toutes-les-promotions\/promotion-trevol-2005-2006\/","title":{"rendered":"Promotion Tr\u00e9vol 2005-2006"},"content":{"rendered":"<p><em>Du nom d&rsquo;une coop\u00e9rative de transport-messagerie, membre de la f\u00e9d\u00e9ration des coop\u00e9ratives de Barcelone, de tradition anarcho-libertaire. Trevol signifie \u00ab\u00a0tr\u00e8fle\u00a0\u00bb.<\/em><\/p>\n<p>Ana BLANCHE, Mathieu BONNAL, Le\u00efla BRENER, S\u00e9bastien CAPAU, El Hadj Mamadou DIALLO, Arielle GARCIA, Vanessa GERNER, St\u00e9phane HENIN, Jean-Fran\u00e7ois MARY, Thi-Ma\u00ef MIRANDA, Paul NANA, Dominique PLATON, Dougon\u00e9 SERY, Dj\u00e9n\u00e9ba SINABA, Abdelhalim TOUMI<\/p>\n<p><a href=\"https:\/\/blogs.univ-tlse2.fr\/cerises\/files\/toutes-les-promotions\/les-2-promotions.jpg\"><img loading=\"lazy\" decoding=\"async\" class=\"aligncenter size-full wp-image-835\" src=\"https:\/\/blogs.univ-tlse2.fr\/cerises\/files\/toutes-les-promotions\/les-2-promotions.jpg\" alt=\"\" width=\"716\" height=\"537\" srcset=\"https:\/\/blogs.univ-tlse2.fr\/cerises\/files\/toutes-les-promotions\/les-2-promotions.jpg 716w, https:\/\/blogs.univ-tlse2.fr\/cerises\/files\/toutes-les-promotions\/les-2-promotions-300x225.jpg 300w, https:\/\/blogs.univ-tlse2.fr\/cerises\/files\/toutes-les-promotions\/les-2-promotions-666x500.jpg 666w, https:\/\/blogs.univ-tlse2.fr\/cerises\/files\/toutes-les-promotions\/les-2-promotions-624x468.jpg 624w\" sizes=\"auto, (max-width: 716px) 100vw, 716px\" \/><\/a><\/p>\n<p style=\"text-align: center\">Les promotions Tr\u00e9vol et H\u00e9risson lors de la remise de dipl\u00f4me \u00e0 la promotion H\u00e9risson.<\/p>\n","protected":false},"excerpt":{"rendered":"<p>Du nom d&rsquo;une coop\u00e9rative de transport-messagerie, membre de la f\u00e9d\u00e9ration des coop\u00e9ratives de Barcelone, de tradition anarcho-libertaire. Trevol signifie \u00ab\u00a0tr\u00e8fle\u00a0\u00bb. Ana BLANCHE, Mathieu BONNAL, Le\u00efla BRENER, S\u00e9bastien CAPAU, El Hadj Mamadou DIALLO, Arielle GARCIA, Vanessa GERNER, St\u00e9phane HENIN, Jean-Fran\u00e7ois MARY, Thi-Ma\u00ef MIRANDA, Paul NANA, Dominique PLATON, Dougon\u00e9 SERY, Dj\u00e9n\u00e9ba SINABA, Abdelhalim TOUMI Les promotions Tr\u00e9vol [&hellip;]<\/p>\n","protected":false},"author":157,"featured_media":0,"parent":754,"menu_order":45,"comment_status":"closed","ping_status":"closed","template":"","meta":{"footnotes":""},"class_list":["post-923","page","type-page","status-publish","hentry"],"_links":{"self":[{"href":"https:\/\/blogs.univ-tlse2.fr\/cerises\/wp-json\/wp\/v2\/pages\/923","targetHints":{"allow":["GET"]}}],"collection":[{"href":"https:\/\/blogs.univ-tlse2.fr\/cerises\/wp-json\/wp\/v2\/pages"}],"about":[{"href":"https:\/\/blogs.univ-tlse2.fr\/cerises\/wp-json\/wp\/v2\/types\/page"}],"author":[{"embeddable":true,"href":"https:\/\/blogs.univ-tlse2.fr\/cerises\/wp-json\/wp\/v2\/users\/157"}],"replies":[{"embeddable":true,"href":"https:\/\/blogs.univ-tlse2.fr\/cerises\/wp-json\/wp\/v2\/comments?post=923"}],"version-history":[{"count":4,"href":"https:\/\/blogs.univ-tlse2.fr\/cerises\/wp-json\/wp\/v2\/pages\/923\/revisions"}],"predecessor-version":[{"id":2883,"href":"https:\/\/blogs.univ-tlse2.fr\/cerises\/wp-json\/wp\/v2\/pages\/923\/revisions\/2883"}],"up":[{"embeddable":true,"href":"https:\/\/blogs.univ-tlse2.fr\/cerises\/wp-json\/wp\/v2\/pages\/754"}],"wp:attachment":[{"href":"https:\/\/blogs.univ-tlse2.fr\/cerises\/wp-json\/wp\/v2\/media?parent=923"}],"curies":[{"name":"wp","href":"https:\/\/api.w.org\/{rel}","templated":true}]}}