 {"id":926,"date":"2013-01-17T10:59:31","date_gmt":"2013-01-17T09:59:31","guid":{"rendered":"https:\/\/blogs.univ-tlse2.fr\/cerises\/?page_id=926"},"modified":"2014-02-06T10:31:24","modified_gmt":"2014-02-06T09:31:24","slug":"promotion-ardelaine-moutons-rebelles-2006-2007","status":"publish","type":"page","link":"https:\/\/blogs.univ-tlse2.fr\/cerises\/formation\/la-vie-du-master\/toutes-les-promotions\/promotion-ardelaine-moutons-rebelles-2006-2007\/","title":{"rendered":"Promotion Ardelaine &#8211; Moutons Rebelles 2006-2007"},"content":{"rendered":"<p><em>Ardelaine, les moutons rebelles : du nom de la <a href=\"http:\/\/www.ardelaine.fr\" target=\"_blank\">Soci\u00e9t\u00e9 Coop\u00e9rative de Production Ardelaine en Ard\u00e8che<\/a>.<\/em><\/p>\n<p>Pierre CHEVALIER, Guirec DERRIEN, V\u00e9ronique DUCOMPS, Eva GIONIS-PEREIRE, Armelle GOMEZ, Damien LAGRANGE, Vincent LEMEE, Muriel LEROUX, Sylvie LESAGE, Olivier LIGOT, Fran\u00e7oise MAMBO, Anne MOUILLE, Ndeye Ndack NDOYE, Pascal PAVAN, Jean-Fran\u00e7ois SUBERCAZE, Florian VAIR-PIOVA<\/p>\n<p style=\"text-align: center\"><img loading=\"lazy\" decoding=\"async\" class=\"aligncenter size-full wp-image-927\" src=\"https:\/\/blogs.univ-tlse2.fr\/cerises\/files\/promotion-ardelaine-moutons-rebelles-2006-2007\/inte\u0301gration-promo-2007.jpg\" alt=\"\" width=\"557\" height=\"287\" srcset=\"https:\/\/blogs.univ-tlse2.fr\/cerises\/files\/promotion-ardelaine-moutons-rebelles-2006-2007\/inte\u0301gration-promo-2007.jpg 557w, https:\/\/blogs.univ-tlse2.fr\/cerises\/files\/promotion-ardelaine-moutons-rebelles-2006-2007\/inte\u0301gration-promo-2007-300x154.jpg 300w\" sizes=\"auto, (max-width: 557px) 100vw, 557px\" \/><\/p>\n<p style=\"text-align: center\">Photo de Eva Gionis-Pereire, lors du <a title=\"Voyage d\u2019int\u00e9gration de la promo d\u2019Ardelaine-Les Moutons Rebelles 2006-2007\" href=\"https:\/\/blogs.univ-tlse2.fr\/cerises\/formation\/la-vie-du-master\/evenements\/voyage-dintegration-de-la-promo-dardelaine-les-moutons-rebelles-2006-2007\/\">voyage de rentr\u00e9e \u00e0 Ardelaine<\/a><\/p>\n","protected":false},"excerpt":{"rendered":"<p>Ardelaine, les moutons rebelles : du nom de la Soci\u00e9t\u00e9 Coop\u00e9rative de Production Ardelaine en Ard\u00e8che. Pierre CHEVALIER, Guirec DERRIEN, V\u00e9ronique DUCOMPS, Eva GIONIS-PEREIRE, Armelle GOMEZ, Damien LAGRANGE, Vincent LEMEE, Muriel LEROUX, Sylvie LESAGE, Olivier LIGOT, Fran\u00e7oise MAMBO, Anne MOUILLE, Ndeye Ndack NDOYE, Pascal PAVAN, Jean-Fran\u00e7ois SUBERCAZE, Florian VAIR-PIOVA Photo de Eva Gionis-Pereire, lors du [&hellip;]<\/p>\n","protected":false},"author":157,"featured_media":0,"parent":754,"menu_order":44,"comment_status":"closed","ping_status":"closed","template":"","meta":{"footnotes":""},"class_list":["post-926","page","type-page","status-publish","hentry"],"_links":{"self":[{"href":"https:\/\/blogs.univ-tlse2.fr\/cerises\/wp-json\/wp\/v2\/pages\/926","targetHints":{"allow":["GET"]}}],"collection":[{"href":"https:\/\/blogs.univ-tlse2.fr\/cerises\/wp-json\/wp\/v2\/pages"}],"about":[{"href":"https:\/\/blogs.univ-tlse2.fr\/cerises\/wp-json\/wp\/v2\/types\/page"}],"author":[{"embeddable":true,"href":"https:\/\/blogs.univ-tlse2.fr\/cerises\/wp-json\/wp\/v2\/users\/157"}],"replies":[{"embeddable":true,"href":"https:\/\/blogs.univ-tlse2.fr\/cerises\/wp-json\/wp\/v2\/comments?post=926"}],"version-history":[{"count":5,"href":"https:\/\/blogs.univ-tlse2.fr\/cerises\/wp-json\/wp\/v2\/pages\/926\/revisions"}],"predecessor-version":[{"id":2882,"href":"https:\/\/blogs.univ-tlse2.fr\/cerises\/wp-json\/wp\/v2\/pages\/926\/revisions\/2882"}],"up":[{"embeddable":true,"href":"https:\/\/blogs.univ-tlse2.fr\/cerises\/wp-json\/wp\/v2\/pages\/754"}],"wp:attachment":[{"href":"https:\/\/blogs.univ-tlse2.fr\/cerises\/wp-json\/wp\/v2\/media?parent=926"}],"curies":[{"name":"wp","href":"https:\/\/api.w.org\/{rel}","templated":true}]}}