 {"id":931,"date":"2013-01-17T11:01:57","date_gmt":"2013-01-17T10:01:57","guid":{"rendered":"https:\/\/blogs.univ-tlse2.fr\/cerises\/?page_id=931"},"modified":"2014-02-06T10:31:24","modified_gmt":"2014-02-06T09:31:24","slug":"promotion-travailler-autrement-2007-2008","status":"publish","type":"page","link":"https:\/\/blogs.univ-tlse2.fr\/cerises\/formation\/la-vie-du-master\/toutes-les-promotions\/promotion-travailler-autrement-2007-2008\/","title":{"rendered":"Promotion Travailler autrement 2007-2008"},"content":{"rendered":"<p>La soir\u00e9e des remises des dipl\u00f4mes est un des dispositifs qui permet \u00e0 l&rsquo;\u00e9quipe dirigeante du master de lier les deux promotions. Il est important de faire ce lien car la meilleure preuve de notre efficacit\u00e9 r\u00e9side dans la capacit\u00e9 des anciens \u00e9tudiants \u00e0 faire appel \u00e0 notre vivier quand des emplois se pr\u00e9sentent. Le cas du CREPI (Club r\u00e9gionaux des entreprises pour l&rsquo;insertion) est un exemple int\u00e9ressant de notre d\u00e9marche : Jean Arroucau a fait partie de la premi\u00e8re promotion et devient directeur r\u00e9gional \u00e0 Toulouse apr\u00e8s avoir fait son stage dans cette structure en 2001. Il appelle \u00e0 ses c\u00f4t\u00e9s Hugues Bernard qui vient de Rennes, suit la formation en 2002\/2003 et devient directeur d\u00e9partemental \u00e0 Castres deux ans plus tard. En 2004, c&rsquo;est le tour de Bertrand Mialhe de devenir lui aussi responsable d\u00e9partemental CREPI, \u00e0 Montauban. Enfin, Thomas Gineston, promotion 2001 est charg\u00e9 de mission au CREPI de Toulouse.<\/p>\n<p>Nom choisi suite au voyage d&rsquo;int\u00e9gration sur le Plateau de Millevaches en Limousin aupr\u00e8s de la SAPO <a href=\"http:\/\/www.ambiance-bois.com\/\" target=\"_blank\">Ambiance Bois<\/a> (membre de <a href=\"http:\/\/www.reseaurepas.free.fr\/\" target=\"_blank\">R\u00e9seau REPAS<\/a> au m\u00eame titre que les SCOP Ardelaine visit\u00e9e en 2006 et Cravirola visit\u00e9e en 2008) ainsi que de <a href=\"http:\/\/www.defilenreseaux.org\/\" target=\"_blank\">De fil en r\u00e9seaux<\/a> qui regroupe une dizaine de coop\u00e9ratives et associations du plateau.<\/p>\n<p>Ludovic HEBRARD, A\u00efcha COLY, Arthur PAILHES, Serge GUICHANDUT, C\u00e9line DUCHEMIN, Zahra ELMI, Benjamin ZAFOE, Lucie BONNENFANT<\/p>\n","protected":false},"excerpt":{"rendered":"<p>La soir\u00e9e des remises des dipl\u00f4mes est un des dispositifs qui permet \u00e0 l&rsquo;\u00e9quipe dirigeante du master de lier les deux promotions. Il est important de faire ce lien car la meilleure preuve de notre efficacit\u00e9 r\u00e9side dans la capacit\u00e9 des anciens \u00e9tudiants \u00e0 faire appel \u00e0 notre vivier quand des emplois se pr\u00e9sentent. Le [&hellip;]<\/p>\n","protected":false},"author":157,"featured_media":0,"parent":754,"menu_order":43,"comment_status":"closed","ping_status":"closed","template":"","meta":{"footnotes":""},"class_list":["post-931","page","type-page","status-publish","hentry"],"_links":{"self":[{"href":"https:\/\/blogs.univ-tlse2.fr\/cerises\/wp-json\/wp\/v2\/pages\/931","targetHints":{"allow":["GET"]}}],"collection":[{"href":"https:\/\/blogs.univ-tlse2.fr\/cerises\/wp-json\/wp\/v2\/pages"}],"about":[{"href":"https:\/\/blogs.univ-tlse2.fr\/cerises\/wp-json\/wp\/v2\/types\/page"}],"author":[{"embeddable":true,"href":"https:\/\/blogs.univ-tlse2.fr\/cerises\/wp-json\/wp\/v2\/users\/157"}],"replies":[{"embeddable":true,"href":"https:\/\/blogs.univ-tlse2.fr\/cerises\/wp-json\/wp\/v2\/comments?post=931"}],"version-history":[{"count":5,"href":"https:\/\/blogs.univ-tlse2.fr\/cerises\/wp-json\/wp\/v2\/pages\/931\/revisions"}],"predecessor-version":[{"id":2881,"href":"https:\/\/blogs.univ-tlse2.fr\/cerises\/wp-json\/wp\/v2\/pages\/931\/revisions\/2881"}],"up":[{"embeddable":true,"href":"https:\/\/blogs.univ-tlse2.fr\/cerises\/wp-json\/wp\/v2\/pages\/754"}],"wp:attachment":[{"href":"https:\/\/blogs.univ-tlse2.fr\/cerises\/wp-json\/wp\/v2\/media?parent=931"}],"curies":[{"name":"wp","href":"https:\/\/api.w.org\/{rel}","templated":true}]}}