 {"id":935,"date":"2013-01-17T11:06:20","date_gmt":"2013-01-17T10:06:20","guid":{"rendered":"https:\/\/blogs.univ-tlse2.fr\/cerises\/?page_id=935"},"modified":"2014-02-06T10:31:24","modified_gmt":"2014-02-06T09:31:24","slug":"promotion-le-maquis-2008-2009","status":"publish","type":"page","link":"https:\/\/blogs.univ-tlse2.fr\/cerises\/formation\/la-vie-du-master\/toutes-les-promotions\/promotion-le-maquis-2008-2009\/","title":{"rendered":"Promotion Le Maquis 2008-2009"},"content":{"rendered":"<p><em>Du nom du lieu d&rsquo;implantation de la <a href=\"http:\/\/www.cravirola.com\/\" target=\"_blank\">SCOP CRAVIROLA<\/a> (membre de Terres Communes) o\u00f9 s&rsquo;est d\u00e9roul\u00e9 le <a title=\"Voyage d\u2019int\u00e9gration de la promo Le Maquis 2008-2009\" href=\"https:\/\/blogs.univ-tlse2.fr\/cerises\/formation\/la-vie-du-master\/evenements\/voyage-dintegration-de-la-promo-le-maquis-2008-2009\/\" target=\"_blank\">voyage d&rsquo;int\u00e9gration<\/a>.<\/em><\/p>\n<p>Martin DOUCOT, Sa\u00efd OUAIREM, Jean de Dieu NDIZIHIWE, Eliane PAQUEREAU, Daniel SALAZAR, V\u00e9ronique DELHOM-ROCHE, Mathieu GONI, St\u00e8ve DUPUIS, Doroth\u00e9e CHALVET, Pauline DOURNAUX-LAURENT, Irina RASOARIMALA, Florie CHAZE, Khoudia NDIAYE, C\u00e9line DESCOMBES, Isma\u00ebl HAMANI<\/p>\n<p><img loading=\"lazy\" decoding=\"async\" class=\"aligncenter size-large wp-image-938\" src=\"https:\/\/blogs.univ-tlse2.fr\/cerises\/files\/promotion-le-maquis-2008-2009\/cravirola001-700x453.jpg\" alt=\"\" width=\"625\" height=\"404\" srcset=\"https:\/\/blogs.univ-tlse2.fr\/cerises\/files\/promotion-le-maquis-2008-2009\/cravirola001-700x453.jpg 700w, https:\/\/blogs.univ-tlse2.fr\/cerises\/files\/promotion-le-maquis-2008-2009\/cravirola001-300x194.jpg 300w, https:\/\/blogs.univ-tlse2.fr\/cerises\/files\/promotion-le-maquis-2008-2009\/cravirola001-624x403.jpg 624w, https:\/\/blogs.univ-tlse2.fr\/cerises\/files\/promotion-le-maquis-2008-2009\/cravirola001.jpg 1650w\" sizes=\"auto, (max-width: 625px) 100vw, 625px\" \/><\/p>\n","protected":false},"excerpt":{"rendered":"<p>Du nom du lieu d&rsquo;implantation de la SCOP CRAVIROLA (membre de Terres Communes) o\u00f9 s&rsquo;est d\u00e9roul\u00e9 le voyage d&rsquo;int\u00e9gration. Martin DOUCOT, Sa\u00efd OUAIREM, Jean de Dieu NDIZIHIWE, Eliane PAQUEREAU, Daniel SALAZAR, V\u00e9ronique DELHOM-ROCHE, Mathieu GONI, St\u00e8ve DUPUIS, Doroth\u00e9e CHALVET, Pauline DOURNAUX-LAURENT, Irina RASOARIMALA, Florie CHAZE, Khoudia NDIAYE, C\u00e9line DESCOMBES, Isma\u00ebl HAMANI<\/p>\n","protected":false},"author":157,"featured_media":0,"parent":754,"menu_order":42,"comment_status":"closed","ping_status":"closed","template":"","meta":{"footnotes":""},"class_list":["post-935","page","type-page","status-publish","hentry"],"_links":{"self":[{"href":"https:\/\/blogs.univ-tlse2.fr\/cerises\/wp-json\/wp\/v2\/pages\/935","targetHints":{"allow":["GET"]}}],"collection":[{"href":"https:\/\/blogs.univ-tlse2.fr\/cerises\/wp-json\/wp\/v2\/pages"}],"about":[{"href":"https:\/\/blogs.univ-tlse2.fr\/cerises\/wp-json\/wp\/v2\/types\/page"}],"author":[{"embeddable":true,"href":"https:\/\/blogs.univ-tlse2.fr\/cerises\/wp-json\/wp\/v2\/users\/157"}],"replies":[{"embeddable":true,"href":"https:\/\/blogs.univ-tlse2.fr\/cerises\/wp-json\/wp\/v2\/comments?post=935"}],"version-history":[{"count":5,"href":"https:\/\/blogs.univ-tlse2.fr\/cerises\/wp-json\/wp\/v2\/pages\/935\/revisions"}],"predecessor-version":[{"id":2880,"href":"https:\/\/blogs.univ-tlse2.fr\/cerises\/wp-json\/wp\/v2\/pages\/935\/revisions\/2880"}],"up":[{"embeddable":true,"href":"https:\/\/blogs.univ-tlse2.fr\/cerises\/wp-json\/wp\/v2\/pages\/754"}],"wp:attachment":[{"href":"https:\/\/blogs.univ-tlse2.fr\/cerises\/wp-json\/wp\/v2\/media?parent=935"}],"curies":[{"name":"wp","href":"https:\/\/api.w.org\/{rel}","templated":true}]}}