 {"id":940,"date":"2013-01-17T11:11:28","date_gmt":"2013-01-17T10:11:28","guid":{"rendered":"https:\/\/blogs.univ-tlse2.fr\/cerises\/?page_id=940"},"modified":"2014-02-06T10:31:24","modified_gmt":"2014-02-06T09:31:24","slug":"promotion-court-circuit-2009-2010","status":"publish","type":"page","link":"https:\/\/blogs.univ-tlse2.fr\/cerises\/formation\/la-vie-du-master\/toutes-les-promotions\/promotion-court-circuit-2009-2010\/","title":{"rendered":"Promotion Court-Circuit 2009-2010"},"content":{"rendered":"<p>Le voyage d&rsquo;int\u00e9gration s&rsquo;est d\u00e9roul\u00e9 dans le Pays Basque fran\u00e7ais entre Itxassou et Saint-Palais. La premi\u00e8re demi-journ\u00e9e nous a permis de rencontrer le g\u00e9rant de la <a href=\"http:\/\/www.loreki.fr\/\" target=\"_blank\">SCOP LOREKI<\/a> constitu\u00e9e de 20 soci\u00e9taires travaillant dans la valorisation de d\u00e9chets verts et de cuisine. Puis nous avons pass\u00e9 une matin\u00e9e \u00e0 la f\u00e9d\u00e9ration ARRAPITZ qui r\u00e9unit 13 coop\u00e9ratives et associations rurales et agricoles dont nous avons pu d\u00e9guster certains produits. Enfin, la coop\u00e9rative Eztigar nous a pr\u00e9sent\u00e9 quelques aspects de la coop\u00e9ration agricole.<\/p>\n<p>B\u00e9rang\u00e8re ALCOUFFE, Gloria ATENCIA MARTINEZ, Jean-Claude BRISSE, Fran\u00e7ois FAMELI, Agn\u00e8s GAIGNEUX DUSASTRE, Marion GONZALEZ, Pierre GOUT, Chlo\u00e9 GRASSI, Guillaume HARMAND, Julie HIRSCHSPIELER, Geoffroy NGUEMA NZE, Amadou Moustapha NIANG, Mathilde NOUGEIN, Lukas POLICAR, Nora PRIMUS<\/p>\n","protected":false},"excerpt":{"rendered":"<p>Le voyage d&rsquo;int\u00e9gration s&rsquo;est d\u00e9roul\u00e9 dans le Pays Basque fran\u00e7ais entre Itxassou et Saint-Palais. La premi\u00e8re demi-journ\u00e9e nous a permis de rencontrer le g\u00e9rant de la SCOP LOREKI constitu\u00e9e de 20 soci\u00e9taires travaillant dans la valorisation de d\u00e9chets verts et de cuisine. Puis nous avons pass\u00e9 une matin\u00e9e \u00e0 la f\u00e9d\u00e9ration ARRAPITZ qui r\u00e9unit 13 [&hellip;]<\/p>\n","protected":false},"author":157,"featured_media":0,"parent":754,"menu_order":41,"comment_status":"closed","ping_status":"closed","template":"","meta":{"footnotes":""},"class_list":["post-940","page","type-page","status-publish","hentry"],"_links":{"self":[{"href":"https:\/\/blogs.univ-tlse2.fr\/cerises\/wp-json\/wp\/v2\/pages\/940","targetHints":{"allow":["GET"]}}],"collection":[{"href":"https:\/\/blogs.univ-tlse2.fr\/cerises\/wp-json\/wp\/v2\/pages"}],"about":[{"href":"https:\/\/blogs.univ-tlse2.fr\/cerises\/wp-json\/wp\/v2\/types\/page"}],"author":[{"embeddable":true,"href":"https:\/\/blogs.univ-tlse2.fr\/cerises\/wp-json\/wp\/v2\/users\/157"}],"replies":[{"embeddable":true,"href":"https:\/\/blogs.univ-tlse2.fr\/cerises\/wp-json\/wp\/v2\/comments?post=940"}],"version-history":[{"count":3,"href":"https:\/\/blogs.univ-tlse2.fr\/cerises\/wp-json\/wp\/v2\/pages\/940\/revisions"}],"predecessor-version":[{"id":2879,"href":"https:\/\/blogs.univ-tlse2.fr\/cerises\/wp-json\/wp\/v2\/pages\/940\/revisions\/2879"}],"up":[{"embeddable":true,"href":"https:\/\/blogs.univ-tlse2.fr\/cerises\/wp-json\/wp\/v2\/pages\/754"}],"wp:attachment":[{"href":"https:\/\/blogs.univ-tlse2.fr\/cerises\/wp-json\/wp\/v2\/media?parent=940"}],"curies":[{"name":"wp","href":"https:\/\/api.w.org\/{rel}","templated":true}]}}