 {"id":948,"date":"2013-01-17T10:50:02","date_gmt":"2013-01-17T09:50:02","guid":{"rendered":"https:\/\/blogs.univ-tlse2.fr\/cerises\/?page_id=948"},"modified":"2014-02-06T10:31:40","modified_gmt":"2014-02-06T09:31:40","slug":"mondragon","status":"publish","type":"page","link":"https:\/\/blogs.univ-tlse2.fr\/cerises\/formation\/la-vie-du-master\/toutes-les-promotions\/mondragon\/","title":{"rendered":"Promotion Mondragon 2003-2004"},"content":{"rendered":"<p>Du nom du complexe coop\u00e9ratif de Mondragon dans le Pays Basque espagnol.<\/p>\n<p>Ana\u00efs BOURRY, Emmanuelle FAURT, Juliette FRANZ, Fabrice JOCKIN, Anne LAFARGUE, Claire LANDAT, Adeline MAUREL,Bertrand MIALHE, Mamar MESSAOUI, Nadine MESSIAS, S\u00e9bastien PAULET, Val\u00e9rie PRUKOP, Mananahari RAKOTOARISOLO, Pascale RE<\/p>\n<p><a href=\"https:\/\/blogs.univ-tlse2.fr\/cerises\/files\/promotion-mondragon-2003-2004\/Promotion-Mondragon.pdf\">&gt; T\u00e9l\u00e9chargez la pr\u00e9sentation d\u00e9taill\u00e9e<\/a><\/p>\n","protected":false},"excerpt":{"rendered":"<p>Du nom du complexe coop\u00e9ratif de Mondragon dans le Pays Basque espagnol. Ana\u00efs BOURRY, Emmanuelle FAURT, Juliette FRANZ, Fabrice JOCKIN, Anne LAFARGUE, Claire LANDAT, Adeline MAUREL,Bertrand MIALHE, Mamar MESSAOUI, Nadine MESSIAS, S\u00e9bastien PAULET, Val\u00e9rie PRUKOP, Mananahari RAKOTOARISOLO, Pascale RE &gt; T\u00e9l\u00e9chargez la pr\u00e9sentation d\u00e9taill\u00e9e<\/p>\n","protected":false},"author":157,"featured_media":0,"parent":754,"menu_order":47,"comment_status":"closed","ping_status":"open","template":"","meta":{"footnotes":""},"class_list":["post-948","page","type-page","status-publish","hentry"],"_links":{"self":[{"href":"https:\/\/blogs.univ-tlse2.fr\/cerises\/wp-json\/wp\/v2\/pages\/948","targetHints":{"allow":["GET"]}}],"collection":[{"href":"https:\/\/blogs.univ-tlse2.fr\/cerises\/wp-json\/wp\/v2\/pages"}],"about":[{"href":"https:\/\/blogs.univ-tlse2.fr\/cerises\/wp-json\/wp\/v2\/types\/page"}],"author":[{"embeddable":true,"href":"https:\/\/blogs.univ-tlse2.fr\/cerises\/wp-json\/wp\/v2\/users\/157"}],"replies":[{"embeddable":true,"href":"https:\/\/blogs.univ-tlse2.fr\/cerises\/wp-json\/wp\/v2\/comments?post=948"}],"version-history":[{"count":34,"href":"https:\/\/blogs.univ-tlse2.fr\/cerises\/wp-json\/wp\/v2\/pages\/948\/revisions"}],"predecessor-version":[{"id":2885,"href":"https:\/\/blogs.univ-tlse2.fr\/cerises\/wp-json\/wp\/v2\/pages\/948\/revisions\/2885"}],"up":[{"embeddable":true,"href":"https:\/\/blogs.univ-tlse2.fr\/cerises\/wp-json\/wp\/v2\/pages\/754"}],"wp:attachment":[{"href":"https:\/\/blogs.univ-tlse2.fr\/cerises\/wp-json\/wp\/v2\/media?parent=948"}],"curies":[{"name":"wp","href":"https:\/\/api.w.org\/{rel}","templated":true}]}}