 {"id":129,"date":"2021-02-04T19:28:14","date_gmt":"2021-02-04T18:28:14","guid":{"rendered":"https:\/\/blogs.univ-tlse2.fr\/chilenlacalle\/?page_id=129"},"modified":"2021-02-13T13:44:53","modified_gmt":"2021-02-13T12:44:53","slug":"rappel-historique","status":"publish","type":"page","link":"https:\/\/blogs.univ-tlse2.fr\/chilenlacalle\/rappel-historique\/","title":{"rendered":"RAPPEL HISTORIQUE"},"content":{"rendered":"\n<div class=\"wp-block-columns is-layout-flex wp-container-core-columns-is-layout-9d6595d7 wp-block-columns-is-layout-flex\">\n<div class=\"wp-block-column is-layout-flow wp-block-column-is-layout-flow\"><\/div>\n\n\n\n<div class=\"wp-block-column is-layout-flow wp-block-column-is-layout-flow\"><\/div>\n<\/div>\n\n\n\n<div class=\"wp-block-columns is-layout-flex wp-container-core-columns-is-layout-9d6595d7 wp-block-columns-is-layout-flex\">\n<div class=\"wp-block-column is-layout-flow wp-block-column-is-layout-flow\">\n<p>Salvador Allende est un homme politique chilien n\u00e9 en 1908 \u00e0 Santiago et mort en 1973 dans la m\u00eame ville. Il a \u00e9t\u00e9 pr\u00e9sident du Chili entre 1970 et 1973. Il commence \u00e0 s&rsquo;int\u00e9resser \u00e0 la politique lors de ses \u00e9tudes de m\u00e9decine o\u00f9 il rejoint le parti socialiste (dont il est l\u2019un des cofondateurs) et prend part \u00e0 diverses actions politiques men\u00e9es par des associations \u00e9tudiantes dans lesquelles il s\u2019engage avec ferveur.<\/p>\n<\/div>\n\n\n\n<div class=\"wp-block-column is-layout-flow wp-block-column-is-layout-flow\">\n<p><em>Salvador Allende fue un pol\u00edtico chileno que naci\u00f3 en 1908 en Santiago y falleci\u00f3 en 1973 en la misma ciudad. Fue presidente de Chile entre 1970 y 1973. Comenz\u00f3 a interesarse en la pol\u00edtica cuando cursaba sus estudios en medicina, \u00e9poca en la que se uni\u00f3 al partido socialista&nbsp; (del cual \u00e9l fue uno de los fundadores) y tom\u00f3 parte en diferentes actividades pol\u00edticas llevadas a cabo por asociaciones estudiantiles en las que se comprometi\u00f3 fervorosamente.<\/em><\/p>\n<\/div>\n<\/div>\n\n\n\n<figure class=\"wp-block-gallery aligncenter columns-1 is-cropped wp-block-gallery-1 is-layout-flex wp-block-gallery-is-layout-flex\"><ul class=\"blocks-gallery-grid\"><li class=\"blocks-gallery-item\"><figure><img loading=\"lazy\" decoding=\"async\" width=\"247\" height=\"334\" src=\"https:\/\/blogs.univ-tlse2.fr\/chilenlacalle\/files\/2021\/02\/allende2-1.png\" alt=\"\" data-id=\"406\" data-full-url=\"https:\/\/blogs.univ-tlse2.fr\/chilenlacalle\/files\/2021\/02\/allende2-1.png\" data-link=\"https:\/\/blogs.univ-tlse2.fr\/chilenlacalle\/rappel-historique\/allende2-1\/\" class=\"wp-image-406\" srcset=\"https:\/\/blogs.univ-tlse2.fr\/chilenlacalle\/files\/2021\/02\/allende2-1.png 247w, https:\/\/blogs.univ-tlse2.fr\/chilenlacalle\/files\/2021\/02\/allende2-1-222x300.png 222w\" sizes=\"auto, (max-width: 247px) 100vw, 247px\" \/><figcaption class=\"blocks-gallery-item__caption\">Salvador Allende, (1908-1973)<\/figcaption><\/figure><\/li><\/ul><\/figure>\n\n\n\n<div class=\"wp-block-columns is-layout-flex wp-container-core-columns-is-layout-9d6595d7 wp-block-columns-is-layout-flex\">\n<div class=\"wp-block-column is-layout-flow wp-block-column-is-layout-flow\">\n<p>Avant d\u2019\u00eatre \u00e9lu pr\u00e9sident en 1970 (avec 36,6% des voix), \u00e0 la t\u00eate de la coalition de gauche de l\u2019Unit\u00e9 Populaire (<em>Unidad Popular<\/em>), il s\u2019\u00e9tait d\u00e9j\u00e0 pr\u00e9sent\u00e9 \u00e0 la pr\u00e9sidentielle en 1958, puis une seconde fois en 1964. Au cours de son mandat, il a mis un point d\u2019honneur \u00e0 renouer de bonnes relations avec ses voisins latinoam\u00e9ricains, mais \u00e9galement \u00e0 d\u00e9fendre son projet de \u201cvoie chilienne au socialisme\u201d, qu\u2019il voulait non arm\u00e9e (\u00e0 la diff\u00e9rence de l\u2019exp\u00e9rience cubaine) et l\u00e9galiste. En pleine guerre froide, Allende est le premier candidat ouvertement marxiste et anti-imp\u00e9rialiste qui gagne par les urnes la t\u00eate d\u2019un pays du monde occidental[1].<\/p>\n<\/div>\n\n\n\n<div class=\"wp-block-column is-layout-flow wp-block-column-is-layout-flow\">\n<p><em>Antes de ser elegido presidente en 1970 (con un 36,6 % de los votos), liderando la coalici\u00f3n de izquierda de la Uni\u00f3n Popular, ya se hab\u00eda presentado una primera vez a las candidaturas presidenciales de 1958 y una segunda vez en 1964. Durante su mandato se comprometi\u00f3 a renovar las buenas relaciones con sus vecinos latinoamericanos pero igualmente a defender el proyecto de la \u201cv\u00eda chilena hacia el socialismo\u201d, el cual quer\u00eda sin armas (a diferencia del caso cubano) y formalista. En plena guerra fr\u00eda, Allende fue el primer candidato abiertamente marxista e anti-imperialista en ganar en las urnas el liderazgo de un pa\u00eds occidental[1].<\/em><\/p>\n\n\n\n<p><\/p>\n<\/div>\n<\/div>\n\n\n\n<figure class=\"wp-block-gallery columns-1 is-cropped wp-block-gallery-2 is-layout-flex wp-block-gallery-is-layout-flex\"><ul class=\"blocks-gallery-grid\"><li class=\"blocks-gallery-item\"><figure><img loading=\"lazy\" decoding=\"async\" width=\"1024\" height=\"678\" src=\"https:\/\/blogs.univ-tlse2.fr\/chilenlacalle\/files\/2021\/02\/allende-1-1024x678.png\" alt=\"\" data-id=\"408\" data-full-url=\"https:\/\/blogs.univ-tlse2.fr\/chilenlacalle\/files\/2021\/02\/allende-1.png\" data-link=\"https:\/\/blogs.univ-tlse2.fr\/chilenlacalle\/rappel-historique\/allende-1\/\" class=\"wp-image-408\" srcset=\"https:\/\/blogs.univ-tlse2.fr\/chilenlacalle\/files\/2021\/02\/allende-1-1024x678.png 1024w, https:\/\/blogs.univ-tlse2.fr\/chilenlacalle\/files\/2021\/02\/allende-1-300x199.png 300w, https:\/\/blogs.univ-tlse2.fr\/chilenlacalle\/files\/2021\/02\/allende-1-768x509.png 768w, https:\/\/blogs.univ-tlse2.fr\/chilenlacalle\/files\/2021\/02\/allende-1-676x448.png 676w, https:\/\/blogs.univ-tlse2.fr\/chilenlacalle\/files\/2021\/02\/allende-1.png 1200w\" sizes=\"auto, (max-width: 1024px) 100vw, 1024px\" \/><figcaption class=\"blocks-gallery-item__caption\">Manifestation en support de Salvador Allende<\/figcaption><\/figure><\/li><\/ul><\/figure>\n\n\n\n<div class=\"wp-block-columns is-layout-flex wp-container-core-columns-is-layout-9d6595d7 wp-block-columns-is-layout-flex\">\n<div class=\"wp-block-column is-layout-flow wp-block-column-is-layout-flow\">\n<p>\u00ab <em>La revoluci\u00f3n con vino tinto y empanadas<\/em> \u00bb, soutenue par le parti socialiste, le parti communiste, des organisations chr\u00e9tiennes, mais aussi par un puissant mouvement ouvrier, symbolisait la possibilit\u00e9 pour toute une partie de la gauche mondiale qu\u2019un petit pays capitaliste du \u201cTiers-monde\u201d comme le Chili puisse effectuer une transition d\u00e9mocratique et pacifique vers le socialisme[2]. L&rsquo;Unit\u00e9 Populaire a nourri une soif d&rsquo;esp\u00e9rances et de transformation sociale dans un pays appauvri, alors qu\u2019il poss\u00e9dait la premi\u00e8re r\u00e9serve de cuivre au monde (essentiellement aux mains des Etats-Unis). Durant ces ann\u00e9es, le niveau de politisation, de mobilisation et, y compris, de polarisation de toute la soci\u00e9t\u00e9, \u00e9tait tr\u00e8s fort. Le Chili vivait dans une atmosph\u00e8re d&rsquo;assembl\u00e9es, d&rsquo;auto-organisation, de manifestations, mais aussi de grande cr\u00e9ativit\u00e9 culturelle. Les syndicats ouvriers et paysans, les f\u00e9d\u00e9rations \u00e9tudiantes, l\u2019\u00c9glise, les associations de voisins et m\u00eame les familles, parlaient du futur de la nation et \u00e9taient travers\u00e9s par de nombreux d\u00e9bats, conflits et r\u00eaves. Le gouvernement de l\u2019UP a, depuis ses d\u00e9buts, d\u00fb affronter l\u2019hostilit\u00e9 de \u201cl\u2019oligarchie\u201d du pays, d\u2019une grande partie de la presse et des grands propri\u00e9taires (menac\u00e9s par la politique de r\u00e9forme agraire et de nationalisation de l&rsquo;ex\u00e9cutif), mais aussi les menaces permanentes de coup d&rsquo;\u00c9tat et l&rsquo;interventionnisme syst\u00e9matique du gouvernement Nixon. Apr\u00e8s une premi\u00e8re p\u00e9riode marqu\u00e9e par l\u2019expansion \u00e9conomique et de grandes r\u00e9formes populaires (dont la nationalisation du cuivre), d\u00e8s 1972 d\u00e9bute une p\u00e9riode d\u2019affrontements sociaux, de tentative de paralysie \u00e9conomique de la part des secteurs hostiles \u00e0 Allende et de crise \u00e9conomique, [3].<\/p>\n<\/div>\n\n\n\n<div class=\"wp-block-column is-layout-flow wp-block-column-is-layout-flow\">\n<p><em>La revoluci\u00f3n con vino tinto y empanadas\u201d incentivada por el partido socialista, el partido comunista, algunas organizaciones cristianas, pero tambi\u00e9n un fuerte movimiento obrero, simboliz\u00f3 la posibilidad para una parte de la izquierda del mundo entero que un peque\u00f1o pa\u00eds capitalista y tercermundista pudiese tener una transici\u00f3n democr\u00e1tica y pac\u00edfica hacia el socialismo. La Unidad Popular aviv\u00f3 las esperanzas de una transformaci\u00f3n social en un pa\u00eds empobrecido a\u00fan teniendo las mayores reservas de cobre del mundo (primordialmente en manos de los Estados Unidos). Durante estos a\u00f1os, los niveles de politizaci\u00f3n, de movilizaci\u00f3n e incluso de polarizaci\u00f3n de la sociedad fueron altos. En Chile se viv\u00eda en un ambiente de asambleas, autoorganizaci\u00f3n y manifestaciones pero sobre todo de gran creatividad cultural. Los sindicatos obreros y campesinos, las federaciones estudiantiles, la Iglesia, las asociaciones de vecinos e incluso las familias, hablaban del futuro de la naci\u00f3n y se encontraban al medio de una intersecci\u00f3n de debates, conflictos y sue\u00f1os. El gobierno de la UP tuvo que afrontar, desde sus inicios, la hostilidad de \u201cla oligarqu\u00eda\u201d del pa\u00eds, de la prensa, as\u00ed como de los grandes terratenientes (amenazados por la reforma agraria y la nacionalizaci\u00f3n del ejecutivo), adem\u00e1s de las constantes amenazas de golpe de Estado y de intervenci\u00f3n del gobierno de Nixon. Luego de un primer periodo caracterizado por la expansi\u00f3n econ\u00f3mica y de grandes reformas populares como la nacionalizaci\u00f3n de la extracci\u00f3n del cobre, a partir de 1972 comenz\u00f3 un nuevo periodo de enfrentamientos sociales, intentos de par\u00e1lisis econ\u00f3mica por parte de la oposici\u00f3n de Allende y de crisis econ\u00f3mica<\/em>. [3]<\/p>\n<\/div>\n<\/div>\n\n\n\n<div class=\"wp-block-columns is-layout-flex wp-container-core-columns-is-layout-9d6595d7 wp-block-columns-is-layout-flex\">\n<div class=\"wp-block-column is-layout-flow wp-block-column-is-layout-flow\">\n<p>Le 11 septembre 1973, un coup d\u2019\u00c9tat militaire men\u00e9 par le G\u00e9n\u00e9ral Pinochet (et activement soutenu par Washington) met fin \u00e0 ces mille jours de processus r\u00e9volutionnaire. Allende s\u2019enl\u00e8ve la vie le m\u00eame jour au sein du palais de la Moneda sous les bombes putschistes. D\u00e9butent alors 16 ann\u00e9es de dictature n\u00e9olib\u00e9rale (1973-1989) [4].&nbsp;<\/p>\n<\/div>\n\n\n\n<div class=\"wp-block-column is-layout-flow wp-block-column-is-layout-flow\">\n<p><em>El 11 de septiembre de 1973, el golpe de Estado encabezado por el General Pinochet (y apoyado activamente desde Washington) puso fin a mil d\u00edas de proceso revolucionario. Allende se quit\u00f3 la vida ese mismo d\u00eda estando al interior del Palacio de la Moneda bajo las bombas golpistas. Fue as\u00ed como comenzaron 16 a\u00f1os de dictadura neoliberal (1973-1989)<\/em> [4].<\/p>\n<\/div>\n<\/div>\n\n\n\n<hr class=\"wp-block-separator\" \/>\n\n\n\n<p>[1] Biblioteca del congreso nacional de Chile, Rese\u00f1a biogr\u00e1fica de Salvador Allende Gossens, presidente de la rep\u00fablica de Chile, [en ligne], disponible sur <span class=\"has-inline-color has-light-gray-color\">&lt;<a href=\"https:\/\/www.bcn.cl\/\">https:\/\/www.bcn.cl\/<\/a>&gt;.<\/span><\/p>\n\n\n\n<p>[2] Franck Gaudichaud, <em>Chili 1970-1973. Mille jours qui \u00e9branl\u00e8rent le monde<\/em>, Presses Universitaires de Rennes, Rennes, 2013.&nbsp;<\/p>\n\n\n\n<p>[3] Peter Winn, <em>La revoluci\u00f3n chilena<\/em>, LOM, Santiago, 2013.<\/p>\n\n\n\n<p>[4] Carlos Huneeus, <em>El R\u00e9gimen de Pinochet<\/em>, Editorial Sudamericana, Santiago, 2000.&nbsp;<\/p>\n\n\n\n<p><\/p>\n","protected":false},"excerpt":{"rendered":"<p>Salvador Allende est un homme politique chilien n\u00e9 en 1908 \u00e0 Santiago et mort en 1973 dans la m\u00eame ville. Il a \u00e9t\u00e9 pr\u00e9sident du Chili entre 1970 et 1973. Il commence \u00e0 s&rsquo;int\u00e9resser \u00e0 la politique lors de ses \u00e9tudes de m\u00e9decine o\u00f9 il rejoint le parti socialiste (dont il est l\u2019un des cofondateurs) [&hellip;]<\/p>\n","protected":false},"author":877,"featured_media":0,"parent":0,"menu_order":0,"comment_status":"closed","ping_status":"closed","template":"","meta":{"footnotes":""},"class_list":["post-129","page","type-page","status-publish","hentry","post-preview"],"_links":{"self":[{"href":"https:\/\/blogs.univ-tlse2.fr\/chilenlacalle\/wp-json\/wp\/v2\/pages\/129","targetHints":{"allow":["GET"]}}],"collection":[{"href":"https:\/\/blogs.univ-tlse2.fr\/chilenlacalle\/wp-json\/wp\/v2\/pages"}],"about":[{"href":"https:\/\/blogs.univ-tlse2.fr\/chilenlacalle\/wp-json\/wp\/v2\/types\/page"}],"author":[{"embeddable":true,"href":"https:\/\/blogs.univ-tlse2.fr\/chilenlacalle\/wp-json\/wp\/v2\/users\/877"}],"replies":[{"embeddable":true,"href":"https:\/\/blogs.univ-tlse2.fr\/chilenlacalle\/wp-json\/wp\/v2\/comments?post=129"}],"version-history":[{"count":20,"href":"https:\/\/blogs.univ-tlse2.fr\/chilenlacalle\/wp-json\/wp\/v2\/pages\/129\/revisions"}],"predecessor-version":[{"id":428,"href":"https:\/\/blogs.univ-tlse2.fr\/chilenlacalle\/wp-json\/wp\/v2\/pages\/129\/revisions\/428"}],"wp:attachment":[{"href":"https:\/\/blogs.univ-tlse2.fr\/chilenlacalle\/wp-json\/wp\/v2\/media?parent=129"}],"curies":[{"name":"wp","href":"https:\/\/api.w.org\/{rel}","templated":true}]}}