 {"id":142,"date":"2021-02-05T22:47:02","date_gmt":"2021-02-05T21:47:02","guid":{"rendered":"https:\/\/blogs.univ-tlse2.fr\/chilenlacalle\/?page_id=142"},"modified":"2021-02-15T18:34:33","modified_gmt":"2021-02-15T17:34:33","slug":"caiozzama","status":"publish","type":"page","link":"https:\/\/blogs.univ-tlse2.fr\/chilenlacalle\/caiozzama\/","title":{"rendered":"@CAIOZZAMA"},"content":{"rendered":"\n<p class=\"has-drop-cap\">Claudio Caiozzi est un artiste muraliste chilien n\u00e9 en 1981. Apr\u00e8s des ann\u00e9es pass\u00e9es en Europe, il revient au Chili en 2014. M\u00ealant l\u2019actualit\u00e9 internationale et les in\u00e9galit\u00e9s sociales, il questionne dans ses \u0153uvres les d\u00e9rives de notre \u00e8re : consum\u00e9risme, r\u00e9seaux sociaux, crise migratoire en Europe, malnutrition, violences polici\u00e8res. Depuis le d\u00e9but du soul\u00e8vement chilien en 2019, il s\u2019est enti\u00e8rement consacr\u00e9 \u00e0 la diffusion des\u00a0 revendications populaires et \u00e0 la d\u00e9nonciation de l\u2019autoritarisme gouvernemental.\u00a0 Aujourd\u2019hui, il est consid\u00e9r\u00e9 comme une figure embl\u00e9matique du collage et de l\u2019art de rue chilien. Vous pouvez le retrouver dans les rues de Santiago et sur Instagram sous le pseudonyme @Caiozzama.\u00a0\u00a0<\/p>\n\n\n\n<div class=\"wp-block-columns is-layout-flex wp-container-core-columns-is-layout-9d6595d7 wp-block-columns-is-layout-flex\">\n<div class=\"wp-block-column is-layout-flow wp-block-column-is-layout-flow\">\n<figure class=\"wp-block-gallery columns-1 is-cropped wp-block-gallery-1 is-layout-flex wp-block-gallery-is-layout-flex\"><ul class=\"blocks-gallery-grid\"><li class=\"blocks-gallery-item\"><figure><img loading=\"lazy\" decoding=\"async\" width=\"1024\" height=\"905\" src=\"https:\/\/blogs.univ-tlse2.fr\/chilenlacalle\/files\/2021\/02\/149657886_418731615886957_6692671297867307064_n-2-1024x905.jpg\" alt=\"\" data-id=\"602\" data-full-url=\"https:\/\/blogs.univ-tlse2.fr\/chilenlacalle\/files\/2021\/02\/149657886_418731615886957_6692671297867307064_n-2.jpg\" data-link=\"https:\/\/blogs.univ-tlse2.fr\/chilenlacalle\/caiozzama\/149657886_418731615886957_6692671297867307064_n-2\/\" class=\"wp-image-602\" srcset=\"https:\/\/blogs.univ-tlse2.fr\/chilenlacalle\/files\/2021\/02\/149657886_418731615886957_6692671297867307064_n-2-1024x905.jpg 1024w, https:\/\/blogs.univ-tlse2.fr\/chilenlacalle\/files\/2021\/02\/149657886_418731615886957_6692671297867307064_n-2-300x265.jpg 300w, https:\/\/blogs.univ-tlse2.fr\/chilenlacalle\/files\/2021\/02\/149657886_418731615886957_6692671297867307064_n-2-768x679.jpg 768w, https:\/\/blogs.univ-tlse2.fr\/chilenlacalle\/files\/2021\/02\/149657886_418731615886957_6692671297867307064_n-2-676x598.jpg 676w, https:\/\/blogs.univ-tlse2.fr\/chilenlacalle\/files\/2021\/02\/149657886_418731615886957_6692671297867307064_n-2.jpg 1080w\" sizes=\"auto, (max-width: 1024px) 100vw, 1024px\" \/><\/figure><\/li><\/ul><\/figure>\n\n\n\n<figure class=\"wp-block-gallery columns-1 is-cropped wp-block-gallery-2 is-layout-flex wp-block-gallery-is-layout-flex\"><ul class=\"blocks-gallery-grid\"><li class=\"blocks-gallery-item\"><figure><img loading=\"lazy\" decoding=\"async\" width=\"1024\" height=\"949\" src=\"https:\/\/blogs.univ-tlse2.fr\/chilenlacalle\/files\/2021\/02\/149865972_508100633700616_4664010925457666973_n-2-1024x949.jpg\" alt=\"\" data-id=\"600\" data-full-url=\"https:\/\/blogs.univ-tlse2.fr\/chilenlacalle\/files\/2021\/02\/149865972_508100633700616_4664010925457666973_n-2.jpg\" data-link=\"https:\/\/blogs.univ-tlse2.fr\/chilenlacalle\/caiozzama\/149865972_508100633700616_4664010925457666973_n-2\/\" class=\"wp-image-600\" srcset=\"https:\/\/blogs.univ-tlse2.fr\/chilenlacalle\/files\/2021\/02\/149865972_508100633700616_4664010925457666973_n-2-1024x949.jpg 1024w, https:\/\/blogs.univ-tlse2.fr\/chilenlacalle\/files\/2021\/02\/149865972_508100633700616_4664010925457666973_n-2-300x278.jpg 300w, https:\/\/blogs.univ-tlse2.fr\/chilenlacalle\/files\/2021\/02\/149865972_508100633700616_4664010925457666973_n-2-768x712.jpg 768w, https:\/\/blogs.univ-tlse2.fr\/chilenlacalle\/files\/2021\/02\/149865972_508100633700616_4664010925457666973_n-2-676x627.jpg 676w, https:\/\/blogs.univ-tlse2.fr\/chilenlacalle\/files\/2021\/02\/149865972_508100633700616_4664010925457666973_n-2.jpg 1080w\" sizes=\"auto, (max-width: 1024px) 100vw, 1024px\" \/><\/figure><\/li><\/ul><\/figure>\n<\/div>\n\n\n\n<div class=\"wp-block-column is-layout-flow wp-block-column-is-layout-flow\">\n<figure class=\"wp-block-gallery columns-1 is-cropped wp-block-gallery-3 is-layout-flex wp-block-gallery-is-layout-flex\"><ul class=\"blocks-gallery-grid\"><li class=\"blocks-gallery-item\"><figure><img loading=\"lazy\" decoding=\"async\" width=\"1024\" height=\"834\" src=\"https:\/\/blogs.univ-tlse2.fr\/chilenlacalle\/files\/2021\/02\/149984580_133508741965044_3699280752163941764_n-2-1024x834.jpg\" alt=\"\" data-id=\"603\" data-full-url=\"https:\/\/blogs.univ-tlse2.fr\/chilenlacalle\/files\/2021\/02\/149984580_133508741965044_3699280752163941764_n-2.jpg\" data-link=\"https:\/\/blogs.univ-tlse2.fr\/chilenlacalle\/caiozzama\/149984580_133508741965044_3699280752163941764_n-2\/\" class=\"wp-image-603\" srcset=\"https:\/\/blogs.univ-tlse2.fr\/chilenlacalle\/files\/2021\/02\/149984580_133508741965044_3699280752163941764_n-2-1024x834.jpg 1024w, https:\/\/blogs.univ-tlse2.fr\/chilenlacalle\/files\/2021\/02\/149984580_133508741965044_3699280752163941764_n-2-300x244.jpg 300w, https:\/\/blogs.univ-tlse2.fr\/chilenlacalle\/files\/2021\/02\/149984580_133508741965044_3699280752163941764_n-2-768x626.jpg 768w, https:\/\/blogs.univ-tlse2.fr\/chilenlacalle\/files\/2021\/02\/149984580_133508741965044_3699280752163941764_n-2-676x551.jpg 676w, https:\/\/blogs.univ-tlse2.fr\/chilenlacalle\/files\/2021\/02\/149984580_133508741965044_3699280752163941764_n-2.jpg 1080w\" sizes=\"auto, (max-width: 1024px) 100vw, 1024px\" \/><\/figure><\/li><\/ul><\/figure>\n\n\n\n<figure class=\"wp-block-gallery columns-1 is-cropped wp-block-gallery-4 is-layout-flex wp-block-gallery-is-layout-flex\"><ul class=\"blocks-gallery-grid\"><li class=\"blocks-gallery-item\"><figure><img loading=\"lazy\" decoding=\"async\" width=\"1024\" height=\"1024\" src=\"https:\/\/blogs.univ-tlse2.fr\/chilenlacalle\/files\/2021\/02\/149851678_2205398126265096_5204039845705800528_n-1-1-1024x1024.jpg\" alt=\"\" data-id=\"598\" data-full-url=\"https:\/\/blogs.univ-tlse2.fr\/chilenlacalle\/files\/2021\/02\/149851678_2205398126265096_5204039845705800528_n-1-1.jpg\" data-link=\"https:\/\/blogs.univ-tlse2.fr\/chilenlacalle\/caiozzama\/149851678_2205398126265096_5204039845705800528_n-1-1\/\" class=\"wp-image-598\" srcset=\"https:\/\/blogs.univ-tlse2.fr\/chilenlacalle\/files\/2021\/02\/149851678_2205398126265096_5204039845705800528_n-1-1-1024x1024.jpg 1024w, https:\/\/blogs.univ-tlse2.fr\/chilenlacalle\/files\/2021\/02\/149851678_2205398126265096_5204039845705800528_n-1-1-300x300.jpg 300w, https:\/\/blogs.univ-tlse2.fr\/chilenlacalle\/files\/2021\/02\/149851678_2205398126265096_5204039845705800528_n-1-1-150x150.jpg 150w, https:\/\/blogs.univ-tlse2.fr\/chilenlacalle\/files\/2021\/02\/149851678_2205398126265096_5204039845705800528_n-1-1-768x767.jpg 768w, https:\/\/blogs.univ-tlse2.fr\/chilenlacalle\/files\/2021\/02\/149851678_2205398126265096_5204039845705800528_n-1-1-676x675.jpg 676w, https:\/\/blogs.univ-tlse2.fr\/chilenlacalle\/files\/2021\/02\/149851678_2205398126265096_5204039845705800528_n-1-1.jpg 1080w\" sizes=\"auto, (max-width: 1024px) 100vw, 1024px\" \/><\/figure><\/li><\/ul><\/figure>\n<\/div>\n<\/div>\n\n\n\n<div class=\"wp-block-columns is-layout-flex wp-container-core-columns-is-layout-9d6595d7 wp-block-columns-is-layout-flex\">\n<div class=\"wp-block-column is-layout-flow wp-block-column-is-layout-flow\">\n<figure class=\"wp-block-gallery columns-1 is-cropped wp-block-gallery-5 is-layout-flex wp-block-gallery-is-layout-flex\"><ul class=\"blocks-gallery-grid\"><li class=\"blocks-gallery-item\"><figure><img loading=\"lazy\" decoding=\"async\" width=\"1004\" height=\"1024\" src=\"https:\/\/blogs.univ-tlse2.fr\/chilenlacalle\/files\/2021\/02\/149913916_487826995577429_6478205714539567089_n-1004x1024.jpg\" alt=\"\" data-id=\"666\" data-full-url=\"https:\/\/blogs.univ-tlse2.fr\/chilenlacalle\/files\/2021\/02\/149913916_487826995577429_6478205714539567089_n.jpg\" data-link=\"https:\/\/blogs.univ-tlse2.fr\/chilenlacalle\/caiozzama\/149913916_487826995577429_6478205714539567089_n\/\" class=\"wp-image-666\" srcset=\"https:\/\/blogs.univ-tlse2.fr\/chilenlacalle\/files\/2021\/02\/149913916_487826995577429_6478205714539567089_n-1004x1024.jpg 1004w, https:\/\/blogs.univ-tlse2.fr\/chilenlacalle\/files\/2021\/02\/149913916_487826995577429_6478205714539567089_n-294x300.jpg 294w, https:\/\/blogs.univ-tlse2.fr\/chilenlacalle\/files\/2021\/02\/149913916_487826995577429_6478205714539567089_n-768x783.jpg 768w, https:\/\/blogs.univ-tlse2.fr\/chilenlacalle\/files\/2021\/02\/149913916_487826995577429_6478205714539567089_n-676x689.jpg 676w, https:\/\/blogs.univ-tlse2.fr\/chilenlacalle\/files\/2021\/02\/149913916_487826995577429_6478205714539567089_n.jpg 1069w\" sizes=\"auto, (max-width: 1004px) 100vw, 1004px\" \/><\/figure><\/li><\/ul><\/figure>\n<\/div>\n\n\n\n<div class=\"wp-block-column is-layout-flow wp-block-column-is-layout-flow\">\n<figure class=\"wp-block-gallery columns-1 is-cropped wp-block-gallery-6 is-layout-flex wp-block-gallery-is-layout-flex\"><ul class=\"blocks-gallery-grid\"><li class=\"blocks-gallery-item\"><figure><img loading=\"lazy\" decoding=\"async\" width=\"1024\" height=\"1015\" src=\"https:\/\/blogs.univ-tlse2.fr\/chilenlacalle\/files\/2021\/02\/149912725_249431113379576_3446211867592369457_n-1024x1015.jpg\" alt=\"\" data-id=\"667\" data-full-url=\"https:\/\/blogs.univ-tlse2.fr\/chilenlacalle\/files\/2021\/02\/149912725_249431113379576_3446211867592369457_n.jpg\" data-link=\"https:\/\/blogs.univ-tlse2.fr\/chilenlacalle\/caiozzama\/149912725_249431113379576_3446211867592369457_n\/\" class=\"wp-image-667\" srcset=\"https:\/\/blogs.univ-tlse2.fr\/chilenlacalle\/files\/2021\/02\/149912725_249431113379576_3446211867592369457_n-1024x1015.jpg 1024w, https:\/\/blogs.univ-tlse2.fr\/chilenlacalle\/files\/2021\/02\/149912725_249431113379576_3446211867592369457_n-300x297.jpg 300w, https:\/\/blogs.univ-tlse2.fr\/chilenlacalle\/files\/2021\/02\/149912725_249431113379576_3446211867592369457_n-150x150.jpg 150w, https:\/\/blogs.univ-tlse2.fr\/chilenlacalle\/files\/2021\/02\/149912725_249431113379576_3446211867592369457_n-768x762.jpg 768w, https:\/\/blogs.univ-tlse2.fr\/chilenlacalle\/files\/2021\/02\/149912725_249431113379576_3446211867592369457_n-676x670.jpg 676w, https:\/\/blogs.univ-tlse2.fr\/chilenlacalle\/files\/2021\/02\/149912725_249431113379576_3446211867592369457_n.jpg 1075w\" sizes=\"auto, (max-width: 1024px) 100vw, 1024px\" \/><\/figure><\/li><\/ul><\/figure>\n<\/div>\n\n\n\n<div class=\"wp-block-column is-layout-flow wp-block-column-is-layout-flow\">\n<figure class=\"wp-block-gallery columns-1 is-cropped wp-block-gallery-7 is-layout-flex wp-block-gallery-is-layout-flex\"><ul class=\"blocks-gallery-grid\"><li class=\"blocks-gallery-item\"><figure><img loading=\"lazy\" decoding=\"async\" width=\"1024\" height=\"1019\" src=\"https:\/\/blogs.univ-tlse2.fr\/chilenlacalle\/files\/2021\/02\/150650879_906648046802706_4888881557271888484_n-1024x1019.jpg\" alt=\"\" data-id=\"669\" data-full-url=\"https:\/\/blogs.univ-tlse2.fr\/chilenlacalle\/files\/2021\/02\/150650879_906648046802706_4888881557271888484_n.jpg\" data-link=\"https:\/\/blogs.univ-tlse2.fr\/chilenlacalle\/caiozzama\/150650879_906648046802706_4888881557271888484_n\/\" class=\"wp-image-669\" srcset=\"https:\/\/blogs.univ-tlse2.fr\/chilenlacalle\/files\/2021\/02\/150650879_906648046802706_4888881557271888484_n-1024x1019.jpg 1024w, https:\/\/blogs.univ-tlse2.fr\/chilenlacalle\/files\/2021\/02\/150650879_906648046802706_4888881557271888484_n-300x300.jpg 300w, https:\/\/blogs.univ-tlse2.fr\/chilenlacalle\/files\/2021\/02\/150650879_906648046802706_4888881557271888484_n-150x150.jpg 150w, https:\/\/blogs.univ-tlse2.fr\/chilenlacalle\/files\/2021\/02\/150650879_906648046802706_4888881557271888484_n-768x764.jpg 768w, https:\/\/blogs.univ-tlse2.fr\/chilenlacalle\/files\/2021\/02\/150650879_906648046802706_4888881557271888484_n-676x673.jpg 676w, https:\/\/blogs.univ-tlse2.fr\/chilenlacalle\/files\/2021\/02\/150650879_906648046802706_4888881557271888484_n.jpg 1076w\" sizes=\"auto, (max-width: 1024px) 100vw, 1024px\" \/><\/figure><\/li><\/ul><\/figure>\n<\/div>\n<\/div>\n\n\n\n<div class=\"wp-block-columns is-layout-flex wp-container-core-columns-is-layout-9d6595d7 wp-block-columns-is-layout-flex\">\n<div class=\"wp-block-column is-layout-flow wp-block-column-is-layout-flow\">\n<figure class=\"wp-block-gallery columns-1 is-cropped wp-block-gallery-8 is-layout-flex wp-block-gallery-is-layout-flex\"><ul class=\"blocks-gallery-grid\"><li class=\"blocks-gallery-item\"><figure><img loading=\"lazy\" decoding=\"async\" width=\"1024\" height=\"1011\" src=\"https:\/\/blogs.univ-tlse2.fr\/chilenlacalle\/files\/2021\/02\/149810551_1069331156902764_4707572280891042676_n-1024x1011.jpg\" alt=\"\" data-id=\"670\" data-full-url=\"https:\/\/blogs.univ-tlse2.fr\/chilenlacalle\/files\/2021\/02\/149810551_1069331156902764_4707572280891042676_n.jpg\" data-link=\"https:\/\/blogs.univ-tlse2.fr\/chilenlacalle\/caiozzama\/149810551_1069331156902764_4707572280891042676_n\/\" class=\"wp-image-670\" srcset=\"https:\/\/blogs.univ-tlse2.fr\/chilenlacalle\/files\/2021\/02\/149810551_1069331156902764_4707572280891042676_n-1024x1011.jpg 1024w, https:\/\/blogs.univ-tlse2.fr\/chilenlacalle\/files\/2021\/02\/149810551_1069331156902764_4707572280891042676_n-300x296.jpg 300w, https:\/\/blogs.univ-tlse2.fr\/chilenlacalle\/files\/2021\/02\/149810551_1069331156902764_4707572280891042676_n-768x758.jpg 768w, https:\/\/blogs.univ-tlse2.fr\/chilenlacalle\/files\/2021\/02\/149810551_1069331156902764_4707572280891042676_n-676x667.jpg 676w, https:\/\/blogs.univ-tlse2.fr\/chilenlacalle\/files\/2021\/02\/149810551_1069331156902764_4707572280891042676_n.jpg 1071w\" sizes=\"auto, (max-width: 1024px) 100vw, 1024px\" \/><\/figure><\/li><\/ul><\/figure>\n<\/div>\n\n\n\n<div class=\"wp-block-column is-layout-flow wp-block-column-is-layout-flow\">\n<figure class=\"wp-block-gallery columns-1 is-cropped wp-block-gallery-9 is-layout-flex wp-block-gallery-is-layout-flex\"><ul class=\"blocks-gallery-grid\"><li class=\"blocks-gallery-item\"><figure><img loading=\"lazy\" decoding=\"async\" width=\"1024\" height=\"1019\" src=\"https:\/\/blogs.univ-tlse2.fr\/chilenlacalle\/files\/2021\/02\/150650879_906648046802706_4888881557271888484_n-1-1024x1019.jpg\" alt=\"\" data-id=\"671\" data-full-url=\"https:\/\/blogs.univ-tlse2.fr\/chilenlacalle\/files\/2021\/02\/150650879_906648046802706_4888881557271888484_n-1.jpg\" data-link=\"https:\/\/blogs.univ-tlse2.fr\/chilenlacalle\/caiozzama\/150650879_906648046802706_4888881557271888484_n-1\/\" class=\"wp-image-671\" srcset=\"https:\/\/blogs.univ-tlse2.fr\/chilenlacalle\/files\/2021\/02\/150650879_906648046802706_4888881557271888484_n-1-1024x1019.jpg 1024w, https:\/\/blogs.univ-tlse2.fr\/chilenlacalle\/files\/2021\/02\/150650879_906648046802706_4888881557271888484_n-1-300x300.jpg 300w, https:\/\/blogs.univ-tlse2.fr\/chilenlacalle\/files\/2021\/02\/150650879_906648046802706_4888881557271888484_n-1-150x150.jpg 150w, https:\/\/blogs.univ-tlse2.fr\/chilenlacalle\/files\/2021\/02\/150650879_906648046802706_4888881557271888484_n-1-768x764.jpg 768w, https:\/\/blogs.univ-tlse2.fr\/chilenlacalle\/files\/2021\/02\/150650879_906648046802706_4888881557271888484_n-1-676x673.jpg 676w, https:\/\/blogs.univ-tlse2.fr\/chilenlacalle\/files\/2021\/02\/150650879_906648046802706_4888881557271888484_n-1.jpg 1076w\" sizes=\"auto, (max-width: 1024px) 100vw, 1024px\" \/><\/figure><\/li><\/ul><\/figure>\n<\/div>\n<\/div>\n\n\n\n<figure class=\"wp-block-gallery columns-1 is-cropped wp-block-gallery-10 is-layout-flex wp-block-gallery-is-layout-flex\"><ul class=\"blocks-gallery-grid\"><li class=\"blocks-gallery-item\"><figure><img loading=\"lazy\" decoding=\"async\" width=\"808\" height=\"1024\" src=\"https:\/\/blogs.univ-tlse2.fr\/chilenlacalle\/files\/2021\/02\/150406147_934141804060055_2317395536631619572_n-808x1024.jpg\" alt=\"\" data-id=\"674\" data-full-url=\"https:\/\/blogs.univ-tlse2.fr\/chilenlacalle\/files\/2021\/02\/150406147_934141804060055_2317395536631619572_n.jpg\" data-link=\"https:\/\/blogs.univ-tlse2.fr\/chilenlacalle\/caiozzama\/150406147_934141804060055_2317395536631619572_n\/\" class=\"wp-image-674\" srcset=\"https:\/\/blogs.univ-tlse2.fr\/chilenlacalle\/files\/2021\/02\/150406147_934141804060055_2317395536631619572_n-808x1024.jpg 808w, https:\/\/blogs.univ-tlse2.fr\/chilenlacalle\/files\/2021\/02\/150406147_934141804060055_2317395536631619572_n-237x300.jpg 237w, https:\/\/blogs.univ-tlse2.fr\/chilenlacalle\/files\/2021\/02\/150406147_934141804060055_2317395536631619572_n-768x974.jpg 768w, https:\/\/blogs.univ-tlse2.fr\/chilenlacalle\/files\/2021\/02\/150406147_934141804060055_2317395536631619572_n-676x857.jpg 676w, https:\/\/blogs.univ-tlse2.fr\/chilenlacalle\/files\/2021\/02\/150406147_934141804060055_2317395536631619572_n.jpg 1080w\" sizes=\"auto, (max-width: 808px) 100vw, 808px\" \/><\/figure><\/li><\/ul><\/figure>\n\n\n\n<figure class=\"wp-block-video\"><video controls src=\"https:\/\/prismes.univ-toulouse.fr\/video.php?code=Oh83y2p6&amp;width=100\"><\/video><\/figure>\n","protected":false},"excerpt":{"rendered":"<p>Claudio Caiozzi est un artiste muraliste chilien n\u00e9 en 1981. Apr\u00e8s des ann\u00e9es pass\u00e9es en Europe, il revient au Chili en 2014. M\u00ealant l\u2019actualit\u00e9 internationale et les in\u00e9galit\u00e9s sociales, il questionne dans ses \u0153uvres les d\u00e9rives de notre \u00e8re : consum\u00e9risme, r\u00e9seaux sociaux, crise migratoire en Europe, malnutrition, violences polici\u00e8res. Depuis le d\u00e9but du soul\u00e8vement [&hellip;]<\/p>\n","protected":false},"author":877,"featured_media":0,"parent":0,"menu_order":0,"comment_status":"closed","ping_status":"closed","template":"","meta":{"footnotes":""},"class_list":["post-142","page","type-page","status-publish","hentry","post-preview"],"_links":{"self":[{"href":"https:\/\/blogs.univ-tlse2.fr\/chilenlacalle\/wp-json\/wp\/v2\/pages\/142","targetHints":{"allow":["GET"]}}],"collection":[{"href":"https:\/\/blogs.univ-tlse2.fr\/chilenlacalle\/wp-json\/wp\/v2\/pages"}],"about":[{"href":"https:\/\/blogs.univ-tlse2.fr\/chilenlacalle\/wp-json\/wp\/v2\/types\/page"}],"author":[{"embeddable":true,"href":"https:\/\/blogs.univ-tlse2.fr\/chilenlacalle\/wp-json\/wp\/v2\/users\/877"}],"replies":[{"embeddable":true,"href":"https:\/\/blogs.univ-tlse2.fr\/chilenlacalle\/wp-json\/wp\/v2\/comments?post=142"}],"version-history":[{"count":13,"href":"https:\/\/blogs.univ-tlse2.fr\/chilenlacalle\/wp-json\/wp\/v2\/pages\/142\/revisions"}],"predecessor-version":[{"id":727,"href":"https:\/\/blogs.univ-tlse2.fr\/chilenlacalle\/wp-json\/wp\/v2\/pages\/142\/revisions\/727"}],"wp:attachment":[{"href":"https:\/\/blogs.univ-tlse2.fr\/chilenlacalle\/wp-json\/wp\/v2\/media?parent=142"}],"curies":[{"name":"wp","href":"https:\/\/api.w.org\/{rel}","templated":true}]}}