 {"id":160,"date":"2021-02-05T22:51:24","date_gmt":"2021-02-05T21:51:24","guid":{"rendered":"https:\/\/blogs.univ-tlse2.fr\/chilenlacalle\/?page_id=160"},"modified":"2021-02-14T16:12:53","modified_gmt":"2021-02-14T15:12:53","slug":"delight_lab_oficial","status":"publish","type":"page","link":"https:\/\/blogs.univ-tlse2.fr\/chilenlacalle\/delight_lab_oficial\/","title":{"rendered":"@DELIGHT_LAB_OFICIAL"},"content":{"rendered":"\n<p><\/p>\n\n\n\n<p class=\"has-drop-cap has-large-font-size\">Derri\u00e8re le collectif @Delightlab se cachent un fr\u00e8re et une s\u0153ur&nbsp; : Germ\u00e1n Octavio Gana Mu\u00f1oz et Andrea Catalina Gana Mu\u00f1oz. C\u2019est \u00e0 partir d\u2019un travail esth\u00e9tique autour de la lumi\u00e8re et de la vid\u00e9o-projection dans le cadre d\u2019un projet universitaire en 2009, qu\u2019ils d\u00e9veloppent leur technique artistique qui m\u00eale l\u2019utilisation de la lumi\u00e8re, de l\u2019espace et de la vid\u00e9o. Aujourd\u2019hui, ils revendiquent leurs positions \u00e0 travers des projections lumineuses sur des b\u00e2timents afin d\u2019interpeller et d\u2019alerter la population chilienne sur de nombreuses th\u00e9matiques: la lutte Mapuche, les revendications populaires de 2019, le d\u00e9sastre environnemental dans les \u201czones de sacrifices\u201d, la lutte f\u00e9ministe. D\u00e9couvrez leurs \u0153uvres sur leur compte Instagram sous le pseudonyme \u201cdelight_lab_oficial\u201d ou sur leur site delightlab.com.<\/p>\n\n\n\n<div class=\"wp-block-group\"><div class=\"wp-block-group__inner-container is-layout-flow wp-block-group-is-layout-flow\">\n<div class=\"wp-block-columns is-layout-flex wp-container-core-columns-is-layout-9d6595d7 wp-block-columns-is-layout-flex\">\n<div class=\"wp-block-column is-layout-flow wp-block-column-is-layout-flow\"><\/div>\n\n\n\n<div class=\"wp-block-column is-layout-flow wp-block-column-is-layout-flow\"><\/div>\n\n\n\n<div class=\"wp-block-column is-layout-flow wp-block-column-is-layout-flow\"><\/div>\n<\/div>\n<\/div><\/div>\n\n\n\n<div class=\"wp-block-columns is-layout-flex wp-container-core-columns-is-layout-9d6595d7 wp-block-columns-is-layout-flex\">\n<div class=\"wp-block-column is-layout-flow wp-block-column-is-layout-flow\">\n<figure class=\"wp-block-gallery columns-1 is-cropped wp-block-gallery-1 is-layout-flex wp-block-gallery-is-layout-flex\"><ul class=\"blocks-gallery-grid\"><li class=\"blocks-gallery-item\"><figure><img loading=\"lazy\" decoding=\"async\" width=\"831\" height=\"1024\" src=\"https:\/\/blogs.univ-tlse2.fr\/chilenlacalle\/files\/2021\/02\/149910517_136805111630296_4873373763179526726_n-1-831x1024.jpg\" alt=\"\" data-id=\"501\" data-full-url=\"https:\/\/blogs.univ-tlse2.fr\/chilenlacalle\/files\/2021\/02\/149910517_136805111630296_4873373763179526726_n-1.jpg\" data-link=\"https:\/\/blogs.univ-tlse2.fr\/chilenlacalle\/delight_lab_oficial\/149910517_136805111630296_4873373763179526726_n-1\/\" class=\"wp-image-501\" srcset=\"https:\/\/blogs.univ-tlse2.fr\/chilenlacalle\/files\/2021\/02\/149910517_136805111630296_4873373763179526726_n-1-831x1024.jpg 831w, https:\/\/blogs.univ-tlse2.fr\/chilenlacalle\/files\/2021\/02\/149910517_136805111630296_4873373763179526726_n-1-243x300.jpg 243w, https:\/\/blogs.univ-tlse2.fr\/chilenlacalle\/files\/2021\/02\/149910517_136805111630296_4873373763179526726_n-1-768x946.jpg 768w, https:\/\/blogs.univ-tlse2.fr\/chilenlacalle\/files\/2021\/02\/149910517_136805111630296_4873373763179526726_n-1-676x833.jpg 676w, https:\/\/blogs.univ-tlse2.fr\/chilenlacalle\/files\/2021\/02\/149910517_136805111630296_4873373763179526726_n-1.jpg 1080w\" sizes=\"auto, (max-width: 831px) 100vw, 831px\" \/><\/figure><\/li><\/ul><\/figure>\n<\/div>\n\n\n\n<div class=\"wp-block-column is-layout-flow wp-block-column-is-layout-flow\">\n<figure class=\"wp-block-gallery columns-1 is-cropped wp-block-gallery-2 is-layout-flex wp-block-gallery-is-layout-flex\"><ul class=\"blocks-gallery-grid\"><li class=\"blocks-gallery-item\"><figure><img loading=\"lazy\" decoding=\"async\" width=\"823\" height=\"1024\" src=\"https:\/\/blogs.univ-tlse2.fr\/chilenlacalle\/files\/2021\/02\/149743609_529259401388120_7123896269612955218_n-2-823x1024.jpg\" alt=\"\" data-id=\"505\" data-full-url=\"https:\/\/blogs.univ-tlse2.fr\/chilenlacalle\/files\/2021\/02\/149743609_529259401388120_7123896269612955218_n-2.jpg\" data-link=\"https:\/\/blogs.univ-tlse2.fr\/chilenlacalle\/delight_lab_oficial\/149743609_529259401388120_7123896269612955218_n-2\/\" class=\"wp-image-505\" srcset=\"https:\/\/blogs.univ-tlse2.fr\/chilenlacalle\/files\/2021\/02\/149743609_529259401388120_7123896269612955218_n-2-823x1024.jpg 823w, https:\/\/blogs.univ-tlse2.fr\/chilenlacalle\/files\/2021\/02\/149743609_529259401388120_7123896269612955218_n-2-241x300.jpg 241w, https:\/\/blogs.univ-tlse2.fr\/chilenlacalle\/files\/2021\/02\/149743609_529259401388120_7123896269612955218_n-2-768x956.jpg 768w, https:\/\/blogs.univ-tlse2.fr\/chilenlacalle\/files\/2021\/02\/149743609_529259401388120_7123896269612955218_n-2-676x841.jpg 676w, https:\/\/blogs.univ-tlse2.fr\/chilenlacalle\/files\/2021\/02\/149743609_529259401388120_7123896269612955218_n-2.jpg 1080w\" sizes=\"auto, (max-width: 823px) 100vw, 823px\" \/><\/figure><\/li><\/ul><\/figure>\n<\/div>\n<\/div>\n\n\n\n<div class=\"wp-block-columns is-layout-flex wp-container-core-columns-is-layout-9d6595d7 wp-block-columns-is-layout-flex\">\n<div class=\"wp-block-column is-layout-flow wp-block-column-is-layout-flow\">\n<figure class=\"wp-block-gallery columns-1 is-cropped wp-block-gallery-3 is-layout-flex wp-block-gallery-is-layout-flex\"><ul class=\"blocks-gallery-grid\"><li class=\"blocks-gallery-item\"><figure><img loading=\"lazy\" decoding=\"async\" width=\"741\" height=\"1024\" src=\"https:\/\/blogs.univ-tlse2.fr\/chilenlacalle\/files\/2021\/02\/149888466_2918250101764907_8675673108873636382_n-741x1024.jpg\" alt=\"\" data-id=\"646\" data-full-url=\"https:\/\/blogs.univ-tlse2.fr\/chilenlacalle\/files\/2021\/02\/149888466_2918250101764907_8675673108873636382_n.jpg\" data-link=\"https:\/\/blogs.univ-tlse2.fr\/chilenlacalle\/delight_lab_oficial\/149888466_2918250101764907_8675673108873636382_n\/\" class=\"wp-image-646\" srcset=\"https:\/\/blogs.univ-tlse2.fr\/chilenlacalle\/files\/2021\/02\/149888466_2918250101764907_8675673108873636382_n-741x1024.jpg 741w, https:\/\/blogs.univ-tlse2.fr\/chilenlacalle\/files\/2021\/02\/149888466_2918250101764907_8675673108873636382_n-217x300.jpg 217w, https:\/\/blogs.univ-tlse2.fr\/chilenlacalle\/files\/2021\/02\/149888466_2918250101764907_8675673108873636382_n-768x1062.jpg 768w, https:\/\/blogs.univ-tlse2.fr\/chilenlacalle\/files\/2021\/02\/149888466_2918250101764907_8675673108873636382_n-676x935.jpg 676w, https:\/\/blogs.univ-tlse2.fr\/chilenlacalle\/files\/2021\/02\/149888466_2918250101764907_8675673108873636382_n.jpg 1080w\" sizes=\"auto, (max-width: 741px) 100vw, 741px\" \/><\/figure><\/li><\/ul><\/figure>\n<\/div>\n\n\n\n<div class=\"wp-block-column is-layout-flow wp-block-column-is-layout-flow\">\n<figure class=\"wp-block-gallery columns-1 is-cropped wp-block-gallery-4 is-layout-flex wp-block-gallery-is-layout-flex\"><ul class=\"blocks-gallery-grid\"><li class=\"blocks-gallery-item\"><figure><img loading=\"lazy\" decoding=\"async\" width=\"685\" height=\"1024\" src=\"https:\/\/blogs.univ-tlse2.fr\/chilenlacalle\/files\/2021\/02\/149818602_496543471743243_6022512428514163075_n-4-685x1024.jpg\" alt=\"\" data-id=\"652\" data-full-url=\"https:\/\/blogs.univ-tlse2.fr\/chilenlacalle\/files\/2021\/02\/149818602_496543471743243_6022512428514163075_n-4.jpg\" data-link=\"https:\/\/blogs.univ-tlse2.fr\/chilenlacalle\/delight_lab_oficial\/149818602_496543471743243_6022512428514163075_n-4\/\" class=\"wp-image-652\" srcset=\"https:\/\/blogs.univ-tlse2.fr\/chilenlacalle\/files\/2021\/02\/149818602_496543471743243_6022512428514163075_n-4-685x1024.jpg 685w, https:\/\/blogs.univ-tlse2.fr\/chilenlacalle\/files\/2021\/02\/149818602_496543471743243_6022512428514163075_n-4-201x300.jpg 201w, https:\/\/blogs.univ-tlse2.fr\/chilenlacalle\/files\/2021\/02\/149818602_496543471743243_6022512428514163075_n-4-768x1148.jpg 768w, https:\/\/blogs.univ-tlse2.fr\/chilenlacalle\/files\/2021\/02\/149818602_496543471743243_6022512428514163075_n-4-1028x1536.jpg 1028w, https:\/\/blogs.univ-tlse2.fr\/chilenlacalle\/files\/2021\/02\/149818602_496543471743243_6022512428514163075_n-4-676x1010.jpg 676w, https:\/\/blogs.univ-tlse2.fr\/chilenlacalle\/files\/2021\/02\/149818602_496543471743243_6022512428514163075_n-4.jpg 1080w\" sizes=\"auto, (max-width: 685px) 100vw, 685px\" \/><\/figure><\/li><\/ul><\/figure>\n<\/div>\n<\/div>\n\n\n\n<div class=\"wp-block-columns is-layout-flex wp-container-core-columns-is-layout-9d6595d7 wp-block-columns-is-layout-flex\">\n<div class=\"wp-block-column is-layout-flow wp-block-column-is-layout-flow\">\n<figure class=\"wp-block-gallery columns-1 is-cropped wp-block-gallery-5 is-layout-flex wp-block-gallery-is-layout-flex\"><ul class=\"blocks-gallery-grid\"><li class=\"blocks-gallery-item\"><figure><img loading=\"lazy\" decoding=\"async\" width=\"679\" height=\"1024\" src=\"https:\/\/blogs.univ-tlse2.fr\/chilenlacalle\/files\/2021\/02\/149829243_1022964184895008_2633821918506680221_n-1-679x1024.jpg\" alt=\"\" data-id=\"507\" data-full-url=\"https:\/\/blogs.univ-tlse2.fr\/chilenlacalle\/files\/2021\/02\/149829243_1022964184895008_2633821918506680221_n-1.jpg\" data-link=\"https:\/\/blogs.univ-tlse2.fr\/chilenlacalle\/delight_lab_oficial\/149829243_1022964184895008_2633821918506680221_n-1\/\" class=\"wp-image-507\" srcset=\"https:\/\/blogs.univ-tlse2.fr\/chilenlacalle\/files\/2021\/02\/149829243_1022964184895008_2633821918506680221_n-1-679x1024.jpg 679w, https:\/\/blogs.univ-tlse2.fr\/chilenlacalle\/files\/2021\/02\/149829243_1022964184895008_2633821918506680221_n-1-199x300.jpg 199w, https:\/\/blogs.univ-tlse2.fr\/chilenlacalle\/files\/2021\/02\/149829243_1022964184895008_2633821918506680221_n-1-768x1158.jpg 768w, https:\/\/blogs.univ-tlse2.fr\/chilenlacalle\/files\/2021\/02\/149829243_1022964184895008_2633821918506680221_n-1-1019x1536.jpg 1019w, https:\/\/blogs.univ-tlse2.fr\/chilenlacalle\/files\/2021\/02\/149829243_1022964184895008_2633821918506680221_n-1-676x1019.jpg 676w, https:\/\/blogs.univ-tlse2.fr\/chilenlacalle\/files\/2021\/02\/149829243_1022964184895008_2633821918506680221_n-1.jpg 1080w\" sizes=\"auto, (max-width: 679px) 100vw, 679px\" \/><\/figure><\/li><\/ul><\/figure>\n<\/div>\n\n\n\n<div class=\"wp-block-column is-layout-flow wp-block-column-is-layout-flow\">\n<figure class=\"wp-block-gallery columns-1 is-cropped wp-block-gallery-6 is-layout-flex wp-block-gallery-is-layout-flex\"><ul class=\"blocks-gallery-grid\"><li class=\"blocks-gallery-item\"><figure><img loading=\"lazy\" decoding=\"async\" width=\"822\" height=\"1024\" src=\"https:\/\/blogs.univ-tlse2.fr\/chilenlacalle\/files\/2021\/02\/149891299_136097685034354_1339436162415017629_n-3-822x1024.jpg\" alt=\"\" data-id=\"653\" data-full-url=\"https:\/\/blogs.univ-tlse2.fr\/chilenlacalle\/files\/2021\/02\/149891299_136097685034354_1339436162415017629_n-3.jpg\" data-link=\"https:\/\/blogs.univ-tlse2.fr\/chilenlacalle\/delight_lab_oficial\/149891299_136097685034354_1339436162415017629_n-3\/\" class=\"wp-image-653\" srcset=\"https:\/\/blogs.univ-tlse2.fr\/chilenlacalle\/files\/2021\/02\/149891299_136097685034354_1339436162415017629_n-3-822x1024.jpg 822w, https:\/\/blogs.univ-tlse2.fr\/chilenlacalle\/files\/2021\/02\/149891299_136097685034354_1339436162415017629_n-3-241x300.jpg 241w, https:\/\/blogs.univ-tlse2.fr\/chilenlacalle\/files\/2021\/02\/149891299_136097685034354_1339436162415017629_n-3-768x956.jpg 768w, https:\/\/blogs.univ-tlse2.fr\/chilenlacalle\/files\/2021\/02\/149891299_136097685034354_1339436162415017629_n-3-676x842.jpg 676w, https:\/\/blogs.univ-tlse2.fr\/chilenlacalle\/files\/2021\/02\/149891299_136097685034354_1339436162415017629_n-3.jpg 1080w\" sizes=\"auto, (max-width: 822px) 100vw, 822px\" \/><\/figure><\/li><\/ul><\/figure>\n<\/div>\n<\/div>\n\n\n\n<div class=\"wp-block-columns is-layout-flex wp-container-core-columns-is-layout-9d6595d7 wp-block-columns-is-layout-flex\">\n<div class=\"wp-block-column is-layout-flow wp-block-column-is-layout-flow\">\n<figure class=\"wp-block-gallery columns-1 is-cropped wp-block-gallery-7 is-layout-flex wp-block-gallery-is-layout-flex\"><ul class=\"blocks-gallery-grid\"><li class=\"blocks-gallery-item\"><figure><img loading=\"lazy\" decoding=\"async\" width=\"810\" height=\"1024\" src=\"https:\/\/blogs.univ-tlse2.fr\/chilenlacalle\/files\/2021\/02\/149984585_3858252300967057_8067342966021960713_n-810x1024.jpg\" alt=\"\" data-id=\"655\" data-full-url=\"https:\/\/blogs.univ-tlse2.fr\/chilenlacalle\/files\/2021\/02\/149984585_3858252300967057_8067342966021960713_n.jpg\" data-link=\"https:\/\/blogs.univ-tlse2.fr\/chilenlacalle\/delight_lab_oficial\/149984585_3858252300967057_8067342966021960713_n\/\" class=\"wp-image-655\" srcset=\"https:\/\/blogs.univ-tlse2.fr\/chilenlacalle\/files\/2021\/02\/149984585_3858252300967057_8067342966021960713_n-810x1024.jpg 810w, https:\/\/blogs.univ-tlse2.fr\/chilenlacalle\/files\/2021\/02\/149984585_3858252300967057_8067342966021960713_n-237x300.jpg 237w, https:\/\/blogs.univ-tlse2.fr\/chilenlacalle\/files\/2021\/02\/149984585_3858252300967057_8067342966021960713_n-768x971.jpg 768w, https:\/\/blogs.univ-tlse2.fr\/chilenlacalle\/files\/2021\/02\/149984585_3858252300967057_8067342966021960713_n-676x855.jpg 676w, https:\/\/blogs.univ-tlse2.fr\/chilenlacalle\/files\/2021\/02\/149984585_3858252300967057_8067342966021960713_n.jpg 1070w\" sizes=\"auto, (max-width: 810px) 100vw, 810px\" \/><\/figure><\/li><\/ul><\/figure>\n<\/div>\n\n\n\n<div class=\"wp-block-column is-layout-flow wp-block-column-is-layout-flow\">\n<figure class=\"wp-block-gallery columns-1 is-cropped wp-block-gallery-8 is-layout-flex wp-block-gallery-is-layout-flex\"><ul class=\"blocks-gallery-grid\"><li class=\"blocks-gallery-item\"><figure><img loading=\"lazy\" decoding=\"async\" width=\"812\" height=\"1024\" src=\"https:\/\/blogs.univ-tlse2.fr\/chilenlacalle\/files\/2021\/02\/149894789_2490803621225470_2466573534228500323_n-812x1024.jpg\" alt=\"\" data-id=\"657\" data-full-url=\"https:\/\/blogs.univ-tlse2.fr\/chilenlacalle\/files\/2021\/02\/149894789_2490803621225470_2466573534228500323_n.jpg\" data-link=\"https:\/\/blogs.univ-tlse2.fr\/chilenlacalle\/delight_lab_oficial\/149894789_2490803621225470_2466573534228500323_n\/\" class=\"wp-image-657\" srcset=\"https:\/\/blogs.univ-tlse2.fr\/chilenlacalle\/files\/2021\/02\/149894789_2490803621225470_2466573534228500323_n-812x1024.jpg 812w, https:\/\/blogs.univ-tlse2.fr\/chilenlacalle\/files\/2021\/02\/149894789_2490803621225470_2466573534228500323_n-238x300.jpg 238w, https:\/\/blogs.univ-tlse2.fr\/chilenlacalle\/files\/2021\/02\/149894789_2490803621225470_2466573534228500323_n-768x969.jpg 768w, https:\/\/blogs.univ-tlse2.fr\/chilenlacalle\/files\/2021\/02\/149894789_2490803621225470_2466573534228500323_n-676x853.jpg 676w, https:\/\/blogs.univ-tlse2.fr\/chilenlacalle\/files\/2021\/02\/149894789_2490803621225470_2466573534228500323_n.jpg 1064w\" sizes=\"auto, (max-width: 812px) 100vw, 812px\" \/><\/figure><\/li><\/ul><\/figure>\n<\/div>\n<\/div>\n\n\n\n<div class=\"wp-block-columns is-layout-flex wp-container-core-columns-is-layout-9d6595d7 wp-block-columns-is-layout-flex\">\n<div class=\"wp-block-column is-layout-flow wp-block-column-is-layout-flow\">\n<figure class=\"wp-block-gallery columns-1 is-cropped wp-block-gallery-9 is-layout-flex wp-block-gallery-is-layout-flex\"><ul class=\"blocks-gallery-grid\"><li class=\"blocks-gallery-item\"><figure><img loading=\"lazy\" decoding=\"async\" width=\"686\" height=\"1024\" src=\"https:\/\/blogs.univ-tlse2.fr\/chilenlacalle\/files\/2021\/02\/149790347_263658578683614_3814903084313447704_n-1-1-686x1024.jpg\" alt=\"\" data-id=\"662\" data-full-url=\"https:\/\/blogs.univ-tlse2.fr\/chilenlacalle\/files\/2021\/02\/149790347_263658578683614_3814903084313447704_n-1-1.jpg\" data-link=\"https:\/\/blogs.univ-tlse2.fr\/chilenlacalle\/delight_lab_oficial\/149790347_263658578683614_3814903084313447704_n-1-1\/\" class=\"wp-image-662\" srcset=\"https:\/\/blogs.univ-tlse2.fr\/chilenlacalle\/files\/2021\/02\/149790347_263658578683614_3814903084313447704_n-1-1-686x1024.jpg 686w, https:\/\/blogs.univ-tlse2.fr\/chilenlacalle\/files\/2021\/02\/149790347_263658578683614_3814903084313447704_n-1-1-201x300.jpg 201w, https:\/\/blogs.univ-tlse2.fr\/chilenlacalle\/files\/2021\/02\/149790347_263658578683614_3814903084313447704_n-1-1-768x1147.jpg 768w, https:\/\/blogs.univ-tlse2.fr\/chilenlacalle\/files\/2021\/02\/149790347_263658578683614_3814903084313447704_n-1-1-1028x1536.jpg 1028w, https:\/\/blogs.univ-tlse2.fr\/chilenlacalle\/files\/2021\/02\/149790347_263658578683614_3814903084313447704_n-1-1-676x1010.jpg 676w, https:\/\/blogs.univ-tlse2.fr\/chilenlacalle\/files\/2021\/02\/149790347_263658578683614_3814903084313447704_n-1-1.jpg 1080w\" sizes=\"auto, (max-width: 686px) 100vw, 686px\" \/><\/figure><\/li><\/ul><\/figure>\n<\/div>\n\n\n\n<div class=\"wp-block-column is-layout-flow wp-block-column-is-layout-flow\">\n<figure class=\"wp-block-gallery columns-1 is-cropped wp-block-gallery-10 is-layout-flex wp-block-gallery-is-layout-flex\"><ul class=\"blocks-gallery-grid\"><li class=\"blocks-gallery-item\"><figure><img loading=\"lazy\" decoding=\"async\" width=\"811\" height=\"1024\" src=\"https:\/\/blogs.univ-tlse2.fr\/chilenlacalle\/files\/2021\/02\/149782130_450696982644344_1395647430248568160_n-2-811x1024.jpg\" alt=\"\" data-id=\"663\" data-full-url=\"https:\/\/blogs.univ-tlse2.fr\/chilenlacalle\/files\/2021\/02\/149782130_450696982644344_1395647430248568160_n-2.jpg\" data-link=\"https:\/\/blogs.univ-tlse2.fr\/chilenlacalle\/delight_lab_oficial\/149782130_450696982644344_1395647430248568160_n-2\/\" class=\"wp-image-663\" srcset=\"https:\/\/blogs.univ-tlse2.fr\/chilenlacalle\/files\/2021\/02\/149782130_450696982644344_1395647430248568160_n-2-811x1024.jpg 811w, https:\/\/blogs.univ-tlse2.fr\/chilenlacalle\/files\/2021\/02\/149782130_450696982644344_1395647430248568160_n-2-238x300.jpg 238w, https:\/\/blogs.univ-tlse2.fr\/chilenlacalle\/files\/2021\/02\/149782130_450696982644344_1395647430248568160_n-2-768x970.jpg 768w, https:\/\/blogs.univ-tlse2.fr\/chilenlacalle\/files\/2021\/02\/149782130_450696982644344_1395647430248568160_n-2-676x853.jpg 676w, https:\/\/blogs.univ-tlse2.fr\/chilenlacalle\/files\/2021\/02\/149782130_450696982644344_1395647430248568160_n-2.jpg 1078w\" sizes=\"auto, (max-width: 811px) 100vw, 811px\" \/><\/figure><\/li><\/ul><\/figure>\n<\/div>\n<\/div>\n\n\n\n<div class=\"wp-block-columns is-layout-flex wp-container-core-columns-is-layout-9d6595d7 wp-block-columns-is-layout-flex\">\n<div class=\"wp-block-column is-layout-flow wp-block-column-is-layout-flow\"><\/div>\n\n\n\n<div class=\"wp-block-column is-layout-flow wp-block-column-is-layout-flow\"><\/div>\n<\/div>\n\n\n\n<figure class=\"wp-block-video\"><video controls src=\"https:\/\/prismes.univ-toulouse.fr\/video.php?code=9866u40F&amp;width=100\"><\/video><\/figure>\n\n\n","protected":false},"excerpt":{"rendered":"<p>Derri\u00e8re le collectif @Delightlab se cachent un fr\u00e8re et une s\u0153ur&nbsp; : Germ\u00e1n Octavio Gana Mu\u00f1oz et Andrea Catalina Gana Mu\u00f1oz. C\u2019est \u00e0 partir d\u2019un travail esth\u00e9tique autour de la lumi\u00e8re et de la vid\u00e9o-projection dans le cadre d\u2019un projet universitaire en 2009, qu\u2019ils d\u00e9veloppent leur technique artistique qui m\u00eale l\u2019utilisation de la lumi\u00e8re, de [&hellip;]<\/p>\n","protected":false},"author":877,"featured_media":0,"parent":0,"menu_order":0,"comment_status":"closed","ping_status":"closed","template":"","meta":{"footnotes":""},"class_list":["post-160","page","type-page","status-publish","hentry","post-preview"],"_links":{"self":[{"href":"https:\/\/blogs.univ-tlse2.fr\/chilenlacalle\/wp-json\/wp\/v2\/pages\/160","targetHints":{"allow":["GET"]}}],"collection":[{"href":"https:\/\/blogs.univ-tlse2.fr\/chilenlacalle\/wp-json\/wp\/v2\/pages"}],"about":[{"href":"https:\/\/blogs.univ-tlse2.fr\/chilenlacalle\/wp-json\/wp\/v2\/types\/page"}],"author":[{"embeddable":true,"href":"https:\/\/blogs.univ-tlse2.fr\/chilenlacalle\/wp-json\/wp\/v2\/users\/877"}],"replies":[{"embeddable":true,"href":"https:\/\/blogs.univ-tlse2.fr\/chilenlacalle\/wp-json\/wp\/v2\/comments?post=160"}],"version-history":[{"count":19,"href":"https:\/\/blogs.univ-tlse2.fr\/chilenlacalle\/wp-json\/wp\/v2\/pages\/160\/revisions"}],"predecessor-version":[{"id":665,"href":"https:\/\/blogs.univ-tlse2.fr\/chilenlacalle\/wp-json\/wp\/v2\/pages\/160\/revisions\/665"}],"wp:attachment":[{"href":"https:\/\/blogs.univ-tlse2.fr\/chilenlacalle\/wp-json\/wp\/v2\/media?parent=160"}],"curies":[{"name":"wp","href":"https:\/\/api.w.org\/{rel}","templated":true}]}}