 {"id":186,"date":"2021-02-06T18:45:45","date_gmt":"2021-02-06T17:45:45","guid":{"rendered":"https:\/\/blogs.univ-tlse2.fr\/chilenlacalle\/?page_id=186"},"modified":"2021-02-17T00:11:25","modified_gmt":"2021-02-16T23:11:25","slug":"evelatorre","status":"publish","type":"page","link":"https:\/\/blogs.univ-tlse2.fr\/chilenlacalle\/evelatorre\/","title":{"rendered":"@LALOICA"},"content":{"rendered":"\n<p class=\"has-drop-cap\">Intuitive et anticonformiste, Eve Latorre est une artiste muraliste et illustratrice. Son art s\u2019inscrit dans une volont\u00e9 de mettre en avant la culture folklorique et les minorit\u00e9s pr\u00e9sentes au Chili. D\u00e8s lors, la culture <em>Mapuche <\/em>et la nature sont des th\u00e8mes omnipr\u00e9sents dans l\u2019art pratiqu\u00e9 par Eve. La figure de Victor Jara, artiste chilien assassin\u00e9 sous le r\u00e9gime dictatorial, est elle aussi centrale dans le message voulu par La Loica. Son talent certain lui permettra de remporter plusieurs prix importants, notamment celui du Festival \u201c<em>Casa Fest\u201d <\/em>en 2020, dans la ville de Santiago. Pour plus d&rsquo;informations concernant l\u2019artiste, n\u2019h\u00e9sitez pas \u00e0 visiter sa page instagram @la.loica.\u00a0<\/p>\n\n\n\n\n\n<div class=\"wp-block-columns is-layout-flex wp-container-core-columns-is-layout-9d6595d7 wp-block-columns-is-layout-flex\">\n<div class=\"wp-block-column is-layout-flow wp-block-column-is-layout-flow\">\n<figure class=\"wp-block-gallery columns-1 is-cropped wp-block-gallery-1 is-layout-flex wp-block-gallery-is-layout-flex\"><ul class=\"blocks-gallery-grid\"><li class=\"blocks-gallery-item\"><figure><img loading=\"lazy\" decoding=\"async\" width=\"811\" height=\"1024\" src=\"https:\/\/blogs.univ-tlse2.fr\/chilenlacalle\/files\/2021\/02\/149829241_150153256940916_2578551651504484677_n-811x1024.jpg\" alt=\"\" data-id=\"619\" data-full-url=\"https:\/\/blogs.univ-tlse2.fr\/chilenlacalle\/files\/2021\/02\/149829241_150153256940916_2578551651504484677_n.jpg\" data-link=\"https:\/\/blogs.univ-tlse2.fr\/chilenlacalle\/evelatorre\/149829241_150153256940916_2578551651504484677_n\/\" class=\"wp-image-619\" srcset=\"https:\/\/blogs.univ-tlse2.fr\/chilenlacalle\/files\/2021\/02\/149829241_150153256940916_2578551651504484677_n-811x1024.jpg 811w, https:\/\/blogs.univ-tlse2.fr\/chilenlacalle\/files\/2021\/02\/149829241_150153256940916_2578551651504484677_n-238x300.jpg 238w, https:\/\/blogs.univ-tlse2.fr\/chilenlacalle\/files\/2021\/02\/149829241_150153256940916_2578551651504484677_n-768x970.jpg 768w, https:\/\/blogs.univ-tlse2.fr\/chilenlacalle\/files\/2021\/02\/149829241_150153256940916_2578551651504484677_n-676x854.jpg 676w, https:\/\/blogs.univ-tlse2.fr\/chilenlacalle\/files\/2021\/02\/149829241_150153256940916_2578551651504484677_n.jpg 1080w\" sizes=\"auto, (max-width: 811px) 100vw, 811px\" \/><\/figure><\/li><\/ul><\/figure>\n<\/div>\n\n\n\n<div class=\"wp-block-column is-layout-flow wp-block-column-is-layout-flow\">\n<figure class=\"wp-block-gallery columns-1 is-cropped wp-block-gallery-2 is-layout-flex wp-block-gallery-is-layout-flex\"><ul class=\"blocks-gallery-grid\"><li class=\"blocks-gallery-item\"><figure><img loading=\"lazy\" decoding=\"async\" width=\"814\" height=\"1024\" src=\"https:\/\/blogs.univ-tlse2.fr\/chilenlacalle\/files\/2021\/02\/149831358_297264851732909_8975213973648249864_n-814x1024.jpg\" alt=\"\" data-id=\"620\" data-full-url=\"https:\/\/blogs.univ-tlse2.fr\/chilenlacalle\/files\/2021\/02\/149831358_297264851732909_8975213973648249864_n.jpg\" data-link=\"https:\/\/blogs.univ-tlse2.fr\/chilenlacalle\/evelatorre\/149831358_297264851732909_8975213973648249864_n\/\" class=\"wp-image-620\" srcset=\"https:\/\/blogs.univ-tlse2.fr\/chilenlacalle\/files\/2021\/02\/149831358_297264851732909_8975213973648249864_n-814x1024.jpg 814w, https:\/\/blogs.univ-tlse2.fr\/chilenlacalle\/files\/2021\/02\/149831358_297264851732909_8975213973648249864_n-239x300.jpg 239w, https:\/\/blogs.univ-tlse2.fr\/chilenlacalle\/files\/2021\/02\/149831358_297264851732909_8975213973648249864_n-768x966.jpg 768w, https:\/\/blogs.univ-tlse2.fr\/chilenlacalle\/files\/2021\/02\/149831358_297264851732909_8975213973648249864_n-676x850.jpg 676w, https:\/\/blogs.univ-tlse2.fr\/chilenlacalle\/files\/2021\/02\/149831358_297264851732909_8975213973648249864_n.jpg 1080w\" sizes=\"auto, (max-width: 814px) 100vw, 814px\" \/><\/figure><\/li><\/ul><\/figure>\n<\/div>\n\n\n\n<div class=\"wp-block-column is-layout-flow wp-block-column-is-layout-flow\">\n<figure class=\"wp-block-gallery columns-1 is-cropped wp-block-gallery-3 is-layout-flex wp-block-gallery-is-layout-flex\"><ul class=\"blocks-gallery-grid\"><li class=\"blocks-gallery-item\"><figure><img loading=\"lazy\" decoding=\"async\" width=\"822\" height=\"1024\" src=\"https:\/\/blogs.univ-tlse2.fr\/chilenlacalle\/files\/2021\/02\/150205525_500902241307805_6852909709262373219_n-822x1024.jpg\" alt=\"\" data-id=\"621\" data-full-url=\"https:\/\/blogs.univ-tlse2.fr\/chilenlacalle\/files\/2021\/02\/150205525_500902241307805_6852909709262373219_n.jpg\" data-link=\"https:\/\/blogs.univ-tlse2.fr\/chilenlacalle\/evelatorre\/150205525_500902241307805_6852909709262373219_n\/\" class=\"wp-image-621\" srcset=\"https:\/\/blogs.univ-tlse2.fr\/chilenlacalle\/files\/2021\/02\/150205525_500902241307805_6852909709262373219_n-822x1024.jpg 822w, https:\/\/blogs.univ-tlse2.fr\/chilenlacalle\/files\/2021\/02\/150205525_500902241307805_6852909709262373219_n-241x300.jpg 241w, https:\/\/blogs.univ-tlse2.fr\/chilenlacalle\/files\/2021\/02\/150205525_500902241307805_6852909709262373219_n-768x956.jpg 768w, https:\/\/blogs.univ-tlse2.fr\/chilenlacalle\/files\/2021\/02\/150205525_500902241307805_6852909709262373219_n-676x842.jpg 676w, https:\/\/blogs.univ-tlse2.fr\/chilenlacalle\/files\/2021\/02\/150205525_500902241307805_6852909709262373219_n.jpg 1080w\" sizes=\"auto, (max-width: 822px) 100vw, 822px\" \/><\/figure><\/li><\/ul><\/figure>\n<\/div>\n<\/div>\n\n\n\n<div class=\"wp-block-columns is-layout-flex wp-container-core-columns-is-layout-9d6595d7 wp-block-columns-is-layout-flex\">\n<div class=\"wp-block-column is-layout-flow wp-block-column-is-layout-flow\">\n<div class=\"wp-block-columns is-layout-flex wp-container-core-columns-is-layout-9d6595d7 wp-block-columns-is-layout-flex\">\n<div class=\"wp-block-column is-layout-flow wp-block-column-is-layout-flow\">\n<figure class=\"wp-block-gallery columns-1 is-cropped wp-block-gallery-4 is-layout-flex wp-block-gallery-is-layout-flex\"><ul class=\"blocks-gallery-grid\"><li class=\"blocks-gallery-item\"><figure><img loading=\"lazy\" decoding=\"async\" width=\"822\" height=\"1024\" src=\"https:\/\/blogs.univ-tlse2.fr\/chilenlacalle\/files\/2021\/02\/149722047_860265411188858_6201643121593643618_n-822x1024.jpg\" alt=\"\" data-id=\"641\" data-full-url=\"https:\/\/blogs.univ-tlse2.fr\/chilenlacalle\/files\/2021\/02\/149722047_860265411188858_6201643121593643618_n.jpg\" data-link=\"https:\/\/blogs.univ-tlse2.fr\/chilenlacalle\/evelatorre\/149722047_860265411188858_6201643121593643618_n\/\" class=\"wp-image-641\" srcset=\"https:\/\/blogs.univ-tlse2.fr\/chilenlacalle\/files\/2021\/02\/149722047_860265411188858_6201643121593643618_n-822x1024.jpg 822w, https:\/\/blogs.univ-tlse2.fr\/chilenlacalle\/files\/2021\/02\/149722047_860265411188858_6201643121593643618_n-241x300.jpg 241w, https:\/\/blogs.univ-tlse2.fr\/chilenlacalle\/files\/2021\/02\/149722047_860265411188858_6201643121593643618_n-768x956.jpg 768w, https:\/\/blogs.univ-tlse2.fr\/chilenlacalle\/files\/2021\/02\/149722047_860265411188858_6201643121593643618_n-676x842.jpg 676w, https:\/\/blogs.univ-tlse2.fr\/chilenlacalle\/files\/2021\/02\/149722047_860265411188858_6201643121593643618_n.jpg 1080w\" sizes=\"auto, (max-width: 822px) 100vw, 822px\" \/><\/figure><\/li><\/ul><\/figure>\n<\/div>\n<\/div>\n<\/div>\n<\/div>\n\n\n\n<figure class=\"wp-block-gallery alignwide columns-2 is-cropped wp-block-gallery-5 is-layout-flex wp-block-gallery-is-layout-flex\"><ul class=\"blocks-gallery-grid\"><li class=\"blocks-gallery-item\"><figure><img loading=\"lazy\" decoding=\"async\" width=\"1024\" height=\"930\" src=\"https:\/\/blogs.univ-tlse2.fr\/chilenlacalle\/files\/2021\/02\/149894789_1246815889046242_227591611993137414_n-1-1024x930.jpg\" alt=\"\" data-id=\"637\" data-full-url=\"https:\/\/blogs.univ-tlse2.fr\/chilenlacalle\/files\/2021\/02\/149894789_1246815889046242_227591611993137414_n-1.jpg\" data-link=\"https:\/\/blogs.univ-tlse2.fr\/chilenlacalle\/evelatorre\/149894789_1246815889046242_227591611993137414_n-1\/\" class=\"wp-image-637\" srcset=\"https:\/\/blogs.univ-tlse2.fr\/chilenlacalle\/files\/2021\/02\/149894789_1246815889046242_227591611993137414_n-1-1024x930.jpg 1024w, https:\/\/blogs.univ-tlse2.fr\/chilenlacalle\/files\/2021\/02\/149894789_1246815889046242_227591611993137414_n-1-300x273.jpg 300w, https:\/\/blogs.univ-tlse2.fr\/chilenlacalle\/files\/2021\/02\/149894789_1246815889046242_227591611993137414_n-1-768x698.jpg 768w, https:\/\/blogs.univ-tlse2.fr\/chilenlacalle\/files\/2021\/02\/149894789_1246815889046242_227591611993137414_n-1-676x614.jpg 676w, https:\/\/blogs.univ-tlse2.fr\/chilenlacalle\/files\/2021\/02\/149894789_1246815889046242_227591611993137414_n-1.jpg 1080w\" sizes=\"auto, (max-width: 1024px) 100vw, 1024px\" \/><\/figure><\/li><li class=\"blocks-gallery-item\"><figure><img loading=\"lazy\" decoding=\"async\" width=\"1024\" height=\"940\" src=\"https:\/\/blogs.univ-tlse2.fr\/chilenlacalle\/files\/2021\/02\/149788027_771631030371314_3133968743668788874_n-1024x940.jpg\" alt=\"\" data-id=\"622\" data-full-url=\"https:\/\/blogs.univ-tlse2.fr\/chilenlacalle\/files\/2021\/02\/149788027_771631030371314_3133968743668788874_n.jpg\" data-link=\"https:\/\/blogs.univ-tlse2.fr\/chilenlacalle\/evelatorre\/149788027_771631030371314_3133968743668788874_n\/\" class=\"wp-image-622\" srcset=\"https:\/\/blogs.univ-tlse2.fr\/chilenlacalle\/files\/2021\/02\/149788027_771631030371314_3133968743668788874_n-1024x940.jpg 1024w, https:\/\/blogs.univ-tlse2.fr\/chilenlacalle\/files\/2021\/02\/149788027_771631030371314_3133968743668788874_n-300x275.jpg 300w, https:\/\/blogs.univ-tlse2.fr\/chilenlacalle\/files\/2021\/02\/149788027_771631030371314_3133968743668788874_n-768x705.jpg 768w, https:\/\/blogs.univ-tlse2.fr\/chilenlacalle\/files\/2021\/02\/149788027_771631030371314_3133968743668788874_n-676x620.jpg 676w, https:\/\/blogs.univ-tlse2.fr\/chilenlacalle\/files\/2021\/02\/149788027_771631030371314_3133968743668788874_n.jpg 1080w\" sizes=\"auto, (max-width: 1024px) 100vw, 1024px\" \/><\/figure><\/li><\/ul><\/figure>\n\n\n\n<div class=\"wp-block-columns is-layout-flex wp-container-core-columns-is-layout-9d6595d7 wp-block-columns-is-layout-flex\">\n<div class=\"wp-block-column is-layout-flow wp-block-column-is-layout-flow\">\n<figure class=\"wp-block-gallery columns-1 is-cropped wp-block-gallery-6 is-layout-flex wp-block-gallery-is-layout-flex\"><ul class=\"blocks-gallery-grid\"><li class=\"blocks-gallery-item\"><figure><img loading=\"lazy\" decoding=\"async\" width=\"1024\" height=\"1024\" src=\"https:\/\/blogs.univ-tlse2.fr\/chilenlacalle\/files\/2021\/02\/149777881_891401951679188_1747011637262497391_n-1-1024x1024.jpg\" alt=\"\" data-id=\"644\" data-full-url=\"https:\/\/blogs.univ-tlse2.fr\/chilenlacalle\/files\/2021\/02\/149777881_891401951679188_1747011637262497391_n-1.jpg\" data-link=\"https:\/\/blogs.univ-tlse2.fr\/chilenlacalle\/evelatorre\/149777881_891401951679188_1747011637262497391_n-1\/\" class=\"wp-image-644\" srcset=\"https:\/\/blogs.univ-tlse2.fr\/chilenlacalle\/files\/2021\/02\/149777881_891401951679188_1747011637262497391_n-1-1024x1024.jpg 1024w, https:\/\/blogs.univ-tlse2.fr\/chilenlacalle\/files\/2021\/02\/149777881_891401951679188_1747011637262497391_n-1-300x300.jpg 300w, https:\/\/blogs.univ-tlse2.fr\/chilenlacalle\/files\/2021\/02\/149777881_891401951679188_1747011637262497391_n-1-150x150.jpg 150w, https:\/\/blogs.univ-tlse2.fr\/chilenlacalle\/files\/2021\/02\/149777881_891401951679188_1747011637262497391_n-1-768x767.jpg 768w, https:\/\/blogs.univ-tlse2.fr\/chilenlacalle\/files\/2021\/02\/149777881_891401951679188_1747011637262497391_n-1-676x675.jpg 676w, https:\/\/blogs.univ-tlse2.fr\/chilenlacalle\/files\/2021\/02\/149777881_891401951679188_1747011637262497391_n-1.jpg 1080w\" sizes=\"auto, (max-width: 1024px) 100vw, 1024px\" \/><\/figure><\/li><\/ul><\/figure>\n<\/div>\n<\/div>\n\n\n\n<figure class=\"wp-block-video\"><video controls src=\"https:\/\/prismes.univ-toulouse.fr\/video.php?code=ATIQf7YP&amp;width=100\"><\/video><\/figure>\n","protected":false},"excerpt":{"rendered":"<p>Intuitive et anticonformiste, Eve Latorre est une artiste muraliste et illustratrice. Son art s\u2019inscrit dans une volont\u00e9 de mettre en avant la culture folklorique et les minorit\u00e9s pr\u00e9sentes au Chili. D\u00e8s lors, la culture Mapuche et la nature sont des th\u00e8mes omnipr\u00e9sents dans l\u2019art pratiqu\u00e9 par Eve. La figure de Victor Jara, artiste chilien assassin\u00e9 [&hellip;]<\/p>\n","protected":false},"author":877,"featured_media":0,"parent":0,"menu_order":0,"comment_status":"closed","ping_status":"closed","template":"","meta":{"footnotes":""},"class_list":["post-186","page","type-page","status-publish","hentry","post-preview"],"_links":{"self":[{"href":"https:\/\/blogs.univ-tlse2.fr\/chilenlacalle\/wp-json\/wp\/v2\/pages\/186","targetHints":{"allow":["GET"]}}],"collection":[{"href":"https:\/\/blogs.univ-tlse2.fr\/chilenlacalle\/wp-json\/wp\/v2\/pages"}],"about":[{"href":"https:\/\/blogs.univ-tlse2.fr\/chilenlacalle\/wp-json\/wp\/v2\/types\/page"}],"author":[{"embeddable":true,"href":"https:\/\/blogs.univ-tlse2.fr\/chilenlacalle\/wp-json\/wp\/v2\/users\/877"}],"replies":[{"embeddable":true,"href":"https:\/\/blogs.univ-tlse2.fr\/chilenlacalle\/wp-json\/wp\/v2\/comments?post=186"}],"version-history":[{"count":16,"href":"https:\/\/blogs.univ-tlse2.fr\/chilenlacalle\/wp-json\/wp\/v2\/pages\/186\/revisions"}],"predecessor-version":[{"id":736,"href":"https:\/\/blogs.univ-tlse2.fr\/chilenlacalle\/wp-json\/wp\/v2\/pages\/186\/revisions\/736"}],"wp:attachment":[{"href":"https:\/\/blogs.univ-tlse2.fr\/chilenlacalle\/wp-json\/wp\/v2\/media?parent=186"}],"curies":[{"name":"wp","href":"https:\/\/api.w.org\/{rel}","templated":true}]}}