 {"id":188,"date":"2021-02-06T18:46:11","date_gmt":"2021-02-06T17:46:11","guid":{"rendered":"https:\/\/blogs.univ-tlse2.fr\/chilenlacalle\/?page_id=188"},"modified":"2021-02-17T00:19:14","modified_gmt":"2021-02-16T23:19:14","slug":"feliperoa","status":"publish","type":"page","link":"https:\/\/blogs.univ-tlse2.fr\/chilenlacalle\/feliperoa\/","title":{"rendered":"@OJO.DE.PAJARO"},"content":{"rendered":"\n<p class=\"has-drop-cap\">De son vrai pr\u00e9nom Felipe Roa, ce dernier est directeur artistique dans une agence immobili\u00e8re \u00e0 Santiago au Chili. Ayant obtenu une Licence en Histoire et un Master en \u00c9tudes Visuelles, Felipe consacre la plupart de son temps libre \u00e0 la photographie. Le 16 janvier 2020, Felipe participe \u00e0 une exposition qui r\u00e9unit plusieurs artistes (plasticiens, muralistes et photographes) autour de la question de l\u2019<em>Estadillo Social<\/em>. Les images captur\u00e9es par Felipe, \u00e0 la fa\u00e7on d\u2019un photoreporter, ne cherchent pas \u00e0 retranscrire les violences mais plut\u00f4t \u00e0 saisir l\u2019\u00e9l\u00e9ment faisant d\u00e9g\u00e9n\u00e9rer la manifestation. Felipe Roa dispose d\u2019une page instagram, o\u00f9 plusieurs de ses \u0153uvres photographiques sont mises \u00e0 disposition. Pour plus d\u2019informations, n\u2019h\u00e9sitez pas \u00e0 aller visiter sa page instagram @ojo.de.pajaro.\u00a0<\/p>\n\n\n\n<div class=\"wp-block-columns is-layout-flex wp-container-core-columns-is-layout-9d6595d7 wp-block-columns-is-layout-flex\">\n<div class=\"wp-block-column is-layout-flow wp-block-column-is-layout-flow\">\n<figure class=\"wp-block-gallery columns-1 is-cropped wp-block-gallery-1 is-layout-flex wp-block-gallery-is-layout-flex\"><ul class=\"blocks-gallery-grid\"><li class=\"blocks-gallery-item\"><figure><img loading=\"lazy\" decoding=\"async\" width=\"828\" height=\"1024\" src=\"https:\/\/blogs.univ-tlse2.fr\/chilenlacalle\/files\/2021\/02\/149777877_452381539281916_3925257720129470187_n-828x1024.jpg\" alt=\"\" data-id=\"625\" data-full-url=\"https:\/\/blogs.univ-tlse2.fr\/chilenlacalle\/files\/2021\/02\/149777877_452381539281916_3925257720129470187_n.jpg\" data-link=\"https:\/\/blogs.univ-tlse2.fr\/chilenlacalle\/feliperoa\/149777877_452381539281916_3925257720129470187_n\/\" class=\"wp-image-625\" srcset=\"https:\/\/blogs.univ-tlse2.fr\/chilenlacalle\/files\/2021\/02\/149777877_452381539281916_3925257720129470187_n-828x1024.jpg 828w, https:\/\/blogs.univ-tlse2.fr\/chilenlacalle\/files\/2021\/02\/149777877_452381539281916_3925257720129470187_n-243x300.jpg 243w, https:\/\/blogs.univ-tlse2.fr\/chilenlacalle\/files\/2021\/02\/149777877_452381539281916_3925257720129470187_n-768x950.jpg 768w, https:\/\/blogs.univ-tlse2.fr\/chilenlacalle\/files\/2021\/02\/149777877_452381539281916_3925257720129470187_n-676x836.jpg 676w, https:\/\/blogs.univ-tlse2.fr\/chilenlacalle\/files\/2021\/02\/149777877_452381539281916_3925257720129470187_n.jpg 1080w\" sizes=\"auto, (max-width: 828px) 100vw, 828px\" \/><\/figure><\/li><\/ul><\/figure>\n<\/div>\n\n\n\n<div class=\"wp-block-column is-layout-flow wp-block-column-is-layout-flow\">\n<figure class=\"wp-block-gallery columns-1 is-cropped wp-block-gallery-2 is-layout-flex wp-block-gallery-is-layout-flex\"><ul class=\"blocks-gallery-grid\"><li class=\"blocks-gallery-item\"><figure><img loading=\"lazy\" decoding=\"async\" width=\"818\" height=\"1024\" src=\"https:\/\/blogs.univ-tlse2.fr\/chilenlacalle\/files\/2021\/02\/149794772_1022283264961787_141841680882098507_n-818x1024.jpg\" alt=\"\" data-id=\"626\" data-link=\"https:\/\/blogs.univ-tlse2.fr\/chilenlacalle\/feliperoa\/149794772_1022283264961787_141841680882098507_n\/\" class=\"wp-image-626\" srcset=\"https:\/\/blogs.univ-tlse2.fr\/chilenlacalle\/files\/2021\/02\/149794772_1022283264961787_141841680882098507_n-818x1024.jpg 818w, https:\/\/blogs.univ-tlse2.fr\/chilenlacalle\/files\/2021\/02\/149794772_1022283264961787_141841680882098507_n-240x300.jpg 240w, https:\/\/blogs.univ-tlse2.fr\/chilenlacalle\/files\/2021\/02\/149794772_1022283264961787_141841680882098507_n-768x961.jpg 768w, https:\/\/blogs.univ-tlse2.fr\/chilenlacalle\/files\/2021\/02\/149794772_1022283264961787_141841680882098507_n-676x846.jpg 676w, https:\/\/blogs.univ-tlse2.fr\/chilenlacalle\/files\/2021\/02\/149794772_1022283264961787_141841680882098507_n.jpg 1080w\" sizes=\"auto, (max-width: 818px) 100vw, 818px\" \/><\/figure><\/li><\/ul><\/figure>\n<\/div>\n<\/div>\n\n\n\n<div class=\"wp-block-columns is-layout-flex wp-container-core-columns-is-layout-9d6595d7 wp-block-columns-is-layout-flex\">\n<div class=\"wp-block-column is-layout-flow wp-block-column-is-layout-flow\">\n<figure class=\"wp-block-gallery columns-1 is-cropped wp-block-gallery-3 is-layout-flex wp-block-gallery-is-layout-flex\"><ul class=\"blocks-gallery-grid\"><li class=\"blocks-gallery-item\"><figure><img loading=\"lazy\" decoding=\"async\" width=\"823\" height=\"1024\" src=\"https:\/\/blogs.univ-tlse2.fr\/chilenlacalle\/files\/2021\/02\/149913916_184629553183489_4541236213303466823_n-1-823x1024.jpg\" alt=\"\" data-id=\"628\" data-full-url=\"https:\/\/blogs.univ-tlse2.fr\/chilenlacalle\/files\/2021\/02\/149913916_184629553183489_4541236213303466823_n-1.jpg\" data-link=\"https:\/\/blogs.univ-tlse2.fr\/chilenlacalle\/feliperoa\/149913916_184629553183489_4541236213303466823_n-1\/\" class=\"wp-image-628\" srcset=\"https:\/\/blogs.univ-tlse2.fr\/chilenlacalle\/files\/2021\/02\/149913916_184629553183489_4541236213303466823_n-1-823x1024.jpg 823w, https:\/\/blogs.univ-tlse2.fr\/chilenlacalle\/files\/2021\/02\/149913916_184629553183489_4541236213303466823_n-1-241x300.jpg 241w, https:\/\/blogs.univ-tlse2.fr\/chilenlacalle\/files\/2021\/02\/149913916_184629553183489_4541236213303466823_n-1-768x955.jpg 768w, https:\/\/blogs.univ-tlse2.fr\/chilenlacalle\/files\/2021\/02\/149913916_184629553183489_4541236213303466823_n-1-676x841.jpg 676w, https:\/\/blogs.univ-tlse2.fr\/chilenlacalle\/files\/2021\/02\/149913916_184629553183489_4541236213303466823_n-1.jpg 1080w\" sizes=\"auto, (max-width: 823px) 100vw, 823px\" \/><\/figure><\/li><\/ul><\/figure>\n<\/div>\n\n\n\n<div class=\"wp-block-column is-layout-flow wp-block-column-is-layout-flow\">\n<figure class=\"wp-block-gallery columns-1 is-cropped wp-block-gallery-4 is-layout-flex wp-block-gallery-is-layout-flex\"><ul class=\"blocks-gallery-grid\"><li class=\"blocks-gallery-item\"><figure><img loading=\"lazy\" decoding=\"async\" width=\"820\" height=\"1024\" src=\"https:\/\/blogs.univ-tlse2.fr\/chilenlacalle\/files\/2021\/02\/150288074_806578083402815_5289281150717156075_n-820x1024.jpg\" alt=\"\" data-id=\"630\" data-full-url=\"https:\/\/blogs.univ-tlse2.fr\/chilenlacalle\/files\/2021\/02\/150288074_806578083402815_5289281150717156075_n.jpg\" data-link=\"https:\/\/blogs.univ-tlse2.fr\/chilenlacalle\/feliperoa\/150288074_806578083402815_5289281150717156075_n\/\" class=\"wp-image-630\" srcset=\"https:\/\/blogs.univ-tlse2.fr\/chilenlacalle\/files\/2021\/02\/150288074_806578083402815_5289281150717156075_n-820x1024.jpg 820w, https:\/\/blogs.univ-tlse2.fr\/chilenlacalle\/files\/2021\/02\/150288074_806578083402815_5289281150717156075_n-240x300.jpg 240w, https:\/\/blogs.univ-tlse2.fr\/chilenlacalle\/files\/2021\/02\/150288074_806578083402815_5289281150717156075_n-768x959.jpg 768w, https:\/\/blogs.univ-tlse2.fr\/chilenlacalle\/files\/2021\/02\/150288074_806578083402815_5289281150717156075_n-676x844.jpg 676w, https:\/\/blogs.univ-tlse2.fr\/chilenlacalle\/files\/2021\/02\/150288074_806578083402815_5289281150717156075_n.jpg 1080w\" sizes=\"auto, (max-width: 820px) 100vw, 820px\" \/><\/figure><\/li><\/ul><\/figure>\n<\/div>\n<\/div>\n\n\n\n<figure class=\"wp-block-gallery alignwide columns-1 is-cropped wp-block-gallery-5 is-layout-flex wp-block-gallery-is-layout-flex\"><ul class=\"blocks-gallery-grid\"><li class=\"blocks-gallery-item\"><figure><img loading=\"lazy\" decoding=\"async\" width=\"681\" height=\"1024\" src=\"https:\/\/blogs.univ-tlse2.fr\/chilenlacalle\/files\/2021\/02\/149974708_358918791730870_2474437253225617044_n-681x1024.jpg\" alt=\"\" data-id=\"632\" data-full-url=\"https:\/\/blogs.univ-tlse2.fr\/chilenlacalle\/files\/2021\/02\/149974708_358918791730870_2474437253225617044_n.jpg\" data-link=\"https:\/\/blogs.univ-tlse2.fr\/chilenlacalle\/feliperoa\/149974708_358918791730870_2474437253225617044_n\/\" class=\"wp-image-632\" srcset=\"https:\/\/blogs.univ-tlse2.fr\/chilenlacalle\/files\/2021\/02\/149974708_358918791730870_2474437253225617044_n-681x1024.jpg 681w, https:\/\/blogs.univ-tlse2.fr\/chilenlacalle\/files\/2021\/02\/149974708_358918791730870_2474437253225617044_n-199x300.jpg 199w, https:\/\/blogs.univ-tlse2.fr\/chilenlacalle\/files\/2021\/02\/149974708_358918791730870_2474437253225617044_n-768x1156.jpg 768w, https:\/\/blogs.univ-tlse2.fr\/chilenlacalle\/files\/2021\/02\/149974708_358918791730870_2474437253225617044_n-1021x1536.jpg 1021w, https:\/\/blogs.univ-tlse2.fr\/chilenlacalle\/files\/2021\/02\/149974708_358918791730870_2474437253225617044_n-676x1017.jpg 676w, https:\/\/blogs.univ-tlse2.fr\/chilenlacalle\/files\/2021\/02\/149974708_358918791730870_2474437253225617044_n.jpg 1080w\" sizes=\"auto, (max-width: 681px) 100vw, 681px\" \/><\/figure><\/li><\/ul><\/figure>\n\n\n\n<figure class=\"wp-block-video\"><video controls src=\"\/\/prismes.univ-toulouse.fr\/video.php?code=i8E29878&amp;width=100\"><\/video><\/figure>\n\n\n","protected":false},"excerpt":{"rendered":"<p>De son vrai pr\u00e9nom Felipe Roa, ce dernier est directeur artistique dans une agence immobili\u00e8re \u00e0 Santiago au Chili. Ayant obtenu une Licence en Histoire et un Master en \u00c9tudes Visuelles, Felipe consacre la plupart de son temps libre \u00e0 la photographie. Le 16 janvier 2020, Felipe participe \u00e0 une exposition qui r\u00e9unit plusieurs artistes [&hellip;]<\/p>\n","protected":false},"author":877,"featured_media":0,"parent":0,"menu_order":0,"comment_status":"closed","ping_status":"closed","template":"","meta":{"footnotes":""},"class_list":["post-188","page","type-page","status-publish","hentry","post-preview"],"_links":{"self":[{"href":"https:\/\/blogs.univ-tlse2.fr\/chilenlacalle\/wp-json\/wp\/v2\/pages\/188","targetHints":{"allow":["GET"]}}],"collection":[{"href":"https:\/\/blogs.univ-tlse2.fr\/chilenlacalle\/wp-json\/wp\/v2\/pages"}],"about":[{"href":"https:\/\/blogs.univ-tlse2.fr\/chilenlacalle\/wp-json\/wp\/v2\/types\/page"}],"author":[{"embeddable":true,"href":"https:\/\/blogs.univ-tlse2.fr\/chilenlacalle\/wp-json\/wp\/v2\/users\/877"}],"replies":[{"embeddable":true,"href":"https:\/\/blogs.univ-tlse2.fr\/chilenlacalle\/wp-json\/wp\/v2\/comments?post=188"}],"version-history":[{"count":11,"href":"https:\/\/blogs.univ-tlse2.fr\/chilenlacalle\/wp-json\/wp\/v2\/pages\/188\/revisions"}],"predecessor-version":[{"id":737,"href":"https:\/\/blogs.univ-tlse2.fr\/chilenlacalle\/wp-json\/wp\/v2\/pages\/188\/revisions\/737"}],"wp:attachment":[{"href":"https:\/\/blogs.univ-tlse2.fr\/chilenlacalle\/wp-json\/wp\/v2\/media?parent=188"}],"curies":[{"name":"wp","href":"https:\/\/api.w.org\/{rel}","templated":true}]}}