 {"id":2,"date":"2020-12-09T12:16:10","date_gmt":"2020-12-09T11:16:10","guid":{"rendered":"https:\/\/blogs.univ-tlse2.fr\/chilenlacalle\/?page_id=2"},"modified":"2021-02-11T20:05:36","modified_gmt":"2021-02-11T19:05:36","slug":"page-d-exemple","status":"publish","type":"page","link":"https:\/\/blogs.univ-tlse2.fr\/chilenlacalle\/page-d-exemple\/","title":{"rendered":"CHRONOLOGIE &#8211; CRONOLOG\u00cdA"},"content":{"rendered":"\n<p>Nous vous invitons \u00e0 jeter un \u0153il \u00e0 la frise chronologique de l&rsquo;Histoire politique et sociale du Chili de 1970 \u00e0 2020 que les \u00e9tudiant\u00b7e\u00b7s de Sciences Po Grenoble ont mis en ligne<\/p>\n\n\n\n<p><a href=\"https:\/\/sites.google.com\/iepg.fr\/chiledesperto\/chronologie?authuser=0\"><span class=\"has-inline-color has-light-gray-color\">https:\/\/sites.google.com\/iepg.fr\/chiledesperto\/chronologie?authuser=0<\/span><\/a><\/p>\n","protected":false},"excerpt":{"rendered":"<p>Nous vous invitons \u00e0 jeter un \u0153il \u00e0 la frise chronologique de l&rsquo;Histoire politique et sociale du Chili de 1970 \u00e0 2020 que les \u00e9tudiant\u00b7e\u00b7s de Sciences Po Grenoble ont mis en ligne https:\/\/sites.google.com\/iepg.fr\/chiledesperto\/chronologie?authuser=0<\/p>\n","protected":false},"author":876,"featured_media":0,"parent":0,"menu_order":0,"comment_status":"closed","ping_status":"closed","template":"","meta":{"footnotes":""},"class_list":["post-2","page","type-page","status-publish","hentry","post-preview"],"_links":{"self":[{"href":"https:\/\/blogs.univ-tlse2.fr\/chilenlacalle\/wp-json\/wp\/v2\/pages\/2","targetHints":{"allow":["GET"]}}],"collection":[{"href":"https:\/\/blogs.univ-tlse2.fr\/chilenlacalle\/wp-json\/wp\/v2\/pages"}],"about":[{"href":"https:\/\/blogs.univ-tlse2.fr\/chilenlacalle\/wp-json\/wp\/v2\/types\/page"}],"author":[{"embeddable":true,"href":"https:\/\/blogs.univ-tlse2.fr\/chilenlacalle\/wp-json\/wp\/v2\/users\/876"}],"replies":[{"embeddable":true,"href":"https:\/\/blogs.univ-tlse2.fr\/chilenlacalle\/wp-json\/wp\/v2\/comments?post=2"}],"version-history":[{"count":13,"href":"https:\/\/blogs.univ-tlse2.fr\/chilenlacalle\/wp-json\/wp\/v2\/pages\/2\/revisions"}],"predecessor-version":[{"id":398,"href":"https:\/\/blogs.univ-tlse2.fr\/chilenlacalle\/wp-json\/wp\/v2\/pages\/2\/revisions\/398"}],"wp:attachment":[{"href":"https:\/\/blogs.univ-tlse2.fr\/chilenlacalle\/wp-json\/wp\/v2\/media?parent=2"}],"curies":[{"name":"wp","href":"https:\/\/api.w.org\/{rel}","templated":true}]}}