 {"id":289,"date":"2021-02-10T15:15:02","date_gmt":"2021-02-10T14:15:02","guid":{"rendered":"https:\/\/blogs.univ-tlse2.fr\/chilenlacalle\/?page_id=289"},"modified":"2021-03-11T09:18:20","modified_gmt":"2021-03-11T08:18:20","slug":"presentation-du-projet","status":"publish","type":"page","link":"https:\/\/blogs.univ-tlse2.fr\/chilenlacalle\/","title":{"rendered":"PR\u00c9SENTATION DU PROJET"},"content":{"rendered":"\n\n\n<figure class=\"wp-block-gallery aligncenter columns-0 is-cropped wp-block-gallery-1 is-layout-flex wp-block-gallery-is-layout-flex\"><ul class=\"blocks-gallery-grid\"><\/ul><\/figure>\n\n\n\n<div class=\"wp-block-columns is-layout-flex wp-container-core-columns-is-layout-9d6595d7 wp-block-columns-is-layout-flex\">\n<div class=\"wp-block-column is-layout-flow wp-block-column-is-layout-flow\">\n<p><em>Dans le cadre de notre Master \u00e0 l\u2019Institut Pluridisciplinaire d\u2019\u00c9tudes sur les Am\u00e9riques \u00e0 Toulouse (IPEAT), nous, \u00e9tudiant-e\u00b7s, avons chaque ann\u00e9e l\u2019opportunit\u00e9 au cours de notre deuxi\u00e8me ann\u00e9e d\u2019organiser un \u00e9v\u00e8nement scientifique ou culturel. Pour cette ann\u00e9e 2020-2021, dans un contexte mondial si particulier, nous avons donc adapt\u00e9 notre travail, que nous pr\u00e9sentons \u00e0 travers ce blog.<\/em><\/p>\n<\/div>\n\n\n\n<div class=\"wp-block-column is-layout-flow wp-block-column-is-layout-flow\">\n<p><em>En el marco de nuestro segundo a\u00f1o de Maestr\u00eda en el Instituto Multidisciplinario de Estudios sobre las Am\u00e9ricas en Toulouse, el estudiantado tiene la oportunidad de organizar anualmente un evento cient\u00edfico o cultural. En el a\u00f1o 2020-2021, en un contexto mundial particular, hemos adaptado nuestro trabajo para as\u00ed presentarlo mediante este blog.<\/em><\/p>\n<\/div>\n<\/div>\n\n\n\n<div class=\"wp-block-media-text alignwide is-stacked-on-mobile\"><figure class=\"wp-block-media-text__media\"><img loading=\"lazy\" decoding=\"async\" width=\"391\" height=\"564\" src=\"https:\/\/blogs.univ-tlse2.fr\/chilenlacalle\/files\/2021\/02\/image.png\" alt=\"\" class=\"wp-image-313 size-full\" srcset=\"https:\/\/blogs.univ-tlse2.fr\/chilenlacalle\/files\/2021\/02\/image.png 391w, https:\/\/blogs.univ-tlse2.fr\/chilenlacalle\/files\/2021\/02\/image-208x300.png 208w\" sizes=\"auto, (max-width: 391px) 100vw, 391px\" \/><\/figure><div class=\"wp-block-media-text__content\">\n<p><strong>Vernissage virtuel de l&rsquo;exposition<\/strong><\/p>\n\n\n\n<p>\u201cChile : Un grito en la calle\u201d<\/p>\n\n\n\n<p>Jeudi 18 f\u00e9vrier 2021 &#8211; 18h \u00e0 Toulouse (14h heure chilienne) &#8211; sur Zoom<br>Pour participer au webinaire, vous pouvez vous connecter sur la plateforme Zoom via : <br><a rel=\"noreferrer noopener\" href=\"https:\/\/univ-tlse2.zoom.us\/j\/92414228154?pwd=ODhEWks3cXF2Rzd5ZjZpVjB4UCtCdz09&amp;fbclid=IwAR0AqooBcfD2MIH9p097HsxdVJQwSn7mYEx8U0TJ4fV0ovhMEf1ZWa7M0Kk\" target=\"_blank\">https:\/\/univ-tlse2.zoom.us\/j\/92414228154&#8230;<\/a><br>Code secret : 406762<\/p>\n\n\n\n<p><strong>Inauguraci\u00f3n virtual de la exposici\u00f3n<\/strong><\/p>\n\n\n\n<p>\u201cChile : Un grito en la calle\u201d<\/p>\n\n\n\n<p>Jueves 18 de febrero de 2021 \u2013 6pm en Toulouse (2pm hora chilena) \u2013 por Zoom<br>Para ingresar al seminario en l\u00ednea, favor de conectarse a la plataforma Zoom mediante:<br><a rel=\"noreferrer noopener\" href=\"https:\/\/univ-tlse2.zoom.us\/j\/92414228154?pwd=ODhEWks3cXF2Rzd5ZjZpVjB4UCtCdz09&amp;fbclid=IwAR0AqooBcfD2MIH9p097HsxdVJQwSn7mYEx8U0TJ4fV0ovhMEf1ZWa7M0Kk\" target=\"_blank\">https:\/\/univ-tlse2.zoom.us\/j\/92414228154&#8230;<\/a><br>C\u00f3digo secreto : 406762<\/p>\n<\/div><\/div>\n\n\n\n<div style=\"height:44px\" aria-hidden=\"true\" class=\"wp-block-spacer\"><\/div>\n\n\n\n<figure class=\"wp-block-pullquote alignleft\"><blockquote><p><span style=\"color:#000608\" class=\"has-inline-color\"><strong>Enregistrement vid\u00e9o<\/strong> du web vernissage de l&rsquo;exposition <\/span><\/p><cite><iframe loading=\"lazy\" src=\"https:\/\/prismes.univ-toulouse.fr\/player.php?code=PY8BEjQG&amp;width=100%&amp;height=100%\" allowfullscreen=\"\" webkitallowfullscreen=\"\" mozallowfullscreen=\"\" data-aspectratio=\"0.5625\" frameborder=\"0\" width=\"768px\" height=\"432px\" scrolling=\"no\"><\/iframe><\/cite><\/blockquote><\/figure>\n\n\n\n<div style=\"height:100px\" aria-hidden=\"true\" class=\"wp-block-spacer\"><\/div>\n","protected":false},"excerpt":{"rendered":"<p>Dans le cadre de notre Master \u00e0 l\u2019Institut Pluridisciplinaire d\u2019\u00c9tudes sur les Am\u00e9riques \u00e0 Toulouse (IPEAT), nous, \u00e9tudiant-e\u00b7s, avons chaque ann\u00e9e l\u2019opportunit\u00e9 au cours de notre deuxi\u00e8me ann\u00e9e d\u2019organiser un \u00e9v\u00e8nement scientifique ou culturel. Pour cette ann\u00e9e 2020-2021, dans un contexte mondial si particulier, nous avons donc adapt\u00e9 notre travail, que nous pr\u00e9sentons \u00e0 travers [&hellip;]<\/p>\n","protected":false},"author":877,"featured_media":0,"parent":0,"menu_order":0,"comment_status":"closed","ping_status":"closed","template":"","meta":{"footnotes":""},"class_list":["post-289","page","type-page","status-publish","hentry","post-preview"],"_links":{"self":[{"href":"https:\/\/blogs.univ-tlse2.fr\/chilenlacalle\/wp-json\/wp\/v2\/pages\/289","targetHints":{"allow":["GET"]}}],"collection":[{"href":"https:\/\/blogs.univ-tlse2.fr\/chilenlacalle\/wp-json\/wp\/v2\/pages"}],"about":[{"href":"https:\/\/blogs.univ-tlse2.fr\/chilenlacalle\/wp-json\/wp\/v2\/types\/page"}],"author":[{"embeddable":true,"href":"https:\/\/blogs.univ-tlse2.fr\/chilenlacalle\/wp-json\/wp\/v2\/users\/877"}],"replies":[{"embeddable":true,"href":"https:\/\/blogs.univ-tlse2.fr\/chilenlacalle\/wp-json\/wp\/v2\/comments?post=289"}],"version-history":[{"count":32,"href":"https:\/\/blogs.univ-tlse2.fr\/chilenlacalle\/wp-json\/wp\/v2\/pages\/289\/revisions"}],"predecessor-version":[{"id":753,"href":"https:\/\/blogs.univ-tlse2.fr\/chilenlacalle\/wp-json\/wp\/v2\/pages\/289\/revisions\/753"}],"wp:attachment":[{"href":"https:\/\/blogs.univ-tlse2.fr\/chilenlacalle\/wp-json\/wp\/v2\/media?parent=289"}],"curies":[{"name":"wp","href":"https:\/\/api.w.org\/{rel}","templated":true}]}}