 {"id":389,"date":"2021-02-11T18:41:35","date_gmt":"2021-02-11T17:41:35","guid":{"rendered":"https:\/\/blogs.univ-tlse2.fr\/chilenlacalle\/?page_id=389"},"modified":"2021-02-11T21:53:07","modified_gmt":"2021-02-11T20:53:07","slug":"quest-ce-que-el-estallido-social","status":"publish","type":"page","link":"https:\/\/blogs.univ-tlse2.fr\/chilenlacalle\/quest-ce-que-el-estallido-social\/","title":{"rendered":"Qu&rsquo;est-ce que el estallido social?"},"content":{"rendered":"\n<div class=\"wp-block-columns is-layout-flex wp-container-core-columns-is-layout-9d6595d7 wp-block-columns-is-layout-flex\">\n<div class=\"wp-block-column is-layout-flow wp-block-column-is-layout-flow\">\n<p>La th\u00e9matique des repr\u00e9sentations artistiques, et de la place des arts de rue au sein de la \u201cr\u00e9volte populaire\u201d chilienne d\u2019octobre 2019, intervient plus de 50 ans apr\u00e8s l\u2019\u00e9lection de Salvador Allende comme Pr\u00e9sident du Chili, le 4 septembre 1970. Trois ans plus tard aura lieu le coup d\u2019\u00c9tat d\u2019Augusto Pinochet, mettant fin \u00e0 la pr\u00e9sidence de l\u2019Unidad Popular.<\/p>\n\n\n\n<p>En 2019, suite \u00e0 l\u2019augmentation de 30 centimes du prix du ticket de m\u00e9tro \u00e0 Santiago, une nouvelle p\u00e9riode de mobilisations collectives s\u2019ouvre au Chili. Les manifestant.e.s sont fortement r\u00e9prim\u00e9s par le gouvernement, mais prennent le contr\u00f4le de l\u2019espace public \u00e0 travers diff\u00e9rentes manifestations artistiques, dont nous pr\u00e9sentons, \u00e0 travers ce blog, quelques exemples et t\u00e9moignages.<\/p>\n\n\n\n<p>Nous avons tent\u00e9 de repr\u00e9senter quelques \u00e9chantillons de l\u2019immense vari\u00e9t\u00e9 de formes, symboles, et revendications que peuvent prendre les arts et expressions artistiques \u00e0 l\u2019occasion de ces r\u00e9cents mouvements populaires chiliens, qui contestent non seulement l&rsquo;h\u00e9ritage autoritaire de la dictature, mais aussi le \u201cmod\u00e8le\u201d n\u00e9olib\u00e9ral encore en cours.<\/p>\n\n\n\n<p>Afin de proposer une compr\u00e9hension vivante et complexe de ces engagements artistiques, nous avons eu l\u2019occasion de rencontrer \u00e0 travers des entretiens en ligne, diff\u00e9rents acteurs.trices de cet \u00ab\u00a0<em>estallido art\u00edstico<\/em>\u201d (litt\u00e9ralement \u201cexplosion artistique\u201d), dont nous proposons ici des extraits vid\u00e9os en espagnol.<\/p>\n\n\n\n<p>Ainsi, vous trouverez, au fil des clics, des formats vid\u00e9o, des photos, ou encore des liens vers des sites web ou des articles d&rsquo;analyse, afin de comprendre l\u2019importance des arts dans les manifestations populaires chiliennes, hier et aujourd\u2019hui.<\/p>\n\n\n\n<p><\/p>\n<\/div>\n\n\n\n<div class=\"wp-block-column is-layout-flow wp-block-column-is-layout-flow\">\n<p><em>En el marco de nuestro segundo a\u00f1o de Maestr\u00eda en el Instituto Multidisciplinario de Estudios sobre las Am\u00e9ricas en Toulouse, el estudiantado tiene la oportunidad de organizar anualmente un evento cient\u00edfico o cultural. En el a\u00f1o 2020-2021, en un contexto mundial particular, hemos adaptado nuestro trabajo para as\u00ed presentarlo mediante este blog.<\/em><\/p>\n\n\n\n<p><em>La tem\u00e1tica de las representaciones art\u00edsticas y del lugar que ocupa el arte en los movimientos populares encuentra su raz\u00f3n de ser en el quincuag\u00e9simo aniversario de la elecci\u00f3n de Salvador Allende como Presidente de Chile -4 de septiembre de 1970-. Tres a\u00f1os m\u00e1s tarde ocurri\u00f3 el golpe de Estado de Augusto Pinochet, poniendo t\u00e9rmino al mandato presidencial de la Unidad Popular.&nbsp;<\/em><\/p>\n\n\n\n<p><em>En el 2019, tras aumentarle 30 c\u00e9ntimos CLP al pasaje de metro en Santiago, inicia un nuevo periodo de protestas populares en Chile. A pesar de que las manifestaciones fueron severamente reprimidas por el gobierno, hubo una toma del espacio p\u00fablico a trav\u00e9s de diferentes manifestaciones art\u00edsticas de las cuales presentaremos algunos ejemplares en nuestro blog.<\/em><\/p>\n\n\n\n<p><em>Hemos tratado de representar la inmensa variedad de formas, s\u00edmbolos y reivindicaciones adoptados por el arte durante los movimientos populares chilenos que tuvieron lugar 30 a\u00f1os despu\u00e9s del final de la dictadura de Pinochet.<\/em><\/p>\n\n\n\n<p><em>Con el fin de proponer un trabajo integral tuvimos la oportunidad de contactar mediante entrevistas virtuales a diferentes actores art\u00edsticos de dichas revueltas, tales como Paola Rodr\u00edguez, Giovanni Zamora (por Instagram), Caiozamma, Fab Ciraolo y Alejandro \u201cMono\u201d Gonz\u00e1lez, que nos permitir\u00e1 establecer un lazo entre las manifestaciones pasadas y actuales.<\/em><\/p>\n\n\n\n<p><em>Al cliquear encontrar\u00e1n diferentes formatos : videos, fotograf\u00edas o incluso enlaces hacia art\u00edculos cient\u00edficos, que nos permitir\u00e1n comprender la importancia del arte durante las manifestaciones populares chilenas.<\/em><\/p>\n<\/div>\n<\/div>\n","protected":false},"excerpt":{"rendered":"<p>La th\u00e9matique des repr\u00e9sentations artistiques, et de la place des arts de rue au sein de la \u201cr\u00e9volte populaire\u201d chilienne d\u2019octobre 2019, intervient plus de 50 ans apr\u00e8s l\u2019\u00e9lection de Salvador Allende comme Pr\u00e9sident du Chili, le 4 septembre 1970. Trois ans plus tard aura lieu le coup d\u2019\u00c9tat d\u2019Augusto Pinochet, mettant fin \u00e0 la [&hellip;]<\/p>\n","protected":false},"author":877,"featured_media":0,"parent":0,"menu_order":0,"comment_status":"closed","ping_status":"closed","template":"","meta":{"footnotes":""},"class_list":["post-389","page","type-page","status-publish","hentry","post-preview"],"_links":{"self":[{"href":"https:\/\/blogs.univ-tlse2.fr\/chilenlacalle\/wp-json\/wp\/v2\/pages\/389","targetHints":{"allow":["GET"]}}],"collection":[{"href":"https:\/\/blogs.univ-tlse2.fr\/chilenlacalle\/wp-json\/wp\/v2\/pages"}],"about":[{"href":"https:\/\/blogs.univ-tlse2.fr\/chilenlacalle\/wp-json\/wp\/v2\/types\/page"}],"author":[{"embeddable":true,"href":"https:\/\/blogs.univ-tlse2.fr\/chilenlacalle\/wp-json\/wp\/v2\/users\/877"}],"replies":[{"embeddable":true,"href":"https:\/\/blogs.univ-tlse2.fr\/chilenlacalle\/wp-json\/wp\/v2\/comments?post=389"}],"version-history":[{"count":4,"href":"https:\/\/blogs.univ-tlse2.fr\/chilenlacalle\/wp-json\/wp\/v2\/pages\/389\/revisions"}],"predecessor-version":[{"id":411,"href":"https:\/\/blogs.univ-tlse2.fr\/chilenlacalle\/wp-json\/wp\/v2\/pages\/389\/revisions\/411"}],"wp:attachment":[{"href":"https:\/\/blogs.univ-tlse2.fr\/chilenlacalle\/wp-json\/wp\/v2\/media?parent=389"}],"curies":[{"name":"wp","href":"https:\/\/api.w.org\/{rel}","templated":true}]}}