 {"id":47,"date":"2021-01-26T15:58:16","date_gmt":"2021-01-26T14:58:16","guid":{"rendered":"https:\/\/blogs.univ-tlse2.fr\/chilenlacalle\/?page_id=47"},"modified":"2021-02-15T18:50:31","modified_gmt":"2021-02-15T17:50:31","slug":"qui-sommes-nous-raices-del-proyecto","status":"publish","type":"page","link":"https:\/\/blogs.univ-tlse2.fr\/chilenlacalle\/qui-sommes-nous-raices-del-proyecto\/","title":{"rendered":"QUI SOMMES-NOUS ? &#8211; RA\u00cdCES DEL PROYECTO"},"content":{"rendered":"\n<p class=\"has-drop-cap has-text-align-center\"><span class=\"has-inline-color has-dark-gray-color\">Le projet de cette exposition \u00e9merge au sein d&rsquo;une classe d&rsquo;\u00e9tudiant\u00b7es de master \u00e0 l&rsquo;IPEAT (Institut Pluridisciplinaire d&rsquo;Etudes sur les Am\u00e9riques \u00e0 Toulouse) dans une dynamique de cr\u00e9ation d&rsquo;un \u00e9v\u00e9nement scientifique. <\/span><\/p>\n\n\n\n<p>El proyecto de esta exposici\u00f3n proviene de un grupo de estudiantes del Master del Instituto Pluridisciplinario de Estudios sobre las Am\u00e9ricas en Toulouse, en una din\u00e1mica de creaci\u00f3n de un evento cient\u00edfico.<\/p>\n\n\n\n<p><\/p>\n\n\n\n<p class=\"has-text-align-left\">Franck Gaudichaud &#8211; enseignant chercheur &#8211; D\u00e9partement \u00c9tudes hispaniques et hispano-am\u00e9ricaines (DEHHA)<\/p>\n\n\n\n<p>Contact: <a href=\"melA('franck.gaudichaud','','','univ-tlse2.fr');\"><span class=\"has-inline-color has-light-gray-color\">f&#x72;a&#110;&#x63;k&#x2e;g&#97;&#x75;d&#x69;&#x63;h&#x61;u&#100;&#x40;u&#x6e;&#x69;v&#x2d;t&#108;&#x73;e&#x32;&#46;&#102;&#x72;<\/span><\/a><\/p>\n\n\n\n<div class=\"wp-block-columns is-layout-flex wp-container-core-columns-is-layout-9d6595d7 wp-block-columns-is-layout-flex\">\n<div class=\"wp-block-column is-vertically-aligned-top is-layout-flow wp-block-column-is-layout-flow\">\n<p class=\"has-text-align-center\"><strong>\u00c9tudiant\u00b7e\u00b7s M2 IPAL :&nbsp;<\/strong><\/p>\n\n\n\n<p class=\"has-text-align-center\">     AUGIER Pauline&nbsp;<\/p>\n\n\n\n<p class=\"has-text-align-center\">     AVRIL Marine&nbsp;<\/p>\n\n\n\n<p class=\"has-text-align-center\">GARDAZ S\u00e9bastien<\/p>\n\n\n\n<p class=\"has-text-align-center\">     MEINIER Cl\u00e9mence&nbsp;<\/p>\n\n\n\n<p class=\"has-text-align-center\">     NICOLLE Elisa&nbsp;<\/p>\n\n\n\n<p class=\"has-text-align-center\">     JAMIER Charlotte&nbsp;<\/p>\n\n\n\n<p class=\"has-text-align-center\">     JUVIN Camille<\/p>\n\n\n\n<p class=\"has-text-align-center\">     SADON R\u00e9mi&nbsp;<\/p>\n<\/div>\n\n\n\n<div class=\"wp-block-column is-layout-flow wp-block-column-is-layout-flow\">\n<p class=\"has-text-align-center\"><strong>\u00c9tudiant\u00b7e\u00b7s M2 ESCAM :&nbsp;<\/strong><\/p>\n\n\n\n<p class=\"has-text-align-center\">     ALLAIN Rapha\u00eblla&nbsp;<\/p>\n\n\n\n<p class=\"has-text-align-center\">     CARRILLO PEREZ Hillary<\/p>\n\n\n\n<p class=\"has-text-align-center\">     CILIBERTI Mathilde&nbsp;<\/p>\n\n\n\n<p class=\"has-text-align-center\">     DESTANG Laure<\/p>\n\n\n\n<p class=\"has-text-align-center\">     DUPUIS Luc&nbsp;<\/p>\n\n\n\n<p class=\"has-text-align-center\">     GILIBERT Laure&nbsp;<\/p>\n\n\n\n<p class=\"has-text-align-center\">     GINISTY Camille<\/p>\n\n\n\n<p class=\"has-text-align-center\">     L\u00c9VEILL\u00c9-LAMOUREUX William&nbsp;<\/p>\n\n\n\n<p class=\"has-text-align-center\">     MOSCOVICI Delphine&nbsp;<\/p>\n\n\n\n<p class=\"has-text-align-center\">     NORVAL Sybil&nbsp;<\/p>\n\n\n\n<p class=\"has-text-align-center\">     SILVA Jazm\u00edn<\/p>\n<\/div>\n<\/div>\n","protected":false},"excerpt":{"rendered":"<p>Le projet de cette exposition \u00e9merge au sein d&rsquo;une classe d&rsquo;\u00e9tudiant\u00b7es de master \u00e0 l&rsquo;IPEAT (Institut Pluridisciplinaire d&rsquo;Etudes sur les Am\u00e9riques \u00e0 Toulouse) dans une dynamique de cr\u00e9ation d&rsquo;un \u00e9v\u00e9nement scientifique. El proyecto de esta exposici\u00f3n proviene de un grupo de estudiantes del Master del Instituto Pluridisciplinario de Estudios sobre las Am\u00e9ricas en Toulouse, en [&hellip;]<\/p>\n","protected":false},"author":878,"featured_media":0,"parent":0,"menu_order":0,"comment_status":"closed","ping_status":"closed","template":"","meta":{"footnotes":""},"class_list":["post-47","page","type-page","status-publish","hentry","post-preview"],"_links":{"self":[{"href":"https:\/\/blogs.univ-tlse2.fr\/chilenlacalle\/wp-json\/wp\/v2\/pages\/47","targetHints":{"allow":["GET"]}}],"collection":[{"href":"https:\/\/blogs.univ-tlse2.fr\/chilenlacalle\/wp-json\/wp\/v2\/pages"}],"about":[{"href":"https:\/\/blogs.univ-tlse2.fr\/chilenlacalle\/wp-json\/wp\/v2\/types\/page"}],"author":[{"embeddable":true,"href":"https:\/\/blogs.univ-tlse2.fr\/chilenlacalle\/wp-json\/wp\/v2\/users\/878"}],"replies":[{"embeddable":true,"href":"https:\/\/blogs.univ-tlse2.fr\/chilenlacalle\/wp-json\/wp\/v2\/comments?post=47"}],"version-history":[{"count":19,"href":"https:\/\/blogs.univ-tlse2.fr\/chilenlacalle\/wp-json\/wp\/v2\/pages\/47\/revisions"}],"predecessor-version":[{"id":730,"href":"https:\/\/blogs.univ-tlse2.fr\/chilenlacalle\/wp-json\/wp\/v2\/pages\/47\/revisions\/730"}],"wp:attachment":[{"href":"https:\/\/blogs.univ-tlse2.fr\/chilenlacalle\/wp-json\/wp\/v2\/media?parent=47"}],"curies":[{"name":"wp","href":"https:\/\/api.w.org\/{rel}","templated":true}]}}