 {"id":85,"date":"2021-02-04T13:15:03","date_gmt":"2021-02-04T12:15:03","guid":{"rendered":"https:\/\/blogs.univ-tlse2.fr\/chilenlacalle\/?page_id=85"},"modified":"2021-02-11T21:58:48","modified_gmt":"2021-02-11T20:58:48","slug":"contextualisation","status":"publish","type":"page","link":"https:\/\/blogs.univ-tlse2.fr\/chilenlacalle\/contextualisation\/","title":{"rendered":"CONTEXTUALISATION &#8211; CONTEXTUALIZACI\u00d3N"},"content":{"rendered":"\n<p class=\"has-text-align-center\"><strong>Qu\u2019est-ce que<em> el estallido social<\/em> ?&nbsp;<\/strong><\/p>\n\n\n\n<p class=\"has-text-align-center\"><strong><em>El Estallido Social&nbsp;<\/em><\/strong><\/p>\n\n\n\n<div class=\"wp-block-columns is-layout-flex wp-container-core-columns-is-layout-9d6595d7 wp-block-columns-is-layout-flex\">\n<div class=\"wp-block-column is-layout-flow wp-block-column-is-layout-flow\">\n<p class=\"has-drop-cap\">En octobre 2019 est n\u00e9 au Chili un mouvement de r\u00e9volte populaire, que certains journalistes ont d\u00e9nomm\u00e9 \u201c<em>Estadillo Social<\/em>\u201d, \u201cexplosion sociale\u201d en espagnol.&nbsp;<\/p>\n\n\n\n<p>Le mouvement a d\u00e9but\u00e9 dans la ville de Santiago de Chile le 18 octobre, avec le lancement d\u2019un appel via un compte Instagram, incitant la population et principalement les lyc\u00e9ens et coll\u00e9giens \u00e0 ne pas payer leurs titres de transport pendant la semaine et \u00e0 pratiquer le <em>salto-turniquete<\/em> (c\u2019est-\u00e0-dire de sauter le tourniquet d&rsquo;entr\u00e9e sans payer) afin de protester contre la hausse de 30 centimes du prix du ticket de m\u00e9tro.&nbsp;<\/p>\n\n\n\n<p>Ce mouvement de r\u00e9volte populaire a, peu \u00e0 peu, rassembl\u00e9 l\u2019ensemble des revendications pr\u00e9sentes lors des manifestations et des mouvements sociaux des ann\u00e9es pr\u00e9c\u00e9dentes, b\u00e9n\u00e9ficiant en outre de la crise de l\u00e9gitimit\u00e9 dont souffrait le pr\u00e9sident Pi\u00f1era, son gouvernement et plus largement l\u2019ensemble du syst\u00e8me politique du pays. De grandes et vastes mobilisations populaires se poursuivent donc au Chili depuis octobre 2019 et remettent en question son syst\u00e8me n\u00e9olib\u00e9ral qui a \u00e9t\u00e9 implant\u00e9 d\u00e8s 1975 sous la dictature et ce alors que la transition d\u00e9mocratique de 1989-1990 n\u2019a pas r\u00e9pondu aux attentes des Chiliens.<\/p>\n<\/div>\n\n\n\n<div class=\"wp-block-column is-layout-flow wp-block-column-is-layout-flow\">\n<p class=\"has-drop-cap\"><em>En Chile, en octubre de 2019, nace un movimiento de revuelta popular bautizado por los medios de comunicaci\u00f3n como un \u201cEstallido Social\u201d.&nbsp;<\/em><\/p>\n\n\n\n<p><em>El movimiento se origin\u00f3 en la capital, Santiago de Chile, el 18 de octubre, con un llamado colectivo, via Instagram, que incitaba a la poblaci\u00f3n en general y en especial a los estudiantes, a evadir el pago en los transportes p\u00fablicos y saltar los torniquetes del metro de Santiago a modo de protesta contra el aumento de 30 c\u00e9ntimos del valor del ticket de metro.&nbsp;<\/em><\/p>\n\n\n\n<p><em>Este acto de revuelta popular, poco a poco, logr\u00f3 unificar el conjunto de reivindicaciones de las protestas y manifestaciones as\u00ed como los movimientos sociales de los a\u00f1os precedentes. Adem\u00e1s se benefici\u00f3 de la crisis de legitimidad de la figura del actual presidente Pi\u00f1era, su gesti\u00f3n y, a mayor escala, el sistema pol\u00edtico del pa\u00eds. Lo cual dio cabida a movilizaciones masivas a nivel nacional que cuestionaban el sistema n\u00e9oliberal impuesto en tiempos de dictadura (1975) adem\u00e1s de la transici\u00f3n democr\u00e1tica de 1989-1990 que no respondi\u00f3 a las expectativas de los chilenos.&nbsp;<\/em><\/p>\n<\/div>\n<\/div>\n\n\n\n<figure class=\"wp-block-image size-large\"><img loading=\"lazy\" decoding=\"async\" width=\"1024\" height=\"677\" src=\"https:\/\/blogs.univ-tlse2.fr\/chilenlacalle\/files\/2021\/02\/contexte-199-1024x677-1.jpg\" alt=\"\" class=\"wp-image-412\" srcset=\"https:\/\/blogs.univ-tlse2.fr\/chilenlacalle\/files\/2021\/02\/contexte-199-1024x677-1.jpg 1024w, https:\/\/blogs.univ-tlse2.fr\/chilenlacalle\/files\/2021\/02\/contexte-199-1024x677-1-300x198.jpg 300w, https:\/\/blogs.univ-tlse2.fr\/chilenlacalle\/files\/2021\/02\/contexte-199-1024x677-1-768x508.jpg 768w, https:\/\/blogs.univ-tlse2.fr\/chilenlacalle\/files\/2021\/02\/contexte-199-1024x677-1-676x447.jpg 676w\" sizes=\"auto, (max-width: 1024px) 100vw, 1024px\" \/><\/figure>\n\n\n\n<p class=\"has-text-align-center\"><\/p>\n\n\n\n<p class=\"has-text-align-center\"><strong>Origines et \u00e9l\u00e9ments d\u00e9clencheurs du mouvement&nbsp;<\/strong><\/p>\n\n\n\n<p class=\"has-text-align-center\"><strong><em>Causas y detonantes del movimiento&nbsp;<\/em><\/strong><\/p>\n\n\n\n<div class=\"wp-block-columns is-layout-flex wp-container-core-columns-is-layout-9d6595d7 wp-block-columns-is-layout-flex\">\n<div class=\"wp-block-column is-layout-flow wp-block-column-is-layout-flow\">\n<p>Sur le plan politique, le Chili apparaissait depuis trente ans comme un pays \u201cstable\u201d, mais encore tr\u00e8s marqu\u00e9 par l\u2019autoritarisme. La Constitution chilienne en vigueur en t\u00e9moignait puisque celle-ci date de 1980 et est ainsi h\u00e9rit\u00e9e de la dictature de Pinochet.&nbsp;<\/p>\n\n\n\n<p>Cependant, l\u2019ordre politique et institutionnel du pays souffre depuis quelques ann\u00e9es d\u2019une <strong>crise d\u2019h\u00e9g\u00e9monie <\/strong>et d\u2019une absence de l\u00e9gitimit\u00e9 en plus d\u2019un syst\u00e8me socio-\u00e9conomique tr\u00e8s in\u00e9galitaire. En effet, l\u2019\u00e9lite de centre gauche-centre droit (la \u201cConcertation\u201d) et de la droite conservatrice et lib\u00e9rale \u00e0 la t\u00eate de l\u2019ex\u00e9cutif depuis la fin de la dictature a \u00e9t\u00e9 remise en cause de mani\u00e8re croissante par la soci\u00e9t\u00e9 chilienne apr\u00e8s la r\u00e9v\u00e9lation de grands cas de corruption, de client\u00e9lisme et du fait de son incapacit\u00e9 \u00e0 remettre en cause les profondes in\u00e9galit\u00e9s sociales. Cette situation et ce que certains sociologues ont nomm\u00e9 le \u201cmal-\u00eatre citoyen\u201d a men\u00e9 \u00e0 l\u2019explosion d\u2019une crise politique et sociale o\u00f9 le \u201cpeuple\u201d (ou tout au moins de vastes secteurs de ce dernier) r\u00e9clame un changement de l\u2019ordre politique, social et institutionnel du pays.&nbsp;<\/p>\n<\/div>\n\n\n\n<div class=\"wp-block-column is-layout-flow wp-block-column-is-layout-flow\">\n<p><em>En el plan pol\u00edtico, desde hace treinta a\u00f1os, Chile aparentaba ser un pa\u00eds estable aunque continuase a estar marcado por el autoritarismo. La constituci\u00f3n chilena en vigor es testigo de ello ya que ella data de 1980 y es heredada de la dictadura de Pinochet.&nbsp;<\/em><\/p>\n\n\n\n<p><em>Sin embargo, el orden pol\u00edtico e institucional del pa\u00eds sufre desde hace varios a\u00f1os de una crisis hegem\u00f3nica, de la ausencia de legitimidad adem\u00e1s de un sistema socio-econ\u00f3mico desigual. En efecto, las \u00e9lites de la coalici\u00f3n de los partidos centro-izquierdistas denominada la Concertaci\u00f3n, as\u00ed como aquellas de derecha conservadora y liberal encabezan ambas el poder ejecutivo desde finales de la dictadura. Este hecho, ha sido puesto en duda por la sociedad chilena cada vez m\u00e1s a ra\u00edz del conocimiento de grandes casos de corrupci\u00f3n, de clientelismo y de las profundas inequidades sociales. Este fen\u00f3meno, llamado por ciertos soci\u00f3logos como el malestar ciudadano, condujo a la explosi\u00f3n de una crisis pol\u00edtica y social donde el pueblo reclama un cambio del orden pol\u00edtico, social e institucional del pa\u00eds.<\/em><\/p>\n<\/div>\n<\/div>\n\n\n\n<p><\/p>\n\n\n\n<p class=\"has-text-align-center\"><strong>&nbsp;Les diff\u00e9rents groupes sociaux mobilis\u00e9s&nbsp;<\/strong><\/p>\n\n\n\n<p class=\"has-text-align-center\"><strong><em>Los grupos sociales movilizados<\/em><\/strong><\/p>\n\n\n\n<div class=\"wp-block-columns is-layout-flex wp-container-core-columns-is-layout-9d6595d7 wp-block-columns-is-layout-flex\">\n<div class=\"wp-block-column is-layout-flow wp-block-column-is-layout-flow\">\n<p>Ce mouvement a r\u00e9uni des secteurs entiers et divers de la soci\u00e9t\u00e9 chilienne, tels que les <strong>mouvements f\u00e9ministes<\/strong>,<strong> <\/strong>la <strong>jeunesse<\/strong>, les <strong>retrait\u00e9s, une partie du mouvement syndical <\/strong>et les <strong>peuples originaires<\/strong>. Les luttes se sont \u00e9largies et se sont unies contre le gouvernement de Sebasti\u00e1n Pi\u00f1era.<\/p>\n\n\n\n<ul class=\"wp-block-list\"><li><strong>La jeunesse<\/strong><\/li><\/ul>\n\n\n\n<p>Les lyc\u00e9en.ne.s et \u00e9tudiant.e.s ont jou\u00e9 un r\u00f4le crucial dans cette mobilisation sociale. Ils revendiquent une \u00e9ducation publique, gratuite et de qualit\u00e9 accessible \u00e0 toutes et tous dans un pays o\u00f9 le co\u00fbt des \u00e9tudes est tr\u00e8s \u00e9lev\u00e9, o\u00f9 l\u2019\u00e9ducation est largement municipalis\u00e9e ou priv\u00e9e et o\u00f9 les \u00e9tudiant.e.s s\u2019endettent pour financer leurs \u00e9tudes. De grandes mobilisations lyc\u00e9ennes et \u00e9tudiantes avaient \u00e9galement eu lieu en 2006 et en 2011, et cette partie de la population chilienne \u00e9tait donc d\u00e9j\u00e0 fortement politis\u00e9e avant 2019.<\/p>\n\n\n\n<ul class=\"wp-block-list\"><li><strong>Le mouvement f\u00e9ministe<\/strong>&nbsp;<\/li><\/ul>\n\n\n\n<p>Le mouvement f\u00e9ministe a \u00e9t\u00e9 essentiel dans la d\u00e9nonciation des abus et violences sexistes et sexuelles contre les femmes dans le secteur universitaire et a largement gagn\u00e9 en puissance \u00e0 partir de mai 2018. Le mouvement f\u00e9ministe s\u2019est associ\u00e9 aux autres acteurs contestant le gouvernement de Pi\u00f1era dans le cadre de l\u2019<em>Estadillo Social<\/em> afin de d\u00e9noncer la violence, la r\u00e9pression, le n\u00e9olibralisme et les abus ayant \u00e9t\u00e9 commis par le gouvernement et les forces de l\u2019ordre au cours de diff\u00e9rentes p\u00e9riodes de l\u2019histoire chilienne : sous la dictature mais \u00e9galement pendant la r\u00e9volte populaire de 2019. Parmi ces organisations, la \u201c<em>Coordinadora 8M<\/em>\u201d a \u00e9t\u00e9 l\u2019une des plus actives.<\/p>\n\n\n\n<ul class=\"wp-block-list\"><li><strong>Les retrait\u00e9.e.s<\/strong><\/li><\/ul>\n\n\n\n<p>Au Chili, \u00e0 l\u2019heure actuelle les retrait\u00e9.e.s ne touchent environ que 20% de leur dernier salaire, faisant du taux de recouvrement chilien l\u2019un des plus bas au monde. Face \u00e0 cette situation de pr\u00e9carit\u00e9 dans laquelle ils se trouvent, ils revendiquent le droit \u00e0 des retraites dignes et \u00e0 la fin de la capitalisation des retraites avec pour slogan \u201c<em>No + AFP<\/em>\u201d (les AFP \u00e9tant les gigantesques fonds de pensions priv\u00e9s qui contr\u00f4lent les retraites des travailleurs.euses depuis 1981).<\/p>\n\n\n\n<ul class=\"wp-block-list\"><li><strong>Le peuple Mapuche<\/strong>&nbsp;<\/li><\/ul>\n\n\n\n<p>Le peuple Mapuche a lui aussi rejoint le mouvement de protestation sociale en 2019 en revendiquant le droit \u00e0 l\u2019autod\u00e9termination et d\u00e9non\u00e7ant les discriminations, le racisme d\u2019\u00c9tat et l\u2019exclusion sociale qu\u2019il subit dans la soci\u00e9t\u00e9 chilienne actuelle. Lors des mobilisations, le drapeau&nbsp; Mapuche a \u00e9t\u00e9 omnipr\u00e9sent et pas seulement brandi par des Mapuche ou des sympathisant.e.s de leur cause.&nbsp;<\/p>\n\n\n\n<p><\/p>\n<\/div>\n\n\n\n<div class=\"wp-block-column is-layout-flow wp-block-column-is-layout-flow\">\n<p><em>Este movimiento re\u00fane los diferentes sectores de la sociedad chilena: los movimientos feministas, los j\u00f3venes, los jubilados y\/o pensionados as\u00ed como los pueblos originarios. Las diferentes luchas se han unificado y fusionado para enfrentar al gobierno de Sebasti\u00e1n Pi\u00f1era.<\/em><\/p>\n\n\n\n<ul class=\"wp-block-list\"><li><strong><em>Los j\u00f3venes&nbsp;<\/em><\/strong><\/li><\/ul>\n\n\n\n<p><em>Los lice\u00edstas y estudiantes tuvieron un rol crucial en esta movilizaci\u00f3n social. En un pa\u00eds donde el costo de la educaci\u00f3n es alta y en su mayor\u00eda municipalizada o privada, las principales reivindicaciones son una educaci\u00f3n p\u00fablica, gratuita y de calidad. Anteriormente han habido manifestaciones de liceistas y estudiantes en 2006 y 2011, por lo cual esta parte de la poblaci\u00f3n chilena estaba fuertemente politizada antes del 2019.&nbsp;<\/em><\/p>\n\n\n\n<ul class=\"wp-block-list\"><li><strong><em>El movimiento feminista<\/em><\/strong><\/li><\/ul>\n\n\n\n<p><em>El movimiento femista fue esencial en la denuncia de los abusos y violencias sexistas y sexuales hacia las mujeres en el sector universitario y ha logrado gran momentum a partir de mayo de 2018. El movimiento feminista se asoci\u00f3 a los dem\u00e1s actores contestatarios del gobierno de Pi\u00f1era durante el Estallido Social con el f\u00edn de denunciar la violencia, la represi\u00f3n, el neoliberalisme y los abusos cometidos por el gobierno y las fuerzas del \u00f3rden a lo largo de los diferentes periodos de la historia Chilena: principalmente durante la dictadura pero tambi\u00e9n durante la revuelta popular de 2019. Entre estas organizaciones, la Coordinadora 8M ha sido una de las m\u00e1s reactivas.&nbsp;<\/em><\/p>\n\n\n\n<ul class=\"wp-block-list\"><li><strong><em>Los jubilado\/as, pensionado\/as<\/em><\/strong><\/li><\/ul>\n\n\n\n<p><em>Actualmente en Chile, los jubilado\/as no reciben sino el 20% de su \u00faltimo salario, haciendo que sea uno de los m\u00e1s bajos del mundo. En vista de su situaci\u00f3n de precariedad, con el eslogan \u201cNo + AFP\u201dreivindican el derecho a pensiones dignas y al f\u00edn de la capitalizaci\u00f3n de las jubilaciones. Los AFP son los fondos de pensiones privadas que controlan las pensiones de los trabajadore\/as desde 1981.<\/em><\/p>\n\n\n\n<ul class=\"wp-block-list\"><li><strong><em>El pueblo Mapuche<\/em><\/strong><em>&nbsp;<\/em><\/li><\/ul>\n\n\n\n<p><em>El pueblo mapuche tambi\u00e9n se uni\u00f3 al Estallido reivindicando el derecho a la autodeterminaci\u00f3n y denunciando las discriminaciones, el racismo de Estado y la exclusi\u00f3n de la sociedad chilena que sufren actualmente. Durante las movilizaciones, la bandera Mapuche ha estado omnipresente.&nbsp;<\/em><\/p>\n<\/div>\n<\/div>\n\n\n\n<figure class=\"wp-block-image size-large\"><img loading=\"lazy\" decoding=\"async\" width=\"1024\" height=\"681\" src=\"https:\/\/blogs.univ-tlse2.fr\/chilenlacalle\/files\/2021\/02\/contexte-19-1024x681-1.jpg\" alt=\"\" class=\"wp-image-413\" srcset=\"https:\/\/blogs.univ-tlse2.fr\/chilenlacalle\/files\/2021\/02\/contexte-19-1024x681-1.jpg 1024w, https:\/\/blogs.univ-tlse2.fr\/chilenlacalle\/files\/2021\/02\/contexte-19-1024x681-1-300x200.jpg 300w, https:\/\/blogs.univ-tlse2.fr\/chilenlacalle\/files\/2021\/02\/contexte-19-1024x681-1-768x511.jpg 768w, https:\/\/blogs.univ-tlse2.fr\/chilenlacalle\/files\/2021\/02\/contexte-19-1024x681-1-676x450.jpg 676w\" sizes=\"auto, (max-width: 1024px) 100vw, 1024px\" \/><\/figure>\n\n\n\n<p class=\"has-text-align-center\"><strong>Revendications des acteurs et actrices mobilis\u00e9.e.s<\/strong><\/p>\n\n\n\n<p class=\"has-text-align-center\"><strong><em>Reivindicaciones de los actores implicados&nbsp;<\/em><\/strong><\/p>\n\n\n\n<div class=\"wp-block-columns is-layout-flex wp-container-core-columns-is-layout-9d6595d7 wp-block-columns-is-layout-flex\">\n<div class=\"wp-block-column is-layout-flow wp-block-column-is-layout-flow\">\n<p>Les manifestant.e.s pr\u00e9sentent diverses revendications, et particuli\u00e8rement le changement de la Constitution h\u00e9rit\u00e9e de la dictature de Pinochet.&nbsp;<\/p>\n\n\n\n<p>Ils r\u00e9clament \u00e9galement la r\u00e9forme du&nbsp; syst\u00e8me socio-\u00e9conomique chilien : la fin du syst\u00e8me de retraites par capitalisation et la mise en place d\u2019un syst\u00e8me de sant\u00e9 plus juste et d\u2019une s\u00e9curit\u00e9 sociale solidaire, par r\u00e9partition. Le peuple chilien demande \u00e9galement un mod\u00e8le \u00e9ducatif d\u00e9mocratique, non-sexiste, d\u00e9colonial et la\u00efque ainsi que la justice et la v\u00e9rit\u00e9 face aux violations des droits humains d\u2019hier et aujourd\u2019hui.<\/p>\n<\/div>\n\n\n\n<div class=\"wp-block-column is-layout-flow wp-block-column-is-layout-flow\">\n<p><em>Entre las diversas reivindicaciones, la principal es el cambio de la constituci\u00f3n heredada de la dictadura de Pinochet.<\/em><\/p>\n\n\n\n<p><em>Adem\u00e1s, reclaman la reforma del sistema socio-econ\u00f3mico chileno: el fin del sistema de pensiones por capitalizaci\u00f3n y la implementaci\u00f3n de un sistema de salud m\u00e1s justo as\u00ed como de la seguridad social solidaria. El pueblo chileno exige tambi\u00e9n un sistema educativo democr\u00e1tico, no sexista, descolonizado y laico as\u00ed como la justicia y la verdad ante las violaciones de derechos humanos de ayer y hoy.&nbsp;<\/em><\/p>\n<\/div>\n<\/div>\n\n\n\n<p class=\"has-text-align-center\"><strong>Succession des \u00e9v\u00e8nements<\/strong>&nbsp;<\/p>\n\n\n\n<p class=\"has-text-align-center\"><strong><em>Cronolog\u00eda de los hechos&nbsp;<\/em><\/strong><\/p>\n\n\n\n<div class=\"wp-block-columns is-layout-flex wp-container-core-columns-is-layout-9d6595d7 wp-block-columns-is-layout-flex\">\n<div class=\"wp-block-column is-layout-flow wp-block-column-is-layout-flow\">\n<p>Le d\u00e9but des manifestations a lieu le 14 octobre 2019.&nbsp;<\/p>\n\n\n\n<p>Par la suite, l&rsquo;\u00e9tat d\u2019urgence est d\u00e9clar\u00e9 par le pr\u00e9sident Pi\u00f1era \u00e0 Santiago. Les autorit\u00e9s imposent un couvre-feu, d\u00e9ploient l\u2019arm\u00e9e et les <em>carabineros<\/em> qui tirent au plomb sur les manifestant.e.s et en emprisonnent arbitrairement tout en criminalisant le mouvement social (reconnu depuis par plusieurs organismes de droits humains et par l\u2019ONU). Ces mesures sont approuv\u00e9es par les d\u00e9put\u00e9.e.s proches du gouvernement conservateur ainsi que par une partie de l\u2019opposition parlementaire. De plus, de nombreux manifestant.e.s souffrent des mutilations oculaires, sont gri\u00e8vement bless\u00e9.e.s ou victimes de violences sexuelles commises par les forces de l\u2019ordre . La r\u00e9pression polici\u00e8re du mouvement de 2019 est ainsi la plus violente ayant eu lieu dans le pays depuis la fin de la dictature, en 1990.&nbsp;<\/p>\n\n\n\n<p>Le 22 octobre 2019, Sebasti\u00e1n Pi\u00f1era annonce des mesures sociales pour apaiser la contestation mais celles-ci ne sont que marginales : hausse tr\u00e8s mod\u00e9r\u00e9e des retraites les plus basses, du salaire minimum, etc. Ces mesures ne visaient pas \u00e0 modifier le syst\u00e8me \u00e9conomique en mettant en place des mesures structurelles plus \u00e9galitaires. Les protestations ont donc continu\u00e9, donnant lieu notamment \u00e0 une occupation r\u00e9guli\u00e8re de la place Baquedano dans le centre de la capitale, rebaptis\u00e9e \u201cplace dignit\u00e9\u201d (<em>plaza dignidad<\/em>), ou encore \u00e0 des <em>cacerolazos <\/em>(concerts de casseroles). L\u2019insatisfaction politique g\u00e9n\u00e9rale a aussi abouti \u00e0 une demande de d\u00e9mission imm\u00e9diate du pr\u00e9sident Pi\u00f1era et de son gouvernement, demande non-relay\u00e9e par la majorit\u00e9 de l&rsquo;opposition de centre-gauche au parlement.<\/p>\n<\/div>\n\n\n\n<div class=\"wp-block-column is-layout-flow wp-block-column-is-layout-flow\">\n<p><em>El inicio de las protestas tuvo lugar el 14 de octubre de 2019.&nbsp;<\/em><\/p>\n\n\n\n<p><em>Enseguida, el estado de emergencia fue declarado por el presidente Pi\u00f1era en Santiago. Las autoridades imponen un toque de queda, despliegan las fuerzas armadas y los carabineros que apuntan sobre los manifestantes y arrestan arbitrariamente criminalizando el movimiento social (reconocido por distintos organismos defensores de los derechos humanos y la ONU). Estas medidas son aprobadas por los diputados allegados al gobierno conservador as\u00ed como por una parte de la oposici\u00f3n parlamentaria. Adem\u00e1s, una gran parte de los manifestantes sufrieron amputaciones oculares, lesiones graves y\/o violencias sexuales como resultado de la intervenci\u00f3n de las fuerzas del orden. La represi\u00f3n policial del Estallido ha sido la m\u00e1s violenta del pa\u00eds desde finales de la dictadura, en 1990.&nbsp;<\/em><\/p>\n\n\n\n<p><em>El 22 de octubre de 2019, Sebastian Pi\u00f1era anuncia medidas de car\u00e1cter social con la finalidad de apaciguar la inconformidad generalizada, pero \u00e9stas son s\u00f3lo secundarias: aumentos moderados de las pensiones m\u00e1s bajas, del salario m\u00ednimo, entre otros. Estas medidas no buscaban transformar el sistema econ\u00f3mico de fondo ni se orientaban a hacerlo m\u00e1s equitativo. Por ende, las protestas continuaron, lo que dio lugar a la ocupaci\u00f3n constante de la plaza Baquedano en el centro de la capital, rebautizada \u201cplaza dignidad\u201d as\u00ed como a los cacerolazos cotidianos. La insatisfacci\u00f3n pol\u00edtica generalizada tambi\u00e9n acab\u00f3 en la solicitud de la renuncia inmediata del presidente Pi\u00f1era y de su gobierno, la cual no fue secundada por la mayor\u00eda de los diputados de oposici\u00f3n centro-izquierdista en el parlamento.<\/em><\/p>\n<\/div>\n<\/div>\n\n\n\n<p class=\"has-text-align-center\"><strong>R\u00e9f\u00e9rendum&nbsp;<\/strong><\/p>\n\n\n\n<p class=\"has-text-align-center\"><strong><em>Referendo constitucional&nbsp;<\/em><\/strong><\/p>\n\n\n\n<div class=\"wp-block-columns is-layout-flex wp-container-core-columns-is-layout-9d6595d7 wp-block-columns-is-layout-flex\">\n<div class=\"wp-block-column is-layout-flow wp-block-column-is-layout-flow\">\n<p>Suite \u00e0 une grande gr\u00e8ve nationale et syndicale, et \u00e0 un accord sign\u00e9 par plusieurs partis en novembre 2019 (mais d\u00e9nonc\u00e9 comme un \u201cpacte\u201d non d\u00e9mocratique par les mobilis\u00e9.e.s), un r\u00e9f\u00e9rendum constitutionnel est organis\u00e9e le 25 octobre 2020 : les \u00e9lecteurs.trices ont vot\u00e9 en faveur de la r\u00e9daction d\u2019une nouvelle Constitution par la cr\u00e9ation d\u2019une \u201cconvention constitutionnelle\u201d (assembl\u00e9e constituante \u00e9lue au suffrage universel, mais aux pouvoirs limit\u00e9s sur certains aspects). La convention sera \u00e9lue en avril 2021 et la nouvelle Constitution sera d\u00e9battue \u00e0 partir de mai 2021 (pour 9 mois environ) : l\u2019assembl\u00e9e constituante sera la premi\u00e8re au monde \u00e0 \u00eatre strictement paritaire femme-homme et int\u00e9grera \u00e9galement des repr\u00e9sentant.e.s des peuples autochtones \u00e9lu.e.s sur des si\u00e8ges sp\u00e9ciaux.&nbsp;<\/p>\n<\/div>\n\n\n\n<div class=\"wp-block-column is-layout-flow wp-block-column-is-layout-flow\">\n<p><em>Luego de un gran paro nacional y sindical y de un acuerdo firmado por varios partidos en noviembre de 2019 (denunciado como un pacto no democratico por los actores movilizados), un referendo constitucional tuvo lugar el 25 de octubre de 2020, en el cual los electores\/as votaron a favor de redactar una nueva Constituci\u00f3n mediante la llamada \u201cConvenci\u00f3n constitucional\u201d( un tipo de asamblea constituyente) que ser\u00e1 elegida en abril de 2021 y la nueva Constituci\u00f3n debatida a partir de mayo del mismo a\u00f1o por un periodo aproximado de 9 meses. Esta asamblea constituyente ser\u00e1 la primera en el mundo que contar\u00e1 con la paridad hombres\/mujeres. As\u00ed mismo, incluir\u00e1 esca\u00f1os reservados para los representantes de los pueblos originarios electos.&nbsp;<\/em><\/p>\n<\/div>\n<\/div>\n\n\n\n<p><\/p>\n","protected":false},"excerpt":{"rendered":"<p>Qu\u2019est-ce que el estallido social ?&nbsp; El Estallido Social&nbsp; En octobre 2019 est n\u00e9 au Chili un mouvement de r\u00e9volte populaire, que certains journalistes ont d\u00e9nomm\u00e9 \u201cEstadillo Social\u201d, \u201cexplosion sociale\u201d en espagnol.&nbsp; Le mouvement a d\u00e9but\u00e9 dans la ville de Santiago de Chile le 18 octobre, avec le lancement d\u2019un appel via un compte Instagram, [&hellip;]<\/p>\n","protected":false},"author":877,"featured_media":0,"parent":0,"menu_order":0,"comment_status":"closed","ping_status":"closed","template":"","meta":{"footnotes":""},"class_list":["post-85","page","type-page","status-publish","hentry","post-preview"],"_links":{"self":[{"href":"https:\/\/blogs.univ-tlse2.fr\/chilenlacalle\/wp-json\/wp\/v2\/pages\/85","targetHints":{"allow":["GET"]}}],"collection":[{"href":"https:\/\/blogs.univ-tlse2.fr\/chilenlacalle\/wp-json\/wp\/v2\/pages"}],"about":[{"href":"https:\/\/blogs.univ-tlse2.fr\/chilenlacalle\/wp-json\/wp\/v2\/types\/page"}],"author":[{"embeddable":true,"href":"https:\/\/blogs.univ-tlse2.fr\/chilenlacalle\/wp-json\/wp\/v2\/users\/877"}],"replies":[{"embeddable":true,"href":"https:\/\/blogs.univ-tlse2.fr\/chilenlacalle\/wp-json\/wp\/v2\/comments?post=85"}],"version-history":[{"count":6,"href":"https:\/\/blogs.univ-tlse2.fr\/chilenlacalle\/wp-json\/wp\/v2\/pages\/85\/revisions"}],"predecessor-version":[{"id":414,"href":"https:\/\/blogs.univ-tlse2.fr\/chilenlacalle\/wp-json\/wp\/v2\/pages\/85\/revisions\/414"}],"wp:attachment":[{"href":"https:\/\/blogs.univ-tlse2.fr\/chilenlacalle\/wp-json\/wp\/v2\/media?parent=85"}],"curies":[{"name":"wp","href":"https:\/\/api.w.org\/{rel}","templated":true}]}}