 {"id":95,"date":"2021-02-04T13:22:24","date_gmt":"2021-02-04T12:22:24","guid":{"rendered":"https:\/\/blogs.univ-tlse2.fr\/chilenlacalle\/?page_id=95"},"modified":"2021-02-15T18:59:44","modified_gmt":"2021-02-15T17:59:44","slug":"references-referencias","status":"publish","type":"page","link":"https:\/\/blogs.univ-tlse2.fr\/chilenlacalle\/references-referencias\/","title":{"rendered":"R\u00c9F\u00c9RENCES &#8211; REFERENCIAS"},"content":{"rendered":"\n<p class=\"has-drop-cap\"><strong>BIBLIOGRAPHIE<\/strong><\/p>\n\n\n\n<p><\/p>\n\n\n\n<p><strong>IBLIOGRAF\u00cdA<\/strong><\/p>\n\n\n\n<p>AGUILERA<strong> <\/strong>Carolina, \u201cViolaciones a los Derechos Humanos en largo octubre chileno\u201d,&nbsp;<em>IdeAs<\/em>, 15, 2020&nbsp;: <a href=\"http:\/\/journals.openedition.org\/ideas\/8386\">http:\/\/journals.openedition.org\/ideas\/8386<\/a>.<\/p>\n\n\n\n<p>ARTAZA Pablo (et al.), <em>Chile despert\u00f3. Lecturas desde la historia del estallido social de octubre<\/em>, Universidad de Chile, Santiago, 2019 : <a href=\"https:\/\/www.uchile.cl\/documentos\/descarga-el-libro-ichile-desperto-lecturas-desde-la-historia-del-estallido-social-de-octubrei-pdf-58-mb_160577_0_5927.pdf\">https:\/\/www.uchile.cl\/documentos\/descarga-el-libro-ichile-desperto-lecturas-desde-la-historia-del-estallido-social-de-octubrei-pdf-58-mb_160577_0_5927.pdf<\/a>.<\/p>\n\n\n\n<p>BAROZET Emmanuelle, \u00ab&nbsp;De la transition \u00e0 l\u2019explosion du 18-O : malaise et r\u00e9bellion populaire aux portes de la terre promise&nbsp;\u00bb, <em>IdeAs<\/em>, 15, 2020 : <a href=\"https:\/\/journals.openedition.org\/ideas\/8354\">https:\/\/journals.openedition.org\/ideas\/8354<\/a>.<\/p>\n\n\n\n<p>Biblioteca del congreso nacional de Chile, <em>Rese\u00f1a biogr\u00e1fica de Salvador Allende Gossens, presidente de la rep\u00fablica de Chile<\/em>, disponible sur &lt;<a href=\"https:\/\/www.bcn.cl\/\">https:\/\/www.bcn.cl\/<\/a>&gt;.<\/p>\n\n\n\n<p>CRISTI Nicole y Manzi Javiera, <em>Resistencia gr\u00e1fica<\/em>. <em>Dictadura<\/em> en <em>Chile<\/em>: <em>APJ<\/em>-Tallersol, LOM, SANTAGO, 2016.<\/p>\n\n\n\n<p>Escuela de Arquitectura y Dise\u00f1o<em>, Los S\u00edmbolos de una Revoluci\u00f3n \u2013 Caso de estudio<\/em>, Melania Collins Philips, Valpara\u00edso, 2020.<\/p>\n\n\n\n<p>FAJARDO Marco, \u201cMurales virtuales, donde los artistas del estadillo luchan por la cuarentena\u201d, <em>El Mostrador<\/em>, 25 avril 2020 : <a href=\"http:\/\/www.elmostrador.cl\">www.elmostrador.cl<\/a>.<\/p>\n\n\n\n<p>FAURE Antoine, MAILLET Antoine, \u00ab&nbsp;Chile despert\u00f3. Mobilisations sociales et politisation au Chili&nbsp;\u00bb, <em>IdeAs, <\/em>15, 2020 : <a href=\"https:\/\/journals.openedition.org\/ideas\/8364\">https:\/\/journals.openedition.org\/ideas\/8364<\/a>.<\/p>\n\n\n\n<p>GAUDICHAUD Franck, <em>Chili 1970-1973. Mille jours qui \u00e9branl\u00e8rent le monde<\/em>, Presses Universitaires de Rennes, Rennes, 2013.<\/p>\n\n\n\n<p>GAUDICHAUD Franck, NOGUE Axel, \u00ab Sans f\u00e9minisme, il n\u2019y a pas de   d\u00e9mocratie \u00bb : r\u00e9flexions sur le nouvel \u00e9lan des mobilisations f\u00e9ministes au Chili \u00bb, <em>Revue internationale et strat\u00e9gique<\/em>, vol. 119, no. 3, 2020, p 107-116 : <a href=\"https:\/\/www.cairn.info\/revue-internationale-et-strategique-2020-3-page-107.html\">https:\/\/www.cairn.info\/revue-internationale-et-strategique-2020-3-page-107.html<\/a>.<\/p>\n\n\n\n<p>GUERE\u00d1A Jean-Louis, <em>Image et transmission des savoirs dans les mondes hispaniques et hispano-am\u00e9ricains<\/em>, PUR, Rennes, 2007&nbsp;: <a href=\"https:\/\/books.openedition.org\/pufr\/5655?lang=fr\">https:\/\/books.openedition.org\/pufr\/5655?lang=fr<\/a>.<\/p>\n\n\n\n<p>HUNEEUS Carlos, <em>El R\u00e9gimen de Pinochet<\/em>, Editorial Sudamericana, Santiago, 2000 .<\/p>\n\n\n\n<p>JOUBERT Val\u00e9rie, \u201cLa pintura callejera en Santiago de Chile: Imagen de una libertad bajo palabra\u201d, <em>in <\/em>GUERE\u00d1A Jean-Louis, <em>Image et transmission des savoirs dans les mondes hispaniques et hispano-am\u00e9ricains<\/em>, PUR, Rennes, 2007&nbsp;: <a href=\"https:\/\/books.openedition.org\/pufr\/5673\">https:\/\/books.openedition.org\/pufr\/5673<\/a>.&nbsp;<\/p>\n\n\n\n<p>MANZI ZAMUDIO Gabriela, \u201cLa ciudad de Santiago resignificada como corporeidad comunicacional temporal en tiempos de estadillo social\u201d, <em>Arquitecturas del Sur<\/em>, Vol. 38, N\u00b057, Juillet 2020 : <a href=\"https:\/\/scielo.conicyt.cl\/pdf\/as\/v38n57\/0719-6466-as-38-57-162.pdf\">https:\/\/scielo.conicyt.cl\/pdf\/as\/v38n57\/0719-6466-as-38-57-162.pdf<\/a>.&nbsp;<\/p>\n\n\n\n<p>MAYOL Alberto, <em>BIG BANG. Estallido Social 2019<\/em>, Catalonia, Santiago, 2020.<\/p>\n\n\n\n<p>PONCE Camila, \u00ab Du mouvement f\u00e9ministe \u00e9tudiant au mouvement social #ChileDespert\u00f3 \u00bb,&nbsp; <em>IdeAs<\/em>, 15, 2020 : <a href=\"https:\/\/journals.openedition.org\/ideas\/8396\">https:\/\/journals.openedition.org\/ideas\/8396<\/a>.<\/p>\n\n\n\n<p>Pressenza, <em>Muros que hablan: Memoria gr\u00e1fica del despertar social en Santiago de Chile. Octubre 2019-Marzo 2020<\/em>, Librer\u00eda humanista, Santiago, 2020.<\/p>\n\n\n\n<p>REBOLLEDO Javier, T\u00f3toro Dauno, Echeverr\u00eda Luciana, <em>Hasta que Valga la Pena Vivir<\/em>. <em>la Revoluci\u00f3n de octubre de 2019 en los muros de Santiago<\/em>, Ceibo ed., Santiago, 2020.<\/p>\n\n\n\n<p>WINN Peter, <em>La revoluci\u00f3n chilena<\/em>, LOM, Santiago, 2013.<\/p>\n\n\n\n<p><strong>SITOGRAPHIE<\/strong><\/p>\n\n\n\n<p>Brigadas muralistas : <a href=\"http:\/\/www.memoriachilena.gob.cl\/602\/w3-article-132286.html\">www.memoriachilena.gob.cl\/602\/w3-article-132286.html<\/a>&nbsp;<\/p>\n\n\n\n<p>Cat\u00e1logo de la exposici\u00f3n \u00ab\u00a0ESTALLIDO ART\u00cdSTICO. Testimonios creativos de la agitaci\u00f3n\u00a0\u00bb (2020) : <a href=\"https:\/\/museodelestallidosocial.org\/wp-content\/uploads\/2020\/10\/catalogo_nomada_exposicion_estallido_artistico_2020.pdf\">https:\/\/museodelestallidosocial.org\/wp-content\/uploads\/2020\/10\/catalogo_nomada_exposicion_estallido_artistico_2020.pdf<\/a>&nbsp;<\/p>\n\n\n\n<h5 class=\"wp-block-heading\">Especial Gr\u00e1fico de las protestas en Santiago de Chile (peri\u00f3dico Resumen), 2019 : <a href=\"https:\/\/resumen.cl\/articulos\/reportaje-grafico-de-las-protestas-en-santiago-de-chile\">https:\/\/resumen.cl\/articulos\/reportaje-grafico-de-las-protestas-en-santiago-de-chile<\/a>&nbsp;<\/h5>\n\n\n\n<p>Museo del estallido social : <a href=\"https:\/\/museodelestallidosocial.org\/\">https:\/\/museodelestallidosocial.org\/<\/a>&nbsp;<\/p>\n\n\n\n<h5 class=\"wp-block-heading\"><span class=\"has-inline-color has-dark-gray-color\">Rescate gr\u00e1fico del estallido social &#8211; Enciclopedia Color: <a href=\"http:\/\/enciclopediacolor.com\/rescate-grafico-estallido-social\/\">http:\/\/enciclopediacolor.com\/rescate-grafico-estallido-social\/<\/a>&nbsp;<\/span><\/h5>\n\n\n\n<p><\/p>\n","protected":false},"excerpt":{"rendered":"<p>BIBLIOGRAPHIE IBLIOGRAF\u00cdA AGUILERA Carolina, \u201cViolaciones a los Derechos Humanos en largo octubre chileno\u201d,&nbsp;IdeAs, 15, 2020&nbsp;: http:\/\/journals.openedition.org\/ideas\/8386. ARTAZA Pablo (et al.), Chile despert\u00f3. Lecturas desde la historia del estallido social de octubre, Universidad de Chile, Santiago, 2019 : https:\/\/www.uchile.cl\/documentos\/descarga-el-libro-ichile-desperto-lecturas-desde-la-historia-del-estallido-social-de-octubrei-pdf-58-mb_160577_0_5927.pdf. BAROZET Emmanuelle, \u00ab&nbsp;De la transition \u00e0 l\u2019explosion du 18-O : malaise et r\u00e9bellion populaire aux portes de [&hellip;]<\/p>\n","protected":false},"author":877,"featured_media":0,"parent":0,"menu_order":0,"comment_status":"closed","ping_status":"closed","template":"","meta":{"footnotes":""},"class_list":["post-95","page","type-page","status-publish","hentry","post-preview"],"_links":{"self":[{"href":"https:\/\/blogs.univ-tlse2.fr\/chilenlacalle\/wp-json\/wp\/v2\/pages\/95","targetHints":{"allow":["GET"]}}],"collection":[{"href":"https:\/\/blogs.univ-tlse2.fr\/chilenlacalle\/wp-json\/wp\/v2\/pages"}],"about":[{"href":"https:\/\/blogs.univ-tlse2.fr\/chilenlacalle\/wp-json\/wp\/v2\/types\/page"}],"author":[{"embeddable":true,"href":"https:\/\/blogs.univ-tlse2.fr\/chilenlacalle\/wp-json\/wp\/v2\/users\/877"}],"replies":[{"embeddable":true,"href":"https:\/\/blogs.univ-tlse2.fr\/chilenlacalle\/wp-json\/wp\/v2\/comments?post=95"}],"version-history":[{"count":13,"href":"https:\/\/blogs.univ-tlse2.fr\/chilenlacalle\/wp-json\/wp\/v2\/pages\/95\/revisions"}],"predecessor-version":[{"id":735,"href":"https:\/\/blogs.univ-tlse2.fr\/chilenlacalle\/wp-json\/wp\/v2\/pages\/95\/revisions\/735"}],"wp:attachment":[{"href":"https:\/\/blogs.univ-tlse2.fr\/chilenlacalle\/wp-json\/wp\/v2\/media?parent=95"}],"curies":[{"name":"wp","href":"https:\/\/api.w.org\/{rel}","templated":true}]}}