 {"id":47,"date":"2022-01-26T23:06:05","date_gmt":"2022-01-26T22:06:05","guid":{"rendered":"https:\/\/blogs.univ-tlse2.fr\/cifdct2022\/?page_id=47"},"modified":"2022-03-15T18:47:05","modified_gmt":"2022-03-15T17:47:05","slug":"comites","status":"publish","type":"page","link":"https:\/\/blogs.univ-tlse2.fr\/cifdct2022\/comites\/","title":{"rendered":"Comit\u00e9s"},"content":{"rendered":"\n<h2 class=\"wp-block-heading\" id=\"comite-scientifique\"><strong>Comit\u00e9 scientifique \/ Scientific Committee \/ Comit\u00e9 cient\u00edfico <\/strong><\/h2>\n\n\n\n<p>Julie Amiot (PR, Universit\u00e9 de Cergy-Pontoise)<br>Nancy Berthier (PR, Universit\u00e9 Paris Sorbonne)<br>Franck Bousquet (PR, Universit\u00e9 Toulouse 3 &#8211; Paul Sabatier)<br>Marion Gautreau (MCF, Universit\u00e9 Toulouse 2 &#8211; Jean Jaur\u00e8s)<br>Pietsie Feenstra (PR, Universit\u00e9 Montpellier 3 &#8211; Paul Val\u00e9ry)<br>H\u00e9l\u00e8ne Laurichesse (PR, Universit\u00e9 Toulouse 2 &#8211; Jean Jaur\u00e8s)<br>Maria Luna (Enseignante chercheure, Technocampus \u2013 Universit\u00e9 Pompeu Fabra)<br>Fr\u00e9d\u00e9ric Marty (MCF, Universit\u00e9 Montpellier 3 &#8211; Paul Val\u00e9ry)<br>Amanda Rueda (MCF, Universit\u00e9 Toulouse 2 &#8211; Jean Jaur\u00e8s)<br>Julie Savelli (MCF, Universit\u00e9 Montpellier 3 &#8211; Paul Val\u00e9ry)<br>Christel Taillibert (MCF, Universit\u00e9 C\u00f4te d\u2019Azur)<br>Alvaro V\u00e1zquez Mantec\u00f3n (PR, Universit\u00e9 Aut\u00f3noma de M\u00e9xico)<\/p>\n\n\n\n<h2 class=\"wp-block-heading\" id=\"comite-d-organisation\"><strong>Comit\u00e9 d\u2019organisation \/ Organizing Committee \/ Comit\u00e9 de organizaci\u00f3n<\/strong><\/h2>\n\n\n\n<p>Reem Abuhalaweh (Doctorante LERASS &#8211; UT2J)<br>Claudia Adrianzen (Doctorante LERASS &#8211; UT2J)<br>Marion Gautreau (MCF, FRAMESPA &#8211; UT2J)<br>Cassandra Herrera Caicedo (Doctorante &#8211; FRAMESPA &#8211; UT2J<br>M\u00e9lanie Le Forestier (Docteure, LERASS &#8211; UT2J)<br>Gloria Pineda-Moncada (Doctorante LERASS &#8211; UPS)<br>Amanda Rueda (MCF, LERASS &#8211; UT2J)<br>Gustavo Su\u00e1rez (Docteur, LERASS &#8211; UT2J)<br>Christel Taillibert (MCF, Universit\u00e9 C\u00f4te d\u2019Azur)<\/p>\n","protected":false},"excerpt":{"rendered":"<p>Comit\u00e9 scientifique \/ Scientific Committee \/ Comit\u00e9 cient\u00edfico Julie Amiot (PR, Universit\u00e9 de Cergy-Pontoise)Nancy Berthier (PR, Universit\u00e9 Paris Sorbonne)Franck Bousquet (PR, Universit\u00e9 Toulouse 3 &#8211; Paul Sabatier)Marion Gautreau (MCF, Universit\u00e9 Toulouse 2 &#8211; Jean Jaur\u00e8s)Pietsie Feenstra (PR, Universit\u00e9 Montpellier 3 &#8211; Paul Val\u00e9ry)H\u00e9l\u00e8ne Laurichesse (PR, Universit\u00e9 Toulouse 2 &#8211; Jean Jaur\u00e8s)Maria Luna (Enseignante chercheure, Technocampus &hellip; <\/p>\n<p class=\"link-more\"><a href=\"https:\/\/blogs.univ-tlse2.fr\/cifdct2022\/comites\/\" class=\"more-link\">Continuer la lecture<span class=\"screen-reader-text\"> de &laquo;&nbsp;Comit\u00e9s&nbsp;&raquo;<\/span><\/a><\/p>\n","protected":false},"author":1110,"featured_media":0,"parent":0,"menu_order":0,"comment_status":"closed","ping_status":"closed","template":"","meta":{"footnotes":""},"class_list":["post-47","page","type-page","status-publish","hentry"],"_links":{"self":[{"href":"https:\/\/blogs.univ-tlse2.fr\/cifdct2022\/wp-json\/wp\/v2\/pages\/47","targetHints":{"allow":["GET"]}}],"collection":[{"href":"https:\/\/blogs.univ-tlse2.fr\/cifdct2022\/wp-json\/wp\/v2\/pages"}],"about":[{"href":"https:\/\/blogs.univ-tlse2.fr\/cifdct2022\/wp-json\/wp\/v2\/types\/page"}],"author":[{"embeddable":true,"href":"https:\/\/blogs.univ-tlse2.fr\/cifdct2022\/wp-json\/wp\/v2\/users\/1110"}],"replies":[{"embeddable":true,"href":"https:\/\/blogs.univ-tlse2.fr\/cifdct2022\/wp-json\/wp\/v2\/comments?post=47"}],"version-history":[{"count":6,"href":"https:\/\/blogs.univ-tlse2.fr\/cifdct2022\/wp-json\/wp\/v2\/pages\/47\/revisions"}],"predecessor-version":[{"id":106,"href":"https:\/\/blogs.univ-tlse2.fr\/cifdct2022\/wp-json\/wp\/v2\/pages\/47\/revisions\/106"}],"wp:attachment":[{"href":"https:\/\/blogs.univ-tlse2.fr\/cifdct2022\/wp-json\/wp\/v2\/media?parent=47"}],"curies":[{"name":"wp","href":"https:\/\/api.w.org\/{rel}","templated":true}]}}