 {"id":176,"date":"2013-03-28T12:11:06","date_gmt":"2013-03-28T12:11:06","guid":{"rendered":"https:\/\/blogs.univ-tlse2.fr\/cltc2013\/?page_id=176"},"modified":"2013-04-02T16:14:37","modified_gmt":"2013-04-02T16:14:37","slug":"friday-june-28","status":"publish","type":"page","link":"https:\/\/blogs.univ-tlse2.fr\/cltc2013\/friday-june-28\/","title":{"rendered":"Friday, June 28"},"content":{"rendered":"<table width=\"621\" border=\"1\" cellspacing=\"0\" cellpadding=\"0\" align=\"left\">\n<tbody>\n<tr>\n<td colspan=\"3\" valign=\"top\" width=\"621\">\n<p align=\"center\"><b>Friday, June 28, 2013<\/b><\/p>\n<\/td>\n<\/tr>\n<tr>\n<td valign=\"top\" width=\"52\">8:30<\/td>\n<td valign=\"top\" width=\"52\">9:00<\/td>\n<td valign=\"top\" width=\"518\">Coffee<\/td>\n<\/tr>\n<tr>\n<td valign=\"top\" width=\"52\">9:00<\/td>\n<td valign=\"top\" width=\"52\">9h45<\/td>\n<td valign=\"top\" width=\"518\"><b>Keynote Speaker<br \/>\n<\/b>Val\u00e9rie Camos, Fribourg University, Switzerland<br \/>\n<strong><i><\/i><\/strong><\/p>\n<p><strong><i>The time-based resource-sharing model<\/i><\/strong><\/td>\n<\/tr>\n<tr>\n<td valign=\"top\" width=\"52\">9:45<\/td>\n<td valign=\"top\" width=\"52\">11:05<\/td>\n<td valign=\"top\" width=\"518\"><b>Session New Directions in CLT<br \/>\n<\/b><span style=\"color: #000000;font-family: Verdana, Arial, Helvetica, sans-serif\">Chair<\/span><\/p>\n<p style=\"text-align: justify\"><span style=\"text-decoration: underline\"><span style=\"color: #000000;font-family: Verdana, Arial, Helvetica, sans-serif;text-decoration: underline\">C<\/span>an cognitive load theory remain relevant in a changing learning world?<\/span><br \/>\nPaul Chandler, University of Wollongong, Australia<\/p>\n<p style=\"text-align: justify\"><span style=\"text-decoration: underline\">Preparing learners with incompatible intuitive knowledge for learning<\/span><br \/>\nAndrea Ohst, Inga Glogger, Matthias N\u00fcckles, &amp; Alexander Renkl, University of Freiburg, Germany<\/p>\n<p style=\"text-align: justify\"><span style=\"text-decoration: underline\">The cognitive load of emotion: Mood induction effect on children\u2019s visuospatial sketchpad<\/span><br \/>\nMichael Fartoukh &amp; Lucile Chanquoy, Univesity of Nice, France<\/p>\n<p style=\"text-align: justify\"><span style=\"text-decoration: underline\">Outcomes of teacher trainings in the use of CLT principles in vocational higher education<\/span><br \/>\nMilou van Harsel &amp; Han Blankert, Avans University of Applied Sciences, The Netherlands<\/p>\n<\/td>\n<\/tr>\n<tr>\n<td valign=\"top\" width=\"52\">11:05<\/td>\n<td valign=\"top\" width=\"52\">11:25<\/td>\n<td valign=\"top\" width=\"518\">\n<p align=\"center\"><b><i>Break<\/i><\/b><\/p>\n<\/td>\n<\/tr>\n<tr>\n<td valign=\"top\" width=\"52\">11:25<\/td>\n<td valign=\"top\" width=\"52\">12:45<\/td>\n<td style=\"text-align: justify\" valign=\"top\" width=\"518\">\n<p style=\"text-align: justify\"><b>Session New contexts for CLT<br \/>\n<\/b><span style=\"color: #000000;font-family: Verdana, Arial, Helvetica, sans-serif\">Chair<\/span><\/p>\n<p><span style=\"text-decoration: underline\">Group learning and cognitive load theory<br \/>\n<\/span>Endah Retnowati, Paul Ayres, &amp; John Sweller, University of New South Wales, Australia<\/p>\n<p style=\"text-align: justify\"><span style=\"text-decoration: underline\">Patterns of cognitive activity in collaborative problem solving<\/span><br \/>\nGwendolyn L. Kolfschoten &amp; Frances Brazier, Delft University of Technology, The Netherlands<\/p>\n<p style=\"text-align: justify\"><span style=\"text-decoration: underline\">Cognitive load in learning from realistic avatars<\/span><br \/>\nAlex Dan &amp; Miriam Reiner, Technion Institute of Technology, Israel<\/p>\n<p style=\"text-align: justify\"><span style=\"text-decoration: underline\">The effects of \u201cquestioning technique\u201d on optimizing computer simulation: In terms of cognitive load theory<\/span><br \/>\nYi-Chun Lin &amp; Tzu-Chien Liu, National Central University, Taiwan<\/p>\n<\/td>\n<\/tr>\n<tr>\n<td valign=\"top\" width=\"52\">12:30<\/td>\n<td valign=\"top\" width=\"52\">13:40<\/td>\n<td valign=\"top\" width=\"518\">\n<p align=\"center\"><b><i>Lunch<\/i><\/b><\/p>\n<\/td>\n<\/tr>\n<tr>\n<td valign=\"top\" width=\"52\">13:40<\/td>\n<td valign=\"top\" width=\"52\">15:10<\/td>\n<td valign=\"top\" width=\"518\">\n<p style=\"text-align: justify\"><b>Symposium \u201cIndustrial applications of Cognitive Load Theory\u201d<\/b><b>Andr\u00e9 Tricot and Franck Amadieu<\/b><\/p>\n<p style=\"text-align: justify\"><span style=\"text-decoration: underline\">Are 3D animations efficient to learn procedures in aircraft maintenance?<\/span><br \/>\nDavid Robin, ALTRAN, France<\/p>\n<p style=\"text-align: justify\"><span style=\"text-decoration: underline\">The use of mobile device to limit cognitive load of aircraft maintenance operator<\/span><br \/>\nHerimanana Zafiharimalala, Pascale Hugues, &amp; Andr\u00e9 Tricot, University of Toulouse and EADS Innovation Works, France<\/p>\n<p style=\"text-align: justify\"><span style=\"text-decoration: underline\">Investigating how eReader annotation tools can enhance learning<\/span><br \/>\nShirley Agostinho and Sharon Tindall-Ford, University of Wollongong, Australia<\/p>\n<p style=\"text-align: justify\"><span style=\"text-decoration: underline\">Cognitive load theory as a source for re-designing Flight Management System<\/span><br \/>\nMarie Lacabanne, Franck Amadieu, Nathalie Spanghero-Gaillard, &amp; Andr\u00e9 Tricot, University of Toulouse and Thales Avionics, France<\/p>\n<p style=\"text-align: justify\"><span style=\"text-decoration: underline\">Evolution of cognitive load when learning a procedure in a virtual environment for training<\/span><br \/>\nCharlotte Hoareau, Fr\u00e9d\u00e9ric Le Corre, Ronan Querrec, C\u00e9dric Buche, &amp; Franck Ganier, University of Western Brittany, France<\/p>\n<p style=\"text-align: justify\"><span style=\"text-decoration: underline\">Using cognitive load theory to improve learning materials in aircraft maintenance<\/span><br \/>\nLeslie Ducasse Daviton &amp; Catherine Nouyers Grand, University of Toulouse and Airbus Training, France<\/p>\n<p style=\"text-align: justify\"><span style=\"text-decoration: underline\">Death of a Manikin during simulation training of Medical students: Adverse effects on learning<\/span><br \/>\nKristin Fraser, James Huffman, Irene Ma, Bruce Wright, Joann McIlwrick, &amp; Kevin McLaughlin, University of Calgary, Canada<\/p>\n<\/td>\n<\/tr>\n<tr>\n<td valign=\"top\" width=\"52\">15:10<\/td>\n<td valign=\"top\" width=\"52\">16:00<\/td>\n<td valign=\"top\" width=\"518\">\n<p style=\"text-align: justify\"><b>Experts Panel: Ask your question to CLT specialists<br \/>\n<\/b>In this last session, CLT experts will answer participants\u2019 questions about CLT and its future<\/p>\n<\/td>\n<\/tr>\n<\/tbody>\n<\/table>\n","protected":false},"excerpt":{"rendered":"<p>Friday, June 28, 2013 8:30 9:00 Coffee 9:00 9h45 Keynote Speaker Val\u00e9rie Camos, Fribourg University, Switzerland The time-based resource-sharing model 9:45 11:05 Session New Directions in CLT Chair Can cognitive load theory remain relevant in a changing learning world? Paul &hellip; <a href=\"https:\/\/blogs.univ-tlse2.fr\/cltc2013\/friday-june-28\/\">Continuer la lecture <span class=\"meta-nav\">&rarr;<\/span><\/a><\/p>\n","protected":false},"author":134,"featured_media":0,"parent":0,"menu_order":0,"comment_status":"closed","ping_status":"closed","template":"","meta":{"footnotes":""},"class_list":["post-176","page","type-page","status-publish","hentry"],"_links":{"self":[{"href":"https:\/\/blogs.univ-tlse2.fr\/cltc2013\/wp-json\/wp\/v2\/pages\/176","targetHints":{"allow":["GET"]}}],"collection":[{"href":"https:\/\/blogs.univ-tlse2.fr\/cltc2013\/wp-json\/wp\/v2\/pages"}],"about":[{"href":"https:\/\/blogs.univ-tlse2.fr\/cltc2013\/wp-json\/wp\/v2\/types\/page"}],"author":[{"embeddable":true,"href":"https:\/\/blogs.univ-tlse2.fr\/cltc2013\/wp-json\/wp\/v2\/users\/134"}],"replies":[{"embeddable":true,"href":"https:\/\/blogs.univ-tlse2.fr\/cltc2013\/wp-json\/wp\/v2\/comments?post=176"}],"version-history":[{"count":13,"href":"https:\/\/blogs.univ-tlse2.fr\/cltc2013\/wp-json\/wp\/v2\/pages\/176\/revisions"}],"predecessor-version":[{"id":179,"href":"https:\/\/blogs.univ-tlse2.fr\/cltc2013\/wp-json\/wp\/v2\/pages\/176\/revisions\/179"}],"wp:attachment":[{"href":"https:\/\/blogs.univ-tlse2.fr\/cltc2013\/wp-json\/wp\/v2\/media?parent=176"}],"curies":[{"name":"wp","href":"https:\/\/api.w.org\/{rel}","templated":true}]}}