 {"id":1084,"date":"2024-01-30T11:56:23","date_gmt":"2024-01-30T10:56:23","guid":{"rendered":"https:\/\/blogs.univ-tlse2.fr\/collectif-lidia\/?page_id=1084"},"modified":"2024-03-01T12:41:14","modified_gmt":"2024-03-01T11:41:14","slug":"accueil-4","status":"publish","type":"page","link":"https:\/\/blogs.univ-tlse2.fr\/collectif-lidia\/","title":{"rendered":"Accueil"},"content":{"rendered":"\n<p class=\"has-text-align-left\"><strong>Bienvenue sur notre blog ! <\/strong><\/p>\n\n\n\n<p class=\"has-text-align-left\">Notre collectif partage ses r\u00e9flexions, ses travaux, ses ressources \u00e0 propos de la litt\u00e9ratie envisag\u00e9e comme un espace conceptuel qui int\u00e8gre l&rsquo;ensemble des pratiques langagi\u00e8res et leurs interactions avec leurs dimensions sociale, culturelle et cognitive. Il s&rsquo;agit, dans les champs de l&rsquo;\u00e9ducation et de la formation, d&rsquo;ouvrir des possibilit\u00e9s de d\u00e9cloisonnement des sp\u00e9cialit\u00e9s disciplinaires afin d&rsquo;envisager les pratiques litt\u00e9ratiques selon les contextes, les environnements, les acteurs, les objets, la temporalit\u00e9. <\/p>\n\n\n\n<p><span class=\"font\"><span style=\"font-size:11.0pt;,sans-serif\"> <\/span><\/span><\/p>\n\n\n\n<p><\/p>\n\n\n\n<p><\/p>\n\n\n\n<p><\/p>\n","protected":false},"excerpt":{"rendered":"<p>Bienvenue sur notre blog ! Notre collectif partage ses r\u00e9flexions, ses travaux, ses ressources \u00e0 propos de la litt\u00e9ratie envisag\u00e9e comme un espace conceptuel qui int\u00e8gre l&rsquo;ensemble des pratiques langagi\u00e8res et leurs interactions avec leurs dimensions sociale, culturelle et cognitive. &hellip; <a href=\"https:\/\/blogs.univ-tlse2.fr\/collectif-lidia\/\">Continuer la lecture <span class=\"meta-nav\">&rarr;<\/span><\/a><\/p>\n","protected":false},"author":871,"featured_media":0,"parent":0,"menu_order":0,"comment_status":"closed","ping_status":"closed","template":"","meta":{"footnotes":""},"class_list":["post-1084","page","type-page","status-publish","hentry"],"_links":{"self":[{"href":"https:\/\/blogs.univ-tlse2.fr\/collectif-lidia\/wp-json\/wp\/v2\/pages\/1084","targetHints":{"allow":["GET"]}}],"collection":[{"href":"https:\/\/blogs.univ-tlse2.fr\/collectif-lidia\/wp-json\/wp\/v2\/pages"}],"about":[{"href":"https:\/\/blogs.univ-tlse2.fr\/collectif-lidia\/wp-json\/wp\/v2\/types\/page"}],"author":[{"embeddable":true,"href":"https:\/\/blogs.univ-tlse2.fr\/collectif-lidia\/wp-json\/wp\/v2\/users\/871"}],"replies":[{"embeddable":true,"href":"https:\/\/blogs.univ-tlse2.fr\/collectif-lidia\/wp-json\/wp\/v2\/comments?post=1084"}],"version-history":[{"count":5,"href":"https:\/\/blogs.univ-tlse2.fr\/collectif-lidia\/wp-json\/wp\/v2\/pages\/1084\/revisions"}],"predecessor-version":[{"id":1149,"href":"https:\/\/blogs.univ-tlse2.fr\/collectif-lidia\/wp-json\/wp\/v2\/pages\/1084\/revisions\/1149"}],"wp:attachment":[{"href":"https:\/\/blogs.univ-tlse2.fr\/collectif-lidia\/wp-json\/wp\/v2\/media?parent=1084"}],"curies":[{"name":"wp","href":"https:\/\/api.w.org\/{rel}","templated":true}]}}