 {"id":68,"date":"2020-10-16T20:06:23","date_gmt":"2020-10-16T18:06:23","guid":{"rendered":"https:\/\/blogs.univ-tlse2.fr\/collectif-lidia\/?page_id=68"},"modified":"2024-04-26T14:07:08","modified_gmt":"2024-04-26T12:07:08","slug":"a-lire","status":"publish","type":"page","link":"https:\/\/blogs.univ-tlse2.fr\/collectif-lidia\/a-lire\/","title":{"rendered":"Litt\u00e9ratie"},"content":{"rendered":"\n<div class=\"wp-block-media-text is-stacked-on-mobile\"><figure class=\"wp-block-media-text__media\"><img loading=\"lazy\" decoding=\"async\" width=\"1920\" height=\"1371\" src=\"https:\/\/blogs.univ-tlse2.fr\/collectif-lidia\/files\/books-927394_1920.jpg\" alt=\"\" class=\"wp-image-769 size-full\" srcset=\"https:\/\/blogs.univ-tlse2.fr\/collectif-lidia\/files\/books-927394_1920.jpg 1920w, https:\/\/blogs.univ-tlse2.fr\/collectif-lidia\/files\/books-927394_1920-280x200.jpg 280w, https:\/\/blogs.univ-tlse2.fr\/collectif-lidia\/files\/books-927394_1920-1024x731.jpg 1024w, https:\/\/blogs.univ-tlse2.fr\/collectif-lidia\/files\/books-927394_1920-768x548.jpg 768w, https:\/\/blogs.univ-tlse2.fr\/collectif-lidia\/files\/books-927394_1920-1536x1097.jpg 1536w\" sizes=\"auto, (max-width: 1920px) 100vw, 1920px\" \/><\/figure><div class=\"wp-block-media-text__content\">\n<p class=\"has-text-align-center has-large-font-size\">Nos publications en 2024<\/p>\n<\/div><\/div>\n\n\n\n<ul class=\"wp-block-list\">\n<li>&nbsp;Dupont, P., O\u2019Connell, A-M, Chaplier, C., Rohr, A., Hespert, V., &amp; Sales-Hitier, D. (2024). Litt\u00e9ratie et recherches participatives, \u00e0 la crois\u00e9e des savoirs et des institutions, dans Wozniak, F. &amp; O\u2019Connell A-M (Dir.). <em>La gen\u00e8se des savoirs dans les recherches collaboratives&nbsp;: perspectives didactiques<\/em>. Toulouse&nbsp;: \u00c9ditions Cepadu\u00e9s.<strong> <\/strong><a href=\"\/Users\/dorot\/Downloads\/26%2023_de%20pliant_&amp;%20Ge%20ne%20se%20des%20savoirs-1.pdf\">file:\/\/\/C:\/Users\/dorot\/Downloads\/26%2023_de%20pliant_&amp;%20Ge%20ne%20se%20des%20savoirs-1.pdf<\/a><\/li>\n<\/ul>\n\n\n\n<div class=\"wp-block-media-text is-stacked-on-mobile\"><figure class=\"wp-block-media-text__media\"><img loading=\"lazy\" decoding=\"async\" width=\"940\" height=\"627\" src=\"https:\/\/blogs.univ-tlse2.fr\/collectif-lidia\/files\/cropped-book-436507_1920-1.jpg\" alt=\"\" class=\"wp-image-673 size-full\" srcset=\"https:\/\/blogs.univ-tlse2.fr\/collectif-lidia\/files\/cropped-book-436507_1920-1.jpg 940w, https:\/\/blogs.univ-tlse2.fr\/collectif-lidia\/files\/cropped-book-436507_1920-1-280x187.jpg 280w, https:\/\/blogs.univ-tlse2.fr\/collectif-lidia\/files\/cropped-book-436507_1920-1-768x512.jpg 768w, https:\/\/blogs.univ-tlse2.fr\/collectif-lidia\/files\/cropped-book-436507_1920-1-600x400.jpg 600w, https:\/\/blogs.univ-tlse2.fr\/collectif-lidia\/files\/cropped-book-436507_1920-1-272x182.jpg 272w\" sizes=\"auto, (max-width: 940px) 100vw, 940px\" \/><\/figure><div class=\"wp-block-media-text__content\">\n<p class=\"has-text-align-center has-large-font-size\">Nos publications en 2023<\/p>\n<\/div><\/div>\n\n\n\n<ul class=\"wp-block-list\">\n<li>DIAS-CHIARUTTINI A.&nbsp;(2023).&nbsp;L\u2019album de litt\u00e9rature de jeunesse au mus\u00e9e : fonctions de cette rencontre interm\u00e9diale.&nbsp;<em>Lirdef,<\/em>&nbsp;(actes n\u00b02).&nbsp;<a href=\"https:\/\/doi.org\/10.34745\/numerev_1940\">https:\/\/doi.org\/10.34745\/numerev_1940<\/a><\/li>\n<\/ul>\n","protected":false},"excerpt":{"rendered":"<p>Nos publications en 2024 Nos publications en 2023<\/p>\n","protected":false},"author":873,"featured_media":849,"parent":0,"menu_order":0,"comment_status":"closed","ping_status":"closed","template":"","meta":{"footnotes":""},"class_list":["post-68","page","type-page","status-publish","has-post-thumbnail","hentry"],"_links":{"self":[{"href":"https:\/\/blogs.univ-tlse2.fr\/collectif-lidia\/wp-json\/wp\/v2\/pages\/68","targetHints":{"allow":["GET"]}}],"collection":[{"href":"https:\/\/blogs.univ-tlse2.fr\/collectif-lidia\/wp-json\/wp\/v2\/pages"}],"about":[{"href":"https:\/\/blogs.univ-tlse2.fr\/collectif-lidia\/wp-json\/wp\/v2\/types\/page"}],"author":[{"embeddable":true,"href":"https:\/\/blogs.univ-tlse2.fr\/collectif-lidia\/wp-json\/wp\/v2\/users\/873"}],"replies":[{"embeddable":true,"href":"https:\/\/blogs.univ-tlse2.fr\/collectif-lidia\/wp-json\/wp\/v2\/comments?post=68"}],"version-history":[{"count":43,"href":"https:\/\/blogs.univ-tlse2.fr\/collectif-lidia\/wp-json\/wp\/v2\/pages\/68\/revisions"}],"predecessor-version":[{"id":1278,"href":"https:\/\/blogs.univ-tlse2.fr\/collectif-lidia\/wp-json\/wp\/v2\/pages\/68\/revisions\/1278"}],"wp:featuredmedia":[{"embeddable":true,"href":"https:\/\/blogs.univ-tlse2.fr\/collectif-lidia\/wp-json\/wp\/v2\/media\/849"}],"wp:attachment":[{"href":"https:\/\/blogs.univ-tlse2.fr\/collectif-lidia\/wp-json\/wp\/v2\/media?parent=68"}],"curies":[{"name":"wp","href":"https:\/\/api.w.org\/{rel}","templated":true}]}}