 {"id":748,"date":"2021-03-22T12:43:02","date_gmt":"2021-03-22T11:43:02","guid":{"rendered":"https:\/\/blogs.univ-tlse2.fr\/collectif-lidia\/?page_id=748"},"modified":"2024-05-20T15:00:29","modified_gmt":"2024-05-20T13:00:29","slug":"didactique-publications","status":"publish","type":"page","link":"https:\/\/blogs.univ-tlse2.fr\/collectif-lidia\/didactique-publications\/","title":{"rendered":"Didactique"},"content":{"rendered":"\n<p><\/p>\n\n\n\n<p><\/p>\n\n\n\n<p><\/p>\n\n\n\n<div class=\"wp-block-media-text is-stacked-on-mobile has-background\" style=\"background-color:#bcbbbf\"><figure class=\"wp-block-media-text__media\"><img loading=\"lazy\" decoding=\"async\" width=\"1024\" height=\"682\" src=\"https:\/\/blogs.univ-tlse2.fr\/collectif-lidia\/files\/book-933280_1920-1-1024x682.jpg\" alt=\"\" class=\"wp-image-852 size-full\" srcset=\"https:\/\/blogs.univ-tlse2.fr\/collectif-lidia\/files\/book-933280_1920-1-1024x682.jpg 1024w, https:\/\/blogs.univ-tlse2.fr\/collectif-lidia\/files\/book-933280_1920-1-280x187.jpg 280w, https:\/\/blogs.univ-tlse2.fr\/collectif-lidia\/files\/book-933280_1920-1-768x512.jpg 768w, https:\/\/blogs.univ-tlse2.fr\/collectif-lidia\/files\/book-933280_1920-1-1536x1023.jpg 1536w, https:\/\/blogs.univ-tlse2.fr\/collectif-lidia\/files\/book-933280_1920-1-600x400.jpg 600w, https:\/\/blogs.univ-tlse2.fr\/collectif-lidia\/files\/book-933280_1920-1-272x182.jpg 272w, https:\/\/blogs.univ-tlse2.fr\/collectif-lidia\/files\/book-933280_1920-1.jpg 1920w\" sizes=\"auto, (max-width: 1024px) 100vw, 1024px\" \/><\/figure><div class=\"wp-block-media-text__content\">\n<p class=\"has-text-align-center has-large-font-size\">Nos publications en 2024<\/p>\n<\/div><\/div>\n\n\n\n<p><\/p>\n\n\n\n<div class=\"wp-block-media-text is-stacked-on-mobile has-background\" style=\"background-color:#bcbbbf\"><figure class=\"wp-block-media-text__media\"><img loading=\"lazy\" decoding=\"async\" width=\"1024\" height=\"683\" src=\"https:\/\/blogs.univ-tlse2.fr\/collectif-lidia\/files\/book-436507_1920-2-1024x683.jpg\" alt=\"\" class=\"wp-image-830 size-full\" srcset=\"https:\/\/blogs.univ-tlse2.fr\/collectif-lidia\/files\/book-436507_1920-2-1024x683.jpg 1024w, https:\/\/blogs.univ-tlse2.fr\/collectif-lidia\/files\/book-436507_1920-2-280x187.jpg 280w, https:\/\/blogs.univ-tlse2.fr\/collectif-lidia\/files\/book-436507_1920-2-768x512.jpg 768w, https:\/\/blogs.univ-tlse2.fr\/collectif-lidia\/files\/book-436507_1920-2-1536x1024.jpg 1536w, https:\/\/blogs.univ-tlse2.fr\/collectif-lidia\/files\/book-436507_1920-2-600x400.jpg 600w, https:\/\/blogs.univ-tlse2.fr\/collectif-lidia\/files\/book-436507_1920-2-272x182.jpg 272w, https:\/\/blogs.univ-tlse2.fr\/collectif-lidia\/files\/book-436507_1920-2.jpg 1920w\" sizes=\"auto, (max-width: 1024px) 100vw, 1024px\" \/><\/figure><div class=\"wp-block-media-text__content\">\n<p class=\"has-text-align-center has-large-font-size\">Nos publications en 2023<\/p>\n<\/div><\/div>\n\n\n\n<ul class=\"wp-block-list\">\n<li>&nbsp;Dias-Chiaruttini A.&nbsp;(2023). \u00ab&nbsp;Circulation et configuration des genres oraux de l\u2019\u00e9cole \u00e0 l&rsquo;universit\u00e9. La pr\u00e9sentation de poster&nbsp;: un&nbsp;genre oral&nbsp;universitaire ?&nbsp;\u00bb dans C. Scheepers&nbsp;(dir.)&nbsp;<em>Former \u00e0 l\u2019oral, former par l\u2019oral dans le sup\u00e9rieur.&nbsp;<\/em>Bruxelles&nbsp;: De Boeck.<\/li>\n<\/ul>\n\n\n\n<ul class=\"wp-block-list\">\n<li>Dias-Chiaruttini A., Dolz J. (2023).&nbsp;<em>Rep\u00e8res&nbsp;<\/em>n\u00b0 68,&nbsp;<em>Nouveaux objets et nouveaux contextes d\u2019enseignement de l\u2019oral<\/em>,&nbsp;ENS \u2013 Lyon.&nbsp;<a href=\"https:\/\/journals.openedition.org\/reperes\/5963\">https:\/\/journals.openedition.org\/reperes\/5963<\/a><\/li>\n<\/ul>\n\n\n\n<ul class=\"wp-block-list\">\n<li>Dupont, P., Sales-Hitier, D. (2023). Une nouvelle g\u00e9n\u00e9ration de s\u00e9quence didactique pour r\u00e9pondre aux obstacles inh\u00e9rents \u00e0 l\u2019enseignement de l\u2019oral&nbsp;: la s\u00e9quence SEMO, <em>Rep\u00e8res<\/em>, (68), 57-77. DOI :<strong> <\/strong><a href=\"https:\/\/doi.org\/10.4000\/reperes.6043\">https:\/\/doi.org\/10.4000\/reperes.6043<\/a><\/li>\n<\/ul>\n\n\n\n<ul class=\"wp-block-list\">\n<li>Lougteb, D., Hassan Mohamed, A. (2023). Le questionnement comme approche didactique (re) contextualiste du savoir dans l&rsquo;enseignement\/apprentissage d&rsquo;anglais langue \u00e9trang\u00e8re : \u00e9tude de cas au cycle 3 fran\u00e7ais. <em> Contextes et Didactiques<\/em>, 21.\u00a0<a href=\"http:\/\/journals.openedition.org\/ced\/431 ;\u00a0DOI:\u00a0https:\/\/doi.org\/10.4000\/ced.4314\">http:\/\/journals.openedition.org\/ced\/431 ;\u00a0DOI:\u00a0https:\/\/doi.org\/10.4000\/ced.4314<\/a><\/li>\n<\/ul>\n\n\n\n<ul class=\"wp-block-list\">\n<li>Nzikou Mouelet&nbsp;S.,&nbsp;Dias-Chiaruttini A.&nbsp;(2023).&nbsp;Enseignement de la litt\u00e9rature en R\u00e9publique du Congo&nbsp;: quel sujet didactique forme-t-on \u00e0 travers les prescriptions officielles&nbsp;?&nbsp;<em>\u00c9ducation et socialisation<\/em>&nbsp;69&nbsp;:&nbsp;<a href=\"https:\/\/doi.org\/10.4000\/edso.24635\">https:\/\/doi.org\/10.4000\/edso.24635<\/a><\/li>\n<\/ul>\n\n\n\n<ul class=\"wp-block-list\">\n<li>Sales-Hitier, D. (2023). Un dispositif pour enseigner explicitement l\u2019oral&nbsp;: quels effets&nbsp;?, <em>Le fran\u00e7ais aujourd\u2019hui<\/em> (222), 69-83.<a href=\"https:\/\/doi-org.gorgone.univ-toulouse.fr\/10.3917\/lfa.222.0069\">https:\/\/doi-org.gorgone.univ-toulouse.fr\/10.3917\/lfa.222.0069 <\/a><\/li>\n<\/ul>\n\n\n\n<ul class=\"wp-block-list\">\n<li>Stordeur, M.F., Sales-Hitier, D., Dupont, P., Colognesi, S. (2023). L\u2019oral, toujours bon \u00e0 tout faire ? De l\u2019\u00e9volution des pr\u00e9occupations autour de l\u2019oral ces trente derni\u00e8res ann\u00e9es aux pratiques actuelles d\u2019enseignants fran\u00e7ais et belges francophones, <em>Rep\u00e8res<\/em>, 68, 17-37. DOI :<strong> <\/strong><a href=\"https:\/\/doi.org\/10.4000\/reperes.5988\">https:\/\/doi.org\/10.4000\/reperes.5988<\/a><\/li>\n<\/ul>\n\n\n\n<div class=\"wp-block-media-text is-stacked-on-mobile has-background\" style=\"background-color:#bcbbbf\"><figure class=\"wp-block-media-text__media\"><img loading=\"lazy\" decoding=\"async\" width=\"1024\" height=\"819\" src=\"https:\/\/blogs.univ-tlse2.fr\/collectif-lidia\/files\/252010802-0-1024x819.jpeg\" alt=\"\" class=\"wp-image-789 size-full\" srcset=\"https:\/\/blogs.univ-tlse2.fr\/collectif-lidia\/files\/252010802-0-1024x819.jpeg 1024w, https:\/\/blogs.univ-tlse2.fr\/collectif-lidia\/files\/252010802-0-280x224.jpeg 280w, https:\/\/blogs.univ-tlse2.fr\/collectif-lidia\/files\/252010802-0-768x614.jpeg 768w, https:\/\/blogs.univ-tlse2.fr\/collectif-lidia\/files\/252010802-0.jpeg 1250w\" sizes=\"auto, (max-width: 1024px) 100vw, 1024px\" \/><\/figure><div class=\"wp-block-media-text__content\">\n<p class=\"has-text-align-center has-large-font-size\">Nos publications en 2022<\/p>\n<\/div><\/div>\n\n\n\n<ul class=\"wp-block-list\">\n<li>&nbsp;Dias-Chiaruttini A., Hamez M.-P., (2022).&nbsp;<em>Enseigner le fran\u00e7ais en contexte plurilingue \u00e0 travers le monde<\/em>, volume 7, collection \u00ab&nbsp;Essais francophones&nbsp;\u00bb, Sylvains-les-Moulins, Gerflint, France&nbsp;:&nbsp;<a href=\"https:\/\/gerflint.fr\/essais\/volume-7\">https:\/\/gerflint.fr\/essais\/volume-7<\/a><\/li>\n<\/ul>\n\n\n\n<ul class=\"wp-block-list\">\n<li><\/li>\n<\/ul>\n","protected":false},"excerpt":{"rendered":"<p>Nos publications en 2024 Nos publications en 2023 Nos publications en 2022<\/p>\n","protected":false},"author":873,"featured_media":768,"parent":0,"menu_order":0,"comment_status":"closed","ping_status":"closed","template":"","meta":{"footnotes":""},"class_list":["post-748","page","type-page","status-publish","has-post-thumbnail","hentry"],"_links":{"self":[{"href":"https:\/\/blogs.univ-tlse2.fr\/collectif-lidia\/wp-json\/wp\/v2\/pages\/748","targetHints":{"allow":["GET"]}}],"collection":[{"href":"https:\/\/blogs.univ-tlse2.fr\/collectif-lidia\/wp-json\/wp\/v2\/pages"}],"about":[{"href":"https:\/\/blogs.univ-tlse2.fr\/collectif-lidia\/wp-json\/wp\/v2\/types\/page"}],"author":[{"embeddable":true,"href":"https:\/\/blogs.univ-tlse2.fr\/collectif-lidia\/wp-json\/wp\/v2\/users\/873"}],"replies":[{"embeddable":true,"href":"https:\/\/blogs.univ-tlse2.fr\/collectif-lidia\/wp-json\/wp\/v2\/comments?post=748"}],"version-history":[{"count":47,"href":"https:\/\/blogs.univ-tlse2.fr\/collectif-lidia\/wp-json\/wp\/v2\/pages\/748\/revisions"}],"predecessor-version":[{"id":1295,"href":"https:\/\/blogs.univ-tlse2.fr\/collectif-lidia\/wp-json\/wp\/v2\/pages\/748\/revisions\/1295"}],"wp:featuredmedia":[{"embeddable":true,"href":"https:\/\/blogs.univ-tlse2.fr\/collectif-lidia\/wp-json\/wp\/v2\/media\/768"}],"wp:attachment":[{"href":"https:\/\/blogs.univ-tlse2.fr\/collectif-lidia\/wp-json\/wp\/v2\/media?parent=748"}],"curies":[{"name":"wp","href":"https:\/\/api.w.org\/{rel}","templated":true}]}}