 {"id":271,"date":"2021-03-15T15:53:06","date_gmt":"2021-03-15T14:53:06","guid":{"rendered":"https:\/\/blogs.univ-tlse2.fr\/colloque-du-taur\/?page_id=271"},"modified":"2021-03-30T15:16:44","modified_gmt":"2021-03-30T13:16:44","slug":"programme-detaille","status":"publish","type":"page","link":"https:\/\/blogs.univ-tlse2.fr\/colloque-du-taur\/programme-detaille\/","title":{"rendered":"Programme"},"content":{"rendered":"\n<div class=\"wp-block-columns is-layout-flex wp-container-core-columns-is-layout-9d6595d7 wp-block-columns-is-layout-flex\">\n<div class=\"wp-block-column is-layout-flow wp-block-column-is-layout-flow\" style=\"flex-basis:100%\">\n<div class=\"wp-block-group\"><div class=\"wp-block-group__inner-container is-layout-flow wp-block-group-is-layout-flow\">\n<div class=\"wp-block-columns is-layout-flex wp-container-core-columns-is-layout-9d6595d7 wp-block-columns-is-layout-flex\">\n<div class=\"wp-block-column is-layout-flow wp-block-column-is-layout-flow\" style=\"flex-basis:100%\">\n<div class=\"wp-block-group\"><div class=\"wp-block-group__inner-container is-layout-flow wp-block-group-is-layout-flow\">\n<div class=\"wp-block-columns is-layout-flex wp-container-core-columns-is-layout-9d6595d7 wp-block-columns-is-layout-flex\">\n<div class=\"wp-block-column is-layout-flow wp-block-column-is-layout-flow\" style=\"flex-basis:100%\">\n<figure class=\"wp-block-gallery columns-2 is-cropped wp-block-gallery-1 is-layout-flex wp-block-gallery-is-layout-flex\"><ul class=\"blocks-gallery-grid\"><li class=\"blocks-gallery-item\"><figure><a href=\"https:\/\/blogs.univ-tlse2.fr\/colloque-du-taur\/files\/2021\/03\/COLLOQUE_DU_TAUR_programme-1bis.jpg\"><img loading=\"lazy\" decoding=\"async\" width=\"784\" height=\"1024\" src=\"https:\/\/blogs.univ-tlse2.fr\/colloque-du-taur\/files\/2021\/03\/COLLOQUE_DU_TAUR_programme-1bis-784x1024.jpg\" alt=\"\" data-id=\"158\" data-full-url=\"https:\/\/blogs.univ-tlse2.fr\/colloque-du-taur\/files\/2021\/03\/COLLOQUE_DU_TAUR_programme-1bis.jpg\" data-link=\"https:\/\/blogs.univ-tlse2.fr\/colloque-du-taur\/les-accelerateurs-de-developpement-et-de-production-des-projets-audiovisuels-les-pitch-workshop-network-pratiques-enjeux-et-experiences\/colloque_du_taur_programme-1bis\/\" class=\"wp-image-158\" srcset=\"https:\/\/blogs.univ-tlse2.fr\/colloque-du-taur\/files\/2021\/03\/COLLOQUE_DU_TAUR_programme-1bis-784x1024.jpg 784w, https:\/\/blogs.univ-tlse2.fr\/colloque-du-taur\/files\/2021\/03\/COLLOQUE_DU_TAUR_programme-1bis-230x300.jpg 230w, https:\/\/blogs.univ-tlse2.fr\/colloque-du-taur\/files\/2021\/03\/COLLOQUE_DU_TAUR_programme-1bis-768x1003.jpg 768w, https:\/\/blogs.univ-tlse2.fr\/colloque-du-taur\/files\/2021\/03\/COLLOQUE_DU_TAUR_programme-1bis.jpg 884w\" sizes=\"auto, (max-width: 784px) 100vw, 784px\" \/><\/a><\/figure><\/li><li class=\"blocks-gallery-item\"><figure><a href=\"https:\/\/blogs.univ-tlse2.fr\/colloque-du-taur\/files\/2021\/03\/programme-p2.jpg\"><img loading=\"lazy\" decoding=\"async\" width=\"714\" height=\"1024\" src=\"https:\/\/blogs.univ-tlse2.fr\/colloque-du-taur\/files\/2021\/03\/programme-p2-714x1024.jpg\" alt=\"\" data-id=\"506\" data-full-url=\"https:\/\/blogs.univ-tlse2.fr\/colloque-du-taur\/files\/2021\/03\/programme-p2.jpg\" data-link=\"https:\/\/blogs.univ-tlse2.fr\/colloque-du-taur\/programme-detaille\/programme-p2\/\" class=\"wp-image-506\" srcset=\"https:\/\/blogs.univ-tlse2.fr\/colloque-du-taur\/files\/2021\/03\/programme-p2-714x1024.jpg 714w, https:\/\/blogs.univ-tlse2.fr\/colloque-du-taur\/files\/2021\/03\/programme-p2-209x300.jpg 209w, https:\/\/blogs.univ-tlse2.fr\/colloque-du-taur\/files\/2021\/03\/programme-p2-768x1101.jpg 768w, https:\/\/blogs.univ-tlse2.fr\/colloque-du-taur\/files\/2021\/03\/programme-p2.jpg 887w\" sizes=\"auto, (max-width: 714px) 100vw, 714px\" \/><\/a><\/figure><\/li><li class=\"blocks-gallery-item\"><figure><a href=\"https:\/\/blogs.univ-tlse2.fr\/colloque-du-taur\/files\/2021\/03\/COLLOQUE_DU_TAUR_programme-3.jpg\"><img loading=\"lazy\" decoding=\"async\" width=\"714\" height=\"1024\" src=\"https:\/\/blogs.univ-tlse2.fr\/colloque-du-taur\/files\/2021\/03\/COLLOQUE_DU_TAUR_programme-3-714x1024.jpg\" alt=\"\" data-id=\"149\" data-full-url=\"https:\/\/blogs.univ-tlse2.fr\/colloque-du-taur\/files\/2021\/03\/COLLOQUE_DU_TAUR_programme-3.jpg\" data-link=\"https:\/\/blogs.univ-tlse2.fr\/colloque-du-taur\/page-d-exemple\/colloque_du_taur_programme-3\/\" class=\"wp-image-149\" srcset=\"https:\/\/blogs.univ-tlse2.fr\/colloque-du-taur\/files\/2021\/03\/COLLOQUE_DU_TAUR_programme-3-714x1024.jpg 714w, https:\/\/blogs.univ-tlse2.fr\/colloque-du-taur\/files\/2021\/03\/COLLOQUE_DU_TAUR_programme-3-209x300.jpg 209w, https:\/\/blogs.univ-tlse2.fr\/colloque-du-taur\/files\/2021\/03\/COLLOQUE_DU_TAUR_programme-3-768x1101.jpg 768w, https:\/\/blogs.univ-tlse2.fr\/colloque-du-taur\/files\/2021\/03\/COLLOQUE_DU_TAUR_programme-3.jpg 887w\" sizes=\"auto, (max-width: 714px) 100vw, 714px\" \/><\/a><\/figure><\/li><li class=\"blocks-gallery-item\"><figure><a href=\"https:\/\/blogs.univ-tlse2.fr\/colloque-du-taur\/files\/2021\/03\/programme-p4-1.jpg\"><img loading=\"lazy\" decoding=\"async\" width=\"714\" height=\"1024\" src=\"https:\/\/blogs.univ-tlse2.fr\/colloque-du-taur\/files\/2021\/03\/programme-p4-1-714x1024.jpg\" alt=\"\" data-id=\"527\" data-full-url=\"https:\/\/blogs.univ-tlse2.fr\/colloque-du-taur\/files\/2021\/03\/programme-p4-1.jpg\" data-link=\"https:\/\/blogs.univ-tlse2.fr\/colloque-du-taur\/programme-detaille\/programme-p4-1\/\" class=\"wp-image-527\" srcset=\"https:\/\/blogs.univ-tlse2.fr\/colloque-du-taur\/files\/2021\/03\/programme-p4-1-714x1024.jpg 714w, https:\/\/blogs.univ-tlse2.fr\/colloque-du-taur\/files\/2021\/03\/programme-p4-1-209x300.jpg 209w, https:\/\/blogs.univ-tlse2.fr\/colloque-du-taur\/files\/2021\/03\/programme-p4-1-768x1101.jpg 768w, https:\/\/blogs.univ-tlse2.fr\/colloque-du-taur\/files\/2021\/03\/programme-p4-1.jpg 887w\" sizes=\"auto, (max-width: 714px) 100vw, 714px\" \/><\/a><\/figure><\/li><\/ul><\/figure>\n\n\n\n<p style=\"font-size:23px\"><strong><span class=\"has-inline-color has-black-color\">Communications<\/span><\/strong><\/p>\n\n\n\n<p><strong><a href=\"https:\/\/blogs.univ-tlse2.fr\/colloque-du-taur\/le-dessous-des-pitch-role-et-organisation-des-sessions-de-pitch-dans-les-festivals-de-fictions-televisees\/\" data-type=\"URL\" target=\"_blank\" rel=\"noreferrer noopener\"><span style=\"color:#4f5cbf\" class=\"has-inline-color\">Les dessous des pitchs. R\u00f4le et organisation des sessions de pitch dans les festivals de fictions t\u00e9l\u00e9vis\u00e9es<\/span><\/a><\/strong><br>Anne-Sophie B\u00e9liard&nbsp; &amp; Sarah L\u00e9cossais<\/p>\n\n\n\n<p><strong><a rel=\"noreferrer noopener\" href=\"https:\/\/blogs.univ-tlse2.fr\/colloque-du-taur\/le-festival-de-films-et-les-forums-de-coproduction-metamorphoses-dun-objet\/\" data-type=\"URL\" data-id=\"https:\/\/blogs.univ-tlse2.fr\/colloque-du-taur\/le-festival-de-films-et-les-forums-de-coproduction-metamorphoses-dun-objet\/\" target=\"_blank\"><span style=\"color:#4f5cbf\" class=\"has-inline-color\">Le festival de films&nbsp;et les forums de coproduction : m\u00e9tamorphoses d\u2019un objet<\/span><\/a><\/strong><br>Kira Kitsopanidou &amp; Olivier Th\u00e9venin<\/p>\n\n\n\n<p><strong><a rel=\"noreferrer noopener\" href=\"https:\/\/blogs.univ-tlse2.fr\/colloque-du-taur\/de-la-mise-en-production-a-la-mise-en-marche-le-role-des-work-in-progress-dans-les-festivals-de-films\/\" data-type=\"URL\" data-id=\"https:\/\/blogs.univ-tlse2.fr\/colloque-du-taur\/de-la-mise-en-production-a-la-mise-en-marche-le-role-des-work-in-progress-dans-les-festivals-de-films\/\" target=\"_blank\"><span style=\"color:#4f5cbf\" class=\"has-inline-color\">De la mise en production \u00e0 la mise en march\u00e9&nbsp;: le r\u00f4le des&nbsp;\u00ab\u00a0Work in progress\u00a0\u00bb dans les festivals de films.<\/span><\/a><\/strong><span style=\"color:#4f5cbf\" class=\"has-inline-color\"><br><\/span>Ana Vinuela<\/p>\n\n\n\n<p><strong><a rel=\"noreferrer noopener\" href=\"https:\/\/blogs.univ-tlse2.fr\/colloque-du-taur\/produire-en-amerique-latine-a-lere-des-festivals-australab-et-les-circuits-transnationaux-des-cinemas-damerique-latine\/\" data-type=\"URL\" data-id=\"https:\/\/blogs.univ-tlse2.fr\/colloque-du-taur\/produire-en-amerique-latine-a-lere-des-festivals-australab-et-les-circuits-transnationaux-des-cinemas-damerique-latine\/\" target=\"_blank\"><span style=\"color:#4f5cbf\" class=\"has-inline-color\">Produire en Am\u00e9rique latine \u00e0 l\u2019\u00e8re des festivals : Australab et les circuits transnationaux des cin\u00e9mas d\u2019Am\u00e9rique latine.<\/span><\/a><\/strong><br>Amanda Rueda<\/p>\n\n\n\n<p><strong><a rel=\"noreferrer noopener\" href=\"https:\/\/blogs.univ-tlse2.fr\/colloque-du-taur\/communication-et-socialisation-dans-un-projet-de-festival-multiple-entre-films-et-participants-de-plusieurs-geographies\/\" data-type=\"URL\" data-id=\"https:\/\/blogs.univ-tlse2.fr\/colloque-du-taur\/communication-et-socialisation-dans-un-projet-de-festival-multiple-entre-films-et-participants-de-plusieurs-geographies\/\" target=\"_blank\"><span style=\"color:#4f5cbf\" class=\"has-inline-color\">Communication et socialisation dans un projet de festival multiple entre films et participants de plusieurs g\u00e9ographies.<\/span><\/a><\/strong><br>Ant\u00f3nio Costa Valente &amp; Claudia Ferreira<\/p>\n\n\n\n<p><strong><a rel=\"noreferrer noopener\" href=\"https:\/\/blogs.univ-tlse2.fr\/colloque-du-taur\/ce-qui-se-concoit-bien-senonce-clairement-comment-est-evaluee-la-valeur-dun-projet-de-film-dans-une-formation-dauteur-realisateur\/\" data-type=\"URL\" data-id=\"https:\/\/blogs.univ-tlse2.fr\/colloque-du-taur\/ce-qui-se-concoit-bien-senonce-clairement-comment-est-evaluee-la-valeur-dun-projet-de-film-dans-une-formation-dauteur-realisateur\/\" target=\"_blank\"><span style=\"color:#4f5cbf\" class=\"has-inline-color\">&nbsp;<em>\u00ab&nbsp;Ce qui se con\u00e7oit bien s\u2019\u00e9nonce clairement&nbsp;\u00bb<br><\/em>Comment est \u00e9valu\u00e9e la valeur d\u2019un projet de film dans une formation d\u2019auteur-r\u00e9alisateur&nbsp;?&nbsp;<\/span><\/a><\/strong><br>Cesaro Pascal<\/p>\n\n\n\n<p><strong><a rel=\"noreferrer noopener\" href=\"https:\/\/blogs.univ-tlse2.fr\/colloque-du-taur\/stop-motion-bus-une-application-pour-accelerer-le-developpement-des-films-danimation-en-volume\/\" data-type=\"URL\" data-id=\"https:\/\/blogs.univ-tlse2.fr\/colloque-du-taur\/stop-motion-bus-une-application-pour-accelerer-le-developpement-des-films-danimation-en-volume\/\" target=\"_blank\"><span style=\"color:#4f5cbf\" class=\"has-inline-color\">Stop motion bus, une application pour acc\u00e9l\u00e9rer le d\u00e9veloppement des films d\u2019animation en volume.<\/span><\/a><\/strong><span style=\"color:#4f5cbf\" class=\"has-inline-color\"><br><\/span>Daniel Virguez<\/p>\n\n\n\n<p><\/p>\n\n\n\n<p><\/p>\n\n\n\n<p style=\"font-size:21px\"><strong><span class=\"has-inline-color has-black-color\">Table ronde<\/span><\/strong><\/p>\n\n\n\n<p><strong><a rel=\"noreferrer noopener\" href=\"https:\/\/blogs.univ-tlse2.fr\/colloque-du-taur\/les-dispositifs-daccompagnement-des-projets-de-films-face-a-la-crise-sanitaire\/\" data-type=\"URL\" data-id=\"https:\/\/blogs.univ-tlse2.fr\/colloque-du-taur\/les-dispositifs-daccompagnement-des-projets-de-films-face-a-la-crise-sanitaire\/\" target=\"_blank\"><span style=\"color:#4f5cbf\" class=\"has-inline-color\">\u00ab\u00a0Les dispositifs d&rsquo;accompagnement des projets de films face \u00e0 la crise sanitaire.\u00a0\u00bb<\/span><\/a><\/strong><\/p>\n<\/div>\n<\/div>\n<\/div><\/div>\n<\/div>\n<\/div>\n<\/div><\/div>\n<\/div>\n<\/div>\n","protected":false},"excerpt":{"rendered":"<p>Communications Les dessous des pitchs. R\u00f4le et organisation des sessions de pitch dans les festivals de fictions t\u00e9l\u00e9vis\u00e9esAnne-Sophie B\u00e9liard&nbsp; &amp; Sarah L\u00e9cossais Le festival de films&nbsp;et les forums de coproduction : m\u00e9tamorphoses d\u2019un objetKira Kitsopanidou &amp; Olivier Th\u00e9venin De la mise en production \u00e0 la mise en march\u00e9&nbsp;: le r\u00f4le des&nbsp;\u00ab\u00a0Work in progress\u00a0\u00bb dans les festivals de films.Ana Vinuela Produire en Am\u00e9rique latine \u00e0 l\u2019\u00e8re des festivals : Australab et les circuits transnationaux des cin\u00e9mas d\u2019Am\u00e9rique latine.Amanda Rueda Communication et socialisation dans un projet de festival multiple entre films et participants de plusieurs g\u00e9ographies.Ant\u00f3nio Costa Valente &amp; Claudia Ferreira &nbsp;\u00ab&nbsp;Ce qui se con\u00e7oit bien s\u2019\u00e9nonce clairement&nbsp;\u00bbComment est \u00e9valu\u00e9e la valeur d\u2019un projet de film dans une formation d\u2019auteur-r\u00e9alisateur&nbsp;?&nbsp;Cesaro Pascal Stop motion bus, une application pour acc\u00e9l\u00e9rer le d\u00e9veloppement des films d\u2019animation en volume.Daniel Virguez Table ronde \u00ab\u00a0Les dispositifs d&rsquo;accompagnement des projets de films face \u00e0 la crise sanitaire.\u00a0\u00bb<\/p>\n","protected":false},"author":963,"featured_media":237,"parent":0,"menu_order":0,"comment_status":"closed","ping_status":"closed","template":"","meta":{"footnotes":""},"class_list":["post-271","page","type-page","status-publish","has-post-thumbnail"],"_links":{"self":[{"href":"https:\/\/blogs.univ-tlse2.fr\/colloque-du-taur\/wp-json\/wp\/v2\/pages\/271","targetHints":{"allow":["GET"]}}],"collection":[{"href":"https:\/\/blogs.univ-tlse2.fr\/colloque-du-taur\/wp-json\/wp\/v2\/pages"}],"about":[{"href":"https:\/\/blogs.univ-tlse2.fr\/colloque-du-taur\/wp-json\/wp\/v2\/types\/page"}],"author":[{"embeddable":true,"href":"https:\/\/blogs.univ-tlse2.fr\/colloque-du-taur\/wp-json\/wp\/v2\/users\/963"}],"replies":[{"embeddable":true,"href":"https:\/\/blogs.univ-tlse2.fr\/colloque-du-taur\/wp-json\/wp\/v2\/comments?post=271"}],"version-history":[{"count":97,"href":"https:\/\/blogs.univ-tlse2.fr\/colloque-du-taur\/wp-json\/wp\/v2\/pages\/271\/revisions"}],"predecessor-version":[{"id":551,"href":"https:\/\/blogs.univ-tlse2.fr\/colloque-du-taur\/wp-json\/wp\/v2\/pages\/271\/revisions\/551"}],"wp:featuredmedia":[{"embeddable":true,"href":"https:\/\/blogs.univ-tlse2.fr\/colloque-du-taur\/wp-json\/wp\/v2\/media\/237"}],"wp:attachment":[{"href":"https:\/\/blogs.univ-tlse2.fr\/colloque-du-taur\/wp-json\/wp\/v2\/media?parent=271"}],"curies":[{"name":"wp","href":"https:\/\/api.w.org\/{rel}","templated":true}]}}