 {"id":33,"date":"2021-03-12T18:55:11","date_gmt":"2021-03-12T17:55:11","guid":{"rendered":"https:\/\/blogs.univ-tlse2.fr\/colloque-du-taur\/?page_id=33"},"modified":"2021-03-15T16:05:55","modified_gmt":"2021-03-15T15:05:55","slug":"les-accelerateurs-de-developpement-et-de-production-des-projets-audiovisuels-les-pitch-workshop-network-pratiques-enjeux-et-experiences","status":"publish","type":"page","link":"https:\/\/blogs.univ-tlse2.fr\/colloque-du-taur\/","title":{"rendered":"LES ACC\u00c9L\u00c9RATEURS DE D\u00c9VELOPPEMENT ET DE PRODUCTION DES PROJETS AUDIOVISUELS"},"content":{"rendered":"\n<p class=\"has-text-color\" style=\"color:#4f5cbf;font-size:28px\"><strong>LES ACC\u00c9L\u00c9RATEURS DE D\u00c9VELOPPEMENT ET DE PRODUCTION DE PROJETS AUDIOVISUELS.<\/strong><br>Les \u00ab\u00a0Pitch\u00a0\u00bb, \u00ab\u00a0Workshop\u00a0\u00bb, \u00ab\u00a0Network\u00a0\u00bb : Pratiques, enjeux et exp\u00e9riences<\/p>\n\n\n\n<p><strong><span class=\"has-inline-color has-black-color\">Organisation :<\/span><\/strong><br><strong><a rel=\"noreferrer noopener\" href=\"https:\/\/lara.univ-tlse2.fr\/accueil\/membres-equipe-lara\/berenice-bonhomme#\/\" target=\"_blank\">B\u00e9r\u00e9nice Bonhomme<\/a> (MCF, ENSAV, LARA-SEPPIA)<\/strong><br><strong><a rel=\"noreferrer noopener\" href=\"https:\/\/lara.univ-tlse2.fr\/accueil\/membres-equipe-lara\/helene-laurichesse#\/\" target=\"_blank\">H\u00e9l\u00e8ne Laurichesse<\/a> (PR, ENSAV, LARA-SEPPIA)\u00a0<\/strong><\/p>\n\n\n\n<p>Pour son \u00e9dition 2021, le colloque du Taur s\u2019int\u00e9resse aux pratiques et aux dynamiques qui sous-tendent le processus de d\u00e9veloppement d\u2019un projet audiovisuel dans sa phase de recherche de partenaires et de financement.<\/p>\n\n\n\n<p class=\"has-normal-font-size\">Les march\u00e9s de projets s\u2019appuient sur des dispositifs de valorisation et de s\u00e9lection des projets audiovisuels pour faciliter leur d\u00e9veloppement et leur financement et faire \u00e9merger des talents. Le colloque cherche \u00e0 \u00e9clairer les objectifs et les valeurs qui sous-tendent les pratiques de cette \u00ab&nbsp;mise en march\u00e9&nbsp;\u00bb des projets ainsi que leurs effets.<\/p>\n\n\n\n<p class=\"has-normal-font-size\">Le colloque du Taur (anciennement Colloque de Sor\u00e8ze), organis\u00e9 au sein de l\u2019\u00e9quipe LARA de l\u2019unit\u00e9 de recherche LARA-SEPPIA, de l\u2019Universit\u00e9 Toulouse &#8211; Jean Jaur\u00e8s, est un lieu d\u2019\u00e9changes et de r\u00e9flexions annuel autour des questions audiovisuelles.<\/p>\n\n\n\n<p class=\"has-normal-font-size\">Il se tiendra pendant le festival Cin\u00e9latino de Toulouse (19 au 28 mars 2021) pour offrir un cadre privil\u00e9gi\u00e9 d\u2019observation aux chercheurs pr\u00e9sents et permettre \u00e0 cette occasion un rapprochement des milieux universitaires et professionnels.<\/p>\n\n\n\n<p><\/p>\n\n\n\n<div class=\"wp-block-image is-style-default\"><figure class=\"aligncenter size-large\"><img loading=\"lazy\" decoding=\"async\" width=\"784\" height=\"1024\" src=\"https:\/\/blogs.univ-tlse2.fr\/colloque-du-taur\/files\/2021\/03\/COLLOQUE_DU_TAUR_programme-1bis-784x1024.jpg\" alt=\"\" class=\"wp-image-158\" srcset=\"https:\/\/blogs.univ-tlse2.fr\/colloque-du-taur\/files\/2021\/03\/COLLOQUE_DU_TAUR_programme-1bis-784x1024.jpg 784w, https:\/\/blogs.univ-tlse2.fr\/colloque-du-taur\/files\/2021\/03\/COLLOQUE_DU_TAUR_programme-1bis-230x300.jpg 230w, https:\/\/blogs.univ-tlse2.fr\/colloque-du-taur\/files\/2021\/03\/COLLOQUE_DU_TAUR_programme-1bis-768x1003.jpg 768w, https:\/\/blogs.univ-tlse2.fr\/colloque-du-taur\/files\/2021\/03\/COLLOQUE_DU_TAUR_programme-1bis.jpg 884w\" sizes=\"auto, (max-width: 784px) 100vw, 784px\" \/><\/figure><\/div>\n\n\n\n<div class=\"wp-block-buttons aligncenter is-layout-flex wp-block-buttons-is-layout-flex\">\n<div class=\"wp-block-button\"><a class=\"wp-block-button__link has-white-color has-white-background-color has-text-color has-background\" href=\"http:\/\/www.esav.fr\/\" style=\"border-radius:50px\" target=\"_blank\" rel=\"noreferrer noopener\"><img loading=\"lazy\" decoding=\"async\" width=\"103\" height=\"77\" class=\"wp-image-104\" style=\"width: 103px\" src=\"https:\/\/blogs.univ-tlse2.fr\/colloque-du-taur\/files\/2021\/03\/Capture-de\u0301cran-2021-03-14-a\u0300-16.27.12-1.png\" alt=\"\"><\/a><\/div>\n\n\n\n<div class=\"wp-block-button\"><a class=\"wp-block-button__link has-white-background-color has-text-color has-background\" href=\"https:\/\/lara.univ-tlse2.fr\/\" style=\"border-radius:50px;color:#fffffa\" target=\"_blank\" rel=\"noreferrer noopener\"><img loading=\"lazy\" decoding=\"async\" width=\"416\" height=\"309\" class=\"wp-image-82\" style=\"width: 140px\" src=\"https:\/\/blogs.univ-tlse2.fr\/colloque-du-taur\/files\/2021\/03\/Capture-de\u0301cran-2021-03-14-a\u0300-16.42.19.png\" alt=\"\" srcset=\"https:\/\/blogs.univ-tlse2.fr\/colloque-du-taur\/files\/2021\/03\/Capture-de\u0301cran-2021-03-14-a\u0300-16.42.19.png 416w, https:\/\/blogs.univ-tlse2.fr\/colloque-du-taur\/files\/2021\/03\/Capture-de\u0301cran-2021-03-14-a\u0300-16.42.19-300x223.png 300w\" sizes=\"auto, (max-width: 416px) 100vw, 416px\" \/><\/a><\/div>\n\n\n\n<div class=\"wp-block-button\"><a class=\"wp-block-button__link has-white-background-color has-text-color has-background\" href=\"https:\/\/creationcollectiveaucinema.com\/\" style=\"border-radius:50px;color:#fffffa\" target=\"_blank\" rel=\"noreferrer noopener\"><img loading=\"lazy\" decoding=\"async\" width=\"381\" height=\"144\" class=\"wp-image-109\" style=\"width: 160px\" src=\"https:\/\/blogs.univ-tlse2.fr\/colloque-du-taur\/files\/2021\/03\/Capture-de\u0301cran-2021-03-14-a\u0300-17.05.43.png\" alt=\"\" srcset=\"https:\/\/blogs.univ-tlse2.fr\/colloque-du-taur\/files\/2021\/03\/Capture-de\u0301cran-2021-03-14-a\u0300-17.05.43.png 381w, https:\/\/blogs.univ-tlse2.fr\/colloque-du-taur\/files\/2021\/03\/Capture-de\u0301cran-2021-03-14-a\u0300-17.05.43-300x113.png 300w\" sizes=\"auto, (max-width: 381px) 100vw, 381px\" \/><\/a><\/div>\n<\/div>\n\n\n\n<p><\/p>\n","protected":false},"excerpt":{"rendered":"<p>LES ACC\u00c9L\u00c9RATEURS DE D\u00c9VELOPPEMENT ET DE PRODUCTION DE PROJETS AUDIOVISUELS.Les \u00ab\u00a0Pitch\u00a0\u00bb, \u00ab\u00a0Workshop\u00a0\u00bb, \u00ab\u00a0Network\u00a0\u00bb : Pratiques, enjeux et exp\u00e9riences Organisation :B\u00e9r\u00e9nice Bonhomme (MCF, ENSAV, LARA-SEPPIA)H\u00e9l\u00e8ne Laurichesse (PR, ENSAV, LARA-SEPPIA)\u00a0 Pour son \u00e9dition 2021, le colloque du Taur s\u2019int\u00e9resse aux pratiques et aux dynamiques qui sous-tendent le processus de d\u00e9veloppement d\u2019un projet audiovisuel dans sa phase de recherche de partenaires et de financement. Les march\u00e9s de projets s\u2019appuient sur des dispositifs de valorisation et de s\u00e9lection des projets audiovisuels pour faciliter leur d\u00e9veloppement et leur financement et faire \u00e9merger des talents. Le colloque cherche \u00e0 \u00e9clairer les objectifs et les valeurs qui sous-tendent les pratiques de cette \u00ab&nbsp;mise en march\u00e9&nbsp;\u00bb des projets ainsi que leurs effets. Le colloque du Taur (anciennement Colloque de Sor\u00e8ze), organis\u00e9 au sein de l\u2019\u00e9quipe LARA de l\u2019unit\u00e9 de recherche LARA-SEPPIA, de l\u2019Universit\u00e9 Toulouse &#8211; Jean Jaur\u00e8s, est un lieu d\u2019\u00e9changes et de r\u00e9flexions annuel autour des questions&hellip;<\/p>\n<p> <a class=\"more-link\" href=\"https:\/\/blogs.univ-tlse2.fr\/colloque-du-taur\/\">Lire la suite<\/a><\/p>\n","protected":false},"author":963,"featured_media":237,"parent":0,"menu_order":0,"comment_status":"closed","ping_status":"closed","template":"","meta":{"footnotes":""},"class_list":["post-33","page","type-page","status-publish","has-post-thumbnail"],"_links":{"self":[{"href":"https:\/\/blogs.univ-tlse2.fr\/colloque-du-taur\/wp-json\/wp\/v2\/pages\/33","targetHints":{"allow":["GET"]}}],"collection":[{"href":"https:\/\/blogs.univ-tlse2.fr\/colloque-du-taur\/wp-json\/wp\/v2\/pages"}],"about":[{"href":"https:\/\/blogs.univ-tlse2.fr\/colloque-du-taur\/wp-json\/wp\/v2\/types\/page"}],"author":[{"embeddable":true,"href":"https:\/\/blogs.univ-tlse2.fr\/colloque-du-taur\/wp-json\/wp\/v2\/users\/963"}],"replies":[{"embeddable":true,"href":"https:\/\/blogs.univ-tlse2.fr\/colloque-du-taur\/wp-json\/wp\/v2\/comments?post=33"}],"version-history":[{"count":40,"href":"https:\/\/blogs.univ-tlse2.fr\/colloque-du-taur\/wp-json\/wp\/v2\/pages\/33\/revisions"}],"predecessor-version":[{"id":280,"href":"https:\/\/blogs.univ-tlse2.fr\/colloque-du-taur\/wp-json\/wp\/v2\/pages\/33\/revisions\/280"}],"wp:featuredmedia":[{"embeddable":true,"href":"https:\/\/blogs.univ-tlse2.fr\/colloque-du-taur\/wp-json\/wp\/v2\/media\/237"}],"wp:attachment":[{"href":"https:\/\/blogs.univ-tlse2.fr\/colloque-du-taur\/wp-json\/wp\/v2\/media?parent=33"}],"curies":[{"name":"wp","href":"https:\/\/api.w.org\/{rel}","templated":true}]}}