 {"id":36,"date":"2021-03-12T19:00:46","date_gmt":"2021-03-12T18:00:46","guid":{"rendered":"https:\/\/blogs.univ-tlse2.fr\/colloque-du-taur\/?page_id=36"},"modified":"2021-03-15T19:54:38","modified_gmt":"2021-03-15T18:54:38","slug":"rubrique-2","status":"publish","type":"page","link":"https:\/\/blogs.univ-tlse2.fr\/colloque-du-taur\/rubrique-2\/","title":{"rendered":"Appel \u00e0 contribution"},"content":{"rendered":"\n<p class=\"has-text-align-center has-black-color has-text-color\"><strong>Colloque International du Taur, les 22 et 23 mars 2021 \u2014 Appel \u00e0 communication<\/strong><\/p>\n\n\n\n<p class=\"has-text-align-center has-black-color has-text-color\"><strong>Les acc\u00e9l\u00e9rateurs de d\u00e9veloppement et de production des projets audiovisuels.<br>Les \u00ab Pitch \u00bb, \u00ab Workshop \u00bb, \u00ab Network \u00bb : Pratiques, enjeux et exp\u00e9riences<\/strong><\/p>\n\n\n\n<p><br>Le colloque du Taur (anciennement Colloque de Sor\u00e8ze), organis\u00e9 au sein de l\u2019\u00e9quipe LARA de l\u2019unit\u00e9 de recherche LARA-SEPPIA, de l\u2019Universit\u00e9 Toulouse &#8211; Jean Jaur\u00e8s, est un lieu d\u2019\u00e9changes et de r\u00e9flexions annuel autour des questions audiovisuelles.<br>Pour son \u00e9dition 2021, le colloque du Taur s\u2019int\u00e9resse aux pratiques et aux dynamiques qui sous-tendent le processus de d\u00e9veloppement d\u2019un projet audiovisuel dans sa phase de recherche de partenaires et de financement.<br>Il se tiendra pendant le festival Cin\u00e9latino de Toulouse (19 au 28 mars 2021) pour offrir un cadre privil\u00e9gi\u00e9 d\u2019observation aux chercheurs pr\u00e9sents et permettre \u00e0 cette occasion un rapprochement des milieux universitaires et professionnels.<\/p>\n\n\n\n<p>Dans l\u2019environnement hautement concurrentiel de l\u2019industrie audiovisuelle, la s\u00e9lection entre les projets s\u2019organise \u00e0 la fois de fa\u00e7on structurelle par le biais du r\u00e9seautage, par les soutiens institutionnels et associatifs, par l\u2019interm\u00e9diaire des agents artistiques, mais aussi \u00e0 l\u2019occasion d\u2019\u00e9v\u00e9nements ponctuels (festivals, march\u00e9s) devenus un terrain privil\u00e9gi\u00e9 de son exercice.<br>Le colloque 2021 a choisi de se consacrer \u00e0 l\u2019exploration du r\u00f4le de ces manifestations dans les processus de valorisation et de s\u00e9lection des projets audiovisuels \u00e0 travers les dispositifs d\u2019interm\u00e9diation (pitch, workshop, network) entre les professionnels.<\/p>\n\n\n\n<p>Alors que les travaux acad\u00e9miques se sont r\u00e9guli\u00e8rement int\u00e9ress\u00e9s \u00e0 d\u00e9terminer ce qu\u2019est un \u00ab bon film \u00bb sur un plan esth\u00e9tique (Sciences des arts) ou sur un plan commercial (Sciences de l\u2019information et de la communication et Sciences de gestion), la question centrale du colloque propose de r\u00e9fl\u00e9chir \u00e0 ce que peut \u00eatre \u00ab un bon projet \u00bb dans le secteur audiovisuel et \u00e0 la fa\u00e7on dont ce diagnostic peut \u00eatre \u00e9tabli. Elle devra, pour ce faire, explorer les notions de cr\u00e9ation et de talent en mettant en exergue ce qu\u2019il convient d\u2019\u00e9valuer pour juger de la valeur d\u2019un projet.<br>Il s\u2019agira d\u2019approfondir le m\u00e9canisme de s\u00e9lection qui revient \u00e0 faire un choix et celui de s\u00e9lectivit\u00e9 qui concerne l\u2019organisation de la s\u00e9lection par le biais d\u2019outils et m\u00e9thodes.<br>Ces deux axes interrogent les d\u00e9terminants et m\u00e9canismes de valorisation des \u0153uvres et leurs instances de l\u00e9gitimation sur des probl\u00e9matiques pluridisciplinaires (\u00e9conomiques, sociologiques, gestionnaires, communicationnelles).<\/p>\n\n\n\n<p>\u00c0 titre d\u2019exemples, nous pouvons citer quelques \u00e9v\u00e9nements (parmi les centaines existants) illustrant cette fonction d\u2019interm\u00e9diation dans les festivals ou march\u00e9s audiovisuels et la diversit\u00e9 de leurs terrains d\u2019activit\u00e9s :<\/p>\n\n\n\n<ul class=\"wp-block-list\"><li>\u00ab Goes to Cannes \u00bb : destin\u00e9 \u00e0 d\u00e9celer les talents \u00e9mergents \u00e0 Cannes<\/li><li>les \u00ab Co-Pro Pitching Sessions \u00bb venant faciliter les coproductions internationales \u00e0 Lille, ou au Sunny Side of the Doc \u00e0 La Rochelle<\/li><li>les \u00ab Professionnals Training \u00bb \u00e0 l\u2019European Audiovisual Entrepreneurs (EAVE), \u00e0 l\u2019ACE Producers, ou au Torino Film Lab (d\u00e9veloppement, production et distribution).<br><br>En tant qu\u2019acc\u00e9l\u00e9rateurs de production, d\u00e9couvreurs de talents, outils de s\u00e9lection et barom\u00e8tres de la faisabilit\u00e9 artistique et \u00e9conomique des projets, ces dispositifs accompagnent le processus de d\u00e9veloppement dans ses diff\u00e9rentes \u00e9tapes : trouver des partenaires, un auteur, un producteur, des sp\u00e9cialistes, des experts, faciliter le financement, les coproductions.<br>Les diff\u00e9rents secteurs de la cr\u00e9ation audiovisuelle sont concern\u00e9s (fictions, documentaires, s\u00e9ries) de m\u00eame que les diff\u00e9rents niveaux d\u2019activit\u00e9s (auteurs, sc\u00e9naristes ou producteurs).<br><br>Dans ce contexte des festivals et march\u00e9s cin\u00e9matographiques, nous souhaitons \u00e9clairer les th\u00e9matiques suivantes :<\/li><li>Quel(s) syst\u00e8me(s) de valeur(s) sous-tend (ent) cette logique ? On pourra notamment chercher \u00e0 approfondir les notions de talent et de qualit\u00e9 dans le secteur audiovisuel et s\u2019interroger sur l\u2019arbitrage entre la qualit\u00e9 artistique versus le potentiel commercial dans les crit\u00e8res d\u2019\u00e9valuation des projets (dissonance axiologique).<\/li><li>Quel profil dans la l\u00e9gitimit\u00e9 et expertise de ceux qui jugent les projets (ressource axiologique) ? C\u2019est toute l\u2019organisation du travail dans l\u2019audiovisuel \u00e0 travers le r\u00f4le de ses interm\u00e9diaires dans la phase de d\u00e9veloppement de l\u2019\u0153uvre audiovisuelle qui va \u00eatre questionn\u00e9e.<\/li><li>Quelles sont les caract\u00e9ristiques des \u0153uvres issues des projets s\u00e9lectionn\u00e9s par ces dispositifs ?<br>On pourra s\u2019int\u00e9resser aux processus de standardisation et de labellisation des sujets et aux formats des productions audiovisuelles r\u00e9alis\u00e9es gr\u00e2ce \u00e0 ces dispositifs dans la perspective des contraintes d\u2019une forme de \u00ab mise en march\u00e9 \u00bb et d\u2019un \u00ab culturalisme de march\u00e9 \u00bb (Romain Leclerc), \u00e0 l\u2019anglicisation du vocabulaire associ\u00e9 (en attestent les terminologies de pitch, workshop, network) et l\u2019utilisation g\u00e9n\u00e9ralis\u00e9e de la langue anglaise pour pr\u00e9senter les projets lors de ces \u00e9v\u00e9nements.<\/li><li>Quelle est la l\u00e9gitimit\u00e9 des co\u00fbts engendr\u00e9s par ces dispositifs ? Quelles retomb\u00e9es peut-on escompter ?<br><br>L\u2019investissement que requiert l\u2019organisation de ce type d\u2019\u00e9v\u00e9nements doit-il \u00eatre pens\u00e9 en fonction des retomb\u00e9es sur l\u2019\u0153uvre elle-m\u00eame (les futures entr\u00e9es ou r\u00e9compenses des films) ou en fonction des retomb\u00e9es sur la fr\u00e9quentation des festivals et march\u00e9s ? Autrement dit ces dispositifs font-ils d\u00e9sormais parti d\u2019un arsenal d\u2019\u00e9v\u00e9nements venant dynamiser les manifestations audiovisuelles ?<br><br>Plusieurs champs de recherches particuli\u00e8rement f\u00e9conds pourront \u00eatre mobilis\u00e9s pour aborder ces questions :<\/li><\/ul>\n\n\n\n<p>\u2013 Les travaux des Production Studies (Mayer, Banks, Thornton) qui visent \u00e0 conceptualiser les pratiques de travail des professionnels en mettant l\u2019accent sur le monde de la production envisag\u00e9 comme une culture et sur l\u2019\u00e9tude des pratiques des professionnels<br>\u2013 Le courant des Festival Studies et notamment des Film Festival Studies avec des travaux majoritairement Anglo-saxons (De Valck, Lordonova) qui envisagent le festival de film comme un objet de recherche sp\u00e9cifique, distinct des autres festivals, en raison notamment des enjeux \u00e9conomiques importants du secteur.<br>\u2013 Les travaux sur l\u2019\u00e9conomie de la cr\u00e9ation qui permettront d\u2019approfondir les d\u00e9bats autour des concepts de qualit\u00e9 et de talent dans le domaine artistique (Menger, De Nora, Shott\u00e9, Jeanpierre, Leverrato). Les \u00e9tudes relatives aux instances de l\u00e9gitimation et de la valorisation d\u2019une \u0153uvre (Mourreau &amp; Sagot-Duvauroux, Jullier&amp;Leverratto, Benghozi, Duval &amp; Marty, Gimello-Mespomb).<br>\u2013 Les travaux autour du croisement entre les dynamiques artistiques et \u00e9conomiques (Greffe, Benghozi, Roueff, Creton), l\u2019\u00e9tude du r\u00f4le des march\u00e9s du film (Laurichesse, Lecler).<br>\u2013 Les travaux en sociologie sur l\u2019industrie du cin\u00e9ma et de l\u2019audiovisuel (Roueff, Rot, Winceslas) et sur la nature de cette interm\u00e9diation bas\u00e9e sur l\u2019expertise (Mourreau, SagotDuvauroux).<\/p>\n\n\n\n<p><br><strong>Bibliographie indicative<\/strong><br>Alexandre Olivier, <em>La r\u00e8gle de l\u2019exception, \u00c9cologie du cin\u00e9ma fran\u00e7ais<\/em>, \u00c9ditions EHESS, 2015.<br>Benghozi Pierre-Jean et Nenert Claire, \u00ab Cr\u00e9ation de valeur artistique ou \u00e9conomique. Du festival international du film de Cannes au march\u00e9 du film \u00bb, <em>Recherches et Applications en marketing<\/em>, 10 (4), p. 65-76.<br>Benghozi Pierre-Jean et Michelle Bergada\u00e0, \u00ab Chapitre 10. Produire de la connaissance et mettre en coh\u00e9rence les registres de la cr\u00e9ation scientifique : la d\u00e9marche du pitch \u00bb, Paul Beaulieu \u00e9d., <em>La cr\u00e9ation de connaissance par les managers<\/em>, EMS \u00c9ditions, 2015, p. 197-216.<br>Bourdieu Pierre, \u00ab Qu\u2019est-ce qui fait le talent ? \u00bb, <em>Sciences Humaines<\/em>, vol. 258, n\u00b0 4, 2014, p. 7-17.<br>Caves Richard, <em>Creative industries: contracts between art and commerce<\/em>, Cambridge (MA), Harvard University Press, 2000.<br>Creton Laurent, <em>\u00c9conomie du cin\u00e9ma<\/em>, Paris, Armand Colin, 6\u00e8me \u00e9dition, 2020.<br>De Valck Marijke, Brendan Kredell and Skadi Loist, <em>Film Festivals: History, Theory, Method, Practice<\/em>, London, New York, Routledge, 2016.<br>De Verdalle Laure, Rot Gwenaelle, <em>Le cin\u00e9ma, travail et organisation, La dispute<\/em>, 2013.<br>DeNora Tia, <em>Beethoven et la construction du g\u00e9nie<\/em>, Paris, Fayard, 1998.<br>Duval Julien, Marty Philippe, \u00ab Cin\u00e9ma et intellectuels. La production de la l\u00e9gitimit\u00e9 artistique \u00bb, <em>Actes de la recherche en Sciences Sociales<\/em>, p.161-162.<br>Duval Julien, Le Cin\u00e9ma au XXe si\u00e8cle. <em>Entre loi du march\u00e9 et r\u00e8gles de l&rsquo;art<\/em>, paris, CNRS, 2016.<br>Elsaesser Thomas, \u00abFilm Festival Networks: The New Topographies of Cinema in Europe\u00bb in <em>European Cinema: Face-to-Face with Hollywood<\/em>, Amsterdam, Amsterdam University Press, 2005, p. 82-107.<br>Forest Claude, (dir.), <em>L\u2019internationalisation des productions cin\u00e9matographiques et audiovisuelles<\/em>, Villeneuve d\u2019Ascq, Presses universitaires du Septentrion, 2017,<br>Gimello-Mesplomb Fr\u00e9d\u00e9ric, \u00ab Le prix de la qualit\u00e9. L\u2019\u00e9tat et le cin\u00e9ma fran\u00e7ais (1960-1965) \u00bb, <em>Politix<\/em>, 16, 61 (1), 2003, p. 95-122.<br>Iordanova Dina, <em>The Film Festivals Reader<\/em>, St Andrews, St Andrews Film Studies, 2013.<br>Jeanpierre Laurent, \u00ab De l\u2019origine des in\u00e9galit\u00e9s dans les arts \u00bb, <em>Revue fran\u00e7aise de sociologie<\/em>, vol. 53, n\u00b0 1, 2012, p. 95-115.<br>Jeanpierre Laurent, Roueff Olivier, <em>La culture et ses interm\u00e9diaires<\/em>, Archives contemporaines, 2014.<br>Jordan Jennie, \u00ab Negotiating values in the creative industries: fairs, festivals and competitive events \u00bb, <em>Cultural Trends<\/em>, vol. 23, n\u00b0 1, 2014, p. 37-41.<br>Jullier Laurent, Leverratto Jean-Marc, <em>Cin\u00e9philes et cin\u00e9philies, une histoire de la qualit\u00e9 cin\u00e9matographique<\/em>, Paris, Armand Colin, 2010.<br>Karpik Lucien, <em>L\u2019\u00e9conomie des singularit\u00e9s<\/em>, Paris, Gallimard, 2007.<br>Laurichesse H\u00e9l\u00e8ne, (dir.), \u00ab March\u00e9s du film : \u00e9volutions, mutations et perspectives \u00bb, <em>Entrelacs<\/em> n\u00b0 14, 2018.<br>Lecler Romain, <em>Sociologie de la mondialisation<\/em>, La D\u00e9couverte, 2013.<br>Leveratto Jean-Marc, <em>La mesure de l\u2019art, Sociologie de la qualit\u00e9 artistique<\/em>, Paris, La Dispute, 2000.<br>Liz\u00e9 Wenceslas, Delphine Naudier et Olivier Roueff, <em>Interm\u00e9diaires du travail artistique. \u00c0 la fronti\u00e8re de l\u2019art et du commerce<\/em>, Paris, La Documentation fran\u00e7aise, 2011.<br>Mauger G\u00e9rard, <em>Droits d\u2019entr\u00e9e : modalit\u00e9s et conditions d\u2019acc\u00e8s aux univers artistiques<\/em>, Paris, Maison des sciences de l\u2019Homme, 2006.<br>Mayer Vicki, Banks Miranda J., Thornton Caldwell John, <em>Production Studies<\/em>, Routledge, New York, 2009.<br>Menger Pierre-Michel, <em>Portrait de l\u2019artiste en travailleur. M\u00e9tamorphoses du capitalisme<\/em>, Paris, Le Seuil, 2002.<br>Menger Pierre-Michel, \u00ab Talent et r\u00e9putation. Ce que valent les analyses sociologiques de la valeur de l\u2019artiste, ce qui pr\u00e9vaut dans la sociologie \u00bb, in Alain Blanc et Alain Pessin (\u00e9d.), <em>L\u2019art du terrain. M\u00e9langes offerts \u00e0 Howard S. Becker<\/em>, Paris, L\u2019Harmattan, p.105-161, 2004.<br>Menger Pierre-Michel, <em>Profession artiste. Extension du domaine de la cr\u00e9ation<\/em>, Paris, Textuel, 2005.<br>Menger Pierre-Michel, <em>Le travail cr\u00e9ateur. S\u2019accomplir dans l\u2019incertain<\/em>, Paris, Gallimard\/Le Seuil, 2009.<br>Mourreau Nathalie, Sagot-Duvauroux Dominique, <em>Le march\u00e9 de l\u2019art contemporain<\/em>, Paris, La d\u00e9couverte, 3\u00e8me \u00e9dition, 2016.<br>Naudier Delphine, Wencelas Liz\u00e9, Sofio S\u00e9verine, <em>Les strat\u00e8ges de la notori\u00e9t\u00e9<\/em>, Archives contemporaines, 2014.<br>Quemin Alain, Les stars de l\u2019art contemporain. <em>Notori\u00e9t\u00e9 et cons\u00e9cration artistiques dans les arts visuels<\/em>, Paris, CNRS \u00c9ditions, 2013.<br>Schott\u00e9 Manuel, \u00ab Le don, le g\u00e9nie et le talent. Critique de l\u2019approche de Pierre-Michel Menger \u00bb, <em>Gen\u00e8ses<\/em>, vol. 93, n\u00b0 4, 2013, p. 144-164.<br>Schott\u00e9 Manuel, \u00ab Vous avez dit \u201ctalentueux\u201d ? \u00bb, Fondation Copernic \u00e9d., <em>Manuel indocile de sciences sociales. Pour des savoirs r\u00e9sistants<\/em>, La D\u00e9couverte, 2019, p. 706-716.<br>Sorignet Pierre-Emmanuel, \u00ab Un processus de recrutement sur un march\u00e9 du travail artistique \u00bb, <em>Gen\u00e8ses<\/em>, n\u00b0 57, p.64-88, 2004.<br>Taillibert Christel, <em>Tribulations festivali\u00e8res : Les festivals de cin\u00e9ma et audiovisuel en France<\/em>, Paris, Harmattan, 2009.<\/p>\n\n\n\n<p><\/p>\n\n\n\n<p><strong>Comit\u00e9 scientifique<\/strong><br>Laurent Creton, Professeur \u00e0 l\u2019Universit\u00e9 Paris 3 Sorbonne Nouvelle.<br>Fr\u00e9d\u00e9ric Gimello-Mesplomb, Professeur \u00e0 l\u2019Universit\u00e9 d\u2019Avignon.<br>R\u00e9jane Hamus-Vall\u00e9e, Professeure \u00e0 l\u2019Universit\u00e9 d\u2019\u00c9vry &#8211; Universit\u00e9 Paris Saclay.<br>Christel Taillibert, Ma\u00eetresse de Conf\u00e9rences \u00e0 l\u2019Universit\u00e9 de Nice Sophia-Antipolis.<br>B\u00e9r\u00e9nice Bonhomme, Ma\u00eetresse de Conf\u00e9rences \u00e0 l\u2019ENSAV, Universit\u00e9 Toulouse &#8211; Jean Jaur\u00e8s.<br>H\u00e9l\u00e8ne Laurichesse, Professeure des Universit\u00e9s \u00e0 l\u2019ENSAV, Universit\u00e9 Toulouse &#8211; Jean Jaur\u00e8s.<\/p>\n\n\n\n<p><strong>Comit\u00e9 Organisateur<\/strong><br>B\u00e9r\u00e9nice Bonhomme, Ma\u00eetresse de Conf\u00e9rences \u00e0 l\u2019ENSAV, Universit\u00e9 Toulouse &#8211; Jean Jaur\u00e8s.<br>H\u00e9l\u00e8ne Laurichesse, Professeure des Universit\u00e9s \u00e0 l\u2019ENSAV, Universit\u00e9 Toulouse &#8211; Jean Jaur\u00e8s.<\/p>\n","protected":false},"excerpt":{"rendered":"<p>Colloque International du Taur, les 22 et 23 mars 2021 \u2014 Appel \u00e0 communication Les acc\u00e9l\u00e9rateurs de d\u00e9veloppement et de production des projets audiovisuels.Les \u00ab Pitch \u00bb, \u00ab Workshop \u00bb, \u00ab Network \u00bb : Pratiques, enjeux et exp\u00e9riences Le colloque du Taur (anciennement Colloque de Sor\u00e8ze), organis\u00e9 au sein de l\u2019\u00e9quipe LARA de l\u2019unit\u00e9 de recherche LARA-SEPPIA, de l\u2019Universit\u00e9 Toulouse &#8211; Jean Jaur\u00e8s, est un lieu d\u2019\u00e9changes et de r\u00e9flexions annuel autour des questions audiovisuelles.Pour son \u00e9dition 2021, le colloque du Taur s\u2019int\u00e9resse aux pratiques et aux dynamiques qui sous-tendent le processus de d\u00e9veloppement d\u2019un projet audiovisuel dans sa phase de recherche de partenaires et de financement.Il se tiendra pendant le festival Cin\u00e9latino de Toulouse (19 au 28 mars 2021) pour offrir un cadre privil\u00e9gi\u00e9 d\u2019observation aux chercheurs pr\u00e9sents et permettre \u00e0 cette occasion un rapprochement des milieux universitaires et professionnels. Dans l\u2019environnement hautement concurrentiel de l\u2019industrie audiovisuelle, la s\u00e9lection&hellip;<\/p>\n<p> <a class=\"more-link\" href=\"https:\/\/blogs.univ-tlse2.fr\/colloque-du-taur\/rubrique-2\/\">Lire la suite<\/a><\/p>\n","protected":false},"author":963,"featured_media":237,"parent":0,"menu_order":0,"comment_status":"closed","ping_status":"closed","template":"","meta":{"footnotes":""},"class_list":["post-36","page","type-page","status-publish","has-post-thumbnail"],"_links":{"self":[{"href":"https:\/\/blogs.univ-tlse2.fr\/colloque-du-taur\/wp-json\/wp\/v2\/pages\/36","targetHints":{"allow":["GET"]}}],"collection":[{"href":"https:\/\/blogs.univ-tlse2.fr\/colloque-du-taur\/wp-json\/wp\/v2\/pages"}],"about":[{"href":"https:\/\/blogs.univ-tlse2.fr\/colloque-du-taur\/wp-json\/wp\/v2\/types\/page"}],"author":[{"embeddable":true,"href":"https:\/\/blogs.univ-tlse2.fr\/colloque-du-taur\/wp-json\/wp\/v2\/users\/963"}],"replies":[{"embeddable":true,"href":"https:\/\/blogs.univ-tlse2.fr\/colloque-du-taur\/wp-json\/wp\/v2\/comments?post=36"}],"version-history":[{"count":27,"href":"https:\/\/blogs.univ-tlse2.fr\/colloque-du-taur\/wp-json\/wp\/v2\/pages\/36\/revisions"}],"predecessor-version":[{"id":419,"href":"https:\/\/blogs.univ-tlse2.fr\/colloque-du-taur\/wp-json\/wp\/v2\/pages\/36\/revisions\/419"}],"wp:featuredmedia":[{"embeddable":true,"href":"https:\/\/blogs.univ-tlse2.fr\/colloque-du-taur\/wp-json\/wp\/v2\/media\/237"}],"wp:attachment":[{"href":"https:\/\/blogs.univ-tlse2.fr\/colloque-du-taur\/wp-json\/wp\/v2\/media?parent=36"}],"curies":[{"name":"wp","href":"https:\/\/api.w.org\/{rel}","templated":true}]}}