 {"id":365,"date":"2021-03-15T17:20:50","date_gmt":"2021-03-15T16:20:50","guid":{"rendered":"https:\/\/blogs.univ-tlse2.fr\/colloque-du-taur\/?page_id=365"},"modified":"2021-03-15T17:22:48","modified_gmt":"2021-03-15T16:22:48","slug":"le-dessous-des-pitch-role-et-organisation-des-sessions-de-pitch-dans-les-festivals-de-fictions-televisees","status":"publish","type":"page","link":"https:\/\/blogs.univ-tlse2.fr\/colloque-du-taur\/le-dessous-des-pitch-role-et-organisation-des-sessions-de-pitch-dans-les-festivals-de-fictions-televisees\/","title":{"rendered":"Le dessous des pitch. R\u00f4le et organisation des sessions de pitch dans les festivals de fictions t\u00e9l\u00e9vis\u00e9es."},"content":{"rendered":"\n<p><strong><span style=\"color:#4f5cbf\" class=\"has-inline-color\">Anne-Sophie B\u00e9liard &amp; Sarah L\u00e9cossais<\/span><\/strong><\/p>\n\n\n\n<p><strong>R\u00e9sum\u00e9<\/strong><\/p>\n\n\n\n<p>Cette communication propose d&rsquo;analyser les logiques de cr\u00e9ation et de promotion des pitch de s\u00e9ries t\u00e9l\u00e9vis\u00e9es et leur r\u00f4le dans les processus de cr\u00e9ation audiovisuelle. A partir d&rsquo;une enqu\u00eate par entretiens avec des sc\u00e9naristes et par observation dans des festivals de t\u00e9l\u00e9vision, nous montrerons que le pitch n\u2019est pas seulement un outil de promotion du produit narr\u00e9 \u2013 la s\u00e9rie en devenir -, il constitue \u00e9galement un signal de la \u00ab&nbsp;valeur&nbsp;\u00bb (Moulin, 1995) des cr\u00e9ateurs m\u00eames qui \u00ab&nbsp;pitchent&nbsp;\u00bb.&nbsp;<\/p>\n","protected":false},"excerpt":{"rendered":"<p>Anne-Sophie B\u00e9liard &amp; Sarah L\u00e9cossais R\u00e9sum\u00e9 Cette communication propose d&rsquo;analyser les logiques de cr\u00e9ation et de promotion des pitch de s\u00e9ries t\u00e9l\u00e9vis\u00e9es et leur r\u00f4le dans les processus de cr\u00e9ation audiovisuelle. A partir d&rsquo;une enqu\u00eate par entretiens avec des sc\u00e9naristes et par observation dans des festivals de t\u00e9l\u00e9vision, nous montrerons que le pitch n\u2019est pas seulement un outil de promotion du produit narr\u00e9 \u2013 la s\u00e9rie en devenir -, il constitue \u00e9galement un signal de la \u00ab&nbsp;valeur&nbsp;\u00bb (Moulin, 1995) des cr\u00e9ateurs m\u00eames qui \u00ab&nbsp;pitchent&nbsp;\u00bb.&nbsp;<\/p>\n","protected":false},"author":963,"featured_media":237,"parent":0,"menu_order":0,"comment_status":"closed","ping_status":"closed","template":"","meta":{"footnotes":""},"class_list":["post-365","page","type-page","status-publish","has-post-thumbnail"],"_links":{"self":[{"href":"https:\/\/blogs.univ-tlse2.fr\/colloque-du-taur\/wp-json\/wp\/v2\/pages\/365","targetHints":{"allow":["GET"]}}],"collection":[{"href":"https:\/\/blogs.univ-tlse2.fr\/colloque-du-taur\/wp-json\/wp\/v2\/pages"}],"about":[{"href":"https:\/\/blogs.univ-tlse2.fr\/colloque-du-taur\/wp-json\/wp\/v2\/types\/page"}],"author":[{"embeddable":true,"href":"https:\/\/blogs.univ-tlse2.fr\/colloque-du-taur\/wp-json\/wp\/v2\/users\/963"}],"replies":[{"embeddable":true,"href":"https:\/\/blogs.univ-tlse2.fr\/colloque-du-taur\/wp-json\/wp\/v2\/comments?post=365"}],"version-history":[{"count":4,"href":"https:\/\/blogs.univ-tlse2.fr\/colloque-du-taur\/wp-json\/wp\/v2\/pages\/365\/revisions"}],"predecessor-version":[{"id":370,"href":"https:\/\/blogs.univ-tlse2.fr\/colloque-du-taur\/wp-json\/wp\/v2\/pages\/365\/revisions\/370"}],"wp:featuredmedia":[{"embeddable":true,"href":"https:\/\/blogs.univ-tlse2.fr\/colloque-du-taur\/wp-json\/wp\/v2\/media\/237"}],"wp:attachment":[{"href":"https:\/\/blogs.univ-tlse2.fr\/colloque-du-taur\/wp-json\/wp\/v2\/media?parent=365"}],"curies":[{"name":"wp","href":"https:\/\/api.w.org\/{rel}","templated":true}]}}