 {"id":371,"date":"2021-03-15T17:24:12","date_gmt":"2021-03-15T16:24:12","guid":{"rendered":"https:\/\/blogs.univ-tlse2.fr\/colloque-du-taur\/?page_id=371"},"modified":"2021-03-15T21:40:52","modified_gmt":"2021-03-15T20:40:52","slug":"anne-sophie-beliard","status":"publish","type":"page","link":"https:\/\/blogs.univ-tlse2.fr\/colloque-du-taur\/anne-sophie-beliard\/","title":{"rendered":"Anne-Sophie B\u00e9liard"},"content":{"rendered":"\n<p><strong>Anne-Sophie B\u00e9liard<\/strong> est Ma\u00eetresse de Conf\u00e9rences en sociologie \u00e0 l\u2019Universit\u00e9 Grenoble-Alpes et chercheure au laboratoire Pacte, \u00e9quipe R\u00e9gulations. Ses domaines de recherche principaux sont la sociologie des m\u00e9dias, la sociologie du num\u00e9rique et les s\u00e9ries t\u00e9l\u00e9vis\u00e9es.<\/p>\n\n\n\n<p>Elle travaille notamment sur les usages num\u00e9riques, les carri\u00e8res et les processus de professionnalisation.<\/p>\n\n\n\n<p><strong>Ses publications r\u00e9centes :<\/strong><\/p>\n\n\n\n<p>B\u00e9liard Anne-Sophie et L\u00e9cossais Sarah, (2020) \u00ab Les collectifs de sc\u00e9naristes ou la \u00ab fabrique \u00bb du m\u00e9tier \u00bb, <em>Biens symboliques \/ Symbolic Goods<\/em> [En ligne], n\u00b06 [<a href=\"https:\/\/revue.biens-symboliques.net\/422\" target=\"_blank\" rel=\"noreferrer noopener\">https:\/\/revue.biens-symboliques.net\/422<\/a>]<\/p>\n\n\n\n<p>B\u00e9liard Anne-Sophie (2019) \u00ab\u00a0Making Money from TV Series : From Viewer to Webmaster with Financial Reward\u00a0\u00bb in <em>Naulin, Sidonie, &amp; Jourdain<\/em>, Anne (eds.) The Social Meaning of Extra Money. Capitalism and the Commodification of Domestic and Leisure Activities (2019).<\/p>\n","protected":false},"excerpt":{"rendered":"<p>Anne-Sophie B\u00e9liard est Ma\u00eetresse de Conf\u00e9rences en sociologie \u00e0 l\u2019Universit\u00e9 Grenoble-Alpes et chercheure au laboratoire Pacte, \u00e9quipe R\u00e9gulations. Ses domaines de recherche principaux sont la sociologie des m\u00e9dias, la sociologie du num\u00e9rique et les s\u00e9ries t\u00e9l\u00e9vis\u00e9es. Elle travaille notamment sur les usages num\u00e9riques, les carri\u00e8res et les processus de professionnalisation. Ses publications r\u00e9centes : B\u00e9liard Anne-Sophie et L\u00e9cossais Sarah, (2020) \u00ab Les collectifs de sc\u00e9naristes ou la \u00ab fabrique \u00bb du m\u00e9tier \u00bb, Biens symboliques \/ Symbolic Goods [En ligne], n\u00b06 [https:\/\/revue.biens-symboliques.net\/422] B\u00e9liard Anne-Sophie (2019) \u00ab\u00a0Making Money from TV Series : From Viewer to Webmaster with Financial Reward\u00a0\u00bb in Naulin, Sidonie, &amp; Jourdain, Anne (eds.) The Social Meaning of Extra Money. Capitalism and the Commodification of Domestic and Leisure Activities (2019).<\/p>\n","protected":false},"author":963,"featured_media":237,"parent":0,"menu_order":0,"comment_status":"closed","ping_status":"closed","template":"","meta":{"footnotes":""},"class_list":["post-371","page","type-page","status-publish","has-post-thumbnail"],"_links":{"self":[{"href":"https:\/\/blogs.univ-tlse2.fr\/colloque-du-taur\/wp-json\/wp\/v2\/pages\/371","targetHints":{"allow":["GET"]}}],"collection":[{"href":"https:\/\/blogs.univ-tlse2.fr\/colloque-du-taur\/wp-json\/wp\/v2\/pages"}],"about":[{"href":"https:\/\/blogs.univ-tlse2.fr\/colloque-du-taur\/wp-json\/wp\/v2\/types\/page"}],"author":[{"embeddable":true,"href":"https:\/\/blogs.univ-tlse2.fr\/colloque-du-taur\/wp-json\/wp\/v2\/users\/963"}],"replies":[{"embeddable":true,"href":"https:\/\/blogs.univ-tlse2.fr\/colloque-du-taur\/wp-json\/wp\/v2\/comments?post=371"}],"version-history":[{"count":6,"href":"https:\/\/blogs.univ-tlse2.fr\/colloque-du-taur\/wp-json\/wp\/v2\/pages\/371\/revisions"}],"predecessor-version":[{"id":487,"href":"https:\/\/blogs.univ-tlse2.fr\/colloque-du-taur\/wp-json\/wp\/v2\/pages\/371\/revisions\/487"}],"wp:featuredmedia":[{"embeddable":true,"href":"https:\/\/blogs.univ-tlse2.fr\/colloque-du-taur\/wp-json\/wp\/v2\/media\/237"}],"wp:attachment":[{"href":"https:\/\/blogs.univ-tlse2.fr\/colloque-du-taur\/wp-json\/wp\/v2\/media?parent=371"}],"curies":[{"name":"wp","href":"https:\/\/api.w.org\/{rel}","templated":true}]}}